{"id":10261,"date":"2022-08-09T06:21:02","date_gmt":"2022-08-09T06:21:02","guid":{"rendered":"https:\/\/worknow.vn\/controller\/"},"modified":"2023-06-02T02:20:24","modified_gmt":"2023-06-02T02:20:24","slug":"kiem-soat-vien","status":"publish","type":"page","link":"https:\/\/worknow.vn\/vi\/kiem-soat-vien\/","title":{"rendered":"Ki\u1ec3m so\u00e1t vi\u00ean"},"content":{"rendered":"<div class=\"wpb-content-wrapper\">[vc_row top_margin=&#8221;0&#8243; bottom_margin=&#8221;0&#8243; css=&#8221;.vc_custom_1499912039446{margin-top: -30px !important;}&#8221;][vc_column]<div class=\"shortcode-wrapper shortcode-title clearfix hb-animate-element hb-fade-in\"><p style=\"color:#878787!important;border-color:#878787\" class=\"hb-text-large aligncenter\">Ki\u1ec3m so\u00e1t vi\u00ean<\/p><\/div>[vc_row_inner][vc_column_inner][vc_empty_space height=&#8221;10px&#8221;]<div class=\"shortcode-wrapper shortcode-icon-box clearfix\"><div class=\"feature-box alternative left-icon-box aligncenter\"><div class=\"feature-box-content\"><h4 class=\"bold\">M\u00f4 t\u1ea3 c\u00f4ng vi\u1ec7c Ki\u1ec3m So\u00e1t Vi\u00ean<\/h4><p>Ki\u1ec3m so\u00e1t vi\u00ean v\u00e0 tr\u1ee3 l\u00fd ki\u1ec3m so\u00e1t vi\u00ean chu\u1ea9n b\u1ecb b\u00e1o c\u00e1o t\u00e0i ch\u00ednh, b\u00e1o c\u00e1o t\u00f3m t\u1eaft, d\u1ef1 b\u00e1o ho\u1ea1t \u0111\u1ed9ng v\u00e0 t\u00ecnh h\u00ecnh t\u00e0i ch\u00ednh c\u1ee7a doanh nghi\u1ec7p. H\u1ecd c\u0169ng c\u00f3 th\u1ec3 tri\u1ec3n khai c\u00e1c ch\u00ednh s\u00e1ch v\u00e0 th\u1ee7 t\u1ee5c n\u1ed9i b\u1ed9 cho vi\u1ec7c qu\u1ea3n l\u00fd ng\u00e2n s\u00e1ch, qu\u1ea3n l\u00fd ti\u1ec1n m\u1eb7t v\u00e0 t\u00edn d\u1ee5ng, v\u00e0 c\u00e1c ch\u1ee9c n\u0103ng k\u1ebf to\u00e1n c\u1ee7a m\u1ed9t t\u1ed5 ch\u1ee9c.<\/p>\n<p>M\u1ed9t ki\u1ec3m so\u00e1t vi\u00ean c\u1ea7n c\u00f3 nh\u1eefng k\u1ef9 n\u0103ng t\u01b0\u01a1ng t\u1ef1 nh\u01b0 m\u1ed9t k\u1ebf to\u00e1n gi\u1ecfi: th\u00e0nh th\u1ea1o v\u1ec1 c\u00e1c con s\u1ed1, kh\u1ea3 n\u0103ng t\u1ed5 ch\u1ee9c, k\u1ef9 n\u0103ng gi\u1ea3i quy\u1ebft v\u1ea5n \u0111\u1ec1 t\u1ed1t v\u00e0 s\u1eed d\u1ee5ng logic xu\u1ea5t s\u1eafc. H\u01a1n n\u1eefa, v\u00ec ph\u1ea7n l\u1edbn c\u00f4ng vi\u1ec7c \u0111\u01b0\u1ee3c giao nhi\u1ec7m v\u1ee5 cho c\u1ea5p d\u01b0\u1edbi v\u00e0 sau \u0111\u00f3 h\u1ecd ph\u1ea3i t\u1ed5ng h\u1ee3p c\u00f4ng vi\u1ec7c \u0111\u1ec3 \u0111\u01b0a ra quy\u1ebft \u0111\u1ecbnh cu\u1ed1i c\u00f9ng, n\u00ean m\u1ed9t ki\u1ec3m so\u00e1t vi\u00ean ph\u1ea3i c\u00f3 k\u1ef9 n\u0103ng l\u00e3nh \u0111\u1ea1o xu\u1ea5t s\u1eafc v\u00e0 ph\u00e2n t\u00edch ph\u01b0\u01a1ng ph\u00e1p t\u1ed5ng th\u1ec3 \u0111\u1ec3 ti\u1ebfp c\u1eadn c\u00e1c c\u00f4ng vi\u1ec7c. Vai tr\u00f2 n\u00e0y th\u01b0\u1eddng y\u00eau c\u1ea7u \u00edt nh\u1ea5t b\u1ea3y n\u0103m kinh nghi\u1ec7m c\u00f3 li\u00ean quan v\u00e0 b\u1eb1ng c\u1eed nh\u00e2n v\u1ec1 k\u1ebf to\u00e1n ho\u1eb7c t\u00e0i ch\u00ednh. Nhi\u1ec1u t\u1ed5 ch\u1ee9c \u01b0u ti\u00ean c\u00e1c \u1ee9ng vi\u00ean c\u00f3 b\u1eb1ng th\u1ea1c s\u0129 v\u1ec1 ng\u00e0nh qu\u1ea3n tr\u1ecb kinh doanh (MBA) ho\u1eb7c c\u00e1c ch\u1ee9ng nh\u1eadn chuy\u00ean m\u00f4n nh\u01b0 l\u00e0 ch\u1ee9ng ch\u1ec9 h\u00e0nh ngh\u1ec1 k\u1ebf to\u00e1n (CPA), ch\u1ee9ng ch\u1ec9 k\u1ebf to\u00e1n qu\u1ea3n tr\u1ecb(CMA) ho\u1eb7c ch\u1ee9ng ch\u1ec9 k\u1ebf to\u00e1n qu\u1ea3n tr\u1ecb to\u00e0n c\u1ea7u (CGMA). Kinh nghi\u1ec7m k\u1ebf to\u00e1n tr\u01b0\u1edbc \u0111\u00e2y \u0111\u01b0\u1ee3c \u0111\u00e1nh gi\u00e1 cao.<\/p>\n<p>M\u1ed9t s\u1ed1 k\u1ef9 n\u0103ng c\u1ea7n thi\u1ebft: K\u1ef9 n\u0103ng giao ti\u1ebfp, c\u00f4ng ngh\u1ec7 th\u00f4ng tin, ph\u00e2n t\u00edch v\u00e0 k\u1ef9 n\u0103ng qu\u1ea3n l\u00fd.<\/p>\n<\/p><\/div><\/div><\/div>[vc_empty_space height=&#8221;30px&#8221;]<div class=\"shortcode-wrapper shortcode-icon-box clearfix\"><div class=\"feature-box alternative left-icon-box aligncenter\"><div class=\"feature-box-content\"><h4 class=\"bold\">Nhi\u1ec7m v\u1ee5 chung c\u1ee7a Ki\u1ec3m So\u00e1t Vi\u00ean<\/h4><p>Nhi\u1ec7m v\u1ee5 v\u00e0 Tr\u00e1ch nhi\u1ec7m:<\/p>\n<ul>\n<li>L\u1eadp k\u1ebf ho\u1ea1ch, ch\u1ec9 \u0111\u1ea1o v\u00e0 \u0111i\u1ec1u ph\u1ed1i t\u1ea5t c\u1ea3 c\u00e1c ch\u1ee9c v\u1ee5 k\u1ebf to\u00e1n<\/li>\n<li>Qu\u1ea3n l\u00fd vi\u1ec7c t\u00edch l\u0169y v\u00e0 h\u1ee3p nh\u1ea5t t\u1ea5t c\u1ea3 d\u1eef li\u1ec7u t\u00e0i ch\u00ednh c\u1ea7n thi\u1ebft \u0111\u1ec3 t\u00ednh to\u00e1n ch\u00ednh x\u00e1c k\u1ebft qu\u1ea3 kinh doanh<\/li>\n<li>\u0110i\u1ec1u ph\u1ed1i v\u00e0 chu\u1ea9n b\u1ecb c\u00e1c b\u00e1o c\u00e1o t\u00e0i ch\u00ednh n\u1ed9i b\u1ed9 v\u00e0 b\u00ean ngo\u00e0i<\/li>\n<li>Ph\u1ed1i h\u1ee3p v\u1edbi c\u00e1c chuy\u00ean gia ho\u1ea1t \u0111\u1ed9ng \u0111\u00e1nh gi\u00e1 b\u00ean ngo\u00e0i<\/li>\n<li>Cung c\u1ea5p th\u00f4ng tin quan tr\u1ecdng cho ban l\u00e3nh \u0111\u1ea1o trong qu\u00e1 tr\u00ecnh \u0111\u01b0a ra quy\u1ebft \u0111\u1ecbnh<\/li>\n<li>Qu\u1ea3n l\u00fd chu tr\u00ecnh ng\u00e2n s\u00e1ch<\/li>\n<li>\u0110\u00e1nh gi\u00e1 c\u00e1c ho\u1ea1t \u0111\u1ed9ng k\u1ebf to\u00e1n hi\u1ec7n t\u1ea1i, \u0111\u01b0a ra c\u00e1c ki\u1ebfn ngh\u1ecb \u0111\u1ec3 c\u1ea3i ti\u1ebfn v\u00e0 th\u1ef1c hi\u1ec7n c\u00e1c quy tr\u00ecnh m\u1edbi<\/li>\n<li>\u0110\u00e1nh gi\u00e1 h\u1ec7 th\u1ed1ng k\u1ebf to\u00e1n v\u00e0 ki\u1ec3m so\u00e1t n\u1ed9i b\u1ed9<\/li>\n<li>\u0110\u00e1nh gi\u00e1 hi\u1ec7u qu\u1ea3 c\u1ee7a ph\u1ea7n m\u1ec1m k\u1ebf to\u00e1n v\u00e0 c\u01a1 s\u1edf h\u1ed7 tr\u1ee3 d\u1eef li\u1ec7u, n\u1ebfu c\u1ea7n<\/li>\n<li>Ph\u00e1t tri\u1ec3n v\u00e0 gi\u00e1m s\u00e1t c\u00e1c ch\u1ec9 s\u1ed1 \u0111o l\u01b0\u1eddng qu\u1ea3n l\u00fd hi\u1ec7u qu\u1ea3 kinh doanh<\/li>\n<li>Th\u01b0\u1eddng xuy\u00ean gi\u00e1m s\u00e1t, b\u00e1o c\u00e1o theo quy \u0111\u1ecbnh bao g\u1ed3m l\u1eadp k\u1ebf ho\u1ea1ch thu\u1ebf v\u00e0 tu\u00e2n th\u1ee7 n\u1ed9i quy<\/li>\n<li>Tuy\u1ec3n d\u1ee5ng, \u0111\u00e0o t\u1ea1o v\u00e0 gi\u1eef ch\u00e2n nh\u00e2n vi\u00ean k\u1ebf to\u00e1n c\u00f3 kinh nghi\u1ec7m<\/li>\n<\/ul>\n<\/p><\/div><\/div><\/div>[\/vc_column_inner][\/vc_row_inner][\/vc_column][\/vc_row]\n<\/div>","protected":false},"excerpt":{"rendered":"<p>[vc_row top_margin=&#8221;0&#8243; bottom_margin=&#8221;0&#8243; css=&#8221;.vc_custom_1499912039446{margin-top: -30px !important;}&#8221;][vc_column][vc_row_inner][vc_column_inner][vc_empty_space height=&#8221;10px&#8221;][vc_empty_space height=&#8221;30px&#8221;][\/vc_column_inner][\/vc_row_inner][\/vc_column][\/vc_row]<\/p>\n","protected":false},"author":4,"featured_media":0,"parent":0,"menu_order":0,"comment_status":"closed","ping_status":"closed","template":"","meta":{"nf_dc_page":"","footnotes":""},"class_list":["post-10261","page","type-page","status-publish","hentry"],"_links":{"self":[{"href":"https:\/\/worknow.vn\/vi\/wp-json\/wp\/v2\/pages\/10261","targetHints":{"allow":["GET"]}}],"collection":[{"href":"https:\/\/worknow.vn\/vi\/wp-json\/wp\/v2\/pages"}],"about":[{"href":"https:\/\/worknow.vn\/vi\/wp-json\/wp\/v2\/types\/page"}],"author":[{"embeddable":true,"href":"https:\/\/worknow.vn\/vi\/wp-json\/wp\/v2\/users\/4"}],"replies":[{"embeddable":true,"href":"https:\/\/worknow.vn\/vi\/wp-json\/wp\/v2\/comments?post=10261"}],"version-history":[{"count":5,"href":"https:\/\/worknow.vn\/vi\/wp-json\/wp\/v2\/pages\/10261\/revisions"}],"predecessor-version":[{"id":12123,"href":"https:\/\/worknow.vn\/vi\/wp-json\/wp\/v2\/pages\/10261\/revisions\/12123"}],"wp:attachment":[{"href":"https:\/\/worknow.vn\/vi\/wp-json\/wp\/v2\/media?parent=10261"}],"curies":[{"name":"wp","href":"https:\/\/api.w.org\/{rel}","templated":true}]}}