{"id":10264,"date":"2022-08-09T06:36:14","date_gmt":"2022-08-09T06:36:14","guid":{"rendered":"https:\/\/worknow.vn\/financial-manager\/"},"modified":"2023-06-01T09:44:59","modified_gmt":"2023-06-01T09:44:59","slug":"quan-ly-tai-chinh","status":"publish","type":"page","link":"https:\/\/worknow.vn\/vi\/quan-ly-tai-chinh\/","title":{"rendered":"Qu\u1ea3n L\u00fd T\u00e0i Ch\u00ednh"},"content":{"rendered":"<div class=\"wpb-content-wrapper\">[vc_row top_margin=&#8221;0&#8243; bottom_margin=&#8221;0&#8243; css=&#8221;.vc_custom_1499912039446{margin-top: -30px !important;}&#8221;][vc_column]<div class=\"shortcode-wrapper shortcode-title clearfix hb-animate-element hb-fade-in\"><p style=\"color:#878787!important;border-color:#878787\" class=\"hb-text-large aligncenter\">Qu\u1ea3n L\u00fd T\u00e0i Ch\u00ednh<\/p><\/div>[vc_row_inner][vc_column_inner][vc_empty_space height=&#8221;10px&#8221;]<div class=\"shortcode-wrapper shortcode-icon-box clearfix\"><div class=\"feature-box alternative left-icon-box aligncenter\"><div class=\"feature-box-content\"><h4 class=\"bold\">M\u00f4 t\u1ea3 c\u00f4ng vi\u1ec7c Qu\u1ea3n L\u00fd T\u00e0i Ch\u00ednh<\/h4><p>C\u00e1c nh\u00e0 qu\u1ea3n l\u00fd t\u00e0i ch\u00ednh ch\u1ecbu tr\u00e1ch nhi\u1ec7m v\u1ec1 s\u1ee9c kh\u1ecfe t\u00e0i ch\u00ednh c\u1ee7a m\u1ed9t t\u1ed5 ch\u1ee9c. H\u1ecd t\u1ea1o ra c\u00e1c b\u00e1o c\u00e1o t\u00e0i ch\u00ednh v\u00e0 ph\u00e1t tri\u1ec3n c\u00e1c chi\u1ebfn l\u01b0\u1ee3c \u0111\u1ec3 gi\u00fap \u0111\u00e1p \u1ee9ng c\u00e1c m\u1ee5c ti\u00eau t\u00e0i ch\u00ednh d\u00e0i h\u1ea1n c\u1ee7a t\u1ed5 ch\u1ee9c. C\u00e1c nh\u00e0 qu\u1ea3n l\u00fd t\u00e0i ch\u00ednh c\u00f3 tr\u00e1ch nhi\u1ec7m gi\u00e1m s\u00e1t t\u00e0i ch\u00ednh c\u1ee7a c\u00e1c c\u00f4ng ty l\u1edbn, c\u00e1c c\u01a1 quan v\u00e0 nh\u1eefng th\u1ee9 li\u00ean quan. C\u00f9ng v\u1edbi nh\u00f3m c\u1ee7a m\u00ecnh, h\u1ecd ph\u1ed1i h\u1ee3p v\u1edbi k\u1ebf to\u00e1n v\u00e0 l\u1eadp c\u00e1c b\u00e1o c\u00e1o t\u00e0i ch\u00ednh, b\u00e1o c\u00e1o l\u01b0u chuy\u1ec3n ti\u1ec1n t\u1ec7 v\u00e0 d\u1ef1 \u0111o\u00e1n l\u1ee3i nhu\u1eadn.<\/p>\n<p>\u0110\u1ec3 tu\u00e2n th\u1ee7 c\u00e1c lu\u1eadt v\u00e0 quy \u0111\u1ecbnh kh\u00e1c nhau, h\u1ecd ph\u1ea3i ch\u00fa \u00fd \u0111\u1ebfn t\u1eebng chi ti\u1ebft. Ngo\u00e0i l\u00e0m vi\u1ec7c v\u1edbi c\u00e1c con s\u1ed1, nh\u00e0 qu\u1ea3n l\u00fd t\u00e0i ch\u00ednh \u0111\u00f2i h\u1ecfi ph\u1ea3i c\u00f3 k\u1ef9 n\u0103ng giao ti\u1ebfp t\u1ed1t \u0111\u1ec3 c\u00f3 th\u1ec3 gi\u00fap c\u00e1c th\u00e0nh vi\u00ean kh\u00e1c trong t\u1ed5 ch\u1ee9c hi\u1ec3u c\u00e1c b\u00e1o c\u00e1o ph\u1ee9c t\u1ea1p.<\/p>\n<p>C\u00e1c nh\u00e0 qu\u1ea3n l\u00fd t\u00e0i ch\u00ednh th\u01b0\u1eddng b\u1eaft \u0111\u1ea7u t\u1eeb c\u00e1c b\u1eb1ng c\u1eed nh\u00e2n v\u1ec1 t\u00e0i ch\u00ednh, k\u1ebf to\u00e1n, kinh t\u1ebf ho\u1eb7c qu\u1ea3n tr\u1ecb kinh doanh. Nhi\u1ec1u ng\u01b0\u1eddi c\u0169ng l\u1ea5y \u0111\u01b0\u1ee3c b\u1eb1ng th\u1ea1c s\u0129 (v\u1ec1 qu\u1ea3n tr\u1ecb kinh doanh, t\u00e0i ch\u00ednh ho\u1eb7c kinh t\u1ebf) v\u00e0 ti\u1ebfp t\u1ee5c \u0111\u00e0o t\u1ea1o v\u1ec1 qu\u1ea3n l\u00fd t\u00e0i ch\u00ednh c\u1ea3 trong c\u00f4ng vi\u1ec7c v\u00e0 ngo\u00e0i c\u00f4ng vi\u1ec7c. Trong l\u0129nh v\u1ef1c n\u00e0y, ch\u1ee9ng ch\u1ec9 v\u00e0 gi\u1ea5y ph\u00e9p kh\u00e1 ph\u1ed5 bi\u1ebfn.<\/p><\/div><\/div><\/div>[vc_empty_space height=&#8221;30px&#8221;]<div class=\"shortcode-wrapper shortcode-icon-box clearfix\"><div class=\"feature-box alternative left-icon-box aligncenter\"><div class=\"feature-box-content\"><h4 class=\"bold\">Nhi\u1ec7m v\u1ee5 chung c\u1ee7a Qu\u1ea3n L\u00fd T\u00e0i Ch\u00ednh<\/h4><p>\n<ul>\n<li>Gi\u00e1m s\u00e1t c\u00e1c ho\u1ea1t \u0111\u1ed9ng t\u00e0i ch\u00ednh h\u00e0ng ng\u00e0y trong c\u00f4ng ty (t\u00ednh l\u01b0\u01a1ng, l\u1eadp h\u00f3a \u0111\u01a1n v\u00e0 c\u00e1c giao d\u1ecbch kh\u00e1c)<\/li>\n<li>L\u1eadp b\u00e1o c\u00e1o qu\u1ea3n tr\u1ecb h\u00e0ng th\u00e1ng v\u00e0 h\u00e0ng qu\u00fd<\/li>\n<li>Tham gia ph\u00e2n t\u00edch, nghi\u00ean c\u1ee9u v\u00e0 thi\u1ebft k\u1ebf m\u00f4 h\u00ecnh chi\u1ebfn l\u01b0\u1ee3c cho ban l\u00e3nh \u0111\u1ea1o c\u1ea5p cao c\u1ee7a c\u00f4ng ty<\/li>\n<li>H\u1ed7 tr\u1ee3 ph\u00e2n t\u00edch d\u1ef1 \u00e1n, x\u00e1c nh\u1eadn k\u1ebf ho\u1ea1ch v\u00e0 c\u00e1c y\u00eau c\u1ea7u \u0111\u1eb7c bi\u1ec7t<\/li>\n<li>Qu\u1ea3n l\u00fd k\u1ebf to\u00e1n t\u00e0i ch\u00ednh, gi\u00e1m s\u00e1t v\u00e0 b\u00e1o c\u00e1o t\u00e0i ch\u00ednh c\u1ee7a c\u00f4ng ty<\/li>\n<li>\u0110\u1ea3m b\u1ea3o tu\u00e2n th\u1ee7 c\u00e1c ch\u00ednh s\u00e1ch k\u1ebf to\u00e1n v\u00e0 c\u00e1c y\u00eau c\u1ea7u quy \u0111\u1ecbnh<\/li>\n<\/ul>\n<p>K\u1ef9 n\u0103ng:<\/p>\n<ul>\n<li>Kh\u1ea3 n\u0103ng t\u1ed5ng h\u1ee3p nhi\u1ec1u d\u1eef li\u1ec7u ph\u1ee9c t\u1ea1p th\u00e0nh b\u00e1o c\u00e1o kh\u1ea3 thi<\/li>\n<li>Kh\u1ea3 n\u0103ng l\u00e0m vi\u1ec7c v\u00e0 giao ti\u1ebfp hi\u1ec7u qu\u1ea3 v\u1edbi c\u00e1c \u0111\u1ed1i t\u00e1c kinh doanh c\u1ea5p cao<\/li>\n<li>K\u1ef9 n\u0103ng ph\u00e1n \u0111o\u00e1n, ph\u00e2n t\u00edch v\u00e0 n\u0103ng l\u1ef1c ra quy\u1ebft \u0111\u1ecbnh kinh doanh t\u1ed1t<\/li>\n<li>C\u00f3 ki\u1ebfn \u200b\u200bth\u1ee9c v\u1ec1 b\u00e1o c\u00e1o t\u00e0i ch\u00ednh v\u00e0 c\u00e1c c\u00f4ng c\u1ee5 khai ph\u00e1 d\u1eef li\u1ec7u nh\u01b0 SQL, Access, v.v.<\/li>\n<li>Kh\u1ea3 n\u0103ng s\u1eed d\u1ee5ng Excel, Word v\u00e0 PowerPoint xu\u1ea5t s\u1eafc<\/li>\n<\/ul>\n<p>Tr\u00ecnh \u0111\u1ed9 chuy\u00ean m\u00f4n: C\u1eed nh\u00e2n T\u00e0i ch\u00ednh ho\u1eb7c K\u1ebf to\u00e1n; k\u1ebf to\u00e1n vi\u00ean c\u00f4ng ch\u1ee9ng l\u00e0 m\u1ed9t \u0111i\u1ec3m c\u1ed9ng<\/p><\/div><\/div><\/div>[\/vc_column_inner][\/vc_row_inner][\/vc_column][\/vc_row]\n<\/div>","protected":false},"excerpt":{"rendered":"<p>[vc_row top_margin=&#8221;0&#8243; bottom_margin=&#8221;0&#8243; css=&#8221;.vc_custom_1499912039446{margin-top: -30px !important;}&#8221;][vc_column][vc_row_inner][vc_column_inner][vc_empty_space height=&#8221;10px&#8221;][vc_empty_space height=&#8221;30px&#8221;][\/vc_column_inner][\/vc_row_inner][\/vc_column][\/vc_row]<\/p>\n","protected":false},"author":4,"featured_media":0,"parent":0,"menu_order":0,"comment_status":"closed","ping_status":"closed","template":"","meta":{"nf_dc_page":"","footnotes":""},"class_list":["post-10264","page","type-page","status-publish","hentry"],"_links":{"self":[{"href":"https:\/\/worknow.vn\/vi\/wp-json\/wp\/v2\/pages\/10264","targetHints":{"allow":["GET"]}}],"collection":[{"href":"https:\/\/worknow.vn\/vi\/wp-json\/wp\/v2\/pages"}],"about":[{"href":"https:\/\/worknow.vn\/vi\/wp-json\/wp\/v2\/types\/page"}],"author":[{"embeddable":true,"href":"https:\/\/worknow.vn\/vi\/wp-json\/wp\/v2\/users\/4"}],"replies":[{"embeddable":true,"href":"https:\/\/worknow.vn\/vi\/wp-json\/wp\/v2\/comments?post=10264"}],"version-history":[{"count":5,"href":"https:\/\/worknow.vn\/vi\/wp-json\/wp\/v2\/pages\/10264\/revisions"}],"predecessor-version":[{"id":12122,"href":"https:\/\/worknow.vn\/vi\/wp-json\/wp\/v2\/pages\/10264\/revisions\/12122"}],"wp:attachment":[{"href":"https:\/\/worknow.vn\/vi\/wp-json\/wp\/v2\/media?parent=10264"}],"curies":[{"name":"wp","href":"https:\/\/api.w.org\/{rel}","templated":true}]}}