{"id":10267,"date":"2022-08-09T06:37:47","date_gmt":"2022-08-09T06:37:47","guid":{"rendered":"https:\/\/worknow.vn\/management-consultant\/"},"modified":"2023-06-01T09:45:07","modified_gmt":"2023-06-01T09:45:07","slug":"co-van-quan-ly","status":"publish","type":"page","link":"https:\/\/worknow.vn\/vi\/co-van-quan-ly\/","title":{"rendered":"C\u1ed1 V\u1ea5n Qu\u1ea3n L\u00fd"},"content":{"rendered":"<div class=\"wpb-content-wrapper\">[vc_row top_margin=&#8221;0&#8243; bottom_margin=&#8221;0&#8243; css=&#8221;.vc_custom_1499912039446{margin-top: -30px !important;}&#8221;][vc_column]<div class=\"shortcode-wrapper shortcode-title clearfix hb-animate-element hb-fade-in\"><p style=\"color:#878787!important;border-color:#878787\" class=\"hb-text-large aligncenter\">C\u1ed1 V\u1ea5n Qu\u1ea3n L\u00fd<\/p><\/div>[vc_row_inner][vc_column_inner][vc_empty_space height=&#8221;10px&#8221;]<div class=\"shortcode-wrapper shortcode-icon-box clearfix\"><div class=\"feature-box alternative left-icon-box aligncenter\"><div class=\"feature-box-content\"><h4 class=\"bold\">M\u00f4 t\u1ea3 c\u00f4ng vi\u1ec7c C\u1ed1 V\u1ea5n Qu\u1ea3n L\u00fd<\/h4><p>M\u1ed9t c\u1ed1 v\u1ea5n qu\u1ea3n l\u00fd, \u0111\u00f4i khi c\u00f2n \u0111\u01b0\u1ee3c g\u1ecdi l\u00e0 nh\u00e0 ph\u00e2n t\u00edch qu\u1ea3n l\u00fd, gi\u00fap m\u1ed9t c\u00f4ng ty ho\u1eb7c t\u1ed5 ch\u1ee9c ch\u00ednh ph\u1ee7 l\u00ean k\u1ebf ho\u1ea1ch v\u00e0 th\u1ef1c hi\u1ec7n c\u00e1c d\u1ef1 \u00e1n v\u1edbi mong mu\u1ed1n k\u1ebft qu\u1ea3 c\u00f3 l\u1ee3i nhu\u1eadn h\u01a1n ho\u1eb7c c\u1ea1nh tranh h\u01a1n. M\u1ed9t c\u1ed1 v\u1ea5n qu\u1ea3n l\u00fd c\u00f3 th\u1ec3 chuy\u00ean v\u1ec1 m\u1ed9t ng\u00e0nh c\u1ee5 th\u1ec3, ch\u1eb3ng h\u1ea1n nh\u01b0 ch\u0103m s\u00f3c s\u1ee9c kh\u1ecfe, s\u1ea3n xu\u1ea5t ch\u1ebf t\u1ea1o ho\u1eb7c gi\u00e1o d\u1ee5c. Ngo\u00e0i ra, tr\u1ecdng \u0111i\u1ec3m c\u1ee7a m\u1ed9t nh\u00e0 c\u1ed1 v\u1ea5n qu\u1ea3n l\u00fd c\u00f3 th\u1ec3 l\u00e0 m\u1ed9t ch\u1ee9c n\u0103ng, ch\u1eb3ng h\u1ea1n nh\u01b0 ngu\u1ed3n nh\u00e2n l\u1ef1c, c\u00f4ng ngh\u1ec7 th\u00f4ng tin, t\u00e1i c\u01a1 c\u1ea5u t\u00e0i ch\u00ednh ho\u1eb7c ki\u1ec3m so\u00e1t h\u00e0ng t\u1ed3n kho. M\u1ed9t nh\u00e0 c\u1ed1 v\u1ea5n qu\u1ea3n l\u00fd l\u00e0m vi\u1ec7c v\u1edbi ban l\u00e3nh \u0111\u1ea1o c\u00f4ng ty \u0111\u1ec3 \u0111\u00e1nh gi\u00e1 c\u00f4ng ty v\u00e0 x\u00e1c \u0111\u1ecbnh c\u00e1c v\u1ea5n \u0111\u1ec1, thu th\u1eadp th\u00f4ng tin v\u00e0 th\u1ef1c hi\u1ec7n c\u00e1c gi\u1ea3i ph\u00e1p. C\u00e1c c\u1ed1 v\u1ea5n qu\u1ea3n l\u00fd th\u01b0\u1eddng l\u00e0m vi\u1ec7c theo nh\u00f3m v\u00e0 h\u1ea7u h\u1ebft l\u00e0m vi\u1ec7c cho c\u00e1c c\u00f4ng ty t\u01b0 v\u1ea5n, thay v\u00ec thu\u1ed9c bi\u00ean ch\u1ebf c\u1ee7a c\u00f4ng ty m\u00e0 h\u1ecd \u0111ang ph\u00e2n t\u00edch. T\u00f3m l\u1ea1i, c\u1ed1 v\u1ea5n qu\u1ea3n l\u00fd l\u00e0 gi\u1ea3i quy\u1ebft v\u1ea5n \u0111\u1ec1. Hi\u1ec7n nay, c\u00e1c doanh nghi\u1ec7p ph\u1ea3i \u0111\u1ed1i m\u1eb7t v\u1edbi v\u00f4 s\u1ed1 v\u1ea5n \u0111\u1ec1, trong \u0111\u00f3 c\u00f3 nhi\u1ec1u v\u1ea5n \u0111\u1ec1 g\u00e2y kh\u00f3 kh\u0103n cho vi\u1ec7c v\u1eadn h\u00e0nh. V\u1edbi b\u1ed1i c\u1ea3nh th\u1ecb tr\u01b0\u1eddng lu\u00f4n thay \u0111\u1ed5i v\u00e0 s\u1ef1 xu\u1ea5t hi\u1ec7n c\u1ee7a c\u00e1c c\u00f4ng ngh\u1ec7 m\u1edbi, c\u00e1c c\u00f4ng ty c\u1ea7n ph\u1ea3i ti\u1ebfp t\u1ee5c ph\u00e1t tri\u1ec3n. C\u00e1c c\u00f4ng ty th\u01b0\u1eddng c\u1ea7n h\u1ed7 tr\u1ee3 \u0111\u1ec3 th\u1ef1c hi\u1ec7n nh\u1eefng thay \u0111\u1ed5i quan tr\u1ecdng \u0111\u1ed1i v\u1edbi kinh t\u1ebf h\u1ecdc s\u1ee9c kh\u1ecfe c\u1ee7a h\u1ecd. C\u00e1c c\u1ed1 v\u1ea5n qu\u1ea3n l\u00fd cung c\u1ea5p ki\u1ebfn \u200b\u200bth\u1ee9c chuy\u00ean m\u00f4n c\u1ee7a h\u1ecd \u0111\u1ec3 gi\u00fap kh\u00e1ch h\u00e0ng \u0111\u1ea1t \u0111\u01b0\u1ee3c hi\u1ec7u qu\u1ea3 th\u00f4ng qua c\u00e1c \u0111\u1ec1 xu\u1ea5t thay \u0111\u1ed5i.<\/p>\n<p>C\u00e1c c\u1ed1 v\u1ea5n qu\u1ea3n l\u00fd th\u01b0\u1eddng l\u00e0m vi\u1ec7c v\u1edbi ph\u00eda kh\u00e1ch h\u00e0ng m\u00e0 kh\u00f4ng c\u1ea7n c\u1ea5p tr\u00ean c\u1ee7a h\u1ecd, v\u00e0 ph\u1ea3i t\u1ef1 m\u00ecnh ho\u00e0n th\u00e0nh c\u00f4ng vi\u1ec7c \u0111\u00fang h\u1ea1n v\u1edbi s\u1ef1 gi\u00e1m s\u00e1t ch\u1eb7t ch\u1ebd. H\u1ecd c\u0169ng c\u1ea7n c\u00e1c k\u1ef9 n\u0103ng t\u1ed5 ch\u1ee9c v\u00ec kh\u00e1ch h\u00e0ng d\u1ef1a v\u00e0o h\u1ecd \u0111\u1ec3 t\u1ed5 ch\u1ee9c c\u00e1ch ti\u1ebfp c\u1eadn, gi\u1ea3i quy\u1ebft v\u1ea5n \u0111\u1ec1 c\u1ee7a kh\u00e1ch h\u00e0ng v\u00e0 th\u1ef1c hi\u1ec7n bi\u1ec7n ph\u00e1p. C\u00e1c c\u1ed1 v\u1ea5n c\u1ea7n c\u00f3 kh\u1ea3 n\u0103ng ti\u1ebfp thu nhi\u1ec1u th\u00f4ng tin v\u1ec1 ho\u1ea1t \u0111\u1ed9ng kinh doanh c\u1ee7a kh\u00e1ch h\u00e0ng, ph\u00e2n t\u00edch d\u1eef li\u1ec7u v\u00e0 \u0111\u01b0a ra c\u00e1c \u0111\u1ec1 xu\u1ea5t r\u00f5 r\u00e0ng, h\u1eefu \u00edch, v\u00ec v\u1eady, c\u00e1c k\u1ef9 n\u0103ng ph\u00e2n t\u00edch, gi\u1ea3i quy\u1ebft v\u1ea5n \u0111\u1ec1 v\u00e0 t\u01b0 duy ph\u1ea3n bi\u1ec7n c\u0169ng r\u1ea5t c\u1ea7n thi\u1ebft. K\u1ef9 n\u0103ng giao ti\u1ebfp t\u1ed1t s\u1ebd h\u1eefu \u00edch trong vi\u1ec7c t\u01b0\u01a1ng t\u00e1c v\u1edbi nhi\u1ec1u nh\u00e2n vi\u00ean c\u1ee7a kh\u00e1ch h\u00e0ng \u1edf c\u00e1c c\u1ea5p \u0111\u1ed9 t\u1ed5 ch\u1ee9c kh\u00e1c nhau. C\u00e1c c\u1ed1 v\u1ea5n qu\u1ea3n l\u00fd th\u01b0\u1eddng tr\u00ecnh b\u00e0y k\u1ebft qu\u1ea3 c\u00f4ng vi\u1ec7c c\u1ee7a h\u1ecd d\u01b0\u1edbi d\u1ea1ng b\u00e1o c\u00e1o, s\u1ed5 tay v\u00e0 c\u00e1c d\u1ea1ng t\u00e0i li\u1ec7u kh\u00e1c do \u0111\u00f3 \u0111\u00f2i h\u1ecfi k\u1ef9 n\u0103ng vi\u1ebft t\u1ed1t. V\u00ec c\u00e1c c\u1ed1 v\u1ea5n qu\u1ea3n l\u00fd th\u01b0\u1eddng l\u1eadp h\u00f3a \u0111\u01a1n theo gi\u1edd ho\u1eb7c l\u00e0m vi\u1ec7c theo h\u1ee3p \u0111\u1ed3ng ph\u00ed c\u1ed1 \u0111\u1ecbnh n\u00ean h\u1ecd ph\u1ea3i ch\u1ee7 \u0111\u1ed9ng qu\u1ea3n l\u00fd th\u1eddi gian c\u1ee7a m\u00ecnh gi\u1eef trong ng\u00e2n s\u00e1ch. C\u1ed1 v\u1ea5n qu\u1ea3n l\u00fd ph\u1ea3i c\u00f3 kh\u1ea3 n\u0103ng linh ho\u1ea1t v\u00e0 s\u00e1ng t\u1ea1o \u0111\u1ec3 x\u1eed l\u00fd m\u1ecdi t\u00ecnh hu\u1ed1ng ph\u00e1t sinh trong khi th\u1ef1c hi\u1ec7n c\u00e1c gi\u1ea3i ph\u00e1p cho kh\u00e1ch h\u00e0ng.<\/p>\n<p>Nhi\u1ec1u c\u00f4ng vi\u1ec7c \u0111\u1ea7u v\u00e0o y\u00eau c\u1ea7u b\u1eb1ng c\u1eed nh\u00e2n. C\u00e1c c\u1ed1 v\u1ea5n qu\u1ea3n l\u00fd th\u01b0\u1eddng chuy\u00ean v\u1ec1 qu\u1ea3n tr\u1ecb kinh doanh, kinh t\u1ebf, t\u00e0i ch\u00ednh, t\u00e2m l\u00fd h\u1ecdc, qu\u1ea3n l\u00fd, ti\u1ebfp th\u1ecb, k\u1ebf to\u00e1n ho\u1eb7c c\u00f4ng ngh\u1ec7 v\u00e0 khoa h\u1ecdc th\u00f4ng tin. Nhi\u1ec1u nh\u00e0 tuy\u1ec3n d\u1ee5ng \u01b0u ti\u00ean nh\u1eefng \u1ee9ng vi\u00ean \u0111\u00e3 ho\u00e0n th\u00e0nh b\u1eb1ng Th\u1ea1c s\u0129 Qu\u1ea3n tr\u1ecb Kinh doanh (MBA). M\u1eb7c d\u00f9 kh\u00f4ng b\u1eaft bu\u1ed9c, nh\u01b0ng c\u00e1c c\u1ed1 v\u1ea5n qu\u1ea3n l\u00fd c\u00f3 th\u1ec3 nh\u1eadn \u0111\u01b0\u1ee3c ch\u1ee9ng ch\u1ec9 Chuy\u00ean gia T\u01b0 v\u1ea5n Qu\u1ea3n l\u00fd (CMC) b\u1eb1ng c\u00e1ch tham d\u1ef1 c\u00e1c kh\u00f3a h\u1ecdc v\u00e0 v\u01b0\u1ee3t qua k\u1ef3 thi do Vi\u1ec7n T\u01b0 v\u1ea5n Qu\u1ea3n l\u00fd Hoa K\u1ef3 t\u1ed5 ch\u1ee9c.<\/p><\/div><\/div><\/div>[vc_empty_space height=&#8221;30px&#8221;]<div class=\"shortcode-wrapper shortcode-icon-box clearfix\"><div class=\"feature-box alternative left-icon-box aligncenter\"><div class=\"feature-box-content\"><h4 class=\"bold\">Nhi\u1ec7m v\u1ee5 chung c\u1ee7a C\u1ed1 V\u1ea5n Qu\u1ea3n L\u00fd<\/h4><p>\n<ul>\n<li>T\u00ecm hi\u1ec3u v\u1ec1 c\u00e1c th\u00e1ch th\u1ee9c kinh doanh v\u00e0 c\u00f4ng ngh\u1ec7 c\u1ee7a kh\u00e1ch h\u00e0ng \u0111\u1ec3 hi\u1ec3u nhu c\u1ea7u kinh doanh c\u1ee7a h\u1ecd, ph\u1ecfng v\u1ea5n nh\u00e2n vi\u00ean c\u00f4ng ty<\/li>\n<li>Xem x\u00e9t d\u1eef li\u1ec7u n\u1ed9i b\u1ed9 kh\u00e1ch h\u00e0ng c\u1ee7a c\u00f4ng ty, ch\u1eb3ng h\u1ea1n nh\u01b0 b\u00e1o c\u00e1o t\u00e0i ch\u00ednh, th\u00f4ng tin v\u1ec1 b\u1ea3ng l\u01b0\u01a1ng ho\u1eb7c h\u1ec7 th\u1ed1ng m\u00e1y t\u00ednh hi\u1ec7n c\u00f3<\/li>\n<li>Ph\u00e1c th\u1ea3o, x\u00e1c \u0111\u1ecbnh ph\u1ea1m vi c\u00f4ng vi\u1ec7c v\u00e0 v\u1ea1ch ra l\u1ecbch tr\u00ecnh, c\u1ed9t m\u1ed1c quan tr\u1ecdng v\u00e0 c\u00e1c ngu\u1ed3n l\u1ef1c c\u1ea7n thi\u1ebft \u0111\u1ec3 \u0111\u00e1p \u1ee9ng m\u1ee5c ti\u00eau d\u1ef1 \u00e1n<\/li>\n<li>X\u00e1c \u0111\u1ecbnh v\u00e0 truy\u1ec1n \u0111\u1ea1t s\u1ea3n ph\u1ea9m ho\u1eb7c k\u1ebft qu\u1ea3 c\u00f4ng vi\u1ec7c s\u1ebd \u0111\u01b0\u1ee3c giao cho kh\u00e1ch h\u00e0ng khi ho\u00e0n th\u00e0nh d\u1ef1 \u00e1n<\/li>\n<li>Ph\u00e1t tri\u1ec3n v\u00e0 th\u1ef1c hi\u1ec7n li\u00ean l\u1ea1c v\u1edbi c\u00e1c b\u00ean li\u00ean quan c\u1ea5p cao c\u1ee7a c\u00f4ng ty, nh\u00e2n vi\u00ean v\u00e0 c\u00e1c nh\u00f3m d\u1ef1 \u00e1n n\u1ed9i b\u1ed9 v\u00e0 b\u00ean ngo\u00e0i c\u1ee7a c\u00f4ng ty<\/li>\n<li>Ti\u1ebfn h\u00e0nh c\u00e1c l\u1edbp \u0111\u00e0o t\u1ea1o b\u1eaft bu\u1ed9c cho nh\u00e2n vi\u00ean \u1edf nhi\u1ec1u c\u1ea5p \u0111\u1ed9 kh\u00e1c nhau<\/li>\n<li>Cung c\u1ea5p ph\u1ea3n h\u1ed3i hi\u1ec7u qu\u1ea3 cho ban qu\u1ea3n l\u00fd c\u00f4ng ty<\/li>\n<li>L\u00e0m vi\u1ec7c kh\u00e9o l\u00e9o \u0111\u1ec3 d\u1ec5 d\u00e0ng truy\u1ec1n c\u1ea3m h\u1ee9ng cho nh\u00e2n vi\u00ean, t\u1eadn d\u1ee5ng t\u1ed1t tr\u00ecnh \u0111\u1ed9 cao h\u01a1n v\u1ec1 c\u00e1c c\u00e1ch th\u1ee9c ho\u1ea1t \u0111\u1ed9ng m\u1edbi do k\u1ebft qu\u1ea3 c\u1ee7a d\u1ef1 \u00e1n t\u01b0 v\u1ea5n<\/li>\n<li>G\u1eb7p g\u1ee1 kh\u00e1ch h\u00e0ng \u0111\u1ec3 \u0111\u1ea3m b\u1ea3o gi\u1ea3i ph\u00e1p \u0111\u01b0\u1ee3c cung c\u1ea5p v\u1eabn \u0111ang ho\u1ea1t \u0111\u1ed9ng<\/li>\n<\/ul>\n<p>K\u1ef9 n\u0103ng:<\/p>\n<ul>\n<li>K\u1ef9 n\u0103ng t\u1ed5 ch\u1ee9c v\u00e0 qu\u1ea3n l\u00fd c\u00f4ng vi\u1ec7c m\u1ed9t c\u00e1ch c\u00f3 h\u1ec7 th\u1ed1ng v\u00e0 ch\u00ednh x\u00e1c \u0111\u1ec3 \u0111\u1ea3m b\u1ea3o t\u00ednh hi\u1ec7u qu\u1ea3 v\u00e0 ti\u1ebft ki\u1ec7m th\u1eddi gian<\/li>\n<li>K\u1ef9 n\u0103ng l\u00e0m vi\u1ec7c nh\u00f3m t\u1ed1t, t\u1eadn t\u00e2m \u0111\u00f3ng g\u00f3p v\u00e0o k\u1ebft qu\u1ea3 mong mu\u1ed1n c\u1ee7a nh\u00f3m<\/li>\n<li>Kh\u1ea3 n\u0103ng \u0111i\u1ec1u ti\u1ebft v\u00e0 qu\u1ea3n l\u00fd c\u1ea3m x\u00fac t\u1ed1t \u0111\u1ec3 \u0111\u1ed1i ph\u00f3 hi\u1ec7u qu\u1ea3 v\u1edbi c\u00e1c kh\u00e1ch h\u00e0ng v\u00e0 nh\u00f3m kh\u00e1c nhau<\/li>\n<li>T\u1ef1 tin v\u00e0 ch\u00edn ch\u1eafn \u0111\u1ec3 l\u00e0m vi\u1ec7c v\u1edbi c\u00e1c gi\u00e1m \u0111\u1ed1c \u0111i\u1ec1u h\u00e0nh c\u1ea5p cao<\/li>\n<li>Tr\u00ecnh \u0111\u1ed9 chuy\u00ean m\u00f4n: Qu\u1ea3n tr\u1ecb kinh doanh, Kinh t\u1ebf, T\u00e0i ch\u00ednh, T\u00e2m l\u00fd, Qu\u1ea3n l\u00fd, Ti\u1ebfp th\u1ecb, K\u1ebf to\u00e1n ho\u1eb7c C\u00f4ng Ngh\u1ec7 v\u00e0 Khoa h\u1ecdc Th\u00f4ng tin.<\/li>\n<\/ul>\n<\/p><\/div><\/div><\/div>[\/vc_column_inner][\/vc_row_inner][\/vc_column][\/vc_row]\n<\/div>","protected":false},"excerpt":{"rendered":"<p>[vc_row top_margin=&#8221;0&#8243; bottom_margin=&#8221;0&#8243; css=&#8221;.vc_custom_1499912039446{margin-top: -30px !important;}&#8221;][vc_column][vc_row_inner][vc_column_inner][vc_empty_space height=&#8221;10px&#8221;][vc_empty_space height=&#8221;30px&#8221;][\/vc_column_inner][\/vc_row_inner][\/vc_column][\/vc_row]<\/p>\n","protected":false},"author":4,"featured_media":0,"parent":0,"menu_order":0,"comment_status":"closed","ping_status":"closed","template":"","meta":{"nf_dc_page":"","footnotes":""},"class_list":["post-10267","page","type-page","status-publish","hentry"],"_links":{"self":[{"href":"https:\/\/worknow.vn\/vi\/wp-json\/wp\/v2\/pages\/10267","targetHints":{"allow":["GET"]}}],"collection":[{"href":"https:\/\/worknow.vn\/vi\/wp-json\/wp\/v2\/pages"}],"about":[{"href":"https:\/\/worknow.vn\/vi\/wp-json\/wp\/v2\/types\/page"}],"author":[{"embeddable":true,"href":"https:\/\/worknow.vn\/vi\/wp-json\/wp\/v2\/users\/4"}],"replies":[{"embeddable":true,"href":"https:\/\/worknow.vn\/vi\/wp-json\/wp\/v2\/comments?post=10267"}],"version-history":[{"count":5,"href":"https:\/\/worknow.vn\/vi\/wp-json\/wp\/v2\/pages\/10267\/revisions"}],"predecessor-version":[{"id":12124,"href":"https:\/\/worknow.vn\/vi\/wp-json\/wp\/v2\/pages\/10267\/revisions\/12124"}],"wp:attachment":[{"href":"https:\/\/worknow.vn\/vi\/wp-json\/wp\/v2\/media?parent=10267"}],"curies":[{"name":"wp","href":"https:\/\/api.w.org\/{rel}","templated":true}]}}