{"id":10280,"date":"2022-08-09T06:38:49","date_gmt":"2022-08-09T06:38:49","guid":{"rendered":"https:\/\/worknow.vn\/financial-advisor\/"},"modified":"2023-06-01T09:45:09","modified_gmt":"2023-06-01T09:45:09","slug":"co-van-tai-chinh","status":"publish","type":"page","link":"https:\/\/worknow.vn\/vi\/co-van-tai-chinh\/","title":{"rendered":"C\u1ed1 V\u1ea5n T\u00e0i Ch\u00ednh"},"content":{"rendered":"<div class=\"wpb-content-wrapper\">[vc_row top_margin=&#8221;0&#8243; bottom_margin=&#8221;0&#8243; css=&#8221;.vc_custom_1499912039446{margin-top: -30px !important;}&#8221;][vc_column]<div class=\"shortcode-wrapper shortcode-title clearfix hb-animate-element hb-fade-in\"><p style=\"color:#878787!important;border-color:#878787\" class=\"hb-text-large aligncenter\">C\u1ed1 V\u1ea5n T\u00e0i Ch\u00ednh<\/p><\/div>[vc_row_inner][vc_column_inner][vc_empty_space height=&#8221;10px&#8221;]<div class=\"shortcode-wrapper shortcode-icon-box clearfix\"><div class=\"feature-box alternative left-icon-box aligncenter\"><div class=\"feature-box-content\"><h4 class=\"bold\">M\u00f4 t\u1ea3 c\u00f4ng vi\u1ec7c C\u1ed1 V\u1ea5n T\u00e0i Ch\u00ednh<\/h4><p>C\u1ed1 v\u1ea5n t\u00e0i ch\u00ednh gi\u00fap kh\u00e1ch h\u00e0ng hi\u1ec3u v\u00e0 c\u1ea3i thi\u1ec7n t\u00e0i ch\u00ednh c\u1ee7a h\u1ecd. L\u1eddi khuy\u00ean n\u00e0y th\u01b0\u1eddng c\u00f3 th\u1ec3 bao g\u1ed3m th\u00f4ng tin v\u1ec1 c\u00e1c kho\u1ea3n \u0111\u1ea7u t\u01b0, ch\u00ednh s\u00e1ch b\u1ea3o hi\u1ec3m v\u00e0 thu\u1ebf. \u0110\u1ec3 l\u00e0m \u0111i\u1ec1u n\u00e0y, c\u1ed1 v\u1ea5n t\u00e0i ch\u00ednh th\u01b0\u1eddng g\u1eb7p g\u1ee1 kh\u00e1ch h\u00e0ng, thi\u1ebft l\u1eadp m\u1ee5c ti\u00eau c\u1ee7a h\u1ecd v\u00e0 th\u1ef1c hi\u1ec7n nghi\u00ean c\u1ee9u. C\u1ed1 v\u1ea5n t\u00e0i ch\u00ednh tr\u00ecnh b\u00e0y nh\u1eefng k\u1ebft qu\u1ea3 nghi\u00ean c\u1ee9u c\u1ee7a m\u00ecnh v\u1edbi kh\u00e1ch h\u00e0ng \u0111\u1ec3 gi\u00fap kh\u00e1ch h\u00e0ng ph\u00e1t tri\u1ec3n chi\u1ebfn l\u01b0\u1ee3c t\u00e0i ch\u00ednh c\u00e1 nh\u00e2n. H\u1ecd gi\u00e1m s\u00e1t t\u00ecnh tr\u1ea1ng \u0111\u1ea7u t\u01b0 v\u00e0 t\u00e0i ch\u00ednh c\u1ee7a kh\u00e1ch h\u00e0ng v\u00e0 c\u00f3 th\u1ec3 \u0111\u01b0a ra l\u1eddi khuy\u00ean v\u1ec1 b\u1ea3o hi\u1ec3m, th\u1ebf ch\u1ea5p, ti\u1ebft ki\u1ec7m cho \u0111\u1ea1i h\u1ecdc, l\u1eadp k\u1ebf ho\u1ea1ch b\u1ea5t \u0111\u1ed9ng s\u1ea3n, thu\u1ebf v\u00e0 h\u01b0u tr\u00ed. C\u00e1c c\u1ed1 v\u1ea5n t\u00e0i ch\u00ednh d\u00e0nh nhi\u1ec1u th\u1eddi gian \u0111\u1ec3 nghi\u00ean c\u1ee9u v\u00e0 ph\u00e2n t\u00edch c\u00e1c c\u01a1 h\u1ed9i \u0111\u1ea7u t\u01b0. \u0110\u1ec3 \u0111\u1ea1t \u0111\u01b0\u1ee3c th\u00e0nh c\u00f4ng, c\u00e1c c\u1ed1 v\u1ea5n t\u00e0i ch\u00ednh c\u1ea7n c\u00f3 hi\u1ec3u bi\u1ebft s\u00e2u r\u1ed9ng v\u1ec1 th\u1ecb tr\u01b0\u1eddng \u0111\u1ea7u t\u01b0 v\u00e0 kh\u1ea3 n\u0103ng x\u00e1c \u0111\u1ecbnh c\u1ed5 phi\u1ebfu, tr\u00e1i phi\u1ebfu ho\u1eb7c qu\u1ef9 \u0111\u1ea7u t\u01b0 t\u1ed1t nh\u1ea5t.<\/p>\n<p>C\u00e1c c\u1ed1 v\u1ea5n t\u00e0i ch\u00ednh c\u1ea7n c\u00f3 ki\u1ebfn \u200b\u200bth\u1ee9c chuy\u00ean m\u00f4n v\u1ec1 hi\u1ec7u su\u1ea5t th\u1ecb tr\u01b0\u1eddng v\u00e0 chi\u1ebfn l\u01b0\u1ee3c \u0111\u1ea7u t\u01b0, nh\u01b0ng h\u1ecd c\u0169ng ph\u1ea3i c\u00f3 k\u1ef9 n\u0103ng con ng\u01b0\u1eddi t\u1ed1t. Ph\u1ea7n l\u1edbn c\u00f4ng vi\u1ec7c l\u00e0 theo d\u00f5i d\u1eef li\u1ec7u v\u00e0 d\u1ef1 \u0111o\u00e1n hi\u1ec7u su\u1ea5t c\u1ed5 phi\u1ebfu, tr\u00e1i phi\u1ebfu v\u00e0 c\u00e1c qu\u1ef9 kh\u00e1c trong t\u01b0\u01a1ng lai. C\u00e1c c\u1ed1 v\u1ea5n t\u00e0i ch\u00ednh c\u1ea7n c\u00f3 kh\u1ea3 n\u0103ng \u00e1p d\u1ee5ng t\u01b0 duy ph\u1ea3n bi\u1ec7n n\u00e0y v\u00e0o nhu c\u1ea7u c\u1ee7a kh\u00e1ch h\u00e0ng. H\u1ea7u h\u1ebft h\u1ecd s\u1ebd l\u00e0m vi\u1ec7c v\u1edbi kh\u00e1ch h\u00e0ng v\u00ec v\u1eady \u0111\u00f2i h\u1ecfi ph\u1ea3i c\u00f3 m\u1ed9t k\u1ef9 n\u0103ng giao ti\u1ebfp t\u1ed1t. S\u1ef1 th\u00e0nh th\u1ea1o v\u1edbi ph\u1ea7n m\u1ec1m b\u1ea3ng t\u00ednh, ch\u1eb3ng h\u1ea1n nh\u01b0 Microsoft\u2019s Excel r\u1ea5t quan tr\u1ecdng \u0111\u1ed1i v\u1edbi c\u00f4ng vi\u1ec7c n\u00e0y.<\/p>\n<p>T\u00f3m l\u1ea1i, con \u0111\u01b0\u1eddng t\u1ed1t nh\u1ea5t \u0111\u1ec3 b\u1eaft \u0111\u1ea7u trong l\u0129nh v\u1ef1c n\u00e0y l\u00e0 c\u00e1c c\u1ed1 v\u1ea5n t\u00e0i ch\u00ednh c\u1ea7n c\u00f3 b\u1eb1ng c\u1eed nh\u00e2n t\u00e0i ch\u00ednh, kinh t\u1ebf v\u00e0 k\u1ebf to\u00e1n. C\u00f3 \u0111\u01b0\u1ee3c b\u1eb1ng th\u1ea1c s\u0129 qu\u1ea3n tr\u1ecb kinh doanh ho\u1eb7c b\u1eb1ng th\u1ea1c s\u0129 t\u00e0i ch\u00ednh s\u1ebd gi\u00fap d\u1ec5 d\u00e0ng th\u0103ng ti\u1ebfn ho\u1eb7c t\u00ecm khi\u1ebfm kh\u00e1ch h\u00e0ng.<\/p><\/div><\/div><\/div>[vc_empty_space height=&#8221;30px&#8221;]<div class=\"shortcode-wrapper shortcode-icon-box clearfix\"><div class=\"feature-box alternative left-icon-box aligncenter\"><div class=\"feature-box-content\"><h4 class=\"bold\">Nhi\u1ec7m v\u1ee5 chung c\u1ee7a C\u1ed1 V\u1ea5n T\u00e0i Ch\u00ednh<\/h4><p>\n<ul>\n<li>Nghi\u00ean c\u1ee9u th\u1ecb tr\u01b0\u1eddng<\/li>\n<li>Ph\u00e2n t\u00edch th\u1ecb tr\u01b0\u1eddng<\/li>\n<li>Chi\u00eau m\u1ed9 v\u00e0 thu h\u00fat kh\u00e1ch h\u00e0ng<\/li>\n<li>\u0110\u00e1nh gi\u00e1 nhu c\u1ea7u v\u00e0 m\u1ee5c ti\u00eau c\u1ee7a kh\u00e1ch h\u00e0ng<\/li>\n<li>\u0110\u1ec1 xu\u1ea5t c\u00e1c chi\u1ebfn l\u01b0\u1ee3c<\/li>\n<li>Th\u1ef1c thi c\u00e1c chi\u1ebfn l\u01b0\u1ee3c<\/li>\n<li>Gi\u00e1m s\u00e1t t\u00e0i kho\u1ea3n<\/li>\n<li>X\u00e1c \u0111\u1ecbnh c\u00e1c c\u01a1 h\u1ed9i m\u1edbi<\/li>\n<li>Tu\u00e2n theo c\u00e1c quy \u0111\u1ecbnh c\u1ee7a \u1ee6y Ban Ch\u1ee9ng kho\u00e1n Nh\u00e0 n\u01b0\u1edbc<\/li>\n<\/ul>\n<p>K\u1ef9 n\u0103ng:<\/p>\n<ul>\n<li>K\u1ef9 n\u0103ng x\u00e2y d\u1ef1ng m\u1ed1i quan h\u1ec7 v\u1edbi kh\u00e1ch h\u00e0ng.<\/li>\n<li>K\u1ef9 n\u0103ng ph\u00e1t tri\u1ec3n kinh doanh.<\/li>\n<li>Nghi\u00ean c\u1ee9u.<\/li>\n<li>Qu\u1ea3n l\u00fd t\u00e0i s\u1ea3n.<\/li>\n<li>T\u01b0 duy ph\u00e2n t\u00edch.<\/li>\n<li>Giao ti\u1ebfp gi\u1eefa c\u00e1c c\u00e1 nh\u00e2n.<\/li>\n<li>\u0110\u1ecbnh h\u01b0\u1edbng chi ti\u1ebft.<\/li>\n<\/ul>\n<p>B\u1eb1ng c\u1ea5p: ph\u1ed5 bi\u1ebfn nh\u1ea5t l\u00e0 b\u1eb1ng c\u1ea5p v\u1ec1 kinh doanh, t\u00e0i ch\u00ednh, ho\u1eb7c th\u1eadm ch\u00ed l\u00e0 lu\u1eadt.<\/p><\/div><\/div><\/div>[\/vc_column_inner][\/vc_row_inner][\/vc_column][\/vc_row]\n<\/div>","protected":false},"excerpt":{"rendered":"<p>[vc_row top_margin=&#8221;0&#8243; bottom_margin=&#8221;0&#8243; css=&#8221;.vc_custom_1499912039446{margin-top: -30px !important;}&#8221;][vc_column][vc_row_inner][vc_column_inner][vc_empty_space height=&#8221;10px&#8221;][vc_empty_space height=&#8221;30px&#8221;][\/vc_column_inner][\/vc_row_inner][\/vc_column][\/vc_row]<\/p>\n","protected":false},"author":4,"featured_media":0,"parent":0,"menu_order":0,"comment_status":"closed","ping_status":"closed","template":"","meta":{"nf_dc_page":"","footnotes":""},"class_list":["post-10280","page","type-page","status-publish","hentry"],"_links":{"self":[{"href":"https:\/\/worknow.vn\/vi\/wp-json\/wp\/v2\/pages\/10280","targetHints":{"allow":["GET"]}}],"collection":[{"href":"https:\/\/worknow.vn\/vi\/wp-json\/wp\/v2\/pages"}],"about":[{"href":"https:\/\/worknow.vn\/vi\/wp-json\/wp\/v2\/types\/page"}],"author":[{"embeddable":true,"href":"https:\/\/worknow.vn\/vi\/wp-json\/wp\/v2\/users\/4"}],"replies":[{"embeddable":true,"href":"https:\/\/worknow.vn\/vi\/wp-json\/wp\/v2\/comments?post=10280"}],"version-history":[{"count":5,"href":"https:\/\/worknow.vn\/vi\/wp-json\/wp\/v2\/pages\/10280\/revisions"}],"predecessor-version":[{"id":12125,"href":"https:\/\/worknow.vn\/vi\/wp-json\/wp\/v2\/pages\/10280\/revisions\/12125"}],"wp:attachment":[{"href":"https:\/\/worknow.vn\/vi\/wp-json\/wp\/v2\/media?parent=10280"}],"curies":[{"name":"wp","href":"https:\/\/api.w.org\/{rel}","templated":true}]}}