{"id":10282,"date":"2022-08-09T06:39:44","date_gmt":"2022-08-09T06:39:44","guid":{"rendered":"https:\/\/worknow.vn\/financial-analyst\/"},"modified":"2023-06-01T09:45:16","modified_gmt":"2023-06-01T09:45:16","slug":"phan-tich-tai-chinh","status":"publish","type":"page","link":"https:\/\/worknow.vn\/vi\/phan-tich-tai-chinh\/","title":{"rendered":"Ph\u00e2n T\u00edch T\u00e0i Ch\u00ednh"},"content":{"rendered":"<div class=\"wpb-content-wrapper\">[vc_row top_margin=&#8221;0&#8243; bottom_margin=&#8221;0&#8243; css=&#8221;.vc_custom_1499912039446{margin-top: -30px !important;}&#8221;][vc_column]<div class=\"shortcode-wrapper shortcode-title clearfix hb-animate-element hb-fade-in\"><p style=\"color:#878787!important;border-color:#878787\" class=\"hb-text-large aligncenter\">Ph\u00e2n T\u00edch T\u00e0i Ch\u00ednh<\/p><\/div>[vc_row_inner][vc_column_inner][vc_empty_space height=&#8221;10px&#8221;]<div class=\"shortcode-wrapper shortcode-icon-box clearfix\"><div class=\"feature-box alternative left-icon-box aligncenter\"><div class=\"feature-box-content\"><h4 class=\"bold\">M\u00f4 t\u1ea3 c\u00f4ng vi\u1ec7c Ph\u00e2n T\u00edch T\u00e0i Ch\u00ednh<\/h4><p>Nh\u00e0 ph\u00e2n t\u00edch t\u00e0i ch\u00ednh ki\u1ec3m tra d\u1eef li\u1ec7u t\u00e0i ch\u00ednh c\u1ee7a m\u1ed9t t\u1ed5 ch\u1ee9c. B\u1eb1ng c\u00e1ch ph\u00e2n t\u00edch d\u1eef li\u1ec7u t\u00e0i ch\u00ednh v\u00e0 \u0111\u1ea7u t\u01b0 tr\u01b0\u1edbc \u0111\u00e2y, c\u0169ng nh\u01b0 \u01b0\u1edbc t\u00ednh c\u00e1c kho\u1ea3n thu v\u00e0 chi trong t\u01b0\u01a1ng lai, h\u1ecd c\u00f3 th\u1ec3 cung c\u1ea5p h\u01b0\u1edbng d\u1eabn cho c\u00e1c doanh nghi\u1ec7p \u0111\u01b0a ra quy\u1ebft \u0111\u1ecbnh \u0111\u1ea7u t\u01b0 v\u00e0 d\u1ef1 b\u00e1o cho t\u01b0\u01a1ng lai. Vai tr\u00f2 ch\u00ednh c\u1ee7a m\u1ed9t nh\u00e0 ph\u00e2n t\u00edch t\u00e0i ch\u00ednh l\u00e0 nghi\u00ean c\u1ee9u d\u1eef li\u1ec7u \u0111\u1ec3 x\u00e1c \u0111\u1ecbnh c\u01a1 h\u1ed9i ho\u1eb7c \u0111\u00e1nh gi\u00e1 k\u1ebft qu\u1ea3 cho c\u00e1c quy\u1ebft \u0111\u1ecbnh kinh doanh ho\u1eb7c khuy\u1ebfn ngh\u1ecb \u0111\u1ea7u t\u01b0. C\u00e1c nh\u00e0 ph\u00e2n t\u00edch t\u00e0i ch\u00ednh c\u00f3 th\u1ec3 l\u00e0m vi\u1ec7c \u1edf c\u1ea3 n\u0103ng l\u1ef1c c\u1ea5p c\u01a1 s\u1edf v\u00e0 c\u1ea5p cao trong m\u1ed9t c\u00f4ng ty v\u00e0 \u0111\u00e2y c\u0169ng l\u00e0 v\u1ecb tr\u00ed th\u00edch h\u1ee3p d\u1eabn \u0111\u1ebfn c\u00e1c c\u01a1 h\u1ed9i ngh\u1ec1 nghi\u1ec7p kh\u00e1c. C\u1ee5 th\u1ec3 h\u01a1n, c\u00e1c nh\u00e0 ph\u00e2n t\u00edch t\u00e0i ch\u00ednh nghi\u00ean c\u1ee9u c\u00e1c \u0111i\u1ec1u ki\u1ec7n kinh t\u1ebf v\u0129 m\u00f4 v\u00e0 vi m\u00f4 c\u00f9ng v\u1edbi c\u00e1c nguy\u00ean t\u1eafc c\u01a1 b\u1ea3n c\u1ee7a c\u00f4ng ty \u0111\u1ec3 \u0111\u01b0a ra d\u1ef1 \u0111o\u00e1n v\u1ec1 doanh nghi\u1ec7p, l\u0129nh v\u1ef1c v\u00e0 ng\u00e0nh. H\u1ecd c\u0169ng th\u01b0\u1eddng \u0111\u1ec1 xu\u1ea5t m\u1ed9t ph\u01b0\u01a1ng h\u01b0\u1edbng h\u00e0nh \u0111\u1ed9ng, ch\u1eb3ng h\u1ea1n nh\u01b0 mua ho\u1eb7c b\u00e1n c\u1ed5 phi\u1ebfu c\u1ee7a c\u00f4ng ty d\u1ef1a tr\u00ean tri\u1ec3n v\u1ecdng v\u00e0 hi\u1ec7u su\u1ea5t chung c\u1ee7a c\u00f4ng ty \u0111\u00f3. M\u1ed9t nh\u00e0 ph\u00e2n t\u00edch ph\u1ea3i bi\u1ebft \u0111\u01b0\u1ee3c nh\u1eefng ph\u00e1t tri\u1ec3n g\u1ea7n \u0111\u00e2y trong l\u0129nh v\u1ef1c m\u00e0 h\u1ecd chuy\u00ean s\u00e2u, c\u0169ng nh\u01b0 chu\u1ea9n b\u1ecb c\u00e1c m\u00f4 h\u00ecnh t\u00e0i ch\u00ednh \u0111\u1ec3 d\u1ef1 \u0111o\u00e1n \u0111i\u1ec1u ki\u1ec7n kinh t\u1ebf trong t\u01b0\u01a1ng lai cho b\u1ea5t k\u1ef3 bi\u1ebfn \u0111\u1ed9ng n\u00e0o.<\/p>\n<p>M\u1ed9t nh\u00e0 ph\u00e2n t\u00edch t\u00e0i ch\u00ednh th\u00e0nh c\u00f4ng \u0111\u00f2i h\u1ecfi c\u00e1c k\u1ef9 n\u0103ng \u0111\u1ecbnh l\u01b0\u1ee3ng m\u1ea1nh m\u1ebd, kh\u1ea3 n\u0103ng gi\u1ea3i quy\u1ebft v\u1ea5n \u0111\u1ec1 chuy\u00ean nghi\u1ec7p, th\u00e0nh th\u1ea1o trong vi\u1ec7c s\u1eed d\u1ee5ng logic v\u00e0 k\u1ef9 n\u0103ng giao ti\u1ebfp tr\u00ean m\u1ee9c trung b\u00ecnh. C\u00e1c nh\u00e0 ph\u00e2n t\u00edch t\u00e0i ch\u00ednh ph\u1ea3i thu th\u1eadp d\u1eef li\u1ec7u, nh\u01b0ng h\u1ecd c\u0169ng ph\u1ea3i b\u00e1o c\u00e1o nh\u1eefng ph\u00e1t hi\u1ec7n c\u1ee7a m\u00ecnh v\u1edbi c\u1ea5p tr\u00ean m\u1ed9t c\u00e1ch r\u00f5 r\u00e0ng, ng\u1eafn g\u1ecdn v\u00e0 thuy\u1ebft ph\u1ee5c.<\/p>\n<p>H\u1ea7u h\u1ebft c\u00e1c nh\u00e0 ph\u00e2n t\u00edch \u0111\u1ec1u c\u00f3 b\u1eb1ng c\u1eed nh\u00e2n ho\u1eb7c th\u1ea1c s\u0129 trong l\u0129nh v\u1ef1c li\u00ean quan \u0111\u1ebfn kinh doanh. Chuy\u00ean m\u00f4n ph\u1ed5 bi\u1ebfn nh\u1ea5t l\u00e0 l\u0129nh v\u1ef1c t\u00e0i ch\u00ednh, m\u1eb7c d\u00f9 m\u1ed9t s\u1ed1 nh\u00e0 ph\u00e2n t\u00edch khuy\u00ean r\u1eb1ng n\u00ean b\u1eaft \u0111\u1ea7u v\u1edbi b\u1eb1ng k\u1ebf to\u00e1n, v\u00ec n\u00f3 cung c\u1ea5p n\u1ec1n t\u1ea3ng v\u1eefng ch\u1eafc h\u01a1n \u0111\u1ec3 ph\u00e2n t\u00edch ho\u1ea1t \u0111\u1ed9ng c\u1ee7a c\u00e1c b\u00e1o c\u00e1o t\u00e0i ch\u00ednh.<\/p>\n<p>Vi\u1ec7c th\u00eam m\u1ed9t y\u1ebfu t\u1ed1 th\u1ef1c t\u1ebf, nh\u01b0 ch\u1ee9ng ch\u1ec9 Chuy\u00ean gia Ph\u00e2n t\u00edch x\u00e2y d\u1ef1ng m\u00f4 h\u00ecnh t\u00e0i ch\u00ednh v\u00e0 \u0110\u1ecbnh\u00a0 gi\u00e1 (FMVA) \u2122 c\u1ee7a Hi\u1ec7p h\u1ed9i T\u00e0i ch\u00ednh Doanh nghi\u1ec7p, \u0111ang ng\u00e0y c\u00e0ng ph\u1ed5 bi\u1ebfn \u0111\u1ec3 n\u00e2ng cao chuy\u00ean nghi\u1ec7p cho m\u1ed9t nh\u00e0 ph\u00e2n t\u00edch t\u00e0i ch\u00ednh. M\u00f4 h\u00ecnh t\u00e0i ch\u00ednh n\u00e0y d\u1ea1y cho c\u00e1c nh\u00e0 ph\u00e2n t\u00edch c\u00e1ch t\u1ea1o ra ph\u00e2n t\u00edch t\u00e0i ch\u00ednh n\u00e2ng cao b\u1eb1ng Excel, PowerPoint v\u00e0 c\u00e1c c\u00f4ng c\u1ee5 thi\u1ebft th\u1ef1c kh\u00e1c.<\/p><\/div><\/div><\/div>[vc_empty_space height=&#8221;30px&#8221;]<div class=\"shortcode-wrapper shortcode-icon-box clearfix\"><div class=\"feature-box alternative left-icon-box aligncenter\"><div class=\"feature-box-content\"><h4 class=\"bold\">Nhi\u1ec7m v\u1ee5 chung c\u1ee7a Ph\u00e2n T\u00edch T\u00e0i Ch\u00ednh<\/h4><p>\n<ul>\n<li>Th\u1ef1c hi\u1ec7n d\u1ef1 b\u00e1o t\u00e0i ch\u00ednh, b\u00e1o c\u00e1o v\u00e0 theo d\u00f5i c\u00e1c ch\u1ec9 s\u1ed1 ho\u1ea1t \u0111\u1ed9ng<\/li>\n<li>Ph\u00e2n t\u00edch d\u1eef li\u1ec7u t\u00e0i ch\u00ednh v\u00e0 t\u1ea1o c\u00e1c m\u00f4 h\u00ecnh t\u00e0i ch\u00ednh \u0111\u1ec3 h\u1ed7 tr\u1ee3 \u0111\u01b0a ra quy\u1ebft \u0111\u1ecbnh<\/li>\n<li>B\u00e1o c\u00e1o v\u1ec1 hi\u1ec7u su\u1ea5t ho\u1ea1t \u0111\u1ed9ng t\u00e0i ch\u00ednh v\u00e0 chu\u1ea9n b\u1ecb cho c\u00e1c cu\u1ed9c \u0111\u00e1nh gi\u00e1 th\u01b0\u1eddng xuy\u00ean c\u1ee7a l\u00e3nh \u0111\u1ea1o<\/li>\n<li>Ph\u00e2n t\u00edch k\u1ebft qu\u1ea3 tr\u01b0\u1edbc \u0111\u00e2y, th\u1ef1c hi\u1ec7n ph\u00e2n t\u00edch ph\u01b0\u01a1ng sai, x\u00e1c \u0111\u1ecbnh xu h\u01b0\u1edbng v\u00e0 \u0111\u01b0a ra c\u00e1c \u0111\u1ec1 xu\u1ea5t \u0111\u1ec3 c\u1ea3i ti\u1ebfn<\/li>\n<li>L\u00e0m vi\u1ec7c ch\u1eb7t ch\u1ebd v\u1edbi nh\u00f3m k\u1ebf to\u00e1n \u0111\u1ec3 \u0111\u1ea3m b\u1ea3o b\u00e1o c\u00e1o t\u00e0i ch\u00ednh ch\u00ednh x\u00e1c<\/li>\n<li>\u0110\u00e1nh gi\u00e1 hi\u1ec7u qu\u1ea3 t\u00e0i ch\u00ednh b\u1eb1ng c\u00e1ch so s\u00e1nh v\u00e0 ph\u00e2n t\u00edch k\u1ebft qu\u1ea3 th\u1ef1c t\u1ebf v\u1edbi c\u00e1c k\u1ebf ho\u1ea1ch v\u00e0 d\u1ef1 b\u00e1o<\/li>\n<li>H\u01b0\u1edbng d\u1eabn quy tr\u00ecnh ph\u00e2n t\u00edch chi ph\u00ed b\u1eb1ng c\u00e1ch thi\u1ebft l\u1eadp, th\u1ef1c thi c\u00e1c ch\u00ednh s\u00e1ch v\u00e0 th\u1ee7 t\u1ee5c<\/li>\n<li>Cung c\u1ea5p ph\u00e2n t\u00edch c\u00e1c xu h\u01b0\u1edbng, d\u1ef1 b\u00e1o v\u00e0 \u0111\u1ec1 xu\u1ea5t c\u00e1c h\u00e0nh \u0111\u1ed9ng \u0111\u1ec3 t\u1ed1i \u01b0u h\u00f3a<\/li>\n<li>Th\u1ef1c hi\u1ec7n ph\u00e2n t\u00edch v\u00e0 gi\u1ea3i th\u00edch d\u1eef li\u1ec7u, \u0111\u1ec1 xu\u1ea5t c\u00e1c h\u00e0nh \u0111\u1ed9ng c\u1ee5 th\u1ec3 d\u1ef1a tr\u00ean c\u00e1c ph\u00e2n t\u00edch so s\u00e1nh v\u00e0 nghi\u00ean c\u1ee9u c\u00e1c \u0111\u1ec1 xu\u1ea5t thay \u0111\u1ed5i trong ph\u01b0\u01a1ng ph\u00e1p v\u00e0 v\u1eadt li\u1ec7u \u0111\u1ec3 n\u00e2ng cao hi\u1ec7u qu\u1ea3 v\u00e0 ch\u1ea5t l\u01b0\u1ee3ng c\u1ee7a quy tr\u00ecnh s\u1ea3n xu\u1ea5t ho\u1eb7c kinh doanh<\/li>\n<li>X\u00e1c \u0111\u1ecbnh v\u00e0 th\u00fac \u0111\u1ea9y c\u00e1c c\u1ea3i ti\u1ebfn quy tr\u00ecnh, bao g\u1ed3m vi\u1ec7c t\u1ea1o c\u00e1c b\u00e1o c\u00e1o, c\u00f4ng c\u1ee5 v\u00e0 b\u1ea3ng \u0111i\u1ec1u khi\u1ec3n Excel ti\u00eau chu\u1ea9n v\u00e0 \u0111\u1eb7c bi\u1ec7t<\/li>\n<li>T\u0103ng n\u0103ng su\u1ea5t b\u1eb1ng c\u00e1ch ph\u00e1t tri\u1ec3n c\u00e1c c\u00f4ng c\u1ee5 b\u00e1o c\u00e1o \/ d\u1ef1 b\u00e1o t\u1ef1 \u0111\u1ed9ng<\/li>\n<li>Th\u1ef1c hi\u1ec7n nghi\u00ean c\u1ee9u th\u1ecb tr\u01b0\u1eddng, khai th\u00e1c d\u1eef li\u1ec7u, kinh doanh th\u00f4ng minh v\u00e0 t\u00ednh to\u00e1n \u0111\u1ecbnh gi\u00e1<\/li>\n<li>Duy tr\u00ec m\u1ed9t n\u1ec1n t\u1ea3ng ph\u00e2n t\u00edch t\u00e0i ch\u00ednh v\u1eefng ch\u1eafc \u0111\u1ec3 t\u1ea1o ra c\u00e1c d\u1ef1 b\u00e1o v\u00e0 m\u00f4 h\u00ecnh<\/li>\n<li>S\u1ef1 th\u00e0nh th\u1ea1o v\u1edbi Microsoft Excel \u0111\u01b0\u1ee3c \u0111\u1ec1 c\u1eadp trong h\u1ea7u h\u1ebft m\u1ecdi m\u00f4 t\u1ea3 c\u00f4ng vi\u1ec7c c\u1ee7a nh\u00e0 ph\u00e2n t\u00edch t\u00e0i ch\u00ednh; quen thu\u1ed9c v\u1edbi c\u00e1c c\u00f4ng c\u1ee5 qu\u1ea3n l\u00fd d\u1eef li\u1ec7u \/ truy v\u1ea5n d\u1eef li\u1ec7u l\u00e0 v\u00f4 c\u00f9ng h\u1eefu \u00edch (Access, SQL, Business Objects)<\/li>\n<\/ul>\n<p>K\u1ef9 n\u0103ng:<\/p>\n<ul>\n<li>Kh\u1ea3 n\u0103ng s\u1eafp x\u1ebfp h\u1ee3p l\u00fd c\u00e1c ch\u1ee9c n\u0103ng, \u0111am m\u00ea h\u1ecdc h\u1ecfi v\u00e0 ph\u00e1t tri\u1ec3n<\/li>\n<li>K\u1ef9 n\u0103ng giao ti\u1ebfp c\u00e1 nh\u00e2n t\u1ed1t, bao g\u1ed3m k\u1ef9 n\u0103ng giao ti\u1ebfp b\u1eb1ng v\u0103n b\u1ea3n v\u00e0 n\u00f3i<\/li>\n<li>Kh\u1ea3 n\u0103ng l\u00e0m vi\u1ec7c \u0111\u1ed9c l\u1eadp v\u00e0 kh\u1ea3 n\u0103ng th\u00edch \u1ee9ng v\u1edbi m\u00f4i tr\u01b0\u1eddng m\u1edbi<\/li>\n<li>C\u00f3 kinh nghi\u1ec7m l\u00e0m vi\u1ec7c v\u00e0 tr\u00ecnh b\u00e0y v\u1edbi c\u00e1c gi\u00e1m \u0111\u1ed1c \u0111i\u1ec1u h\u00e0nh c\u1ea5p cao<\/li>\n<li>Kh\u1ea3 n\u0103ng giao ti\u1ebfp v\u00e0 k\u0129 n\u0103ng thuy\u1ebft tr\u00ecnh t\u1ed1t; t\u1ef1 tin khi t\u01b0\u01a1ng t\u00e1c v\u1edbi qu\u1ea3n l\u00fd \u0111i\u1ec1u h\u00e0nh c\u1ea5p cao<\/li>\n<li>Kinh nghi\u1ec7m xu\u1ea5t s\u1eafc trong l\u1eadp m\u00f4 h\u00ecnh t\u00e0i ch\u00ednh<\/li>\n<\/ul>\n<p>Tr\u00ecnh \u0111\u1ed9 chuy\u00ean m\u00f4n: B\u1eb1ng C\u1eed nh\u00e2n K\u1ebf to\u00e1n \/ T\u00e0i ch\u00ednh \/ Kinh t\u1ebf<\/p><\/div><\/div><\/div>[\/vc_column_inner][\/vc_row_inner][\/vc_column][\/vc_row]\n<\/div>","protected":false},"excerpt":{"rendered":"<p>[vc_row top_margin=&#8221;0&#8243; bottom_margin=&#8221;0&#8243; css=&#8221;.vc_custom_1499912039446{margin-top: -30px !important;}&#8221;][vc_column][vc_row_inner][vc_column_inner][vc_empty_space height=&#8221;10px&#8221;][vc_empty_space height=&#8221;30px&#8221;][\/vc_column_inner][\/vc_row_inner][\/vc_column][\/vc_row]<\/p>\n","protected":false},"author":4,"featured_media":0,"parent":0,"menu_order":0,"comment_status":"closed","ping_status":"closed","template":"","meta":{"nf_dc_page":"","footnotes":""},"class_list":["post-10282","page","type-page","status-publish","hentry"],"_links":{"self":[{"href":"https:\/\/worknow.vn\/vi\/wp-json\/wp\/v2\/pages\/10282","targetHints":{"allow":["GET"]}}],"collection":[{"href":"https:\/\/worknow.vn\/vi\/wp-json\/wp\/v2\/pages"}],"about":[{"href":"https:\/\/worknow.vn\/vi\/wp-json\/wp\/v2\/types\/page"}],"author":[{"embeddable":true,"href":"https:\/\/worknow.vn\/vi\/wp-json\/wp\/v2\/users\/4"}],"replies":[{"embeddable":true,"href":"https:\/\/worknow.vn\/vi\/wp-json\/wp\/v2\/comments?post=10282"}],"version-history":[{"count":5,"href":"https:\/\/worknow.vn\/vi\/wp-json\/wp\/v2\/pages\/10282\/revisions"}],"predecessor-version":[{"id":12126,"href":"https:\/\/worknow.vn\/vi\/wp-json\/wp\/v2\/pages\/10282\/revisions\/12126"}],"wp:attachment":[{"href":"https:\/\/worknow.vn\/vi\/wp-json\/wp\/v2\/media?parent=10282"}],"curies":[{"name":"wp","href":"https:\/\/api.w.org\/{rel}","templated":true}]}}