{"id":10284,"date":"2022-08-09T06:40:29","date_gmt":"2022-08-09T06:40:29","guid":{"rendered":"https:\/\/worknow.vn\/accounting-manager\/"},"modified":"2023-06-01T09:45:16","modified_gmt":"2023-06-01T09:45:16","slug":"ke-toan-truong","status":"publish","type":"page","link":"https:\/\/worknow.vn\/vi\/ke-toan-truong\/","title":{"rendered":"Qu\u1ea3n L\u00fd K\u1ebf To\u00e1n"},"content":{"rendered":"<div class=\"wpb-content-wrapper\">[vc_row top_margin=&#8221;0&#8243; bottom_margin=&#8221;0&#8243; css=&#8221;.vc_custom_1499912039446{margin-top: -30px !important;}&#8221;][vc_column]<div class=\"shortcode-wrapper shortcode-title clearfix hb-animate-element hb-fade-in\"><p style=\"color:#878787!important;border-color:#878787\" class=\"hb-text-large aligncenter\">Qu\u1ea3n L\u00fd K\u1ebf To\u00e1n<\/p><\/div>[vc_row_inner][vc_column_inner][vc_empty_space height=&#8221;10px&#8221;]<div class=\"shortcode-wrapper shortcode-icon-box clearfix\"><div class=\"feature-box alternative left-icon-box aligncenter\"><div class=\"feature-box-content\"><h4 class=\"bold\">M\u00f4 t\u1ea3 c\u00f4ng vi\u1ec7c Qu\u1ea3n L\u00fd K\u1ebf To\u00e1n<\/h4><p>Ng\u01b0\u1eddi qu\u1ea3n l\u00fd k\u1ebf to\u00e1n gi\u00e1m s\u00e1t ho\u1ea1t \u0111\u1ed9ng b\u1ed9 ph\u1eadn k\u1ebf to\u00e1n c\u1ee7a t\u1ed5 ch\u1ee9c. H\u1ecd ph\u00e2n t\u00edch v\u00e0 b\u00e1o c\u00e1o th\u00f4ng tin t\u00e0i ch\u00ednh, h\u1ed7 tr\u1ee3 thu\u1ebf gia c\u00f4ng v\u00e0 t\u1ea1o b\u00e1o c\u00e1o t\u00e0i ch\u00ednh \u0111\u1ec3 tr\u00ecnh b\u00e0y v\u1edbi ban gi\u00e1m \u0111\u1ed1c c\u1ee7a c\u00f4ng ty. H\u1ecd gi\u00e1m s\u00e1t c\u00e1c ho\u1ea1t \u0111\u1ed9ng h\u00e0ng ng\u00e0y c\u1ee7a b\u1ed9 ph\u1eadn k\u1ebf to\u00e1n, ph\u00e2n t\u00edch, ghi ch\u00e9p, theo d\u00f5i v\u00e0 ki\u1ec3m tra th\u00f4ng tin t\u00e0i ch\u00ednh v\u00e0 qu\u1ea3n l\u00fd c\u00e1c nh\u00e2n vi\u00ean k\u1ebf to\u00e1n.<\/p>\n<p>K\u1ebf to\u00e1n trong m\u1ecdi ng\u00e0nh ph\u1ee5 c\u1ea7n c\u00f3 k\u1ef9 n\u0103ng ph\u00e2n t\u00edch t\u00e0i ch\u00ednh v\u1eefng ch\u1eafc. Nh\u1eefng k\u1ef9 n\u0103ng n\u00e0y cho ph\u00e9p c\u00e1c nh\u00e0 qu\u1ea3n l\u00fd k\u1ebf to\u00e1n qu\u1ea3n l\u00fd hi\u1ec7u qu\u1ea3 c\u00e1c nh\u00e2n vi\u00ean k\u1ebf to\u00e1n, thi\u1ebft l\u1eadp c\u00e1c m\u1ee5c ti\u00eau v\u00e0 \u01b0u ti\u00ean cho b\u1ed9 ph\u1eadn c\u1ee7a h\u1ecd. C\u00e1c nh\u00e0 qu\u1ea3n l\u00fd k\u1ebf to\u00e1n \u0111\u00f3ng vai tr\u00f2 l\u00e0 ng\u01b0\u1eddi l\u00e3nh \u0111\u1ea1o trong b\u1ed9 ph\u1eadn c\u1ee7a h\u1ecd, ph\u1ed1i h\u1ee3p v\u1edbi c\u00e1c gi\u00e1m \u0111\u1ed1c \u0111i\u1ec1u h\u00e0nh \u0111\u1ec3 th\u1ea3o lu\u1eadn v\u1ec1 c\u00e1c m\u1ee5c ti\u00eau c\u1ee7a t\u1ed5 ch\u1ee9c v\u00e0 t\u1ea1o ra k\u1ebf ho\u1ea1ch cho nh\u00e2n vi\u00ean k\u1ebf to\u00e1n \u0111\u1ec3 \u0111\u1ea1t \u0111\u01b0\u1ee3c c\u00e1c m\u1ee5c ti\u00eau \u0111\u00f3. H\u1ecd ph\u1ea3i giao ti\u1ebfp hi\u1ec7u qu\u1ea3 v\u1edbi gi\u00e1m \u0111\u1ed1c \u0111i\u1ec1u h\u00e0nh v\u00e0 c\u1ea5p d\u01b0\u1edbi \u0111\u1ec3 \u0111\u1ea1t \u0111\u01b0\u1ee3c m\u1ee5c ti\u00eau v\u00e0 qu\u1ea3n l\u00fd b\u1ed9 ph\u1eadn c\u1ee7a h\u1ecd. Do \u0111\u00f3, h\u1ecd c\u1ea7n c\u00f3 k\u1ef9 n\u0103ng giao ti\u1ebfp b\u1eb1ng l\u1eddi n\u00f3i v\u00e0 v\u0103n b\u1ea3n t\u1ed1t, c\u1ea7n c\u00f3 k\u1ef9 n\u0103ng t\u1ed5 ch\u1ee9c c\u00f4ng vi\u1ec7c \u0111\u1ec3 qu\u1ea3n l\u00fd nhi\u1ec1u nh\u00e2n vi\u00ean v\u00e0 nhi\u1ec7m v\u1ee5 c\u00f9ng m\u1ed9t l\u00fac. H\u1ecd ph\u1ea3i gi\u00e1m s\u00e1t to\u00e0n b\u1ed9 ph\u1eadn c\u1ee7a m\u00ecnh trong khi duy tr\u00ec h\u1ec7 th\u1ed1ng t\u00e0i li\u1ec7u . \u0110\u1ec3 gi\u00e1m s\u00e1t hi\u1ec7u qu\u1ea3 \u0111\u1ed9i ng\u0169 k\u1ebf to\u00e1n, c\u00e1c nh\u00e0 qu\u1ea3n l\u00fd k\u1ebf to\u00e1n c\u1ea7n c\u00f3 k\u1ef9 n\u0103ng qu\u1ea3n l\u00fd v\u1eefng v\u00e0ng. H\u1ecd ch\u1ec9 \u0111\u1ea1o nhi\u1ec7m v\u1ee5 \u0111\u1ec3 \u0111\u1ea3m b\u1ea3o nh\u00f3m \u0111\u00e1p \u1ee9ng c\u00e1c m\u1ee5c ti\u00eau c\u1ee7a t\u1ed5 ch\u1ee9c. \u1ede c\u1ea5p \u0111\u1ed9 qu\u1ea3n l\u00fd, k\u1ebf to\u00e1n \u0111\u00f3ng g\u00f3p v\u00e0o c\u00e1c m\u1ee5c ti\u00eau d\u00e0i h\u1ea1n c\u1ee7a t\u1ed5 ch\u1ee9c b\u1eb1ng c\u00e1ch \u0111\u1ec1 xu\u1ea5t c\u00e1c ph\u01b0\u01a1ng ph\u00e1p \u0111\u1ec3 n\u00e2ng cao hi\u1ec7u qu\u1ea3 v\u00e0 h\u1ea1 th\u1ea5p chi ph\u00ed, v\u00ec v\u1eady \u0111\u00f2i h\u1ecfi k\u1ef9 n\u0103ng l\u1eadp k\u1ebf ho\u1ea1ch t\u1ed1t.<\/p>\n<p>C\u00e1c nh\u00e0 qu\u1ea3n l\u00fd k\u1ebf to\u00e1n th\u01b0\u1eddng c\u00f3 b\u1eb1ng c\u1eed nh\u00e2n v\u1ec1 k\u1ebf to\u00e1n ho\u1eb7c t\u00e0i ch\u00ednh v\u00e0 v\u00e0i n\u0103m kinh nghi\u1ec7m trong ng\u00e0nh k\u1ebf to\u00e1n. Ngo\u00e0i ra, nhi\u1ec1u nh\u00e0 qu\u1ea3n l\u00fd k\u1ebf to\u00e1n c\u0169ng c\u00f3 ch\u1ee9ng ch\u1ec9 k\u1ebf to\u00e1n vi\u00ean c\u00f4ng ch\u1ee9ng \u0111\u01b0\u1ee3c c\u1ea5p ph\u00e9p (CPA), ch\u1ee9ng ch\u1ec9 n\u00e0y c\u00f3 \u0111\u01b0\u1ee3c b\u1eb1ng c\u00e1ch v\u01b0\u1ee3t qua k\u1ef3 thi trung h\u1ecdc ph\u1ed5 th\u00f4ng qu\u1ed1c gia v\u00e0 ho\u00e0n th\u00e0nh m\u1ed9t kh\u00f3a h\u1ecdc \u0111\u1ea1i h\u1ecdc t\u1ed1i thi\u1ec3u.<\/p><\/div><\/div><\/div>[vc_empty_space height=&#8221;30px&#8221;]<div class=\"shortcode-wrapper shortcode-icon-box clearfix\"><div class=\"feature-box alternative left-icon-box aligncenter\"><div class=\"feature-box-content\"><h4 class=\"bold\">Nhi\u1ec7m v\u1ee5 chung c\u1ee7a Qu\u1ea3n L\u00fd K\u1ebf To\u00e1n<\/h4><p>\n<ul>\n<li>Gi\u00e1m s\u00e1t v\u00e0 qu\u1ea3n l\u00fd c\u00e1c ch\u1ee9c n\u0103ng k\u1ebf to\u00e1n t\u1ed5ng h\u1ee3p bao g\u1ed3m: c\u00e1c kho\u1ea3n ph\u1ea3i tr\u1ea3, kho\u1ea3n ph\u1ea3i thu, s\u1ed5 c\u00e1i v\u00e0 thu\u1ebf<\/li>\n<li>Tr\u1ee3 gi\u00fap th\u1ef1c hi\u1ec7n c\u00e1c ho\u1ea1t \u0111\u1ed9ng ki\u1ec3m to\u00e1n t\u00e0i ch\u00ednh h\u00e0ng qu\u00fd v\u00e0 cu\u1ed1i n\u0103m v\u00e0 ki\u1ec3m to\u00e1n t\u00e0i ch\u00ednh doanh nghi\u1ec7p h\u00e0ng n\u0103m<\/li>\n<li>\u0110\u00e1nh gi\u00e1 c\u00e1c ho\u1ea1t \u0111\u1ed9ng v\u00e0 th\u1ee7 t\u1ee5c hi\u1ec7n nay, \u0111\u1ed3ng th\u1eddi \u0111\u01b0a ra c\u00e1c khuy\u1ebfn ngh\u1ecb \u0111\u1ec3 c\u1ea3i ti\u1ebfn<\/li>\n<li>L\u1eadp, ki\u1ec3m tra v\u00e0 ph\u00e2n t\u00edch b\u00e1o c\u00e1o t\u00e0i ch\u00ednh \u0111\u1ec3 \u0111\u1ea3m b\u1ea3o t\u00ednh ch\u00ednh x\u00e1c v\u00e0 \u0111\u1ea7y \u0111\u1ee7<\/li>\n<li>Th\u1ef1c hi\u1ec7n ph\u00e2n t\u00edch ad hoc v\u00e0 c\u00e1c d\u1ef1 \u00e1n theo y\u00eau c\u1ea7u<\/li>\n<li>Gi\u00e1m s\u00e1t v\u00e0 \/ ho\u1eb7c qu\u1ea3n l\u00fd c\u00e1c s\u1ed5 k\u1ebf to\u00e1n t\u1ed5ng h\u1ee3p<\/li>\n<li>Ph\u00e1t tri\u1ec3n \u0111\u1ed9i ng\u0169 nh\u00e2n vi\u00ean b\u1eb1ng c\u00e1ch qu\u1ea3n l\u00fd hi\u1ec7u su\u1ea5t, thi\u1ebft l\u1eadp m\u1ee5c ti\u00eau, \u0111\u00e0o t\u1ea1o li\u00ean t\u1ee5c v\u00e0 duy tr\u00ec m\u1ed1i quan h\u1ec7 b\u1ec1n ch\u1eb7t v\u1edbi nh\u00e2n vi\u00ean<\/li>\n<li>L\u00e0m vi\u1ec7c v\u1edbi ki\u1ec3m to\u00e1n vi\u00ean b\u00ean ngo\u00e0i \u0111\u1ec3 \u0111\u1ea3m b\u1ea3o k\u1ebft th\u00fac v\u00e0 b\u00e1o c\u00e1o \u0111\u00fang h\u1ea1n v\u00e0o cu\u1ed1i n\u0103m<\/li>\n<\/ul>\n<p>K\u1ef9 n\u0103ng: K\u1ef9 n\u0103ng l\u1eafng nghe v\u00e0 k\u1ef9 n\u0103ng x\u00e3 h\u1ed9i, l\u00e3nh \u0111\u1ea1o, giao ti\u1ebfp b\u1eb1ng v\u0103n b\u1ea3n v\u00e0 l\u1eddi n\u00f3i, x\u00e2y d\u1ef1ng m\u1ed1i quan h\u1ec7, \u0111\u00e0m ph\u00e1n, t\u1ed5 ch\u1ee9c v\u00e0 qu\u1ea3n l\u00fd c\u00f4ng vi\u1ec7c<\/p>\n<p>Tr\u00ecnh \u0111\u1ed9 chuy\u00ean m\u00f4n: B\u1eb1ng c\u1eed nh\u00e2n v\u1ec1 K\u1ebf to\u00e1n ho\u1eb7c T\u00e0i ch\u00ednh<\/p><\/div><\/div><\/div>[\/vc_column_inner][\/vc_row_inner][\/vc_column][\/vc_row]\n<\/div>","protected":false},"excerpt":{"rendered":"<p>[vc_row top_margin=&#8221;0&#8243; bottom_margin=&#8221;0&#8243; css=&#8221;.vc_custom_1499912039446{margin-top: -30px !important;}&#8221;][vc_column][vc_row_inner][vc_column_inner][vc_empty_space height=&#8221;10px&#8221;][vc_empty_space height=&#8221;30px&#8221;][\/vc_column_inner][\/vc_row_inner][\/vc_column][\/vc_row]<\/p>\n","protected":false},"author":4,"featured_media":0,"parent":0,"menu_order":0,"comment_status":"closed","ping_status":"closed","template":"","meta":{"nf_dc_page":"","footnotes":""},"class_list":["post-10284","page","type-page","status-publish","hentry"],"_links":{"self":[{"href":"https:\/\/worknow.vn\/vi\/wp-json\/wp\/v2\/pages\/10284","targetHints":{"allow":["GET"]}}],"collection":[{"href":"https:\/\/worknow.vn\/vi\/wp-json\/wp\/v2\/pages"}],"about":[{"href":"https:\/\/worknow.vn\/vi\/wp-json\/wp\/v2\/types\/page"}],"author":[{"embeddable":true,"href":"https:\/\/worknow.vn\/vi\/wp-json\/wp\/v2\/users\/4"}],"replies":[{"embeddable":true,"href":"https:\/\/worknow.vn\/vi\/wp-json\/wp\/v2\/comments?post=10284"}],"version-history":[{"count":5,"href":"https:\/\/worknow.vn\/vi\/wp-json\/wp\/v2\/pages\/10284\/revisions"}],"predecessor-version":[{"id":12127,"href":"https:\/\/worknow.vn\/vi\/wp-json\/wp\/v2\/pages\/10284\/revisions\/12127"}],"wp:attachment":[{"href":"https:\/\/worknow.vn\/vi\/wp-json\/wp\/v2\/media?parent=10284"}],"curies":[{"name":"wp","href":"https:\/\/api.w.org\/{rel}","templated":true}]}}