{"id":10291,"date":"2022-08-09T06:42:40","date_gmt":"2022-08-09T06:42:40","guid":{"rendered":"https:\/\/worknow.vn\/accountant\/"},"modified":"2023-06-01T09:45:32","modified_gmt":"2023-06-01T09:45:32","slug":"ke-toan-vien","status":"publish","type":"page","link":"https:\/\/worknow.vn\/vi\/ke-toan-vien\/","title":{"rendered":"K\u1ebf To\u00e1n Vi\u00ean"},"content":{"rendered":"<div class=\"wpb-content-wrapper\">[vc_row top_margin=&#8221;0&#8243; bottom_margin=&#8221;0&#8243; css=&#8221;.vc_custom_1499912039446{margin-top: -30px !important;}&#8221;][vc_column]<div class=\"shortcode-wrapper shortcode-title clearfix hb-animate-element hb-fade-in\"><p style=\"color:#878787!important;border-color:#878787\" class=\"hb-text-large aligncenter\">K\u1ebf To\u00e1n Vi\u00ean<\/p><\/div>[vc_row_inner][vc_column_inner][vc_empty_space height=&#8221;10px&#8221;]<div class=\"shortcode-wrapper shortcode-icon-box clearfix\"><div class=\"feature-box alternative left-icon-box aligncenter\"><div class=\"feature-box-content\"><h4 class=\"bold\">M\u00f4 t\u1ea3 c\u00f4ng vi\u1ec7c K\u1ebf To\u00e1n Vi\u00ean<\/h4><p>K\u1ebf to\u00e1n vi\u00ean l\u00e0m vi\u1ec7c v\u1edbi c\u00e1c c\u00e1 nh\u00e2n, doanh nghi\u1ec7p nh\u1ecf, t\u1eadp \u0111o\u00e0n l\u1edbn, t\u1ed5 ch\u1ee9c phi l\u1ee3i nhu\u1eadn v\u00e0 c\u00e1c c\u01a1 quan ch\u00ednh ph\u1ee7 \u0111\u1ec3 chu\u1ea9n b\u1ecb v\u00e0 ti\u1ebfn h\u00e0nh c\u00e1c t\u00e0i li\u1ec7u t\u00e0i ch\u00ednh v\u00e0 thu\u1ebf. K\u1ebf to\u00e1n vi\u00ean \u0111\u01b0\u1ee3c \u0111\u1ecbnh ngh\u0129a nh\u01b0 m\u1ed9t c\u00e1ch th\u1ee9c l\u01b0u tr\u1eef h\u1ed3 s\u01a1 giao d\u1ecbch kinh doanh v\u00e0 t\u00e0i ch\u00ednh, t\u00f3m t\u1eaft c\u00e1c giao d\u1ecbch v\u00e0 ph\u00e2n t\u00edch, x\u00e1c minh v\u00e0 b\u00e1o c\u00e1o k\u1ebft qu\u1ea3 t\u00e0i ch\u00ednh. M\u1ed9t c\u00e1ch nh\u00ecn kh\u00e1c k\u1ebf to\u00e1n c\u00f2n l\u00e0 h\u1ec7 th\u1ed1ng th\u00f4ng tin \u0111\u01b0\u1ee3c thi\u1ebft k\u1ebf \u0111\u1ec3 x\u00e1c \u0111\u1ecbnh, \u0111o l\u01b0\u1eddng, ghi ch\u00e9p v\u00e0 truy\u1ec1n \u0111\u1ea1t th\u00f4ng tin \u0111\u00e1ng tin c\u1eady, ph\u00f9 h\u1ee3p v\u00e0 nh\u1ea5t qu\u00e1n v\u1ec1 c\u00e1c ho\u1ea1t \u0111\u1ed9ng kinh t\u1ebf c\u1ee7a m\u1ed9t t\u1ed5 ch\u1ee9c. K\u1ebf to\u00e1n vi\u00ean ch\u1ec9 li\u00ean quan \u0111\u1ebfn c\u00e1c giao d\u1ecbch ti\u1ec1n t\u1ec7. M\u1ed9t s\u1ed1 ng\u01b0\u1eddi g\u1ecdi k\u1ebf to\u00e1n vi\u00ean l\u00e0 \u201cng\u00f4n ng\u1eef kinh doanh\u201d v\u00e0 m\u1ee5c \u0111\u00edch c\u1ee7a n\u00f3 l\u00e0 gi\u00fap ng\u01b0\u1eddi s\u1eed d\u1ee5ng th\u00f4ng tin k\u1ebf to\u00e1n \u0111\u01b0a ra quy\u1ebft \u0111\u1ecbnh t\u1ed1t h\u01a1n<\/p>\n<p>C\u00e1c chuy\u00ean vi\u00ean k\u1ebf to\u00e1n ph\u1ea3i ch\u00fa \u00fd \u0111\u1ebfn chi ti\u1ebft \u0111\u1ec3 gi\u1eef cho th\u00f4ng tin ch\u00ednh x\u00e1c v\u00e0 c\u00f3 h\u1ec7 th\u1ed1ng. K\u1ebf to\u00e1n vi\u00ean ph\u1ea3i c\u00f3 kh\u1ea3 n\u0103ng l\u1eafng nghe \u0111\u1ec3 thu th\u1eadp ch\u00ednh x\u00e1c c\u00e1c d\u1eef li\u1ec7u v\u00e0 s\u1ed1 li\u1ec7u t\u1eeb kh\u00e1ch h\u00e0ng, ng\u01b0\u1eddi qu\u1ea3n l\u00fd ho\u1eb7c c\u00e1c b\u00ean li\u00ean quan kh\u00e1c. \u0110\u1ec3 th\u00e0nh c\u00f4ng trong vai tr\u00f2 n\u00e0y, k\u1ebf to\u00e1n vi\u00ean ph\u1ea3i hi\u1ec3u c\u00e1c ch\u1ee9c n\u0103ng c\u01a1 b\u1ea3n c\u1ee7a m\u1ed9t doanh nghi\u1ec7p \u0111\u1ec3 ph\u00e2n t\u00edch v\u00e0 di\u1ec5n gi\u1ea3i ch\u00ednh x\u00e1c c\u00e1c d\u1eef li\u1ec7u t\u00e0i ch\u00ednh. C\u00e1c chuy\u00ean gia trong l\u0129nh v\u1ef1c n\u00e0y \u0111\u1ec3 l\u00e0m vi\u1ec7c hi\u1ec7u qu\u1ea3 c\u1ea7n c\u00f3 kh\u1ea3 n\u0103ng s\u1eed d\u1ee5ng ph\u1ea7n m\u1ec1m k\u1ebf to\u00e1n v\u00e0 c\u00e1c c\u00f4ng c\u1ee5 tr\u00ean m\u00e1y t\u00ednh kh\u00e1c. Ph\u1ea7n l\u1edbn c\u00f4ng vi\u1ec7c c\u1ee7a k\u1ebf to\u00e1n vi\u00ean l\u00e0 thu th\u1eadp v\u00e0 ph\u00e2n t\u00edch d\u1eef li\u1ec7u t\u00e0i ch\u00ednh \u0111\u00e2y c\u0169ng l\u00e0 m\u1ed9t kh\u00eda c\u1ea1nh quan tr\u1ecdng c\u1ee7a vi\u1ec7c x\u00e1c \u0111\u1ecbnh c\u00e1c m\u1eabu v\u00e0 c\u00e1c v\u1ea5n \u0111\u1ec1 ti\u1ec1m \u1ea9n. M\u1ed9t quan ni\u1ec7m ph\u1ed5 bi\u1ebfn l\u00e0 \u0111\u1ec3 tr\u1edf th\u00e0nh m\u1ed9t k\u1ebf to\u00e1n vi\u00ean th\u00ec b\u1ea1n ph\u1ea3i gi\u1ecfi to\u00e1n. \u0110\u00fang l\u00e0 k\u1ef9 n\u0103ng to\u00e1n h\u1ecdc r\u1ea5t quan tr\u1ecdng \u0111\u1ec3 ph\u00e2n t\u00edch, so s\u00e1nh v\u00e0 gi\u1ea3i th\u00edch d\u1eef li\u1ec7u v\u00e0 s\u1ed1 li\u1ec7u.<\/p>\n<p>H\u1ea7u h\u1ebft c\u00e1c chuy\u00ean gia trong l\u0129nh v\u1ef1c n\u00e0y \u0111\u1ec1u c\u00f3 b\u1eb1ng c\u1eed nh\u00e2n \u2014 n\u1ebfu \u0111\u01b0\u1ee3c c\u00f4ng ty tuy\u1ec3n d\u1ee5ng \u2014 c\u00f3 th\u1ec3 y\u00eau c\u1ea7u ch\u1ee9ng nh\u1eadn \u0111\u1ec3 th\u0103ng ti\u1ebfn trong c\u00f4ng ty. C\u00e1c y\u00eau c\u1ea7u v\u1ec1 ch\u1ee9ng ch\u1ec9 kh\u00e1c nhau, v\u1edbi m\u1ed9t s\u1ed1 c\u00e1c y\u00eau c\u1ea7u b\u1ed5 sung tr\u00ean b\u1eb1ng c\u1eed nh\u00e2n v\u00e0 ho\u00e0n th\u00e0nh c\u00e1c k\u1ef3 thi nghi\u00eam ng\u1eb7t. K\u1ebf to\u00e1n vi\u00ean c\u00f3 th\u1ec3 c\u00f3 nhi\u1ec1u h\u01a1n m\u1ed9t ch\u1ee9ng nh\u1eadn. Nh\u01b0ng c\u00e1c ch\u1ee9ng nh\u1eadn k\u1ebf to\u00e1n ph\u1ed5 bi\u1ebfn nh\u1ea5t l\u00e0 Ki\u1ec3m to\u00e1n vi\u00ean n\u1ed9i b\u1ed9 c\u00f4ng ch\u1ee9ng (CIA), ch\u1ee9ng ch\u1ec9 K\u1ebf to\u00e1n qu\u1ea3n tr\u1ecb Hoa K\u1ef3 (CMA) v\u00e0 ch\u1ee9ng ch\u1ec9 K\u1ebf to\u00e1n vi\u00ean c\u00f4ng ch\u1ee9ng (CPA).<\/p><\/div><\/div><\/div>[vc_empty_space height=&#8221;30px&#8221;]<div class=\"shortcode-wrapper shortcode-icon-box clearfix\"><div class=\"feature-box alternative left-icon-box aligncenter\"><div class=\"feature-box-content\"><h4 class=\"bold\">Nhi\u1ec7m v\u1ee5 chung c\u1ee7a K\u1ebf To\u00e1n Vi\u00ean<\/h4><p>\n<ul>\n<li>\u0110\u1ea3m b\u1ea3o vi\u1ec7c th\u1ef1c hi\u1ec7n v\u00e0 duy tr\u00ec c\u00e1c h\u1ed3 s\u01a1 t\u00e0i li\u1ec7u v\u1ec1 t\u00e0i ch\u00ednh<\/li>\n<li>\u0110\u00e1nh gi\u00e1 ho\u1ea1t \u0111\u1ed9ng t\u00e0i ch\u00ednh v\u00e0 \u0111\u01b0a ra khuy\u1ebfn ngh\u1ecb cho ban l\u00e3nh \u0111\u1ea1o v\u1ec1 c\u00e1c th\u00f4ng l\u1ec7 t\u00e0i ch\u00ednh t\u1ed1t nh\u1ea5t<\/li>\n<li>Ki\u1ec3m tra s\u1ed5 s\u00e1ch v\u00e0 h\u1ec7 th\u1ed1ng k\u1ebf to\u00e1n \u0111\u1ec3 \u0111\u1ea3m b\u1ea3o r\u1eb1ng ch\u00fang ho\u1ea1t \u0111\u1ed9ng hi\u1ec7u qu\u1ea3 v\u00e0 tu\u00e2n th\u1ee7 c\u00e1c ti\u00eau chu\u1ea9n, quy tr\u00ecnh k\u1ebf to\u00e1n<\/li>\n<li>L\u1eadp t\u1edd khai thu\u1ebf v\u00e0 c\u00e1c c\u00f4ng vi\u1ec7c li\u00ean quan<\/li>\n<li>Ki\u1ec3m tra c\u00e1c b\u00e1o c\u00e1o t\u00e0i ch\u00ednh \u0111\u1ec3 \u0111\u1ea3m b\u1ea3o ch\u00fang ch\u00ednh x\u00e1c v\u00e0 \u0111\u00e1p \u1ee9ng c\u00e1c y\u00eau c\u1ea7u ph\u00e1p l\u00fd<\/li>\n<li>\u0110\u1ec1 xu\u1ea5t c\u00e1c c\u00e1ch \u0111\u1ec3 t\u0103ng doanh thu, gi\u1ea3m chi ph\u00ed v\u00e0 c\u1ea3i thi\u1ec7n l\u1ee3i nhu\u1eadn<\/li>\n<\/ul>\n<p>K\u1ef9 n\u0103ng:<\/p>\n<ul>\n<li>K\u1ef9 n\u0103ng ph\u00e2n t\u00edch, giao ti\u1ebfp v\u00e0 k\u1ef9 n\u0103ng m\u00e1y t\u00ednh t\u1ed1t<\/li>\n<li>Hi\u1ec3u bi\u1ebft v\u1ec1 to\u00e1n h\u1ecdc v\u00e0 c\u00e1c quy tr\u00ecnh k\u1ebf to\u00e1n v\u00e0 t\u00e0i ch\u00ednh<\/li>\n<li>\u0110\u1ea1o \u0111\u1ee9c h\u00e0nh ngh\u1ec1<\/li>\n<li>Ch\u00fa \u00fd \u0111\u1ebfn c\u00e1c chi ti\u1ebft.<\/li>\n<\/ul>\n<p>B\u1eb1ng c\u1ea5p: B\u1eb1ng c\u1eed nh\u00e2n v\u1ec1 K\u1ebf to\u00e1n ho\u1eb7c l\u0129nh v\u1ef1c li\u00ean quan, h\u1ecdc v\u1ea5n t\u1ed1t ho\u1eb7c nhi\u1ec1u kinh nghi\u1ec7m c\u00f3 th\u1ec3 \u01b0u ti\u00ean h\u01a1n, c\u00f3 th\u1ec3 y\u00eau c\u1ea7u gi\u1ea5y ph\u00e9p ho\u1eb7c ch\u1ee9ng ch\u1ec9 \u0111\u1eb7c bi\u1ec7t.<\/p>\n<div class=\"vc_row element-row row vc_custom_1660199084371 highend_vc_custom_1660199084371\" data-vc-full-width=\"true\" data-vc-full-width-init=\"true\">\n<div class=\"fw-content-wrap\">\n<div class=\"vc_row\">\n<div class=\"wpb_column vc_column_container vc_col-sm-12\">\n<div class=\"vc_column-inner\">\n<div class=\"wpb_wrapper\"><\/div>\n<\/div>\n<\/div>\n<\/div>\n<\/div>\n<\/div><\/div><\/div><\/div>[\/vc_column_inner][\/vc_row_inner][\/vc_column][\/vc_row]\n<\/div>","protected":false},"excerpt":{"rendered":"<p>[vc_row top_margin=&#8221;0&#8243; bottom_margin=&#8221;0&#8243; css=&#8221;.vc_custom_1499912039446{margin-top: -30px !important;}&#8221;][vc_column][vc_row_inner][vc_column_inner][vc_empty_space height=&#8221;10px&#8221;][vc_empty_space height=&#8221;30px&#8221;][\/vc_column_inner][\/vc_row_inner][\/vc_column][\/vc_row]<\/p>\n","protected":false},"author":4,"featured_media":0,"parent":0,"menu_order":0,"comment_status":"closed","ping_status":"closed","template":"","meta":{"nf_dc_page":"","footnotes":""},"class_list":["post-10291","page","type-page","status-publish","hentry"],"_links":{"self":[{"href":"https:\/\/worknow.vn\/vi\/wp-json\/wp\/v2\/pages\/10291","targetHints":{"allow":["GET"]}}],"collection":[{"href":"https:\/\/worknow.vn\/vi\/wp-json\/wp\/v2\/pages"}],"about":[{"href":"https:\/\/worknow.vn\/vi\/wp-json\/wp\/v2\/types\/page"}],"author":[{"embeddable":true,"href":"https:\/\/worknow.vn\/vi\/wp-json\/wp\/v2\/users\/4"}],"replies":[{"embeddable":true,"href":"https:\/\/worknow.vn\/vi\/wp-json\/wp\/v2\/comments?post=10291"}],"version-history":[{"count":6,"href":"https:\/\/worknow.vn\/vi\/wp-json\/wp\/v2\/pages\/10291\/revisions"}],"predecessor-version":[{"id":12130,"href":"https:\/\/worknow.vn\/vi\/wp-json\/wp\/v2\/pages\/10291\/revisions\/12130"}],"wp:attachment":[{"href":"https:\/\/worknow.vn\/vi\/wp-json\/wp\/v2\/media?parent=10291"}],"curies":[{"name":"wp","href":"https:\/\/api.w.org\/{rel}","templated":true}]}}