{"id":10295,"date":"2022-08-09T06:43:47","date_gmt":"2022-08-09T06:43:47","guid":{"rendered":"https:\/\/worknow.vn\/auditor\/"},"modified":"2023-06-01T09:47:55","modified_gmt":"2023-06-01T09:47:55","slug":"kiem-toan-vien","status":"publish","type":"page","link":"https:\/\/worknow.vn\/vi\/kiem-toan-vien\/","title":{"rendered":"Ki\u1ec3m To\u00e1n Vi\u00ean"},"content":{"rendered":"<div class=\"wpb-content-wrapper\">[vc_row top_margin=&#8221;0&#8243; bottom_margin=&#8221;0&#8243; css=&#8221;.vc_custom_1499912039446{margin-top: -30px !important;}&#8221;][vc_column]<div class=\"shortcode-wrapper shortcode-title clearfix hb-animate-element hb-fade-in\"><p style=\"color:#878787!important;border-color:#878787\" class=\"hb-text-large aligncenter\">Ki\u1ec3m To\u00e1n Vi\u00ean<\/p><\/div>[vc_row_inner][vc_column_inner][vc_empty_space height=&#8221;10px&#8221;]<div class=\"shortcode-wrapper shortcode-icon-box clearfix\"><div class=\"feature-box alternative left-icon-box aligncenter\"><div class=\"feature-box-content\"><h4 class=\"bold\">M\u00f4 t\u1ea3 c\u00f4ng vi\u1ec7c Ki\u1ec3m To\u00e1n Vi\u00ean<\/h4><p>Ki\u1ec3m to\u00e1n vi\u00ean gi\u00fap doanh nghi\u1ec7p t\u0103ng s\u1ef1 ch\u00ednh x\u00e1c, hi\u1ec7u qu\u1ea3 ho\u1eb7c ch\u1ea5t l\u01b0\u1ee3ng c\u1ee7a m\u1ed9t s\u1ed1 kh\u00eda c\u1ea1nh ho\u1ea1t \u0111\u1ed9ng. Trong khi nhi\u1ec1u ki\u1ec3m to\u00e1n vi\u00ean l\u00e0m vi\u1ec7c trong l\u0129nh v\u1ef1c t\u00e0i ch\u00ednh, nh\u1eefng chuy\u00ean gia n\u00e0y c\u00f3 th\u1ec3 c\u00f3 chuy\u00ean m\u00f4n trong nhi\u1ec1u ng\u00e0nh kh\u00e1c v\u00e0 ch\u1ee9c danh c\u00f4ng vi\u1ec7c c\u1ee7a h\u1ecd c\u00f3 th\u1ec3 kh\u00e1c nhau \u0111\u1ec3 ph\u1ea3n \u00e1nh l\u0129nh v\u1ef1c h\u1ecd t\u1eadp trung. T\u00f3m l\u1ea1i, ki\u1ec3m to\u00e1n vi\u00ean l\u00e0 ng\u01b0\u1eddi xem x\u00e9t m\u1ee9c \u0111\u1ed9 trung th\u1ef1c c\u1ee7a h\u1ed3 s\u01a1 t\u00e0i ch\u00ednh c\u1ee7a m\u1ed9t c\u00f4ng ty b\u1eb1ng c\u00e1ch x\u00e1c \u0111\u1ecbnh m\u1ee9c \u0111\u1ed9 ch\u00ednh x\u00e1c v\u00e0 r\u00f5 r\u00e0ng m\u00e0 m\u1ed9t c\u00f4ng ty \u0111\u00e3 h\u1ea1ch to\u00e1n. Ngo\u00e0i vi\u1ec7c ki\u1ec3m tra v\u00e0 chu\u1ea9n b\u1ecb t\u00e0i li\u1ec7u t\u00e0i ch\u00ednh v\u00e0 b\u00e1o c\u00e1o v\u0103n b\u1ea3n, ki\u1ec3m to\u00e1n vi\u00ean ph\u1ea3i gi\u1ea3i th\u00edch nh\u1eefng ph\u00e1t hi\u1ec7n c\u1ee7a h\u1ecd. \u0110i\u1ec1u n\u00e0y bao g\u1ed3m c\u00e1c cu\u1ed9c g\u1eb7p tr\u1ef1c ti\u1ebfp v\u1edbi c\u00e1c nh\u00e0 qu\u1ea3n l\u00fd t\u1ed5 ch\u1ee9c v\u00e0 kh\u00e1ch h\u00e0ng c\u00e1 nh\u00e2n. Ki\u1ec3m to\u00e1n vi\u00ean n\u1ed9i b\u1ed9 v\u00e0 ng\u01b0\u1eddi ki\u1ec3m to\u00e1n qu\u1ea3n l\u00fd x\u00e1c \u0111\u1ecbnh c\u00e1c r\u1ee7i ro t\u00e0i ch\u00ednh v\u00e0 kinh doanh, \u0111\u00e1nh gi\u00e1 tu\u00e2n th\u1ee7 quy \u0111\u1ecbnh c\u1ee7a ch\u00ednh ph\u1ee7. H\u1ecd \u0111\u00e1nh gi\u00e1 c\u00e1c ki\u1ec3m so\u00e1t n\u1ed9i b\u1ed9 hi\u1ec7n c\u00f3, x\u00e1c \u0111\u1ecbnh c\u00e1c l\u0129nh v\u1ef1c c\u1ea7n c\u1ea3i ti\u1ebfn v\u00e0 ph\u1ed1i h\u1ee3p th\u1ef1c hi\u1ec7n c\u00e1c c\u1ea3i ti\u1ebfn.<\/p>\n<p>K\u1ef9 n\u0103ng giao ti\u1ebfp c\u00f3 th\u1ec3 gi\u00fap ki\u1ec3m to\u00e1n vi\u00ean truy\u1ec1n \u0111\u1ea1t ki\u1ebfn \u200b\u200bth\u1ee9c v\u1ec1 ng\u00e0nh c\u1ee7a h\u1ecd cho c\u00e1c nh\u00e0 l\u00e3nh \u0111\u1ea1o doanh nghi\u1ec7p v\u00e0 c\u1ed5 \u0111\u00f4ng. T\u01b0 duy ph\u1ea3n bi\u1ec7n l\u00e0 s\u1eed d\u1ee5ng suy lu\u1eadn logic \u0111\u1ec3 t\u00ecm ra gi\u1ea3i ph\u00e1p. Ki\u1ec3m to\u00e1n vi\u00ean c\u00f3 th\u1ec3 t\u01b0 duy ph\u1ea3n bi\u1ec7n khi h\u1ecd xem x\u00e9t h\u1ed3 s\u01a1 c\u1ee7a c\u00f4ng ty \u0111\u1ec3 \u0111\u01b0a ra c\u00e1c \u0111\u1ec1 xu\u1ea5t t\u1ed1t nh\u1ea5t cho ban qu\u1ea3n l\u00fd. B\u1ea1n c\u00f3 th\u1ec3 b\u1eaft \u0111\u1ea7u tr\u1edf th\u00e0nh ki\u1ec3m to\u00e1n vi\u00ean b\u1eb1ng c\u00e1ch ti\u1ebfp t\u1ee5c h\u1ecdc v\u00e0 ph\u00e1t tri\u1ec3n chuy\u00ean m\u00f4n. M\u1ed9t ki\u1ec3m to\u00e1n vi\u00ean c\u00f3 th\u1ec3 l\u00e0 m\u1ed9t tr\u1ea3i nghi\u1ec7m c\u0103ng th\u1eb3ng \u0111\u1ed1i v\u1edbi ng\u01b0\u1eddi qu\u1ea3n l\u00fd v\u00e0 c\u00e1c nh\u00e2n vi\u00ean kh\u00e1c. Ki\u1ec3m to\u00e1n vi\u00ean c\u00f3 th\u1ec3 kh\u00edch l\u1ec7 c\u00e1c nh\u00e0 qu\u1ea3n l\u00fd b\u1eb1ng c\u00e1ch ph\u00e1t tri\u1ec3n c\u00e1c k\u1ef9 n\u0103ng \u0111\u1ed3ng c\u1ea3m. K\u1ef9 n\u0103ng ph\u00e2n t\u00edch c\u00f3 th\u1ec3 gi\u00fap b\u1ea1n \u0111\u01b0a ra k\u1ebft lu\u1eadn ch\u1eafc ch\u1eafn h\u01a1n trong khi ki\u1ec3m tra c\u00e1c quy tr\u00ecnh c\u1ee7a c\u00f4ng ty. Ki\u1ebfn th\u1ee9c chuy\u00ean ng\u00e0nh c\u00f3 th\u1ec3 gi\u00fap b\u1ea1n l\u00e0m vi\u1ec7c t\u1ed1t h\u01a1n, v\u00ec n\u00f3 c\u00f3 th\u1ec3 cung c\u1ea5p c\u00e1i nh\u00ecn s\u00e2u s\u1eafc v\u1ec1 c\u00e1c v\u1ea5n \u0111\u1ec1 ph\u1ed5 bi\u1ebfn v\u00e0 c\u00e1c gi\u1ea3i ph\u00e1p ti\u1ec1m n\u0103ng. B\u1ea1n c\u00f3 th\u1ec3 ki\u1ec3m to\u00e1n ho\u1ea1t \u0111\u1ed9ng v\u1edbi m\u1ed9t nh\u00f3m c\u00e1c chuy\u00ean gia t\u00e0i ch\u00ednh kh\u00e1c, do \u0111\u00f3, k\u1ef9 n\u0103ng h\u1ee3p t\u00e1c l\u00e0 m\u1ed9t k\u1ef9 n\u0103ng h\u1eefu \u00edch cho c\u00e1c ki\u1ec3m to\u00e1n vi\u00ean. K\u1ef9 n\u0103ng c\u00f4ng ngh\u1ec7 th\u00f4ng tin c\u0169ng l\u00e0 m\u1ed9t h\u1ed7 tr\u1ee3 cho ki\u1ec3m to\u00e1n vi\u00ean. Ki\u1ec3m to\u00e1n vi\u00ean c\u1ea7n bi\u1ebft c\u00e1ch s\u1eed d\u1ee5ng c\u00e1c ph\u1ea7n m\u1ec1m t\u00e0i ch\u00ednh th\u00f4ng th\u01b0\u1eddng. Ki\u1ec3m to\u00e1n vi\u00ean c\u00f2n c\u1ea7n ph\u1ea3i c\u00f3 k\u1ef9 n\u0103ng t\u1ed5 ch\u1ee9c \u0111\u1ec3 c\u00f3 th\u1ec3 s\u1eafp x\u1ebfp c\u00e1c t\u00e0i li\u1ec7u t\u00e0i ch\u00ednh c\u1ee7a m\u00ecnh. K\u1ef9 n\u0103ng t\u1ed5 ch\u1ee9c c\u0169ng c\u00f3 th\u1ec3 gi\u00fap \u00edch cho vi\u1ec7c qu\u1ea3n l\u00fd th\u1eddi gian, c\u00f3 th\u1ec3 gi\u00fap ki\u1ec3m to\u00e1n vi\u00ean \u0111\u00e1p \u1ee9ng th\u1eddi h\u1ea1n. Cho d\u00f9 l\u00e0m vi\u1ec7c v\u1edbi m\u1ed9t nh\u00f3m ki\u1ec3m to\u00e1n vi\u00ean hay t\u1ef1 th\u1ef1c hi\u1ec7n ki\u1ec3m to\u00e1n, th\u00ec k\u1ef9 n\u0103ng l\u00e3nh \u0111\u1ea1o c\u0169ng c\u00f3 th\u1ec3 gi\u00fap b\u1ea1n uy t\u00edn h\u01a1n khi n\u00f3i chuy\u1ec7n v\u1edbi c\u00e1c gi\u00e1m \u0111\u1ed1c \u0111i\u1ec1u h\u00e0nh doanh nghi\u1ec7p.<\/p>\n<p>Ng\u01b0\u1eddi \u1ee9ng tuy\u1ec3n v\u00e0o vai tr\u00f2 Ki\u1ec3m to\u00e1n vi\u00ean \u00edt nh\u1ea5t ph\u1ea3i c\u00f3 b\u1eb1ng c\u1eed nh\u00e2n v\u1ec1 k\u1ebf to\u00e1n, t\u00e0i ch\u00ednh ho\u1eb7c t\u01b0\u01a1ng \u0111\u01b0\u01a1ng. \u1ee8ng vi\u00ean c\u00f3 b\u1eb1ng th\u1ea1c s\u0129 k\u1ebf to\u00e1n ho\u1eb7c t\u01b0\u01a1ng \u0111\u01b0\u01a1ng c\u00f3 th\u1ec3 \u0111\u01b0\u1ee3c \u01b0u ti\u00ean. \u1ee8ng c\u1eed vi\u00ean l\u00fd t\u01b0\u1edfng ph\u1ea3i c\u00f3 ch\u1ee9ng ch\u1ec9 K\u1ebf to\u00e1n vi\u00ean c\u00f4ng ch\u1ee9ng (CPA) ho\u1eb7c ch\u1ee9ng ch\u1ec9 Ki\u1ec3m to\u00e1n vi\u00ean n\u1ed9i b\u1ed9 c\u00f4ng ch\u1ee9ng (CIA).<\/p><\/div><\/div><\/div>[vc_empty_space height=&#8221;30px&#8221;]<div class=\"shortcode-wrapper shortcode-icon-box clearfix\"><div class=\"feature-box alternative left-icon-box aligncenter\"><div class=\"feature-box-content\"><h4 class=\"bold\">Nhi\u1ec7m v\u1ee5 chung c\u1ee7a Ki\u1ec3m To\u00e1n Vi\u00ean<\/h4><p>\n<ul>\n<li>Ki\u1ec3m tra t\u00ednh ch\u00ednh x\u00e1c c\u1ee7a b\u00e1o c\u00e1o t\u00e0i ch\u00ednh<\/li>\n<li>Ki\u1ec3m tra c\u00e1c b\u00e1o c\u00e1o t\u00e0i ch\u00ednh \u0111\u1ec3 \u0111\u1ea3m b\u1ea3o tu\u00e2n th\u1ee7 theo quy \u0111\u1ecbnh c\u1ee7a ph\u00e1p lu\u1eadt<\/li>\n<li>T\u00ednh kho\u1ea3n n\u1ee3 thu\u1ebf, chu\u1ea9n b\u1ecb t\u1edd khai thu\u1ebf<\/li>\n<li>\u0110\u1ea3m b\u1ea3o n\u1ed9p thu\u1ebf \u0111\u00fang h\u1ea1n<\/li>\n<li>Ki\u1ec3m tra s\u1ed5 s\u00e1ch k\u1ebf to\u00e1n v\u00e0 h\u1ec7 th\u1ed1ng t\u00e0i kho\u1ea3n k\u1ebf to\u00e1n c\u00f3 hi\u1ec7u qu\u1ea3 hay kh\u00f4ng<\/li>\n<li>Qu\u1ea3n l\u00fd v\u00e0 l\u01b0u tr\u1eef h\u1ed3 s\u01a1 t\u00e0i ch\u00ednh<\/li>\n<li>\u0110\u01b0a ra \u0111\u1ec1 xu\u1ea5t v\u1ec1 c\u00e1c ph\u01b0\u01a1ng ph\u00e1p t\u1ed1t nh\u1ea5t cho ban qu\u1ea3n l\u00fd<\/li>\n<li>\u0110\u1ec1 xu\u1ea5t c\u00e1ch \u0111\u1ec3 gi\u1ea3m chi ph\u00ed, t\u0103ng doanh thu v\u00e0 n\u00e2ng cao l\u1ee3i nhu\u1eadn<\/li>\n<\/ul>\n<p>K\u1ef9 n\u0103ng:<\/p>\n<ul>\n<li>Ki\u1ebfn th\u1ee9c chuy\u00ean s\u00e2u v\u1ec1 ho\u1ea1t \u0111\u1ed9ng th\u1ef1c ti\u1ec5n, ch\u00ednh s\u00e1ch, lu\u1eadt ph\u00e1p hi\u1ec7n h\u00e0nh v\u00e0 c\u00f4ng ngh\u1ec7.<\/li>\n<li>C\u00e1c k\u1ef9 n\u0103ng nghi\u00ean c\u1ee9u, l\u1eadp k\u1ebf ho\u1ea1ch, gi\u1ea3i quy\u1ebft v\u1ea5n \u0111\u1ec1, t\u01b0 duy ph\u1ea3n bi\u1ec7n v\u00e0 to\u00e1n h\u1ecdc.<\/li>\n<li>K\u1ef9 n\u0103ng thuy\u1ebft tr\u00ecnh, h\u1ee3p t\u00e1c v\u00e0 giao ti\u1ebfp qua l\u1eddi n\u00f3i c\u0169ng nh\u01b0 v\u0103n b\u1ea3n xu\u1ea5t s\u1eafc.<\/li>\n<li>S\u1eed d\u1ee5ng th\u00e0nh th\u1ea1o m\u00e1y t\u00ednh, \u0111\u1eb7c bi\u1ec7t l\u00e0 ph\u1ea7n m\u1ec1m k\u1ebf to\u00e1n ho\u1eb7c t\u00e0i ch\u00ednh v\u00e0 MS Office.<\/li>\n<li>L\u00e0m vi\u1ec7c hi\u1ec7u qu\u1ea3, ch\u00ednh x\u00e1c, ch\u00ednh tr\u1ef1c v\u00e0 ch\u00fa \u00fd \u0111\u1ebfn chi ti\u1ebft.<\/li>\n<\/ul>\n<p>B\u1eb1ng c\u1ea5p: B\u1eb1ng c\u1eed nh\u00e2n trong l\u0129nh v\u1ef1c li\u00ean quan, nh\u01b0 l\u00e0 k\u1ebf to\u00e1n, t\u00e0i ch\u00ednh, khoa h\u1ecdc m\u00e1y t\u00ednh ho\u1eb7c kinh doanh; y\u00eau c\u1ea7u 2 n\u0103m kinh nghi\u1ec7m trong l\u0129nh v\u1ef1c li\u00ean quan; B\u1eb1ng c\u1ea5p lo\u1ea1i gi\u1ecfi ho\u1eb7c ch\u1ee9ng ch\u1ec9 b\u1ed5 sung c\u00f3 th\u1ec3 \u0111\u01b0\u1ee3c \u01b0u ti\u00ean ho\u1eb7c y\u00eau c\u1ea7u.<\/p><\/div><\/div><\/div>[\/vc_column_inner][\/vc_row_inner][\/vc_column][\/vc_row]\n<\/div>","protected":false},"excerpt":{"rendered":"<p>[vc_row top_margin=&#8221;0&#8243; bottom_margin=&#8221;0&#8243; css=&#8221;.vc_custom_1499912039446{margin-top: -30px !important;}&#8221;][vc_column][vc_row_inner][vc_column_inner][vc_empty_space height=&#8221;10px&#8221;][vc_empty_space height=&#8221;30px&#8221;][\/vc_column_inner][\/vc_row_inner][\/vc_column][\/vc_row]<\/p>\n","protected":false},"author":4,"featured_media":0,"parent":0,"menu_order":0,"comment_status":"closed","ping_status":"closed","template":"","meta":{"nf_dc_page":"","footnotes":""},"class_list":["post-10295","page","type-page","status-publish","hentry"],"_links":{"self":[{"href":"https:\/\/worknow.vn\/vi\/wp-json\/wp\/v2\/pages\/10295","targetHints":{"allow":["GET"]}}],"collection":[{"href":"https:\/\/worknow.vn\/vi\/wp-json\/wp\/v2\/pages"}],"about":[{"href":"https:\/\/worknow.vn\/vi\/wp-json\/wp\/v2\/types\/page"}],"author":[{"embeddable":true,"href":"https:\/\/worknow.vn\/vi\/wp-json\/wp\/v2\/users\/4"}],"replies":[{"embeddable":true,"href":"https:\/\/worknow.vn\/vi\/wp-json\/wp\/v2\/comments?post=10295"}],"version-history":[{"count":5,"href":"https:\/\/worknow.vn\/vi\/wp-json\/wp\/v2\/pages\/10295\/revisions"}],"predecessor-version":[{"id":12131,"href":"https:\/\/worknow.vn\/vi\/wp-json\/wp\/v2\/pages\/10295\/revisions\/12131"}],"wp:attachment":[{"href":"https:\/\/worknow.vn\/vi\/wp-json\/wp\/v2\/media?parent=10295"}],"curies":[{"name":"wp","href":"https:\/\/api.w.org\/{rel}","templated":true}]}}