{"id":10297,"date":"2022-08-09T06:45:25","date_gmt":"2022-08-09T06:45:25","guid":{"rendered":"https:\/\/worknow.vn\/fund-accountant\/"},"modified":"2023-06-01T09:48:04","modified_gmt":"2023-06-01T09:48:04","slug":"ke-toan-quy","status":"publish","type":"page","link":"https:\/\/worknow.vn\/vi\/ke-toan-quy\/","title":{"rendered":"K\u1ebf To\u00e1n Qu\u1ef9"},"content":{"rendered":"<div class=\"wpb-content-wrapper\">[vc_row top_margin=&#8221;0&#8243; bottom_margin=&#8221;0&#8243; css=&#8221;.vc_custom_1499912039446{margin-top: -30px !important;}&#8221;][vc_column]<div class=\"shortcode-wrapper shortcode-title clearfix hb-animate-element hb-fade-in\"><p style=\"color:#878787!important;border-color:#878787\" class=\"hb-text-large aligncenter\">K\u1ebf To\u00e1n Qu\u1ef9<\/p><\/div>[vc_row_inner][vc_column_inner][vc_empty_space height=&#8221;10px&#8221;]<div class=\"shortcode-wrapper shortcode-icon-box clearfix\"><div class=\"feature-box alternative left-icon-box aligncenter\"><div class=\"feature-box-content\"><h4 class=\"bold\">M\u00f4 t\u1ea3 c\u00f4ng vi\u1ec7c K\u1ebf To\u00e1n Qu\u1ef9<\/h4><p>K\u1ebf to\u00e1n qu\u1ef9 ch\u1ecbu tr\u00e1ch nhi\u1ec7m chu\u1ea9n b\u1ecb c\u00e1c t\u00e0i kho\u1ea3n h\u1ee3p nh\u1ea5t v\u00e0 b\u00e1o c\u00e1o v\u1ec1 c\u00e1c qu\u1ef9 \u0111\u1ea7u t\u01b0, ch\u1eb3ng h\u1ea1n nh\u01b0 b\u1ea5t \u0111\u1ed9ng s\u1ea3n, n\u1ee3 ho\u1eb7c qu\u1ef9 \u0111\u1ea7u t\u01b0 t\u01b0 nh\u00e2n. Trong m\u1ed9t s\u1ed1 tr\u01b0\u1eddng h\u1ee3p, k\u1ebf to\u00e1n qu\u1ef9 \u0111\u01b0\u1ee3c giao nhi\u1ec7m v\u1ee5 xem x\u00e9t c\u00e1c c\u00f4ng vi\u1ec7c chu\u1ea9n b\u1ecb tr\u01b0\u1edbc cho k\u1ebf to\u00e1n qu\u1ef9 ch\u00ednh \u0111\u01b0\u1ee3c thu\u00ea ngo\u00e0i. H\u1ecd l\u00e0m vi\u1ec7c c\u00f9ng v\u1edbi m\u1ed9t nh\u00e0 qu\u1ea3n l\u00fd \u0111\u1ea7u t\u01b0 \u0111\u1ec3 \u0111\u1ea3m b\u1ea3o qu\u1ef9 t\u1ed1t. C\u00e1c doanh nghi\u1ec7p s\u1eed d\u1ee5ng k\u1ebf to\u00e1n qu\u1ef9 \u0111\u1ec3 \u0111\u1ea3m b\u1ea3o m\u1ed7i ng\u00e2n qu\u1ef9 \u0111\u1ec1u tu\u00e2n th\u1ee7 v\u00e0 \u0111\u1ea1t \u0111\u01b0\u1ee3c m\u1ee5c ti\u00eau. Trong m\u1ed9t s\u1ed1 tr\u01b0\u1eddng h\u1ee3p, vai tr\u00f2 n\u00e0y t\u1eadp trung h\u01a1n v\u00e0o k\u1ebf ho\u1ea1ch chi ti\u00eau h\u01a1n l\u00e0 l\u1ee3i nhu\u1eadn ph\u00e1t sinh. V\u00ec l\u00fd do n\u00e0y, c\u00e1c chuy\u00ean gia \u0111\u01b0\u1ee3c d\u1ef1 ki\u1ebfn s\u1ebd l\u1eadp b\u00e1o c\u00e1o t\u00e0i ch\u00ednh r\u00f5 r\u00e0ng cho ban l\u00e3nh \u0111\u1ea1o v\u00e0 c\u00e1c nh\u00e0 \u0111\u1ea7u t\u01b0.<\/p>\n<p>L\u00e0 m\u1ed9t k\u1ebf to\u00e1n qu\u1ef9, b\u1ea1n s\u1ebd c\u1ea7n ph\u1ea3i l\u00e0 m\u1ed9t ng\u01b0\u1eddi c\u00f3 t\u1ed5 ch\u1ee9c, c\u00f3 kh\u1ea3 n\u0103ng x\u1eed l\u00fd c\u00e1c c\u00f4ng vi\u1ec7c th\u1eddi \u00e1p l\u1ef1c nh\u01b0 th\u00e1ng, qu\u00fd v\u00e0 cu\u1ed1i n\u0103m. B\u1ea1n c\u0169ng c\u1ea7n ph\u1ea3i l\u00e0 m\u1ed9t ng\u01b0\u1eddi ho\u1ea1t \u0111\u1ed9ng nh\u00f3m t\u1ed1t v\u00ec quy m\u00f4 nh\u00f3m trung b\u00ecnh trong ng\u00e0nh n\u00e0y l\u00e0 t\u1eeb 8 &#8211; 12 ng\u01b0\u1eddi. Th\u00e1i \u0111\u1ed9 t\u1ed1t r\u1ea5t quan tr\u1ecdng, \u0111\u1eb7c bi\u1ec7t l\u00e0 \u1edf giai \u0111o\u1ea1n ph\u1ecfng v\u1ea5n. C\u00e1c nh\u00e0 tuy\u1ec3n d\u1ee5ng \u0111ang t\u00ecm ki\u1ebfm nh\u1eefng ng\u01b0\u1eddi c\u00f3 n\u0103ng l\u1ef1c v\u1edbi ng\u00e0nh qu\u1ea3n l\u00fd qu\u1ef9 v\u00e0 c\u00f3 mong mu\u1ed1n ti\u1ebfn xa trong l\u0129nh v\u1ef1c n\u00e0y. \u0110i\u1ec1u quan tr\u1ecdng l\u00e0 b\u1ea1n ph\u1ea3i nh\u1eafm m\u1ee5c ti\u00eau c\u00e1c c\u00f4ng ty ph\u00f9 h\u1ee3p v\u1edbi n\u1ec1n t\u1ea3ng c\u1ee7a b\u1ea1n, v\u00ed d\u1ee5: n\u1ebfu b\u1ea1n c\u00f3 kinh nghi\u1ec7m v\u1ec1 qu\u1ef9 \u0111\u1ea7u c\u01a1, \u0111i\u1ec1u quan tr\u1ecdng l\u00e0 b\u1ea1n ph\u1ea3i nh\u1eafm m\u1ee5c ti\u00eau \u0111\u1ebfn c\u00f4ng ty qu\u1ea3n l\u00fd qu\u1ef9 \u0111\u1ea7u c\u01a1 ch\u1ee9 kh\u00f4ng ph\u1ea3i qu\u1ef9 \u0111\u1ea7u t\u01b0. Kh\u00f3 c\u00f3 th\u1ec3 thay \u0111\u1ed5i gi\u1eefa c\u00e1c ng\u00e2n qu\u1ef9 v\u00e0 nh\u00e0 tuy\u1ec3n d\u1ee5ng \u01b0u ti\u00ean nh\u1eefng c\u00e1 nh\u00e2n c\u00f3 th\u1ec3 ho\u00e0n th\u00e0nh t\u1ed1t trong m\u1ed9t vai tr\u00f2.<\/p>\n<p>H\u1ea7u h\u1ebft c\u00e1c vai tr\u00f2 s\u1ebd t\u00ecm ki\u1ebfm nh\u1eefng c\u1eed nh\u00e2n (ch\u1eb3ng h\u1ea1n nh\u01b0 K\u1ebf to\u00e1n, Kinh t\u1ebf ho\u1eb7c Qu\u1ea3n l\u00fd Kinh doanh, v\u00e0 m\u1ed9t s\u1ed1 ng\u00e0nh kh\u00e1c). H\u1ea7u h\u1ebft c\u00e1c nh\u00e0 tuy\u1ec3n d\u1ee5ng c\u0169ng s\u1ebd t\u00ecm nh\u1eefng ng\u01b0\u1eddi t\u1eeb ng\u00e0nh Ki\u1ec3m to\u00e1n, v\u00ec m\u1ed9t s\u1ed1 k\u1ef9 n\u0103ng t\u01b0\u01a1ng t\u1ef1 n\u00e0y c\u1ea7n thi\u1ebft \u0111\u1ec3 tr\u1edf th\u00e0nh m\u1ed9t K\u1ebf to\u00e1n Qu\u1ef9.<\/p><\/div><\/div><\/div>[vc_empty_space height=&#8221;30px&#8221;]<div class=\"shortcode-wrapper shortcode-icon-box clearfix\"><div class=\"feature-box alternative left-icon-box aligncenter\"><div class=\"feature-box-content\"><h4 class=\"bold\">Nhi\u1ec7m v\u1ee5 chung c\u1ee7a K\u1ebf To\u00e1n Qu\u1ef9<\/h4><p>\n<ul>\n<li>Th\u1ef1c hi\u1ec7n c\u1ea5u tr\u00fac \u0111\u1ea7u t\u01b0 qu\u1ef9 tr\u00ean h\u1ec7 th\u1ed1ng k\u1ebf to\u00e1n.<\/li>\n<li>H\u1ed7 tr\u1ee3 thi\u1ebft k\u1ebf v\u00e0 th\u1ef1c hi\u1ec7n ki\u1ec3m to\u00e1n n\u1ed9i b\u1ed9 v\u00e0 c\u00e1c quy tr\u00ecnh.<\/li>\n<li>Ph\u1ed1i h\u1ee3p v\u1edbi nh\u00e0 qu\u1ea3n l\u00fd qu\u1ef9 v\u1ec1 c\u00e1c v\u1ea5n \u0111\u1ec1 li\u00ean quan \u0111\u1ebfn k\u1ebf to\u00e1n v\u00e0 b\u00e1o c\u00e1o.<\/li>\n<li>Xem x\u00e9t v\u00e0 ph\u1ed1i h\u1ee3p ph\u00e2n t\u00edch chi ph\u00ed qu\u1ef9 v\u00e0 x\u1eed l\u00fd chi ph\u00ed.<\/li>\n<li>H\u1ed7 tr\u1ee3 ph\u00e1t tri\u1ec3n c\u00e1c ch\u00ednh s\u00e1ch v\u00e0 th\u1ee7 t\u1ee5c cho c\u00f4ng vi\u1ec7c.<\/li>\n<li>Chu\u1ea9n b\u1ecb c\u00e1c b\u00e1o c\u00e1o cung c\u1ea5p cho kh\u00e1ch h\u00e0ng n\u1ed9i b\u1ed9 v\u00e0 b\u00ean ngo\u00e0i, bao g\u1ed3m c\u1ea3 vi\u1ec7c duy tr\u00ec c\u00e1c t\u00e0i li\u1ec7u h\u1ed7 tr\u1ee3.<\/li>\n<li>Ph\u00e2n t\u00edch t\u00ecnh h\u00ecnh ho\u1ea1t \u0111\u1ed9ng c\u1ee7a qu\u1ef9 h\u00e0ng ng\u00e0y v\u00e0 h\u00e0ng th\u00e1ng.<\/li>\n<li>Gi\u00e1m s\u00e1t, nh\u01b0 m\u1ed9t ngu\u1ed3n l\u1ef1c, vi\u1ec7c mua l\u1ea1i doanh nghi\u1ec7p m\u1edbi v\u00e0 qu\u1ea3n l\u00fd danh m\u1ee5c \u0111\u1ea7u t\u01b0.<\/li>\n<li>T\u1ea1o b\u00e1o c\u00e1o t\u00e0i ch\u00ednh h\u00e0ng qu\u00fd, ghi ch\u00fa k\u00e8m theo v\u00e0 l\u1ecbch tr\u00ecnh h\u1ed7 tr\u1ee3.<\/li>\n<li>\u0110\u1ed1i chi\u1ebfu h\u00e0ng ng\u00e0y \/ h\u00e0ng th\u00e1ng \/ h\u00e0ng qu\u00fd c\u1ee7a c\u00e1c v\u1ecb th\u1ebf \u0111\u1ea7u t\u01b0 v\u00e0 gi\u00e1 tr\u1ecb th\u1ecb tr\u01b0\u1eddng h\u1ee3p l\u00fd.<\/li>\n<li>H\u1ed7 tr\u1ee3 xem x\u00e9t vi\u1ec7c tu\u00e2n th\u1ee7 v\u00e0 c\u00e1c h\u1ed3 s\u01a1 quy \u0111\u1ecbnh.<\/li>\n<li>H\u1ed7 tr\u1ee3 v\u00e0 xem x\u00e9t c\u00f4ng vi\u1ec7c c\u1ee7a nh\u00e2n vi\u00ean c\u1ea5p d\u01b0\u1edbi.<\/li>\n<li>Chu\u1ea9n b\u1ecb v\u00e0 duy tr\u00ec c\u00e1c m\u1ee5c ti\u00eau v\u00e0 k\u1ebf ho\u1ea1ch ph\u00e1t tri\u1ec3n cho t\u1ea5t c\u1ea3 c\u00e1c b\u00e1o c\u00e1o tr\u1ef1c ti\u1ebfp.<\/li>\n<li>H\u1ecdp h\u00e0ng qu\u00fd: Theo d\u00f5i ng\u01b0\u1eddi tham gia v\u00e0 ghi ch\u00fa c\u00e1c cu\u1ed9c g\u1ecdi.<\/li>\n<li>H\u1ed7 tr\u1ee3 theo d\u00f5i th\u00f4ng tin th\u00e0nh vi\u00ean PSC tham gia v\u00e0o c\u00e1c cu\u1ed9c h\u1ecdp v\u00e0 h\u1ed9i th\u1ea3o t\u1eeb xa.<\/li>\n<li>\u0110\u1ea3m b\u1ea3o ghi s\u1ed5 nh\u1eadt k\u00fd chung ch\u00ednh x\u00e1c, k\u1ecbp th\u1eddi.<\/li>\n<li>N\u1ebfu c\u00f3 th\u1ec3, h\u00e3y h\u1ed7 tr\u1ee3 nh\u00f3m thu\u1ebf v\u1ec1 th\u00f4ng tin \u0111\u1ec3 chu\u1ea9n b\u1ecb c\u00e1c b\u00e1o c\u00e1o \/ truy thu thu\u1ebf.<\/li>\n<li>C\u00f3 th\u1ec3 tham gia l\u1eadp k\u1ebf ho\u1ea1ch chi\u1ebfn l\u01b0\u1ee3c kinh doanh h\u00e0ng n\u0103m.<\/li>\n<li>Ph\u00e1t tri\u1ec3n m\u1ed1i quan h\u1ec7 kinh doanh v\u1eefng m\u1ea1nh v\u1edbi c\u1ea3 kh\u00e1ch h\u00e0ng n\u1ed9i b\u1ed9 v\u00e0 b\u00ean ngo\u00e0i.<\/li>\n<li>Cung c\u1ea5p nhanh ch\u00f3ng v\u00e0 ch\u00ednh x\u00e1c qu\u1ef9 t\u01b0 v\u1ea5n d\u1ef1 b\u00e1o l\u01b0\u1ee3ng ti\u1ec1n m\u1eb7t c\u00f3 s\u1eb5n m\u1ed7i s\u00e1ng<\/li>\n<li>Chu\u1ea9n b\u1ecb ph\u00e2n b\u1ed5 c\u00e1c cu\u1ed9c k\u00eau g\u1ecdi v\u1ed1n, ph\u00e2n ph\u1ed1i v\u00e0 thi\u1ebft l\u1eadp c\u00e1c th\u00f4ng b\u00e1o cho ph\u00f9 h\u1ee3p.<\/li>\n<li>H\u1ed7 tr\u1ee3 c\u00e1c b\u1ed9 ph\u1eadn kh\u00e1c trong vi\u1ec7c mua l\u1ea1i v\u00e0 \u0111\u1ecbnh \u0111o\u1ea1t c\u00e1c t\u00e0i s\u1ea3n b\u1ea5t \u0111\u1ed9ng s\u1ea3n.<\/li>\n<\/ul>\n<p>K\u0129 n\u0103ng c\u1ea7n thi\u1ebft:<\/p>\n<ul>\n<li>K\u1ef9 n\u0103ng giao ti\u1ebfp c\u00e1 nh\u00e2n t\u1ed1t<\/li>\n<li>Ch\u00fa \u00fd \u0111\u1ebfn t\u1eebng chi ti\u1ebft<\/li>\n<li>K\u1ef9 n\u0103ng qu\u1ea3n l\u00fd th\u1eddi gian t\u1ed1t<\/li>\n<li>Kh\u1ea3 n\u0103ng \u0111a nhi\u1ec7m<\/li>\n<li>C\u00f3 kinh nghi\u1ec7m l\u00e0m vi\u1ec7c trong l\u0129nh v\u1ef1c b\u1ea5t \u0111\u1ed9ng s\u1ea3n, qu\u1ef9 n\u1ee3 ho\u1eb7c c\u1ed5 ph\u1ea7n t\u01b0 nh\u00e2n<\/li>\n<li>K\u1ef9 n\u0103ng Excel n\u00e2ng cao<\/li>\n<li>C\u00f3 kinh nghi\u1ec7m v\u1edbi ph\u1ea7n m\u1ec1m chuy\u00ean d\u1ee5ng<\/li>\n<\/ul>\n<p>Tr\u00ecnh \u0111\u1ed9 chuy\u00ean m\u00f4n: T\u00e0i ch\u00ednh; K\u1ebf to\u00e1n; to\u00e1n h\u1ecdc<\/p><\/div><\/div><\/div>[\/vc_column_inner][\/vc_row_inner][\/vc_column][\/vc_row]\n<\/div>","protected":false},"excerpt":{"rendered":"<p>[vc_row top_margin=&#8221;0&#8243; bottom_margin=&#8221;0&#8243; css=&#8221;.vc_custom_1499912039446{margin-top: -30px !important;}&#8221;][vc_column][vc_row_inner][vc_column_inner][vc_empty_space height=&#8221;10px&#8221;][vc_empty_space height=&#8221;30px&#8221;][\/vc_column_inner][\/vc_row_inner][\/vc_column][\/vc_row]<\/p>\n","protected":false},"author":4,"featured_media":0,"parent":0,"menu_order":0,"comment_status":"closed","ping_status":"closed","template":"","meta":{"nf_dc_page":"","footnotes":""},"class_list":["post-10297","page","type-page","status-publish","hentry"],"_links":{"self":[{"href":"https:\/\/worknow.vn\/vi\/wp-json\/wp\/v2\/pages\/10297","targetHints":{"allow":["GET"]}}],"collection":[{"href":"https:\/\/worknow.vn\/vi\/wp-json\/wp\/v2\/pages"}],"about":[{"href":"https:\/\/worknow.vn\/vi\/wp-json\/wp\/v2\/types\/page"}],"author":[{"embeddable":true,"href":"https:\/\/worknow.vn\/vi\/wp-json\/wp\/v2\/users\/4"}],"replies":[{"embeddable":true,"href":"https:\/\/worknow.vn\/vi\/wp-json\/wp\/v2\/comments?post=10297"}],"version-history":[{"count":5,"href":"https:\/\/worknow.vn\/vi\/wp-json\/wp\/v2\/pages\/10297\/revisions"}],"predecessor-version":[{"id":12133,"href":"https:\/\/worknow.vn\/vi\/wp-json\/wp\/v2\/pages\/10297\/revisions\/12133"}],"wp:attachment":[{"href":"https:\/\/worknow.vn\/vi\/wp-json\/wp\/v2\/media?parent=10297"}],"curies":[{"name":"wp","href":"https:\/\/api.w.org\/{rel}","templated":true}]}}