{"id":10299,"date":"2022-08-09T06:46:21","date_gmt":"2022-08-09T06:46:21","guid":{"rendered":"https:\/\/worknow.vn\/cost-estimator\/"},"modified":"2023-06-01T09:48:11","modified_gmt":"2023-06-01T09:48:11","slug":"uoc-tinh-chi-phi","status":"publish","type":"page","link":"https:\/\/worknow.vn\/vi\/uoc-tinh-chi-phi\/","title":{"rendered":"\u01af\u1edbc T\u00ednh Chi Ph\u00ed"},"content":{"rendered":"<div class=\"wpb-content-wrapper\">[vc_row top_margin=&#8221;0&#8243; bottom_margin=&#8221;0&#8243; css=&#8221;.vc_custom_1499912039446{margin-top: -30px !important;}&#8221;][vc_column]<div class=\"shortcode-wrapper shortcode-title clearfix hb-animate-element hb-fade-in\"><p style=\"color:#878787!important;border-color:#878787\" class=\"hb-text-large aligncenter\">\u01af\u1edbc T\u00ednh Chi Ph\u00ed<\/p><\/div>[vc_row_inner][vc_column_inner][vc_empty_space height=&#8221;10px&#8221;]<div class=\"shortcode-wrapper shortcode-icon-box clearfix\"><div class=\"feature-box alternative left-icon-box aligncenter\"><div class=\"feature-box-content\"><h4 class=\"bold\">M\u00f4 t\u1ea3 c\u00f4ng vi\u1ec7c \u01af\u1edbc T\u00ednh Chi Ph\u00ed<\/h4><p>Ng\u01b0\u1eddi \u01b0\u1edbc t\u00ednh chi ph\u00ed ch\u1ecbu tr\u00e1ch nhi\u1ec7m \u01b0\u1edbc t\u00ednh chi ph\u00ed c\u1ee7a m\u1ed9t d\u1ef1 \u00e1n quy m\u00f4 l\u1edbn, v\u00e0 tr\u01b0\u1edbc ti\u00ean h\u1ecd ph\u1ea3i thu th\u1eadp v\u00e0 ph\u00e2n t\u00edch d\u1eef li\u1ec7u c\u1ee5 th\u1ec3 c\u1ee7a d\u1ef1 \u00e1n \u0111\u1ec3 chu\u1ea9n b\u1ecb \u01b0\u1edbc t\u00ednh. H\u1ecd b\u1eaft \u0111\u1ea7u b\u1eb1ng c\u00e1ch thu th\u1eadp d\u1eef li\u1ec7u t\u00e0i ch\u00ednh v\u00e0 s\u1eed d\u1ee5ng n\u00f3 \u0111\u1ec3 t\u1ea1o ra \u01b0\u1edbc t\u00ednh v\u1ec1 ti\u1ec1n, l\u1ef1c l\u01b0\u1ee3ng lao \u0111\u1ed9ng, nguy\u00ean v\u1eadt li\u1ec7u v\u00e0 th\u1eddi gian s\u1ea3n xu\u1ea5t c\u1ea7n \u0111\u1ec3 ho\u00e0n th\u00e0nh m\u1ed9t d\u1ef1 \u00e1n nh\u1ea5t \u0111\u1ecbnh. Ng\u01b0\u1eddi \u01b0\u1edbc t\u00ednh chi ph\u00ed x\u00e2y d\u1ef1ng s\u1ebd \u01b0\u1edbc t\u00ednh chi ph\u00ed c\u1ee7a c\u00f4ng vi\u1ec7c x\u00e2y d\u1ef1ng. V\u00ed d\u1ee5, \u01b0\u1edbc t\u00ednh chi ph\u00ed \u0111\u1ec3 x\u00e2y d\u1ef1ng m\u1ed9t t\u00f2a nh\u00e0 chung c\u01b0 cao t\u1ea7ng, m\u1ed9t trung t\u00e2m mua s\u1eafm ho\u1eb7c m\u1ed9t c\u00e2y c\u1ea7u. \u01af\u1edbc t\u00ednh chi ph\u00ed s\u1ebd bao g\u1ed3m d\u1ef1 t\u00ednh c\u00e1c nguy\u00ean v\u1eadt li\u1ec7u th\u00f4, nh\u00e2n c\u00f4ng v\u00e0 th\u1eddi gian x\u00e2y d\u1ef1ng. C\u00f4ng c\u1ee5 \u01b0\u1edbc t\u00ednh chi ph\u00ed s\u1ea3n xu\u1ea5t s\u1ebd \u01b0\u1edbc t\u00ednh chi ph\u00ed t\u00e1i c\u1ea5u tr\u00fac, s\u1ea3n xu\u1ea5t ho\u1eb7c ph\u00e1t tri\u1ec3n c\u00e1c s\u1ea3n ph\u1ea9m ho\u1eb7c d\u1ecbch v\u1ee5, ch\u1eb3ng h\u1ea1n nh\u01b0 thi\u1ebft b\u1ecb gia d\u1ee5ng, xe c\u1ed9 ho\u1eb7c h\u1ec7 th\u1ed1ng ph\u1ea7n m\u1ec1m. Ph\u1ea7n l\u1edbn c\u00f4ng vi\u1ec7c c\u1ee7a ng\u01b0\u1eddi \u01b0\u1edbc t\u00ednh chi ph\u00ed l\u00e0 d\u00e0nh ri\u00eang cho vi\u1ec7c theo d\u00f5i, ph\u00e2n t\u00edch v\u00e0 x\u1eed l\u00fd s\u1ed1 li\u1ec7u gi\u00e1 c\u1ea3 \u0111\u1ec3 gi\u00fap h\u1ecd \u0111\u01b0a ra c\u00e1c d\u1ef1 \u0111o\u00e1n ch\u00ednh x\u00e1c. H\u1ecd c\u00f3 th\u1ec3 xem x\u00e9t c\u00e1c t\u00e0i li\u1ec7u k\u1ef9 thu\u1eadt v\u00e0 bi\u1ec3u ph\u00ed \u0111\u1ec3 c\u1eadp nh\u1eadt s\u1ed1 li\u1ec7u v\u00e0 khung th\u1eddi gian v\u00e0 s\u1eed d\u1ee5ng ph\u1ea7n m\u1ec1m \u01b0\u1edbc t\u00ednh chi ph\u00ed s\u1ea3n xu\u1ea5t ho\u1eb7c x\u00e2y d\u1ef1ng \u0111\u1ec3 x\u1eed l\u00fd d\u1eef li\u1ec7u. Nh\u01b0 b\u1ea5t k\u1ef3 m\u00f4 t\u1ea3 c\u00f4ng vi\u1ec7c n\u00e0o kh\u00e1c \u01b0\u1edbc t\u00ednh chi ph\u00ed c\u00f3 vai tr\u00f2 li\u00ean qua r\u1ea5t nhi\u1ec1u \u0111\u1ebfn giao ti\u1ebfp. C\u00e1c nh\u00e0 \u01b0\u1edbc t\u00ednh chuy\u00ean nghi\u1ec7p th\u1ea3o lu\u1eadn v\u1ec1 d\u1eef li\u1ec7u chi ph\u00ed v\u1edbi c\u00e1c nh\u00e0 cung c\u1ea5p, ki\u1ebfn \u200b\u200btr\u00fac s\u01b0 v\u00e0 c\u00e1c \u0111\u1ed1i t\u00e1c kh\u00e1c. H\u1ecd c\u0169ng duy tr\u00ec m\u1ed1i quan h\u1ec7 v\u1edbi c\u00e1c nh\u00f3m b\u00e1n h\u00e0ng \u0111\u1ec3 l\u1eadp c\u00e1c b\u00e1o c\u00e1o r\u00f5 r\u00e0ng, h\u01b0\u1edbng t\u1edbi kh\u00e1ch h\u00e0ng v\u00e0 b\u00e1m s\u00e1t c\u00e1c d\u1ef1 \u00e1n \u0111ang th\u1ef1c hi\u1ec7n. Trong nhi\u1ec1u tr\u01b0\u1eddng h\u1ee3p, h\u1ecd c\u00f3 tr\u00e1ch nhi\u1ec7m xem x\u00e9t ti\u1ebfn \u0111\u1ed9 v\u00e0 c\u00e1c ho\u1ea1t \u0111\u1ed9ng chi ti\u00eau \u0111\u1ec3 \u0111i\u1ec1u ch\u1ec9nh \u01b0\u1edbc t\u00ednh ph\u00f9 h\u1ee3p v\u1edbi c\u00e1c th\u00f4ng tin m\u1edbi. Khi c\u00e1c d\u1ef1 \u00e1n ti\u1ebfn tri\u1ec3n, h\u1ecd t\u00ecm c\u00e1ch gi\u1ea3m chi ph\u00ed li\u00ean quan \u0111\u1ebfn nh\u1eefng n\u1ed7 l\u1ef1c kh\u00f4ng ng\u1eebng n\u00e0y.<\/p>\n<p>\u0110\u1ec3 tr\u1edf th\u00e0nh m\u1ed9t nh\u00e0 \u01b0\u1edbc t\u00ednh chi ph\u00ed th\u00e0nh c\u00f4ng, b\u1ea1n ph\u1ea3i c\u00f3 ki\u1ebfn \u200b\u200bth\u1ee9c chuy\u00ean s\u00e2u v\u1ec1 c\u00e1c quy tr\u00ecnh x\u00e2y d\u1ef1ng v\u00e0 c\u01a1 kh\u00ed, c\u00f3 m\u1eaft nh\u00ecn c\u00e1c chi ti\u1ebft t\u1ed1t v\u00e0 c\u00e1c k\u1ef9 n\u0103ng to\u00e1n h\u1ecdc n\u00e2ng cao. M\u1ed9t nh\u00e0 \u01b0\u1edbc t\u00ednh chi ph\u00ed gi\u1ecfi c\u00f3 th\u1ec3 nh\u00ecn th\u1ea5y to\u00e0n c\u1ea3nh b\u1ee9c tranh c\u1ee7a m\u1ed9t d\u1ef1 \u00e1n v\u00e0 \u01b0\u1edbc t\u00ednh ch\u00ednh x\u00e1c t\u1ea5t c\u1ea3 c\u00e1c chi ph\u00ed li\u00ean quan.<\/p>\n<p>\u0110\u1ec3 tr\u1edf th\u00e0nh m\u1ed9t nh\u00e0 \u01b0\u1edbc t\u00ednh chi ph\u00ed chuy\u00ean nghi\u1ec7p, c\u1ea7n ph\u1ea3i c\u00f3 b\u1eb1ng c\u1eed nh\u00e2n. Trong nhi\u1ec1u tr\u01b0\u1eddng h\u1ee3p, nh\u00e0 tuy\u1ec3n d\u1ee5ng \u01b0u ti\u00ean c\u00e1c b\u1eb1ng c\u1eed nh\u00e2n v\u1ec1 k\u1ef9 thu\u1eadt, k\u1ebf to\u00e1n, t\u00e0i ch\u00ednh, c\u00f4ng nghi\u1ec7p ph\u00e2n ph\u1ed1i ho\u1eb7c kinh doanh. S\u1ef1 hi\u1ec3u bi\u1ebft s\u00e2u r\u1ed9ng v\u1ec1 c\u00e1c nguy\u00ean t\u1eafc, ti\u00eau chu\u1ea9n v\u00e0 quy tr\u00ecnh k\u1ebf to\u00e1n l\u00e0 \u0111i\u1ec1u c\u1ea7n thi\u1ebft cho nh\u1eefng sinh vi\u00ean mong mu\u1ed1n tr\u1edf th\u00e0nh nh\u00e0 \u01b0\u1edbc t\u00ednh chuy\u00ean nghi\u1ec7p. T\u00ecm ki\u1ebfm, x\u00e1c minh v\u00e0 ph\u00e2n t\u00edch th\u00f4ng tin t\u00e0i ch\u00ednh \u0111\u00f2i h\u1ecfi m\u1ed9t n\u1ec1n t\u1ea3ng t\u00e0i ch\u00ednh v\u1eefng ch\u1eafc v\u00e0 n\u0103ng khi\u1ebfu kinh doanh.<\/p><\/div><\/div><\/div>[vc_empty_space height=&#8221;30px&#8221;]<div class=\"shortcode-wrapper shortcode-icon-box clearfix\"><div class=\"feature-box alternative left-icon-box aligncenter\"><div class=\"feature-box-content\"><h4 class=\"bold\">Nhi\u1ec7m v\u1ee5 chung c\u1ee7a \u01af\u1edbc T\u00ednh Chi Ch\u00ed<\/h4><p>\n<ul>\n<li>G\u1eb7p g\u1ee1 kh\u00e1ch h\u00e0ng \u0111\u1ec3 th\u1ea3o lu\u1eadn v\u1ec1 ph\u1ea1m vi v\u00e0 quy m\u00f4 c\u1ee7a d\u1ef1 \u00e1n.<\/li>\n<li>\u0110i \u0111\u1ebfn c\u00e1c \u0111\u1ecba \u0111i\u1ec3m l\u00e0m vi\u1ec7c \u0111\u1ec3 thu th\u1eadp th\u00f4ng tin v\u1ec1 t\u00e0i li\u1ec7u, ngu\u1ed3n lao \u0111\u1ed9ng v\u00e0 c\u00e1c y\u1ebfu t\u1ed1 kh\u00e1c.<\/li>\n<li>C\u1ed9ng t\u00e1c v\u1edbi c\u00e1c k\u1ef9 s\u01b0, nh\u00e0 th\u1ea7u v\u00e0 ki\u1ebfn \u200b\u200btr\u00fac s\u01b0.<\/li>\n<li>H\u1ecfi \u00fd ki\u1ebfn c\u00e1c chuy\u00ean gia trong ng\u00e0nh \u0111\u1ec3 th\u1ea3o lu\u1eadn v\u1ec1 \u01b0\u1edbc t\u00ednh chi ph\u00ed.<\/li>\n<li>X\u00e1c \u0111\u1ecbnh v\u00e0 \u0111\u1ecbnh l\u01b0\u1ee3ng t\u1ea5t c\u1ea3 c\u00e1c y\u1ebfu t\u1ed1 chi ph\u00ed li\u00ean quan \u0111\u1ebfn d\u1ef1 \u00e1n.<\/li>\n<li>S\u1eed d\u1ee5ng ph\u1ea7n m\u1ec1m m\u00e1y t\u00ednh \u0111\u1ec3 t\u00ednh d\u1ef1 to\u00e1n chi ph\u00ed.<\/li>\n<li>L\u1eadp v\u00e0 tr\u00ecnh b\u00e0y c\u00e1c b\u00e1o c\u00e1o chi ph\u00ed cho kh\u00e1ch h\u00e0ng.<\/li>\n<li>Xem x\u00e9t b\u00e1o c\u00e1o chi ti\u00eau trong t\u1ea5t c\u1ea3 c\u00e1c giai \u0111o\u1ea1n c\u1ee7a d\u1ef1 \u00e1n.<\/li>\n<\/ul>\n<p>K\u0129 n\u0103ng thi\u1ebft y\u1ebfu:<\/p>\n<ul>\n<li>Kinh nghi\u1ec7m l\u00e0m vi\u1ec7c v\u1edbi t\u01b0 c\u00e1ch l\u00e0 ng\u01b0\u1eddi \u01b0\u1edbc t\u00ednh chi ph\u00ed.<\/li>\n<li>Ki\u1ebfn th\u1ee9c n\u00e2ng cao v\u1ec1 quy tr\u00ecnh x\u00e2y d\u1ef1ng v\u00e0 k\u1ef9 thu\u1eadt.<\/li>\n<li>K\u1ef9 n\u0103ng to\u00e1n h\u1ecdc c\u1ea5p cao.<\/li>\n<li>C\u00f3 kh\u1ea3 n\u0103ng \u0111\u1ecdc v\u00e0 gi\u1ea3i th\u00edch c\u00e1c b\u1ea3n thi\u1ebft k\u1ebf.<\/li>\n<li>K\u1ef9 n\u0103ng giao ti\u1ebfp b\u1eb1ng l\u1eddi n\u00f3i v\u00e0 b\u1eb1ng v\u0103n b\u1ea3n.<\/li>\n<li>K\u1ef9 n\u0103ng ph\u00e2n t\u00edch n\u00e2ng cao.<\/li>\n<li>S\u1eed d\u1ee5ng th\u00e0nh th\u1ea1o ph\u1ea7n m\u1ec1m d\u1ef1 to\u00e1n tr\u00ean m\u00e1y t\u00ednh.<\/li>\n<li>K\u1ef9 n\u0103ng qu\u1ea3n l\u00fd d\u1ef1 \u00e1n t\u1ed1t.<\/li>\n<li>Kh\u1ea3 n\u0103ng di chuy\u1ec3n nhi\u1ec1u.<\/li>\n<\/ul>\n<p>Tr\u00ecnh \u0111\u1ed9 chuy\u00ean m\u00f4n: B\u1eb1ng c\u1eed nh\u00e2n v\u1ec1 k\u1ef9 thu\u1eadt, qu\u1ea3n l\u00fd x\u00e2y d\u1ef1ng ho\u1eb7c c\u00e1c l\u0129nh v\u1ef1c t\u01b0\u01a1ng t\u1ef1.<\/p><\/div><\/div><\/div>[\/vc_column_inner][\/vc_row_inner][\/vc_column][\/vc_row]\n<\/div>","protected":false},"excerpt":{"rendered":"<p>[vc_row top_margin=&#8221;0&#8243; bottom_margin=&#8221;0&#8243; css=&#8221;.vc_custom_1499912039446{margin-top: -30px !important;}&#8221;][vc_column][vc_row_inner][vc_column_inner][vc_empty_space height=&#8221;10px&#8221;][vc_empty_space height=&#8221;30px&#8221;][\/vc_column_inner][\/vc_row_inner][\/vc_column][\/vc_row]<\/p>\n","protected":false},"author":4,"featured_media":0,"parent":0,"menu_order":0,"comment_status":"closed","ping_status":"closed","template":"","meta":{"nf_dc_page":"","footnotes":""},"class_list":["post-10299","page","type-page","status-publish","hentry"],"_links":{"self":[{"href":"https:\/\/worknow.vn\/vi\/wp-json\/wp\/v2\/pages\/10299","targetHints":{"allow":["GET"]}}],"collection":[{"href":"https:\/\/worknow.vn\/vi\/wp-json\/wp\/v2\/pages"}],"about":[{"href":"https:\/\/worknow.vn\/vi\/wp-json\/wp\/v2\/types\/page"}],"author":[{"embeddable":true,"href":"https:\/\/worknow.vn\/vi\/wp-json\/wp\/v2\/users\/4"}],"replies":[{"embeddable":true,"href":"https:\/\/worknow.vn\/vi\/wp-json\/wp\/v2\/comments?post=10299"}],"version-history":[{"count":5,"href":"https:\/\/worknow.vn\/vi\/wp-json\/wp\/v2\/pages\/10299\/revisions"}],"predecessor-version":[{"id":12134,"href":"https:\/\/worknow.vn\/vi\/wp-json\/wp\/v2\/pages\/10299\/revisions\/12134"}],"wp:attachment":[{"href":"https:\/\/worknow.vn\/vi\/wp-json\/wp\/v2\/media?parent=10299"}],"curies":[{"name":"wp","href":"https:\/\/api.w.org\/{rel}","templated":true}]}}