{"id":10301,"date":"2022-08-09T06:47:51","date_gmt":"2022-08-09T06:47:51","guid":{"rendered":"https:\/\/worknow.vn\/enrolled-agent\/"},"modified":"2023-06-01T09:48:12","modified_gmt":"2023-06-01T09:48:12","slug":"co-van-thue","status":"publish","type":"page","link":"https:\/\/worknow.vn\/vi\/co-van-thue\/","title":{"rendered":"C\u1ed1 V\u1ea5n Thu\u1ebf"},"content":{"rendered":"<div class=\"wpb-content-wrapper\">[vc_row top_margin=&#8221;0&#8243; bottom_margin=&#8221;0&#8243; css=&#8221;.vc_custom_1499912039446{margin-top: -30px !important;}&#8221;][vc_column]<div class=\"shortcode-wrapper shortcode-title clearfix hb-animate-element hb-fade-in\"><p style=\"color:#878787!important;border-color:#878787\" class=\"hb-text-large aligncenter\">C\u1ed1 V\u1ea5n Thu\u1ebf<\/p><\/div>[vc_row_inner][vc_column_inner][vc_empty_space height=&#8221;10px&#8221;]<div class=\"shortcode-wrapper shortcode-icon-box clearfix\"><div class=\"feature-box alternative left-icon-box aligncenter\"><div class=\"feature-box-content\"><h4 class=\"bold\">M\u00f4 t\u1ea3 c\u00f4ng vi\u1ec7c C\u1ed1 V\u1ea5n Thu\u1ebf<\/h4><p>C\u1ed1 v\u1ea5n thu\u1ebf \u0111\u01b0\u1ee3c g\u1ecdi l\u00e0 chuy\u00ean gia thu\u1ebf. V\u1ecb tr\u00ed n\u00e0y c\u00f3 quy\u1ec1n \u0111\u1ea1i di\u1ec7n cho ng\u01b0\u1eddi n\u1ed9p thu\u1ebf v\u1ec1 c\u00e1c v\u1ea5n \u0111\u1ec1 gi\u1ea3i quy\u1ebft v\u1edbi C\u01a1 Quan Thu\u1ebf.. M\u1ed9t c\u1ed1 v\u1ea5n thu\u1ebf \u0111\u01b0\u1ee3c c\u1ea5p ph\u00e9p c\u00f3 nhi\u1ec1u nhi\u1ec7m v\u1ee5 v\u00e0 tr\u00e1ch nhi\u1ec7m, \u0111\u1ed1i v\u1edbi kh\u00e1ch h\u00e0ng c\u1ee7a h\u1ecd v\u00e0 C\u01a1 Quan Thu\u1ebf. Khi tr\u1edf th\u00e0nh m\u1ed9t c\u1ed1 v\u1ea5n thu\u1ebf, b\u1ea1n s\u1ebd c\u00f3 m\u1ed9t s\u1ed1 ngh\u0129a v\u1ee5 v\u00e0 m\u1ed9t trong nh\u1eefng ngh\u0129a v\u1ee5 \u0111\u1ea7u ti\u00ean l\u00e0 \u0111\u1ed1i v\u1edbi C\u01a1 Quan Thu\u1ebf. N\u1ebfu c\u01a1 quan y\u00eau c\u1ea7u b\u1ea1n cung c\u1ea5p t\u00e0i li\u1ec7u, b\u1ea1n ph\u1ea3i tu\u00e2n th\u1ee7 y\u00eau c\u1ea7u ho\u1eb7c tr\u00ecnh t\u1ef1 cung c\u1ea5p t\u00e0i li\u1ec7u. Khi b\u1ea1n nh\u1eadn \u0111\u01b0\u1ee3c m\u1ed9t y\u00eau c\u1ea7u nh\u01b0 v\u1eady, b\u1ea1n n\u00ean xem x\u00e9t k\u1ef9 l\u01b0\u1ee1ng v\u00e0 x\u00e1c \u0111\u1ecbnh r\u1eb1ng n\u00f3 tu\u00e2n theo lu\u1eadt thu\u1ebf v\u00e0 c\u00e1c t\u00e0i li\u1ec7u \u0111\u01b0\u1ee3c y\u00eau c\u1ea7u kh\u00f4ng vi ph\u1ea1m t\u00ednh b\u1ea3o m\u1eadt c\u1ee7a kh\u00e1ch h\u00e0ng b\u1ea1n. X\u00e9t cho c\u00f9ng, m\u1eb7c d\u00f9 \u0111i\u1ec1u quan tr\u1ecdng l\u00e0 ph\u1ea3i tu\u00e2n th\u1ee7 C\u01a1 Quan Thu\u1ebf, nh\u01b0ng \u0111i\u1ec1u quan tr\u1ecdng nh\u1ea5t l\u00e0 b\u1ea1n ph\u1ea3i th\u1ef1c hi\u1ec7n theo th\u1ecfa thu\u1eadn h\u1ee3p \u0111\u1ed3ng m\u00e0 b\u1ea1n c\u00f3 v\u1edbi kh\u00e1ch h\u00e0ng c\u1ee7a m\u00ecnh. B\u1ea1n kh\u00f4ng ch\u1ec9 \u0111\u01b0\u1ee3c y\u00eau c\u1ea7u g\u1eedi b\u1ea5t k\u1ef3 t\u00e0i li\u1ec7u y\u00eau c\u1ea7u h\u1ee3p ph\u00e1p n\u00e0o m\u00e0 c\u00f2n ph\u1ea3i ch\u1ee9ng th\u1ef1c tr\u01b0\u1edbc C\u01a1 Quan Thu\u1ebf . Khi b\u1ea1n l\u00e0m vi\u1ec7c v\u1edbi kh\u00e1ch h\u00e0ng, b\u1ea1n c\u00f3 nhi\u1ec7m v\u1ee5 th\u00f4ng b\u00e1o cho h\u1ecd v\u1ec1 c\u00e1c quy ch\u1ebf v\u00e0 quy t\u1eafc kh\u00e1c nhau. V\u00ed d\u1ee5: n\u1ebfu b\u1ea1n th\u1ea5y r\u1eb1ng h\u1ecd b\u1ecf s\u00f3t m\u1ed9t s\u1ed1 th\u00f4ng tin trong th\u1ee7 t\u1ee5c gi\u1ea5y t\u1edd khi n\u1ed9p h\u1ed3 s\u01a1, b\u1ea1n ph\u1ea3i cho h\u1ecd bi\u1ebft r\u1eb1ng h\u00e0nh \u0111\u1ed9ng c\u00f3 th\u1ec3 s\u1ebd d\u1eabn \u0111\u1ebfn h\u1eadu qu\u1ea3 nghi\u00eam tr\u1ecdng. Vi\u1ec7c kh\u00f4ng th\u00f4ng b\u00e1o sai cho kh\u00e1ch h\u00e0ng c\u00f3 th\u1ec3 d\u1eabn \u0111\u1ebfn h\u1eadu qu\u1ea3 x\u1ea5u cho c\u1ea3 b\u1ea1n v\u00e0 kh\u00e1ch h\u00e0ng c\u1ee7a b\u1ea1n. Nh\u1eefng lo\u1ea1i th\u1ea9m \u0111\u1ecbnh n\u00e0y \u0111\u01b0\u1ee3c y\u00eau c\u1ea7u trong su\u1ed1t qu\u00e1 tr\u00ecnh l\u00e0m vi\u1ec7c c\u1ee7a b\u1ea1n. B\u1ea1n c\u0169ng s\u1ebd c\u1ea7n th\u1ef1c hi\u1ec7n th\u1ea9m \u0111\u1ecbnh nghi\u00eam ng\u1eb7t trong c\u00e1c qu\u00e1 tr\u00ecnh c\u00f2n l\u1ea1i. M\u1ed7i s\u1ef1 ki\u1ec7n v\u00e0 con s\u1ed1, d\u00f9 \u0111\u01b0\u1ee3c chuy\u1ec3n cho b\u1ea1n b\u1eb1ng l\u1eddi n\u00f3i hay b\u1eb1ng v\u0103n b\u1ea3n \u0111\u1ec1u ph\u1ea3i \u0111\u01b0\u1ee3c x\u00e1c minh khi b\u1ea1n chu\u1ea9n b\u1ecb h\u1ed3 s\u01a1.<\/p>\n<p>C\u1ed1 v\u1ea5n thu\u1ebf c\u00f9ng t\u00ednh ch\u1ea5t v\u1edbi k\u1ebf to\u00e1n vi\u00ean, v\u00ec v\u1eady b\u1ea1n s\u1ebd c\u1ea7n ph\u1ea3i c\u00f3 \u0111\u1ecbnh h\u01b0\u1edbng chi ti\u1ebft, si\u00eang n\u0103ng v\u00e0 k\u1ef9 n\u0103ng ph\u00e2n t\u00edch cao. B\u1ea1n s\u1ebd c\u1ea7n ph\u1ea3i d\u00e0nh nhi\u1ec1u gi\u1edd \u0111\u1ec3 ph\u00e2n t\u00edch b\u1ea3ng t\u00ednh v\u00e0 \u0111\u00e1nh gi\u00e1 t\u00e0i li\u1ec7u t\u00e0i ch\u00ednh. M\u1eb7t kh\u00e1c, n\u1ebfu c\u00f4ng vi\u1ec7c c\u1ee7a b\u1ea1n t\u1eadp trung v\u00e0o c\u00e1c h\u1ed3 s\u01a1 thu\u1ebf c\u00e1 nh\u00e2n, b\u1ea1n s\u1ebd c\u1ea7n ph\u1ea3i c\u00f3 k\u1ef9 n\u0103ng l\u1eafng nghe v\u00e0 ph\u1ecfng v\u1ea5n t\u1ed1t. C\u00f3 ngh\u0129a l\u00e0, b\u1ea1n c\u00f3 th\u1ec3 ph\u1ea3i kh\u00f3 kh\u0103n suy lu\u1eadn c\u00e1c d\u1eef li\u1ec7u t\u00e0i ch\u00ednh b\u1eb1ng c\u00e1ch s\u1eed d\u1ee5ng c\u00e1c ph\u01b0\u01a1ng ph\u00e1p gi\u00e1n ti\u1ebfp. Nhi\u1ec1u kh\u00e1ch h\u00e0ng c\u1ee7a b\u1ea1n s\u1ebd kh\u00f4ng bi\u1ebft v\u1ec1 thu\u1eadt ng\u1eef chuy\u00ean m\u00f4n c\u1ee7a b\u1ea1n, v\u00ec v\u1eady b\u1ea1n s\u1ebd c\u1ea7n ph\u1ea3i gi\u1ea3i th\u00edch c\u00e1c y\u00eau c\u1ea7u \u0111\u1ec3 h\u1ecd hi\u1ec3u.<\/p>\n<p>C\u00e1c c\u1ed1 v\u1ea5n thu\u1ebf ph\u1ea3i \u0111\u1ea1t \u0111\u01b0\u1ee3c ch\u1ee9ng ch\u1ec9 cao nh\u1ea5t do C\u01a1 Quan Thu\u1ebf c\u1ea5p. C\u1ea7n ph\u1ea3i \u0111\u00e1p \u1ee9ng c\u00e1c y\u00eau c\u1ea7u c\u1ee5 th\u1ec3 n\u1ebfu b\u1ea1n \u0111\u1ecbnh tr\u1edf th\u00e0nh m\u1ed9t c\u1ed1 v\u1ea5n thu\u1ebf . B\u01b0\u1edbc \u0111\u1ea7u ti\u00ean s\u1ebd l\u00e0 l\u1ea5y s\u1ed1 \u0111\u1ecbnh danh ng\u01b0\u1eddi khai thu\u1ebf. B\u1ea1n c\u0169ng s\u1ebd c\u1ea7n ph\u1ea3i \u0111\u00e1p \u1ee9ng c\u00e1c ki\u1ec3m tra ph\u00f9 h\u1ee3p. N\u1ebfu b\u1ea1n mu\u1ed1n tr\u1edf th\u00e0nh m\u1ed9t c\u1ed1 v\u1ea5n thu\u1ebf, b\u1ea1n c\u0169ng s\u1ebd c\u1ea7n ph\u1ea3i v\u01b0\u1ee3t qua m\u1ed9t b\u00e0i ki\u1ec3m tra to\u00e0n di\u1ec7n g\u1ed3m ba ph\u1ea7n. K\u1ef3 thi n\u00e0y \u0111\u01b0\u1ee3c g\u1ecdi l\u00e0 K\u1ef3 thi Ghi danh \u0110\u1eb7c bi\u1ec7t. N\u00f3 s\u1ebd bao g\u1ed3m c\u00e1c lu\u1eadt kinh doanh v\u00e0 c\u00e1 nh\u00e2n, c\u00f9ng v\u1edbi c\u00e1c v\u1ea5n \u0111\u1ec1 v\u1ec1 \u0111\u1ea1i di\u1ec7n. B\u1ea1n c\u00f3 th\u1ec3 b\u1ecf qua k\u1ef3 thi n\u1ebfu b\u1ea1n c\u00f3 n\u0103m n\u0103m kinh nghi\u1ec7m l\u00e0m vi\u1ec7c cho C\u01a1 Quan Thu\u1ebf. B\u1ea1n s\u1ebd kh\u00f4ng c\u1ea7n b\u1eb1ng \u0111\u1ea1i h\u1ecdc \u0111\u1ec3 tr\u1edf th\u00e0nh m\u1ed9t c\u1ed1 v\u1ea5n thu\u1ebf. B\u1ea1n c\u0169ng kh\u00f4ng c\u1ea7n ph\u1ea3i c\u00f3 kinh nghi\u1ec7m v\u1ec1 k\u1ebf to\u00e1n ho\u1eb7c to\u00e1n h\u1ecdc. Tuy nhi\u00ean, ho\u00e0n th\u00e0nh kh\u00f3a \u0111\u00e0o t\u1ea1o v\u1ec1 thu\u1ebf c\u00f3 th\u1ec3 h\u1eefu \u00edch h\u01a1n. B\u1ea1n c\u00f3 th\u1ec3 b\u1eaft \u0111\u1ea7u v\u1edbi ch\u1ee9ng ch\u1ec9 nghi\u1ec7p v\u1ee5 thu\u1ebf. Sau khi ho\u00e0n th\u00e0nh ch\u01b0\u01a1ng tr\u00ecnh thu\u1ebf c\u01a1 b\u1ea3n, b\u1ea1n c\u00f3 th\u1ec3 chuy\u1ec3n sang ch\u01b0\u01a1ng tr\u00ecnh n\u00e2ng cao h\u01a1n \u0111\u1ec3 chu\u1ea9n b\u1ecb t\u1ed1t h\u01a1n. Tr\u1edf th\u00e0nh m\u1ed9t chuy\u00ean gia thu\u1ebf l\u00e0 m\u1ed9t b\u01b0\u1edbc quan tr\u1ecdng n\u1ebfu b\u1ea1n mu\u1ed1n tr\u1edf th\u00e0nh m\u1ed9t c\u1ed1 v\u1ea5n thu\u1ebf.<\/p><\/div><\/div><\/div>[vc_empty_space height=&#8221;30px&#8221;]<div class=\"shortcode-wrapper shortcode-icon-box clearfix\"><div class=\"feature-box alternative left-icon-box aligncenter\"><div class=\"feature-box-content\"><h4 class=\"bold\">Nhi\u1ec7m v\u1ee5 chung c\u1ee7a C\u1ed1 V\u1ea5n Thu\u1ebf<\/h4><p>\n<ul>\n<li>X\u1eed l\u00fd c\u00e1c v\u1ea5n \u0111\u1ec1, ch\u1eb3ng h\u1ea1n nh\u01b0 khi\u1ebfu n\u1ea1i thu\u1ebf, truy thu thu\u1ebf v\u00e0 ki\u1ec3m to\u00e1n<\/li>\n<li>T\u01b0 v\u1ea5n cho ng\u01b0\u1eddi n\u1ed9p thu\u1ebf<\/li>\n<li>L\u1eadp t\u1edd khai thu\u1ebf<\/li>\n<li>\u0110\u1ea1i di\u1ec7n cho ng\u01b0\u1eddi n\u1ed9p thu\u1ebf<\/li>\n<li>\u0110\u1ea1i di\u1ec7n cho b\u1ea5t \u0111\u1ed9ng s\u1ea3n, qu\u1ef9 t\u00edn th\u00e1c, c\u00f4ng ty v\u00e0 \u0111\u1ed1i t\u00e1c<\/li>\n<\/ul>\n<p>K\u1ef9 n\u0103ng:<\/p>\n<ul>\n<li>L\u1eafng nghe v\u00e0 hi\u1ec3u quan \u0111i\u1ec3m c\u1ee7a kh\u00e1ch h\u00e0ng<\/li>\n<li>Ph\u00e1t tri\u1ec3n c\u00e1c k\u1ef9 n\u0103ng \u0111\u1ec3 x\u00e2y d\u1ef1ng m\u1ed9t b\u1ea3n b\u00e1o c\u00e1o t\u1ed1t<\/li>\n<li>H\u00ecnh dung c\u00e1c chi\u1ebfn l\u01b0\u1ee3c thu\u1ebf<\/li>\n<li>Bi\u1ebft c\u00e1c m\u1eb9o v\u00e0 th\u1ee7 thu\u1eadt Excel<\/li>\n<li>H\u1ecdc c\u00e1ch qu\u1ea3n l\u00fd k\u1ef3 v\u1ecdng<\/li>\n<li>L\u00e0m vi\u1ec7c \u00edt nh\u1ea5t trong 3 n\u0103m<\/li>\n<li>C\u1ea3i thi\u1ec7n k\u1ef9 n\u0103ng giao ti\u1ebfp<\/li>\n<li>G\u1eafn k\u1ebft c\u00f9ng v\u1edbi AI v\u00e0 Robotic<\/li>\n<li>L\u00e0 m\u1ed9t ng\u01b0\u1eddi c\u00f3 \u0111\u1ea7u \u00f3c t\u01b0 duy<\/li>\n<\/ul>\n<p>B\u1eb1ng c\u1ea5p: IRS (C\u01a1 Quan Thu\u1ebf) kh\u00f4ng y\u00eau c\u1ea7u b\u1ea5t k\u1ef3 tr\u00ecnh \u0111\u1ed9 gi\u00e1o d\u1ee5c c\u1ee5 th\u1ec3 n\u00e0o \u0111\u1ec3 tr\u1edf th\u00e0nh m\u1ed9t c\u1ed1 v\u1ea5n thu\u1ebf. C\u00e1c \u1ee9ng vi\u00ean ph\u1ea3i v\u01b0\u1ee3t qua c\u00e1c ph\u1ea7n c\u1ee7a k\u1ef3 thi g\u1ed3m ba ph\u1ea7n v\u00e0 tr\u1ea3i qua m\u1ed9t cu\u1ed9c ki\u1ec3m tra l\u00fd l\u1ecbch t\u01b0 ph\u00e1p.<\/p><\/div><\/div><\/div>[\/vc_column_inner][\/vc_row_inner][\/vc_column][\/vc_row]\n<\/div>","protected":false},"excerpt":{"rendered":"<p>[vc_row top_margin=&#8221;0&#8243; bottom_margin=&#8221;0&#8243; css=&#8221;.vc_custom_1499912039446{margin-top: -30px !important;}&#8221;][vc_column][vc_row_inner][vc_column_inner][vc_empty_space height=&#8221;10px&#8221;][vc_empty_space height=&#8221;30px&#8221;][\/vc_column_inner][\/vc_row_inner][\/vc_column][\/vc_row]<\/p>\n","protected":false},"author":4,"featured_media":0,"parent":0,"menu_order":0,"comment_status":"closed","ping_status":"closed","template":"","meta":{"nf_dc_page":"","footnotes":""},"class_list":["post-10301","page","type-page","status-publish","hentry"],"_links":{"self":[{"href":"https:\/\/worknow.vn\/vi\/wp-json\/wp\/v2\/pages\/10301","targetHints":{"allow":["GET"]}}],"collection":[{"href":"https:\/\/worknow.vn\/vi\/wp-json\/wp\/v2\/pages"}],"about":[{"href":"https:\/\/worknow.vn\/vi\/wp-json\/wp\/v2\/types\/page"}],"author":[{"embeddable":true,"href":"https:\/\/worknow.vn\/vi\/wp-json\/wp\/v2\/users\/4"}],"replies":[{"embeddable":true,"href":"https:\/\/worknow.vn\/vi\/wp-json\/wp\/v2\/comments?post=10301"}],"version-history":[{"count":5,"href":"https:\/\/worknow.vn\/vi\/wp-json\/wp\/v2\/pages\/10301\/revisions"}],"predecessor-version":[{"id":12135,"href":"https:\/\/worknow.vn\/vi\/wp-json\/wp\/v2\/pages\/10301\/revisions\/12135"}],"wp:attachment":[{"href":"https:\/\/worknow.vn\/vi\/wp-json\/wp\/v2\/media?parent=10301"}],"curies":[{"name":"wp","href":"https:\/\/api.w.org\/{rel}","templated":true}]}}