{"id":10303,"date":"2022-08-09T06:48:46","date_gmt":"2022-08-09T06:48:46","guid":{"rendered":"https:\/\/worknow.vn\/forensic-accountant\/"},"modified":"2023-06-01T09:48:12","modified_gmt":"2023-06-01T09:48:12","slug":"ke-toan-dieu-tra","status":"publish","type":"page","link":"https:\/\/worknow.vn\/vi\/ke-toan-dieu-tra\/","title":{"rendered":"K\u1ebf To\u00e1n \u0110i\u1ec1u Tra"},"content":{"rendered":"<div class=\"wpb-content-wrapper\">[vc_row top_margin=&#8221;0&#8243; bottom_margin=&#8221;0&#8243; css=&#8221;.vc_custom_1499912039446{margin-top: -30px !important;}&#8221;][vc_column]<div class=\"shortcode-wrapper shortcode-title clearfix hb-animate-element hb-fade-in\"><p style=\"color:#878787!important;border-color:#878787\" class=\"hb-text-large aligncenter\">K\u1ebf To\u00e1n \u0110i\u1ec1u Tra<\/p><\/div>[vc_row_inner][vc_column_inner][vc_empty_space height=&#8221;10px&#8221;]<div class=\"shortcode-wrapper shortcode-icon-box clearfix\"><div class=\"feature-box alternative left-icon-box aligncenter\"><div class=\"feature-box-content\"><h4 class=\"bold\">M\u00f4 t\u1ea3 c\u00f4ng vi\u1ec7c K\u1ebf To\u00e1n Ph\u00e1p L\u00fd<\/h4><p>K\u1ebf to\u00e1n \u0111i\u1ec1u tra ki\u1ec3m tra c\u00e1c gian l\u1eadn, h\u1ed1i l\u1ed9, r\u1eeda ti\u1ec1n v\u00e0 bi\u1ec3n th\u1ee7 b\u1eb1ng c\u00e1ch ph\u00e2n t\u00edch h\u1ed3 s\u01a1 v\u00e0 giao d\u1ecbch t\u00e0i ch\u00ednh, truy t\u00ecm t\u00e0i s\u1ea3n, v.v. Gian l\u1eadn ch\u1ee9ng kho\u00e1n, chi\u1ebfm \u0111o\u1ea1t t\u00e0i s\u1ea3n, x\u00e1c \u0111\u1ecbnh h\u00e0nh vi tr\u1ed9m c\u1eafp, tranh ch\u1ea5p b\u1ed3i th\u01b0\u1eddng v\u00e0 vi ph\u1ea1m nh\u00e3n hi\u1ec7u, b\u1eb1ng s\u00e1ng ch\u1ebf ch\u1ec9 l\u00e0 m\u1ed9t s\u1ed1 l\u0129nh v\u1ef1c tr\u1ecdng t\u00e2m c\u1ee7a k\u1ebf to\u00e1n \u0111i\u1ec1u tra. \u0110\u01a1n v\u1ecb \u0111i\u1ec1u tra gian l\u1eadn c\u1ee7a c\u00e1c t\u1eadp \u0111o\u00e0n v\u00e0 t\u1ed5 ch\u1ee9c t\u00e0i ch\u00ednh, th\u01b0\u1eddng t\u00ecm \u0111\u1ebfn nh\u1eefng chuy\u00ean gia c\u00f3 tay ngh\u1ec1 cao n\u00e0y \u0111\u1ec3 \u0111\u01b0\u1ee3c gi\u00fap \u0111\u1ee1 trong vi\u1ec7c ph\u00e1t hi\u1ec7n v\u00e0 ph\u00e2n t\u00edch b\u1eb1ng ch\u1ee9ng \u0111\u01b0\u1ee3c s\u1eed d\u1ee5ng \u0111\u1ec3 gi\u1ea3i quy\u1ebft v\u00e0 truy t\u1ed1 t\u1ed9i ph\u1ea1m t\u00e0i ch\u00ednh. C\u00e1c nh\u00f3m ph\u00e1p l\u00fd c\u0169ng y\u00eau c\u1ea7u k\u1ebf to\u00e1n \u0111i\u1ec1u tra l\u00e0m nh\u00e2n ch\u1ee9ng gi\u00e1m \u0111\u1ecbnh cho c\u00e1c v\u1ee5 vi\u1ec7c c\u1ee7a h\u1ecd. C\u00e1c c\u00f4ng ty \u0111ang ng\u00e0y c\u00e0ng t\u00ecm ki\u1ebfm c\u00e1c k\u1ebf to\u00e1n vi\u00ean \u0111i\u1ec1u tra trong c\u00e1c b\u1ed9 ph\u1eadn ki\u1ec3m to\u00e1n n\u1ed9i b\u1ed9, t\u00e0i ch\u00ednh, tu\u00e2n th\u1ee7 v\u00e0 \u0111i\u1ec1u tra to\u00e0n c\u1ea7u c\u1ee7a h\u1ecd.<br \/>\nGi\u1ed1ng nh\u01b0 t\u1ea5t c\u1ea3 c\u00e1c lo\u1ea1i k\u1ebf to\u00e1n, k\u1ebf to\u00e1n \u0111i\u1ec1u tra ph\u1ea3i \u0111\u01b0\u1ee3c \u0111\u1ecbnh h\u01b0\u1edbng chi ti\u1ebft. Qu\u00e1 tr\u00ecnh ph\u00e1t hi\u1ec7n c\u00e1c b\u1ea5t th\u01b0\u1eddng v\u1ec1 t\u00e0i ch\u00ednh v\u00e0 ghi nh\u1eadn c\u00e1c ch\u00eanh l\u1ec7ch nh\u1ecf c\u00f3 th\u1ec3 ch\u1ec9 ra m\u1ed9t d\u1ea1ng gian l\u1eadn l\u1edbn h\u01a1n \u0111\u00f2i h\u1ecfi s\u1ef1 t\u1eadp trung v\u00e0 ch\u00fa \u00fd c\u1ea9n th\u1eadn. K\u1ebf to\u00e1n \u0111i\u1ec1u tra d\u00e0nh nhi\u1ec1u th\u1eddi gian \u0111\u1ec3 xem x\u00e9t v\u00e0 gi\u1ea3i th\u00edch c\u00e1c con s\u1ed1. K\u1ef9 n\u0103ng l\u1eafng nghe t\u1ed1t l\u00e0 m\u1ed9t ph\u1ea7n quan tr\u1ecdng c\u1ee7a t\u1ed5ng th\u1ec3 k\u1ef9 n\u0103ng ph\u1ecfng v\u1ea5n m\u00e0 k\u1ebf to\u00e1n \u0111i\u1ec1u tra c\u0169ng c\u1ea7n ph\u1ea3i c\u00f3. K\u1ef9 n\u0103ng ph\u00e2n t\u00edch l\u00e0 quan tr\u1ecdng \u0111\u1ed1i v\u1edbi t\u1ea5t c\u1ea3 c\u00e1c k\u1ebf to\u00e1n vi\u00ean. Trong tr\u01b0\u1eddng h\u1ee3p c\u1ee7a m\u1ed9t k\u1ebf to\u00e1n \u0111i\u1ec1u tra, k\u1ef9 n\u0103ng ph\u00e2n t\u00edch l\u00e0 c\u1ea7n thi\u1ebft trong su\u1ed1t qu\u00e1 tr\u00ecnh xem x\u00e9t c\u00e1c t\u00e0i li\u1ec7u v\u00e0 con s\u1ed1 trong khi ph\u1ecfng v\u1ea5n m\u1ecdi ng\u01b0\u1eddi. K\u1ebf to\u00e1n \u0111i\u1ec1u tra sau \u0111\u00f3 s\u1ebd s\u1eed d\u1ee5ng nh\u1eefng k\u1ef9 n\u0103ng ph\u00e2n t\u00edch \u0111\u00f3 \u0111\u1ec3 x\u00e2y d\u1ef1ng m\u1ed9t b\u1ee9c tranh v\u1ec1 th\u1ec3 lo\u1ea1i t\u1ed9i ph\u1ea1m t\u00e0i ch\u00ednh n\u00e0o c\u00f3 th\u1ec3 \u0111\u00e3 x\u1ea3y ra \u0111\u1ec3 tr\u00ecnh b\u00e0y b\u1eb1ng ch\u1ee9ng \u0111\u00f3 cho ng\u01b0\u1eddi kh\u00e1c. K\u1ebf to\u00e1n \u0111i\u1ec1u tra c\u1ea7n k\u1ef9 n\u0103ng giao ti\u1ebfp nhi\u1ec1u h\u01a1n l\u00e0 ch\u1ec9 th\u1ea9m v\u1ea5n. H\u1ecd c\u1ea7n c\u00f3 kh\u1ea3 n\u0103ng truy\u1ec1n \u0111\u1ea1t r\u00f5 r\u00e0ng k\u1ebft lu\u1eadn c\u1ee7a m\u00ecnh b\u1eb1ng c\u1ea3 h\u00ecnh th\u1ee9c n\u00f3i v\u00e0 v\u0103n b\u1ea3n. H\u1ecd c\u00f3 th\u1ec3 h\u1ee3p t\u00e1c v\u1edbi c\u00e1c c\u01a1 quan h\u00e0nh ph\u00e1p v\u00e0 t\u00f2a \u00e1n. \u0110i\u1ec1u quan tr\u1ecdng l\u00e0 nh\u1eefng ng\u01b0\u1eddi k\u1ebf to\u00e1n \u0111i\u1ec1u tra ph\u1ea3i c\u00f3 kh\u1ea3 n\u0103ng th\u00edch \u1ee9ng v\u00e0 gi\u1ea3i quy\u1ebft c\u00e1c v\u1ea5n \u0111\u1ec1 m\u1ed9t c\u00e1ch hi\u1ec7u qu\u1ea3. Qu\u00e1 tr\u00ecnh \u0111i\u1ec1u tra c\u00f3 th\u1ec3 thay \u0111\u1ed5i nhanh ch\u00f3ng d\u1ef1a tr\u00ean th\u00f4ng tin m\u1edbi ho\u1eb7c m\u1ed9t s\u1ed1 y\u1ebfu t\u1ed1 kh\u00e1c. M\u1ed9t k\u1ebf to\u00e1n vi\u00ean \u0111i\u1ec1u tra c\u1ea7n ph\u1ea3i c\u00f3 s\u1ef1 s\u00e1ng t\u1ea1o \u0111\u1ec3 t\u01b0\u1edfng t\u01b0\u1ee3ng ra c\u00e1c t\u00ecnh hu\u1ed1ng, kh\u1ea3 n\u0103ng kh\u00e1c nhau v\u00e0 xem x\u00e9t li\u1ec7u ch\u00fang c\u00f3 ph\u00f9 h\u1ee3p v\u1edbi c\u00e1c b\u1eb1ng ch\u1ee9ng hay kh\u00f4ng.<br \/>\n\u0110\u1ec3 tr\u1edf th\u00e0nh m\u1ed9t k\u1ebf to\u00e1n \u0111i\u1ec1u tra, tr\u01b0\u1edbc ti\u00ean b\u1ea1n c\u1ea7n ph\u1ea3i c\u00f3 b\u1eb1ng c\u1eed nh\u00e2n ho\u1eb7c th\u1ea1c s\u0129 v\u1ec1 k\u1ebf to\u00e1n ho\u1eb7c t\u00e0i ch\u00ednh. M\u1ed9t s\u1ed1 tr\u01b0\u1eddng cung c\u1ea5p b\u1eb1ng k\u1ebf to\u00e1n \u0111i\u1ec1u tra ch\u00ednh th\u1ee9c, sinh vi\u00ean chuy\u00ean ng\u00e0nh k\u1ebf to\u00e1n ho\u1eb7c t\u00e0i ch\u00ednh c\u0169ng c\u00f3 th\u1ec3 t\u00f9y ch\u1ec9nh kh\u1ed1i l\u01b0\u1ee3ng ch\u01b0\u01a1ng tr\u00ecnh c\u1ee7a m\u00ecnh, b\u1ed5 sung c\u00e1c kh\u00f3a h\u1ecdc v\u1ec1 t\u01b0 ph\u00e1p h\u00ecnh s\u1ef1. M\u1eb7c d\u00f9 kh\u00f4ng y\u00eau c\u1ea7u gi\u1ea5y ph\u00e9p c\u1ee5 th\u1ec3 n\u00e0o \u0111\u1ec3 tr\u1edf th\u00e0nh k\u1ebf to\u00e1n \u0111i\u1ec1u tra, b\u1ea1n c\u00f3 th\u1ec3 n\u00ean d\u1ef1 \u0111\u1ecbnh tham gia k\u1ef3 thi Ch\u1ee9ng nh\u1eadn gian l\u1eadn gi\u00e1m \u0111\u1ecbnh () \u0111\u1ec3 \u0111\u1ea1t \u0111\u01b0\u1ee3c ch\u1ee9ng ch\u1ec9 CFE. M\u1eb7c d\u00f9 \u0111\u00e2y kh\u00f4ng ph\u1ea3i l\u00e0 y\u00eau c\u1ea7u c\u1ea7n thi\u1ebft \u0111\u1ec3 tr\u1edf th\u00e0nh m\u1ed9t k\u1ebf to\u00e1n vi\u00ean \u0111i\u1ec1u tra, nh\u01b0ng n\u00f3 s\u1ebd gi\u00fap c\u00e1c c\u00e1 nh\u00e2n tr\u1edf n\u00ean n\u1ed5i b\u1eadt, ch\u1ee9ng minh \u0111\u01b0\u1ee3c tr\u00ecnh \u0111\u1ed9 chuy\u00ean m\u00f4n cao trong l\u0129nh v\u1ef1c th\u00edch h\u1ee3p n\u00e0y. \u0110\u1ea1t ch\u1ee9ng ch\u1ec9 CFE b\u1ea1n c\u00f3 th\u1ec3 ki\u1ebfm \u0111\u01b0\u1ee3c m\u1ee9c l\u01b0\u01a1ng cao h\u01a1n kho\u1ea3ng 30% so v\u1edbi nh\u1eefng ng\u01b0\u1eddi kh\u00f4ng c\u00f3 ch\u1ee9ng ch\u1ec9. C\u00e1c k\u1ebf to\u00e1n vi\u00ean \u0111i\u1ec1u tra \u0111\u01b0\u1ee3c ch\u1ee9ng nh\u1eadn c\u0169ng ph\u1ea3i \u0111\u1ecbnh k\u1ef3 tham gia c\u00e1c kh\u00f3a h\u1ecdc li\u00ean t\u1ee5c \u0111\u1ec3 gi\u1eef b\u1eb1ng c\u1ea5p c\u1ee7a h\u1ecd.<\/p><\/div><\/div><\/div>[vc_empty_space height=&#8221;30px&#8221;]<div class=\"shortcode-wrapper shortcode-icon-box clearfix\"><div class=\"feature-box alternative left-icon-box aligncenter\"><div class=\"feature-box-content\"><h4 class=\"bold\">Nhi\u1ec7m v\u1ee5 chung c\u1ee7a K\u1ebf To\u00e1n \u0110i\u1ec1u Tra<\/h4><p>\n<ul>\n<li>Xem x\u00e9t t\u00e0i li\u1ec7u \u0111\u1ec3 \u0111\u00e1nh gi\u00e1 tr\u01b0\u1eddng h\u1ee3p v\u00e0 x\u00e1c \u0111\u1ecbnh c\u00e1c khu v\u1ef1c t\u1ed5n th\u1ea5t t\u00e0i ch\u00ednh<\/li>\n<li>\u0110\u1ea1t \u0111\u01b0\u1ee3c t\u00e0i li\u1ec7u c\u1ea7n thi\u1ebft \u0111\u1ec3 h\u1ed7 tr\u1ee3 ho\u1eb7c b\u00e1c b\u1ecf m\u1ed9t y\u00eau c\u1ea7u<\/li>\n<li>Gi\u00fap lu\u1eadt s\u01b0 \u0111\u1eb7t khung c\u00e2u h\u1ecfi trong b\u1ed1i c\u1ea3nh t\u00e0i ch\u00ednh th\u00edch h\u1ee3p, c\u1ea3 tr\u01b0\u1edbc v\u00e0 trong khi x\u00e9t x\u1eed<\/li>\n<li>Gi\u00fap d\u00e0n x\u1ebfp c\u00e1c cu\u1ed9c th\u1ea3o lu\u1eadn v\u00e0 th\u01b0\u01a1ng l\u01b0\u1ee3ng.<\/li>\n<\/ul>\n<p>K\u1ef9 n\u0103ng:<\/p>\n<ul>\n<li>Gi\u1ea3i quy\u1ebft v\u1ea5n \u0111\u1ec1<\/li>\n<li>Ch\u00fa \u00fd \u0111\u1ebfn chi ti\u1ebft<\/li>\n<li>K\u1ef9 n\u0103ng giao ti\u1ebfp<\/li>\n<li>C\u00e1ch ti\u1ebfp c\u1eadn logic<\/li>\n<li>\u00c1p d\u1ee5ng lu\u1eadt<\/li>\n<\/ul>\n<p>Tr\u00ecnh \u0111\u1ed9: K\u1ebf to\u00e1n ho\u1eb7c ch\u01b0\u01a1ng tr\u00ecnh t\u00e0i ch\u00ednh; Ch\u1ee9ng nh\u1eadn gian l\u1eadn gi\u00e1m \u0111\u1ecbnh (CFE)<\/p><\/div><\/div><\/div>[\/vc_column_inner][\/vc_row_inner][\/vc_column][\/vc_row]\n<\/div>","protected":false},"excerpt":{"rendered":"<p>[vc_row top_margin=&#8221;0&#8243; bottom_margin=&#8221;0&#8243; css=&#8221;.vc_custom_1499912039446{margin-top: -30px !important;}&#8221;][vc_column][vc_row_inner][vc_column_inner][vc_empty_space height=&#8221;10px&#8221;][vc_empty_space height=&#8221;30px&#8221;][\/vc_column_inner][\/vc_row_inner][\/vc_column][\/vc_row]<\/p>\n","protected":false},"author":4,"featured_media":0,"parent":0,"menu_order":0,"comment_status":"closed","ping_status":"closed","template":"","meta":{"nf_dc_page":"","footnotes":""},"class_list":["post-10303","page","type-page","status-publish","hentry"],"_links":{"self":[{"href":"https:\/\/worknow.vn\/vi\/wp-json\/wp\/v2\/pages\/10303","targetHints":{"allow":["GET"]}}],"collection":[{"href":"https:\/\/worknow.vn\/vi\/wp-json\/wp\/v2\/pages"}],"about":[{"href":"https:\/\/worknow.vn\/vi\/wp-json\/wp\/v2\/types\/page"}],"author":[{"embeddable":true,"href":"https:\/\/worknow.vn\/vi\/wp-json\/wp\/v2\/users\/4"}],"replies":[{"embeddable":true,"href":"https:\/\/worknow.vn\/vi\/wp-json\/wp\/v2\/comments?post=10303"}],"version-history":[{"count":5,"href":"https:\/\/worknow.vn\/vi\/wp-json\/wp\/v2\/pages\/10303\/revisions"}],"predecessor-version":[{"id":12136,"href":"https:\/\/worknow.vn\/vi\/wp-json\/wp\/v2\/pages\/10303\/revisions\/12136"}],"wp:attachment":[{"href":"https:\/\/worknow.vn\/vi\/wp-json\/wp\/v2\/media?parent=10303"}],"curies":[{"name":"wp","href":"https:\/\/api.w.org\/{rel}","templated":true}]}}