{"id":10305,"date":"2022-08-09T06:49:49","date_gmt":"2022-08-09T06:49:49","guid":{"rendered":"https:\/\/worknow.vn\/appraiser\/"},"modified":"2023-06-01T09:48:19","modified_gmt":"2023-06-01T09:48:19","slug":"tham-dinh-vien","status":"publish","type":"page","link":"https:\/\/worknow.vn\/vi\/tham-dinh-vien\/","title":{"rendered":"Th\u1ea9m \u0110\u1ecbnh Vi\u00ean"},"content":{"rendered":"<div class=\"wpb-content-wrapper\">[vc_row top_margin=&#8221;0&#8243; bottom_margin=&#8221;0&#8243; css=&#8221;.vc_custom_1499912039446{margin-top: -30px !important;}&#8221;][vc_column]<div class=\"shortcode-wrapper shortcode-title clearfix hb-animate-element hb-fade-in\"><p style=\"color:#878787!important;border-color:#878787\" class=\"hb-text-large aligncenter\">Th\u1ea9m \u0110\u1ecbnh Vi\u00ean<\/p><\/div>[vc_row_inner][vc_column_inner][vc_empty_space height=&#8221;10px&#8221;]<div class=\"shortcode-wrapper shortcode-icon-box clearfix\"><div class=\"feature-box alternative left-icon-box aligncenter\"><div class=\"feature-box-content\"><h4 class=\"bold\">M\u00f4 t\u1ea3 c\u00f4ng vi\u1ec7c Th\u1ea9m \u0110\u1ecbnh Vi\u00ean<\/h4><p>M\u1ed9t gi\u00e1m \u0111\u1ecbnh vi\u00ean ho\u1eb7c th\u1ea9m \u0111\u1ecbnh vi\u00ean \u0111\u00e1nh gi\u00e1 m\u1ed9t ph\u1ea7n t\u00e0i s\u1ea3n v\u00e0 t\u00ednh to\u00e1n gi\u00e1 tr\u1ecb c\u1ee7a n\u00f3 \u0111\u1ec3 t\u1ea1o ra\u00a0 b\u00e1o c\u00e1o truy\u1ec1n \u0111\u1ea1t gi\u00e1 tr\u1ecb \u01b0\u1edbc t\u00ednh c\u1ee7a t\u00e0i s\u1ea3n, c\u0169ng nh\u01b0 c\u01a1 s\u1edf cho vi\u1ec7c t\u00ednh to\u00e1n. M\u1ed9t s\u1ed1 gi\u00e1m \u0111\u1ecbnh vi\u00ean ho\u1eb7c chuy\u00ean gia th\u1ea9m \u0111\u1ecbnh chuy\u00ean v\u1ec1 b\u1ea5t \u0111\u1ed9ng s\u1ea3n, bao g\u1ed3m b\u1ea5t \u0111\u1ed9ng s\u1ea3n nh\u00e0 \u1edf ho\u1eb7c th\u01b0\u01a1ng m\u1ea1i. Nh\u1eefng ng\u01b0\u1eddi kh\u00e1c t\u1eadp trung v\u00e0o vi\u1ec7c x\u00e1c \u0111\u1ecbnh gi\u00e1 tr\u1ecb c\u1ee7a t\u00e0i s\u1ea3n c\u00e1 nh\u00e2n, c\u00f3 th\u1ec3 bao g\u1ed3m \u00f4 t\u00f4, t\u00e0u thuy\u1ec1n, \u0111\u1ed3 c\u1ed5 v\u00e0 \u0111\u1ed3 trang s\u1ee9c. S\u1ed1 c\u00f2n l\u1ea1i chuy\u00ean \u0111\u00e1nh gi\u00e1 t\u00e0i s\u1ea3n kinh doanh, bao g\u1ed3m t\u00e0i s\u1ea3n kinh doanh h\u1eefu h\u00ecnh, ch\u1eb3ng h\u1ea1n nh\u01b0 m\u00e1y m\u00f3c v\u00e0 thi\u1ebft b\u1ecb, v\u00e0 t\u00e0i s\u1ea3n kinh doanh v\u00f4 h\u00ecnh, ch\u1eb3ng h\u1ea1n nh\u01b0 nh\u00e3n hi\u1ec7u, b\u1eb1ng s\u00e1ng ch\u1ebf v\u00e0 t\u00e0i s\u1ea3n tr\u00ed tu\u1ec7. Gi\u00e1m \u0111\u1ecbnh vi\u00ean v\u00e0 th\u1ea9m \u0111\u1ecbnh vi\u00ean \u0111\u00f3ng m\u1ed9t vai tr\u00f2 \u0111\u1eb7c bi\u1ec7t quan tr\u1ecdng trong th\u1ecb tr\u01b0\u1eddng b\u1ea5t \u0111\u1ed9ng s\u1ea3n v\u00ec gi\u00e1 tr\u1ecb c\u1ee7a b\u1ea5t \u0111\u1ed9ng s\u1ea3n ph\u1ea3i \u0111\u01b0\u1ee3c \u01b0\u1edbc t\u00ednh b\u1ea5t c\u1ee9 khi n\u00e0o n\u00f3 \u0111\u01b0\u1ee3c mua, b\u00e1n, \u0111\u00e1nh thu\u1ebf, th\u1ebf ch\u1ea5p ho\u1eb7c b\u1ea3o hi\u1ec3m. Th\u1ea9m \u0111\u1ecbnh vi\u00ean l\u00e0m vi\u1ec7c thay m\u1eb7t ch\u00ednh quy\u1ec1n \u0111\u1ecba ph\u01b0\u01a1ng; h\u1ecd \u01b0\u1edbc t\u00ednh gi\u00e1 tr\u1ecb c\u1ee7a t\u00e0i s\u1ea3n nh\u1eb1m m\u1ee5c \u0111\u00edch \u0111\u00e1nh thu\u1ebf t\u00e0i s\u1ea3n \u0111\u1ecba ph\u01b0\u01a1ng. M\u1eb7t kh\u00e1c, ng\u01b0\u1eddi th\u1ea9m \u0111\u1ecbnh l\u1ea1i l\u00e0m vi\u1ec7c cho c\u00e1c kh\u00e1ch h\u00e0ng t\u01b0 nh\u00e2n, \u0111\u1ed9c l\u1eadp; \u01b0\u1edbc t\u00ednh gi\u00e1 tr\u1ecb c\u1ee7a ch\u00fang c\u00f3 th\u1ec3 \u0111\u01b0\u1ee3c s\u1eed d\u1ee5ng \u0111\u1ec3 \u0111\u1ecbnh gi\u00e1 b\u00e1n m\u1ed9t c\u0103n nh\u00e0, \u1ea5n \u0111\u1ecbnh ph\u00ed b\u1ea3o hi\u1ec3m v\u00e0 gi\u1edbi h\u1ea1n b\u1ea3o hi\u1ec3m, ho\u1eb7c x\u00e1c \u0111\u1ecbnh s\u1ed1 ti\u1ec1n ng\u00e2n h\u00e0ng cho ng\u01b0\u1eddi mua nh\u00e0 vay. B\u1edfi v\u00ec c\u00e1c \u01b0\u1edbc t\u00ednh \u0111\u1ecbnh gi\u00e1 cho c\u00e1c m\u1ee5c \u0111\u00edch kh\u00e1c nhau v\u00e0 s\u1eed d\u1ee5ng c\u00e1c ph\u01b0\u01a1ng ph\u00e1p kh\u00e1c nhau, ng\u01b0\u1eddi gi\u00e1m \u0111\u1ecbnh v\u00e0 th\u1ea9m \u0111\u1ecbnh gi\u00e1 \u0111\u00f4i khi c\u00f3 th\u1ec3 \u0111\u01b0a ra gi\u00e1 tr\u1ecb kh\u00e1c nhau cho m\u1ed9t ph\u1ea7n t\u00e0i s\u1ea3n. Th\u1ea9m \u0111\u1ecbnh vi\u00ean b\u1ea5t \u0111\u1ed9ng s\u1ea3n l\u00e0 ng\u01b0\u1eddi \u0111\u00e1nh gi\u00e1 chuy\u00ean nghi\u1ec7p v\u1ec1 gi\u00e1 tr\u1ecb t\u00e0i s\u1ea3n. H\u1ecd t\u00ednh \u0111\u1ebfn c\u00e1c y\u1ebfu t\u1ed1 kh\u00e1c nhau \u2014 bao g\u1ed3m t\u00ecnh tr\u1ea1ng c\u1ee7a b\u1ea5t \u0111\u1ed9ng s\u1ea3n, k\u00edch th\u01b0\u1edbc l\u00f4 \u0111\u1ea5t, n\u00e2ng c\u1ea5p, ti\u1ec7n nghi v\u00e0 v\u1ecb tr\u00ed \u2014 \u0111\u1ec3 x\u00e1c \u0111\u1ecbnh gi\u00e1 tr\u1ecb c\u1ee7a n\u00f3. H\u1ecd c\u0169ng xem x\u00e9t b\u1ed1i c\u1ea3nh c\u1ee7a th\u1ecb tr\u01b0\u1eddng. Sau khi ho\u00e0n th\u00e0nh \u0111\u00e1nh gi\u00e1 c\u1ee7a m\u00ecnh, h\u1ecd s\u1ebd \u0111\u01b0a ra th\u1ea9m \u0111\u1ecbnh v\u1ec1 s\u1ea3n ph\u1ea9m m\u00e0 h\u1ecd \u0111\u00e3 \u0111\u00e1nh gi\u00e1.<\/p>\n<p>C\u00e1c nh\u00e0 th\u1ea9m \u0111\u1ecbnh b\u1ea5t \u0111\u1ed9ng s\u1ea3n th\u01b0\u1eddng xuy\u00ean l\u00e0m vi\u1ec7c v\u1edbi nhi\u1ec1u ng\u01b0\u1eddi kh\u00e1c nhau, cho d\u00f9 h\u1ecd \u0111ang b\u00e1n d\u1ecbch v\u1ee5 c\u1ee7a m\u00ecnh, g\u1eb7p g\u1ee1 ch\u1ee7 s\u1edf h\u1eefu b\u1ea5t \u0111\u1ed9ng s\u1ea3n ho\u1eb7c t\u01b0\u01a1ng t\u00e1c v\u1edbi kh\u00e1ch h\u00e0ng. Kh\u1ea3 n\u0103ng giao ti\u1ebfp hi\u1ec7u qu\u1ea3 v\u1edbi m\u1ecdi ng\u01b0\u1eddi l\u00e0 m\u1ed9t ph\u1ea7n quan tr\u1ecdng c\u1ee7a d\u1ecbch v\u1ee5 kh\u00e1ch h\u00e0ng. Th\u1ea9m \u0111\u1ecbnh vi\u00ean b\u1ea5t \u0111\u1ed9ng s\u1ea3n l\u00e0m vi\u1ec7c \u0111\u1ed3ng th\u1eddi v\u1edbi nhi\u1ec1u kh\u00e1ch h\u00e0ng, s\u1eed d\u1ee5ng nhi\u1ec1u ngu\u1ed3n th\u00f4ng tin kh\u00e1c nhau v\u00e0 ph\u1ea3i \u0111i\u1ec1u tra to\u00e0n b\u1ed9 c\u00e1c b\u1ea5t \u0111\u1ed9ng s\u1ea3n \u0111ang \u0111\u01b0\u1ee3c th\u1ea9m \u0111\u1ecbnh. T\u1ed5 ch\u1ee9c l\u00e0 m\u1ed9t ph\u1ea7n quan tr\u1ecdng trong c\u00f4ng vi\u1ec7c c\u1ee7a th\u1ea9m \u0111\u1ecbnh vi\u00ean b\u1ea5t \u0111\u1ed9ng s\u1ea3n. M\u1ecdi th\u1ea9m \u0111\u1ecbnh b\u1ea5t \u0111\u1ed9ng s\u1ea3n \u0111\u1ec1u c\u00f3 th\u1eddi h\u1ea1n v\u00e0 m\u1ed9t s\u1ed1 c\u00f3 th\u1ec3 c\u00f3 th\u1eddi h\u1ea1n r\u1ea5t ng\u1eafn. Kh\u1ea3 n\u0103ng qu\u1ea3n l\u00fd th\u1eddi gian l\u00e0 r\u1ea5t quan tr\u1ecdng \u0111\u1ec3 \u0111\u1ea3m b\u1ea3o vi\u1ec7c th\u1ea9m \u0111\u1ecbnh \u0111\u01b0\u1ee3c th\u1ef1c hi\u1ec7n \u0111\u1ea7y \u0111\u1ee7 v\u00e0 \u0111\u00fang th\u1eddi h\u1ea1n \u0111\u00e3 th\u1ecfa thu\u1eadn. C\u00e1c th\u1ea9m \u0111\u1ecbnh vi\u00ean b\u1ea5t \u0111\u1ed9ng s\u1ea3n th\u01b0\u1eddng g\u1eb7p ph\u1ea3i nh\u1eefng v\u1ea5n \u0111\u1ec1 kh\u00f4ng mong mu\u1ed1n v\u00ec v\u1eady kh\u1ea3 n\u0103ng t\u00ecm ra gi\u1ea3i ph\u00e1p khi c\u00e1c v\u1ea5n \u0111\u1ec1 ph\u00e1t sinh r\u1ea5t c\u1ea7n thi\u1ebft \u0111\u1ec3 ho\u00e0n th\u00e0nh vi\u1ec7c th\u1ea9m \u0111\u1ecbnh.<\/p>\n<p>C\u00e1c kh\u00f3a \u0111\u00e0o t\u1ea1o v\u1ec1 c\u00e1c m\u00f4n nh\u01b0 kinh t\u1ebf, t\u00e0i ch\u00ednh, to\u00e1n h\u1ecdc, khoa h\u1ecdc m\u00e1y t\u00ednh, ti\u1ebfng Anh, v\u00e0 lu\u1eadt kinh doanh ho\u1eb7c b\u1ea5t \u0111\u1ed9ng s\u1ea3n h\u1eefu \u00edch cho c\u00e1c th\u1ea9m \u0111\u1ecbnh vi\u00ean v\u00e0 gi\u00e1m \u0111\u1ecbnh vi\u00ean t\u01b0\u01a1ng lai. H\u1ea7u h\u1ebft c\u00e1c ti\u1ec3u bang \u0111\u1eb7t ra c\u00e1c y\u00eau c\u1ea7u v\u1ec1 b\u1eb1ng c\u1ea5p v\u00e0 kinh nghi\u1ec7m m\u00e0 ng\u01b0\u1eddi gi\u00e1m \u0111\u1ecbnh ph\u1ea3i \u0111\u00e1p \u1ee9ng \u0111\u1ec3 \u0111\u01b0\u1ee3c h\u00e0nh ngh\u1ec1.<\/p><\/div><\/div><\/div>[vc_empty_space height=&#8221;30px&#8221;]<div class=\"shortcode-wrapper shortcode-icon-box clearfix\"><div class=\"feature-box alternative left-icon-box aligncenter\"><div class=\"feature-box-content\"><h4 class=\"bold\">Nhi\u1ec7m v\u1ee5 chung c\u1ee7a Th\u1ea9m \u0110\u1ecbnh Vi\u00ean<\/h4><p>\n<ul>\n<li>Ph\u00e2n t\u00edch d\u1eef li\u1ec7u: \u0110\u00e1nh gi\u00e1 li\u00ean quan \u0111\u1ebfn vi\u1ec7c so s\u00e1nh chi ti\u1ebft c\u00e1c thu\u1ed9c t\u00ednh t\u01b0\u01a1ng t\u1ef1. Th\u1ea9m \u0111\u1ecbnh vi\u00ean thu th\u1eadp, x\u00e1c minh v\u00e0 gi\u1ea3i th\u00edch t\u1ea5t c\u1ea3 d\u1eef li\u1ec7u li\u00ean quan c\u00f3 th\u1ec3 \u1ea3nh h\u01b0\u1edfng \u0111\u1ebfn vi\u1ec7c \u0111\u1ecbnh gi\u00e1 t\u00e0i s\u1ea3n.<\/li>\n<li>Theo xu h\u01b0\u1edbng th\u1ecb tr\u01b0\u1eddng: Xu h\u01b0\u1edbng th\u1ecb tr\u01b0\u1eddng b\u1ea5t \u0111\u1ed9ng s\u1ea3n \u0111\u1ecba ph\u01b0\u01a1ng v\u00e0 khu v\u1ef1c \u1ea3nh h\u01b0\u1edfng \u0111\u1ebfn gi\u00e1 tr\u1ecb c\u1ee7a b\u1ea5t \u0111\u1ed9ng s\u1ea3n. Th\u1ea9m \u0111\u1ecbnh vi\u00ean b\u1ea5t \u0111\u1ed9ng s\u1ea3n ph\u1ea3i c\u1eadp nh\u1eadt c\u00e1c xu h\u01b0\u1edbng v\u00e0 hi\u1ec3u c\u00e1c xu h\u01b0\u1edbng \u0111\u00f3 c\u00f3 th\u1ec3 \u1ea3nh h\u01b0\u1edfng \u0111\u1ebfn t\u00e0i s\u1ea3n nh\u01b0 th\u1ebf n\u00e0o.<\/li>\n<li>C\u1eadp nh\u1eadt h\u1ed3 s\u01a1 t\u00e0i s\u1ea3n: Th\u1ea9m \u0111\u1ecbnh vi\u00ean \u0111\u00f4i khi t\u01b0\u01a1ng t\u00e1c v\u1edbi h\u1ed3 s\u01a1 t\u00e0i s\u1ea3n ri\u00eang t\u01b0 v\u00e0 c\u00f4ng khai. H\u1ecd ghi ch\u00fa v\u00e0 sao ch\u00e9p c\u00e1c \u0111\u1eb7c \u0111i\u1ec3m c\u1ee7a t\u00e0i s\u1ea3n, bao g\u1ed3m b\u1ea5t k\u1ef3 thay \u0111\u1ed5i h\u1eefu h\u00ecnh n\u00e0o c\u00f3 th\u1ec3 \u1ea3nh h\u01b0\u1edfng \u0111\u1ebfn gi\u00e1 tr\u1ecb c\u1ee7a n\u00f3.<\/li>\n<li>Vi\u1ebft b\u00e1o c\u00e1o: Ng\u01b0\u1eddi th\u1ea9m \u0111\u1ecbnh \u0111\u00f4i khi tr\u00ecnh b\u00e0y b\u1eb1ng l\u1eddi n\u00f3i nh\u1eefng ph\u00e1t hi\u1ec7n c\u1ee7a h\u1ecd. Tuy nhi\u00ean, kh\u00e1ch h\u00e0ng v\u00e0 nh\u00e0 tuy\u1ec3n d\u1ee5ng th\u01b0\u1eddng y\u00eau c\u1ea7u b\u00e1o c\u00e1o chi ti\u1ebft b\u1eb1ng v\u0103n b\u1ea3n.<\/li>\n<\/ul>\n<p>K\u1ef9 n\u0103ng:<\/p>\n<ul>\n<li>K\u1ef9 n\u0103ng ph\u00e2n t\u00edch<\/li>\n<li>K\u1ef9 n\u0103ng ch\u0103m s\u00f3c kh\u00e1ch h\u00e0ng<\/li>\n<li>K\u1ef9 n\u0103ng to\u00e1n h\u1ecdc<\/li>\n<li>K\u1ef9 n\u0103ng t\u1ed5 ch\u1ee9c<\/li>\n<li>K\u1ef9 n\u0103ng gi\u1ea3i quy\u1ebft v\u1ea5n \u0111\u1ec1<\/li>\n<li>K\u1ef9 n\u0103ng qu\u1ea3n l\u00fd th\u1eddi gian<\/li>\n<\/ul>\n<p>Tr\u00ecnh \u0111\u1ed9 chuy\u00ean m\u00f4n: Kinh t\u1ebf, T\u00e0i ch\u00ednh, To\u00e1n h\u1ecdc, Khoa h\u1ecdc m\u00e1y t\u00ednh, Ti\u1ebfng Anh v\u00e0 Lu\u1eadt Kinh doanh ho\u1eb7c B\u1ea5t \u0111\u1ed9ng s\u1ea3n<\/p><\/div><\/div><\/div>[\/vc_column_inner][\/vc_row_inner][\/vc_column][\/vc_row]\n<\/div>","protected":false},"excerpt":{"rendered":"<p>[vc_row top_margin=&#8221;0&#8243; bottom_margin=&#8221;0&#8243; css=&#8221;.vc_custom_1499912039446{margin-top: -30px !important;}&#8221;][vc_column][vc_row_inner][vc_column_inner][vc_empty_space height=&#8221;10px&#8221;][vc_empty_space height=&#8221;30px&#8221;][\/vc_column_inner][\/vc_row_inner][\/vc_column][\/vc_row]<\/p>\n","protected":false},"author":4,"featured_media":0,"parent":0,"menu_order":0,"comment_status":"closed","ping_status":"closed","template":"","meta":{"nf_dc_page":"","footnotes":""},"class_list":["post-10305","page","type-page","status-publish","hentry"],"_links":{"self":[{"href":"https:\/\/worknow.vn\/vi\/wp-json\/wp\/v2\/pages\/10305","targetHints":{"allow":["GET"]}}],"collection":[{"href":"https:\/\/worknow.vn\/vi\/wp-json\/wp\/v2\/pages"}],"about":[{"href":"https:\/\/worknow.vn\/vi\/wp-json\/wp\/v2\/types\/page"}],"author":[{"embeddable":true,"href":"https:\/\/worknow.vn\/vi\/wp-json\/wp\/v2\/users\/4"}],"replies":[{"embeddable":true,"href":"https:\/\/worknow.vn\/vi\/wp-json\/wp\/v2\/comments?post=10305"}],"version-history":[{"count":5,"href":"https:\/\/worknow.vn\/vi\/wp-json\/wp\/v2\/pages\/10305\/revisions"}],"predecessor-version":[{"id":12137,"href":"https:\/\/worknow.vn\/vi\/wp-json\/wp\/v2\/pages\/10305\/revisions\/12137"}],"wp:attachment":[{"href":"https:\/\/worknow.vn\/vi\/wp-json\/wp\/v2\/media?parent=10305"}],"curies":[{"name":"wp","href":"https:\/\/api.w.org\/{rel}","templated":true}]}}