{"id":10307,"date":"2022-08-09T06:51:15","date_gmt":"2022-08-09T06:51:15","guid":{"rendered":"https:\/\/worknow.vn\/tax-accountant\/"},"modified":"2023-06-01T09:48:19","modified_gmt":"2023-06-01T09:48:19","slug":"ke-toan-thue","status":"publish","type":"page","link":"https:\/\/worknow.vn\/vi\/ke-toan-thue\/","title":{"rendered":"K\u1ebf To\u00e1n Thu\u1ebf"},"content":{"rendered":"<div class=\"wpb-content-wrapper\">[vc_row top_margin=&#8221;0&#8243; bottom_margin=&#8221;0&#8243; css=&#8221;.vc_custom_1499912039446{margin-top: -30px !important;}&#8221;][vc_column]<div class=\"shortcode-wrapper shortcode-title clearfix hb-animate-element hb-fade-in\"><p style=\"color:#878787!important;border-color:#878787\" class=\"hb-text-large aligncenter\">K\u1ebf To\u00e1n Thu\u1ebf<\/p><\/div>[vc_row_inner][vc_column_inner][vc_empty_space height=&#8221;10px&#8221;]<div class=\"shortcode-wrapper shortcode-icon-box clearfix\"><div class=\"feature-box alternative left-icon-box aligncenter\"><div class=\"feature-box-content\"><h4 class=\"bold\">M\u00f4 t\u1ea3 c\u00f4ng vi\u1ec7c K\u1ebf To\u00e1n Thu\u1ebf<\/h4><p>K\u1ebf to\u00e1n thu\u1ebf c\u00f3 tr\u00e1ch nhi\u1ec7m h\u1ed7 tr\u1ee3 kh\u00e1ch h\u00e0ng v\u00e0 c\u00f4ng ty v\u1ec1 b\u00e1o c\u00e1o t\u00e0i ch\u00ednh v\u00e0 thu\u1ebf thu nh\u1eadp c\u1ee7a h\u1ecd. C\u00e1c chuy\u00ean gia n\u00e0y nghi\u00ean c\u1ee9u, h\u1ecdc t\u1eadp v\u00e0 gi\u1ea3i th\u00edch lu\u1eadt thu\u1ebf. C\u00f4ng vi\u1ec7c c\u1ee7a h\u1ecd bao g\u1ed3m chu\u1ea9n b\u1ecb c\u00e1c kho\u1ea3n thanh to\u00e1n, x\u00e1c \u0111\u1ecbnh c\u00e1c kho\u1ea3n ti\u1ebft ki\u1ec7m thu\u1ebf v\u00e0 ph\u00e2n t\u00edch c\u00e1c v\u1ea5n \u0111\u1ec1 v\u1ec1 thu\u1ebf. K\u1ebf to\u00e1n thu\u1ebf x\u1eed l\u00fd thu\u1ebf cho c\u00e1c c\u00e1 nh\u00e2n, t\u1ed5 ch\u1ee9c, c\u00f4ng ty ho\u1eb7c ch\u00ednh ph\u1ee7.. Trong khi ng\u01b0\u1eddi chu\u1ea9n b\u1ecb khai thu\u1ebf thu nh\u1eadp c\u0169ng chu\u1ea9n b\u1ecb v\u00e0 khai b\u00e1o thu\u1ebf cho kh\u00e1ch h\u00e0ng, tr\u00ecnh \u0111\u1ed9 v\u00e0 chuy\u00ean m\u00f4n c\u1ee7a k\u1ebf to\u00e1n thu\u1ebf c\u00f2n v\u01b0\u1ee3t ra ngo\u00e0i ph\u1ea1m vi n\u00e0y, h\u1ecd c\u00f3 th\u1ec3 cung c\u1ea5p h\u1ed7 tr\u1ee3 thu\u1ebf d\u00e0i h\u1ea1n v\u00e0 li\u00ean t\u1ee5c cho nh\u1eefng ng\u01b0\u1eddi v\u00e0 t\u1ed5 ch\u1ee9c m\u00e0 h\u1ecd ph\u1ee5c v\u1ee5.<\/p>\n<p>K\u1ebf to\u00e1n thu\u1ebf c\u1ea7n ph\u1ea3i c\u00f3 ki\u1ebfn \u200b\u200bth\u1ee9c v\u1ec1 c\u00e1c lu\u1eadt v\u00e0 quy \u0111\u1ecbnh thu\u1ebf m\u1edbi nh\u1ea5t. H\u1ecd c\u0169ng c\u00f3 kh\u1ea3 n\u0103ng ch\u00fa \u00fd t\u1eebng chi ti\u1ebft \u0111\u1ec3 chu\u1ea9n b\u1ecb ch\u00ednh x\u00e1c c\u00e1c t\u00e0i li\u1ec7u v\u00e0 t\u1edd khai thu\u1ebf. K\u1ef9 n\u0103ng giao ti\u1ebfp b\u1eb1ng l\u1eddi n\u00f3i v\u00e0 b\u1eb1ng v\u0103n b\u1ea3n hi\u1ec7u qu\u1ea3 \u0111\u1ec3 t\u01b0\u01a1ng t\u00e1c v\u1edbi kh\u00e1ch h\u00e0ng. K\u1ef9 n\u0103ng t\u1ed5 ch\u1ee9c r\u1ea5t quan tr\u1ecdng gi\u00fap l\u01b0u tr\u1eef h\u1ed3 s\u01a1 t\u00e0i ch\u00ednh \u0111\u1ec3 c\u00f3 th\u1ec3 d\u1ec5 d\u00e0ng truy c\u1eadp v\u00e0 tham kh\u1ea3o. B\u00ean c\u1ea1nh \u0111\u00f3, k\u1ef9 n\u0103ng qu\u1ea3n l\u00fd th\u1eddi gian c\u0169ng c\u1ea7n thi\u1ebft \u0111\u1ec3 \u0111\u00e1p \u1ee9ng c\u00e1c th\u1eddi h\u1ea1n quan tr\u1ecdng. T\u01b0 duy ph\u1ea3n bi\u1ec7n v\u00e0 k\u1ef9 n\u0103ng ph\u00e2n t\u00edch \u0111\u1ec3 \u0111\u00e1nh gi\u00e1 d\u1eef li\u1ec7u, ph\u00e1t hi\u1ec7n gian l\u1eadn, gi\u1ea3m thi\u1ec3u ngh\u0129a v\u1ee5 thu\u1ebf, th\u00f4ng th\u1ea1o Microsoft Excel v\u00e0 ph\u1ea7n m\u1ec1m khai thu\u1ebf l\u00e0 nh\u1eefng y\u1ebfu t\u1ed1 c\u1ea7n thi\u1ebft \u0111\u1ed1i v\u1edbi m\u1ed9t k\u1ebf to\u00e1n thu\u1ebf.<\/p>\n<p>Hi\u1ec3u bi\u1ebft v\u1ec1 s\u1ed1 h\u1ecdc v\u00e0 th\u1ed1ng k\u00ea c\u01a1 b\u1ea3n \u0111\u1ec3 t\u00ednh to\u00e1n c\u00e1c th\u00f4ng tin thu\u1ebf ph\u1ee9c t\u1ea1p. M\u1eb7c d\u00f9 kh\u00f4ng ph\u1ea3i ho\u00e0n to\u00e0n b\u1eaft bu\u1ed9c, nh\u01b0ng h\u1ea7u h\u1ebft c\u00e1c k\u1ebf to\u00e1n \u0111\u1ec1u c\u00f3 b\u1eb1ng c\u1eed nh\u00e2n v\u1ec1 k\u1ebf to\u00e1n ho\u1eb7c t\u00e0i ch\u00ednh. \u0110\u1ec3 chu\u1ea9n b\u1ecb t\u1ed1t nghi\u1ec7p v\u1ee5 c\u1ee7a m\u00ecnh c\u00e1c k\u1ebf to\u00e1n thu\u1ebf tham gia c\u00e1c kh\u00f3a h\u1ecdc v\u1ec1 ph\u00e1p lu\u1eadt thu\u1ebf. M\u1ed9t s\u1ed1 nh\u00e0 tuy\u1ec3n d\u1ee5ng t\u00ecm ki\u1ebfm c\u00e1c k\u1ebf to\u00e1n thu\u1ebf c\u00f3 b\u1eb1ng th\u1ea1c s\u0129 v\u1ec1 k\u1ebf to\u00e1n ho\u1eb7c qu\u1ea3n tr\u1ecb kinh doanh. Nhi\u1ec1u k\u1ebf to\u00e1n thu\u1ebf c\u0169ng \u0111\u01b0\u1ee3c ch\u1ee9ng nh\u1eadn. \u0110\u1ea1t \u0111\u01b0\u1ee3c c\u00e1c ch\u1ee9ng ch\u1ec9 gi\u00fap x\u00e2y d\u1ef1ng k\u1ef9 n\u0103ng v\u00e0 x\u00e1c nh\u1eadn ki\u1ebfn \u200b\u200bth\u1ee9c c\u1ee7a b\u1ea1n v\u1edbi c\u00e1c nh\u00e0 tuy\u1ec3n d\u1ee5ng ti\u1ec1m n\u0103ng. D\u01b0\u1edbi \u0111\u00e2y l\u00e0 m\u1ed9t s\u1ed1 ch\u1ee9ng ch\u1ec9 ph\u1ed5 bi\u1ebfn.<\/p>\n<p>Ch\u1ee9ng ch\u1ec9 k\u1ebf to\u00e1n vi\u00ean c\u00f4ng ch\u1ee9ng (CPA): Ch\u1ee9ng ch\u1ec9 n\u00e0y l\u00e0 b\u1eaft bu\u1ed9c \u0111\u1ed1i v\u1edbi c\u00e1c k\u1ebf to\u00e1n vi\u00ean n\u1ed9p b\u00e1o c\u00e1o cho \u1ee6y ban Giao d\u1ecbch Ch\u1ee9ng kho\u00e1n (SEC).<\/p>\n<p>C\u1ed1 v\u1ea5n thu\u1ebf (EA): L\u1ef1a ch\u1ecdn n\u00e0y cho ph\u00e9p k\u1ebf to\u00e1n thu\u1ebf \u0111\u1ea1i di\u1ec7n h\u1ee3p ph\u00e1p cho kh\u00e1ch h\u00e0ng tr\u01b0\u1edbc C\u01a1 Quan Thu\u1ebf (IRS) v\u00e0 ph\u1ea3i v\u01b0\u1ee3t qua K\u1ef3 thi Ghi danh \u0110\u1eb7c bi\u1ec7t c\u1ee7a C\u01a1 Quan Thu\u1ebf (IRS).<\/p><\/div><\/div><\/div>[vc_empty_space height=&#8221;30px&#8221;]<div class=\"shortcode-wrapper shortcode-icon-box clearfix\"><div class=\"feature-box alternative left-icon-box aligncenter\"><div class=\"feature-box-content\"><h4 class=\"bold\">Nhi\u1ec7m v\u1ee5 chung c\u1ee7a K\u1ebf To\u00e1n Thu\u1ebf<\/h4><p>\n<ul>\n<li>Chu\u1ea9n b\u1ecb c\u00e1c t\u1edd khai thu\u1ebf li\u00ean bang v\u00e0 ti\u1ec3u bang<\/li>\n<li>\u0110\u01b0a ra l\u1eddi khuy\u00ean v\u1ec1 k\u1ebf ho\u1ea1ch thu\u1ebf<\/li>\n<li>Gi\u00fap kh\u00e1ch h\u00e0ng ti\u1ebft ki\u1ec7m ti\u1ec1n khi khai b\u00e1o thu\u1ebf<\/li>\n<li>L\u1eadp c\u00e1c k\u1ebf ho\u1ea1ch thu\u1ebf h\u00e0ng n\u0103m \u0111\u1ec3 kh\u00e1ch h\u00e0ng th\u1ef1c hi\u1ec7n theo su\u1ed1t c\u1ea3 n\u0103m<\/li>\n<li>B\u1ea3o v\u1ec7 kh\u00e1ch h\u00e0ng kh\u00f4ng ph\u1ea3i tr\u1ea3 nhi\u1ec1u ti\u1ec1n h\u01a1n m\u1ee9c c\u1ea7n thi\u1ebft<\/li>\n<li>\u0110\u1ea3m b\u1ea3o kh\u00e1ch h\u00e0ng tr\u1ea3 \u0111\u00fang th\u1eddi h\u1ea1n thu\u1ebf h\u00e0ng qu\u00fd v\u00e0 h\u00e0ng n\u0103m<\/li>\n<li>T\u01b0 v\u1ea5n cho kh\u00e1ch h\u00e0ng v\u1ec1 \u1ea3nh h\u01b0\u1edfng c\u1ee7a ph\u00e1p lu\u1eadt thu\u1ebf v\u00e0 ngh\u0129a v\u1ee5<\/li>\n<li>S\u1eafp x\u1ebfp ki\u1ec3m tra thu\u1ebf v\u1edbi c\u01a1 quan ch\u1ee9c n\u0103ng khi c\u1ea7n thi\u1ebft<\/li>\n<li>K\u1ef9 n\u0103ng:<\/li>\n<li>C\u00f3 kinh nghi\u1ec7m l\u00e0m K\u1ebf to\u00e1n thu\u1ebf, Chuy\u00ean vi\u00ean ph\u00e2n t\u00edch thu\u1ebf ho\u1eb7c chuy\u00ean vi\u00ean khai thu\u1ebf<\/li>\n<li>K\u1ef9 n\u0103ng qu\u1ea3n l\u00fd th\u1eddi gian t\u1ed1t<\/li>\n<li>M\u1ee9c \u0111\u1ed9 ch\u00fa \u00fd cao \u0111\u1ebfn chi ti\u1ebft v\u00e0 k\u1ef9 n\u0103ng \u0111a nhi\u1ec7m<\/li>\n<li>T\u01b0 duy ph\u00e2n t\u00edch v\u00e0 ph\u1ea3n bi\u1ec7n t\u1ed1t<\/li>\n<li>K\u1ef9 n\u0103ng giao ti\u1ebfp v\u00e0 x\u00e3 h\u1ed9i t\u1ed1t bao g\u1ed3m k\u1ef9 n\u0103ng giao ti\u1ebfp b\u1eb1ng v\u0103n b\u1ea3n v\u00e0 b\u1eb1ng l\u1eddi n\u00f3i xu\u1ea5t s\u1eafc<\/li>\n<li>K\u1ef9 n\u0103ng ph\u1ea7n m\u1ec1m m\u00e1y t\u00ednh n\u00e2ng cao, bao g\u1ed3m Excel v\u00e0 c\u00e1c ph\u1ea7n m\u1ec1m k\u1ebf to\u00e1n kh\u00e1c<\/li>\n<\/ul>\n<p>Tr\u00ecnh \u0111\u1ed9 chuy\u00ean m\u00f4n: K\u1ebfto\u00e1n; T\u00e0i ch\u00ednh ho\u1eb7c Kinh t\u1ebf; Kinh doanh ho\u1eb7c Qu\u1ea3n tr\u1ecb kinh doanh<\/p><\/div><\/div><\/div>[\/vc_column_inner][\/vc_row_inner][\/vc_column][\/vc_row]\n<\/div>","protected":false},"excerpt":{"rendered":"<p>[vc_row top_margin=&#8221;0&#8243; bottom_margin=&#8221;0&#8243; css=&#8221;.vc_custom_1499912039446{margin-top: -30px !important;}&#8221;][vc_column][vc_row_inner][vc_column_inner][vc_empty_space height=&#8221;10px&#8221;][vc_empty_space height=&#8221;30px&#8221;][\/vc_column_inner][\/vc_row_inner][\/vc_column][\/vc_row]<\/p>\n","protected":false},"author":4,"featured_media":0,"parent":0,"menu_order":0,"comment_status":"closed","ping_status":"closed","template":"","meta":{"footnotes":""},"class_list":["post-10307","page","type-page","status-publish","hentry"],"_links":{"self":[{"href":"https:\/\/worknow.vn\/vi\/wp-json\/wp\/v2\/pages\/10307","targetHints":{"allow":["GET"]}}],"collection":[{"href":"https:\/\/worknow.vn\/vi\/wp-json\/wp\/v2\/pages"}],"about":[{"href":"https:\/\/worknow.vn\/vi\/wp-json\/wp\/v2\/types\/page"}],"author":[{"embeddable":true,"href":"https:\/\/worknow.vn\/vi\/wp-json\/wp\/v2\/users\/4"}],"replies":[{"embeddable":true,"href":"https:\/\/worknow.vn\/vi\/wp-json\/wp\/v2\/comments?post=10307"}],"version-history":[{"count":5,"href":"https:\/\/worknow.vn\/vi\/wp-json\/wp\/v2\/pages\/10307\/revisions"}],"predecessor-version":[{"id":12138,"href":"https:\/\/worknow.vn\/vi\/wp-json\/wp\/v2\/pages\/10307\/revisions\/12138"}],"wp:attachment":[{"href":"https:\/\/worknow.vn\/vi\/wp-json\/wp\/v2\/media?parent=10307"}],"curies":[{"name":"wp","href":"https:\/\/api.w.org\/{rel}","templated":true}]}}