{"id":10309,"date":"2022-08-09T06:52:05","date_gmt":"2022-08-09T06:52:05","guid":{"rendered":"https:\/\/worknow.vn\/tax-attorney\/"},"modified":"2023-06-01T09:48:25","modified_gmt":"2023-06-01T09:48:25","slug":"luat-su-thue","status":"publish","type":"page","link":"https:\/\/worknow.vn\/vi\/luat-su-thue\/","title":{"rendered":"Lu\u1eadt S\u01b0 Thu\u1ebf"},"content":{"rendered":"<div class=\"wpb-content-wrapper\">[vc_row top_margin=&#8221;0&#8243; bottom_margin=&#8221;0&#8243; css=&#8221;.vc_custom_1499912039446{margin-top: -30px !important;}&#8221;][vc_column]<div class=\"shortcode-wrapper shortcode-title clearfix hb-animate-element hb-fade-in\"><p style=\"color:#878787!important;border-color:#878787\" class=\"hb-text-large aligncenter\">Lu\u1eadt S\u01b0 Thu\u1ebf<\/p><\/div>[vc_row_inner][vc_column_inner][vc_empty_space height=&#8221;10px&#8221;]<div class=\"shortcode-wrapper shortcode-icon-box clearfix\"><div class=\"feature-box alternative left-icon-box aligncenter\"><div class=\"feature-box-content\"><h4 class=\"bold\">M\u00f4 t\u1ea3 c\u00f4ng vi\u1ec7c Lu\u1eadt S\u01b0 Thu\u1ebf<\/h4><p>Lu\u1eadt s\u01b0 thu\u1ebf l\u00e0 m\u1ed9t chuy\u00ean gia t\u00e0i ch\u00ednh chuy\u00ean v\u1ec1 c\u00e1c ch\u00ednh s\u00e1ch ngh\u0129a v\u1ee5 thu\u1ebf li\u00ean quan \u0111\u1ebfn thu nh\u1eadp, giao d\u1ecbch kinh doanh, mua t\u00e0i s\u1ea3n tr\u00ed tu\u1ec7 v\u00e0 v\u1eadt ch\u1ea5t v\u00e0 chuy\u1ec3n nh\u01b0\u1ee3ng b\u1ea5t \u0111\u1ed9ng s\u1ea3n. Lu\u1eadt s\u01b0 thu\u1ebf c\u00f3 th\u1ec3 l\u00e0m vi\u1ec7c v\u1edbi c\u00e1c c\u00f4ng ty lu\u1eadt cung c\u1ea5p d\u1ecbch v\u1ee5 thu\u1ebf, nh\u1eefng kh\u00e1ch h\u00e0ng thu\u00ea h\u1ecd v\u1edbi t\u01b0 c\u00e1ch l\u00e0 ng\u01b0\u1eddi l\u01b0u gi\u1eef, c\u00e1c t\u1ed5 ch\u1ee9c doanh nghi\u1ec7p v\u00e0 doanh nghi\u1ec7p, t\u1ed5 ch\u1ee9c phi l\u1ee3i nhu\u1eadn v\u00e0 c\u00e1 nh\u00e2n. M\u1ed9t s\u1ed1 lu\u1eadt s\u01b0 thu\u1ebf l\u00e0m vi\u1ec7c v\u1edbi t\u01b0 c\u00e1ch l\u00e0 nh\u00e0 t\u01b0 v\u1ea5n, trong khi nh\u1eefng ng\u01b0\u1eddi kh\u00e1c l\u00e0m vi\u1ec7c trong l\u0129nh v\u1ef1c ki\u1ec7n t\u1ee5ng, \u0111\u1ea1i di\u1ec7n cho nh\u1eefng kh\u00e1ch h\u00e0ng c\u00f3 tranh ch\u1ea5p v\u1ec1 thu\u1ebf c\u1ea7n \u0111\u01b0\u1ee3c gi\u1ea3i quy\u1ebft t\u1ea1i t\u00f2a \u00e1n. V\u1edbi s\u1ef1 hi\u1ec3u bi\u1ebft s\u00e2u s\u1eafc v\u1ec1 chuy\u00ean ng\u00e0nh ph\u00e1p lu\u1eadt thu\u1ebf v\u00e0 \u0111\u01b0\u1ee3c s\u0103n \u0111\u00f3n v\u00ec nh\u1eefng ki\u1ebfn \u200b\u200bth\u1ee9c, lu\u1eadt s\u01b0 thu\u1ebf gi\u00fap kh\u00e1ch h\u00e0ng c\u1ee7a h\u1ecd hi\u1ec3u r\u00f5 h\u01a1n v\u1ec1 ph\u00e1p lu\u1eadt thu\u1ebf v\u00e0 tu\u00e2n th\u1ee7 lu\u1eadt thu\u1ebf. H\u1ecd t\u01b0 v\u1ea5n cho kh\u00e1ch h\u00e0ng c\u1ee7a m\u00ecnh v\u1ec1 \u1ee7y th\u00e1c, di ch\u00fac, th\u1eeba k\u1ebf, t\u00e0i s\u1ea3n v\u00e0 qu\u1ea3n l\u00fd t\u00e0i s\u1ea3n c\u00e1 nh\u00e2n. H\u1ecd c\u00f3 m\u1eb7t t\u1ea1i c\u00e1c phi\u00ean t\u00f2a k\u1ebf to\u00e1n \u0111\u1ec3 th\u01b0\u01a1ng l\u01b0\u1ee3ng v\u1ec1 c\u00e1c ngh\u0129a v\u1ee5 thu\u1ebf, li\u00ean quan \u0111\u1ebfn ti\u1ec1n ph\u1ea1t v\u00e0 vi\u1ec7c v\u00f4 hi\u1ec7u h\u00f3a quy\u1ec1n l\u01b0u gi\u1eef t\u00e0i s\u1ea3n . M\u1ed9t s\u1ed1 lu\u1eadt s\u01b0 thu\u1ebf ch\u1ecdn \u0111\u00e0o t\u1ea1o t\u1ea1i C\u01a1 Quan Thu\u1ebf (IRS) v\u00e0 gi\u00fap kh\u00e1ch h\u00e0ng c\u1ee7a h\u1ecd gi\u1ea3i quy\u1ebft v\u1edbi S\u1edf Thu\u1ebf v\u1ee5, ki\u1ec3m to\u00e1n v\u00e0 phi\u00ean t\u00f2a, kh\u00e1ng c\u00e1o t\u1ea1i t\u00f2a \u00e1n x\u1eed l\u00fd tranh ch\u1ea5p thu\u1ebf..<\/p>\n<p>Lu\u1eadt s\u01b0 thu\u1ebf ph\u1ea3i c\u00f3 ki\u1ebfn \u200b\u200bth\u1ee9c to\u00e0n di\u1ec7n v\u1ec1 m\u00e3 s\u1ed1 thu\u1ebf li\u00ean bang v\u00e0 c\u00e1c lu\u1eadt thu\u1ebf kh\u00e1c. H\u1ecd c\u1ea7n hi\u1ec3u bi\u1ebft v\u1eefng ch\u1eafc v\u1ec1 k\u1ebf to\u00e1n v\u00e0 to\u00e1n h\u1ecdc. M\u1eb7c d\u00f9 m\u00e3 s\u1ed1 thu\u1ebf ph\u1ee9c t\u1ea1p nh\u01b0ng lu\u1eadt s\u01b0 thu\u1ebf ph\u1ea3i bi\u1ebft c\u00e1ch gi\u1ea3i th\u00edch m\u00e3 s\u1ed1 thu\u1ebf cho kh\u00e1ch h\u00e0ng b\u1eb1ng ng\u00f4n ng\u1eef d\u1ec5 hi\u1ec3u \u0111\u1ec3 gi\u00fap kh\u00e1ch hang \u0111\u01b0a ra quy\u1ebft \u0111\u1ecbnh. Lu\u1eadt s\u01b0 thu\u1ebf ph\u1ea3i trau d\u1ed3i k\u1ef9 n\u0103ng tr\u00ecnh b\u00e0y r\u00f5 r\u00e0ng b\u1eb1ng l\u1eddi n\u00f3i v\u00e0 v\u0103n b\u1ea3n. M\u00e3 s\u1ed1 thu\u1ebf thay \u0111\u1ed5i li\u00ean t\u1ee5c, v\u00ec v\u1eady lu\u1eadt s\u01b0 thu\u1ebf c\u1ea7n c\u00f3 k\u1ef9 n\u0103ng nghi\u00ean c\u1ee9u v\u1eefng ch\u1eafc \u0111\u1ec3 \u0111\u01b0a ra l\u1eddi khuy\u00ean cho kh\u00e1ch h\u00e0ng c\u1ee7a h\u1ecd.<\/p>\n<p>\u0110\u1ec3 tr\u1edf th\u00e0nh lu\u1eadt s\u01b0 thu\u1ebf, th\u00f4ng th\u01b0\u1eddng ph\u1ea3i t\u1ed1t nghi\u1ec7p \u0111\u1ea1i h\u1ecdc ho\u1eb7c \u0111\u1ea1i h\u1ecdc lu\u1eadt, c\u00f3 b\u1eb1ng Ti\u1ebfn s\u0129 lu\u1eadt (c\u00f2n \u0111\u01b0\u1ee3c g\u1ecdi l\u00e0 J.D.) Nhi\u1ec1u lu\u1eadt s\u01b0 thu\u1ebf ti\u1ebfp t\u1ee5c h\u1ecdc v\u1ec1 lu\u1eadt thu\u1ebf \u0111\u1ec3 l\u1ea5y b\u1eb1ng th\u1ea1c s\u0129 lu\u1eadt (LL.M .) v\u1ec1 thu\u1ebf.<\/p>\n<p>\u0110\u1ec3 c\u00f3 \u0111\u01b0\u1ee3c gi\u1ea5y ph\u00e9p h\u00e0nh ngh\u1ec1 lu\u1eadt s\u01b0 t\u1ea1i Vi\u1ec7t Nam, sinh vi\u00ean ph\u1ea3i t\u1ed1t nghi\u1ec7p tr\u01b0\u1eddng lu\u1eadt v\u00e0 C\u00f3 Ch\u1ee9ng ch\u1ec9 h\u00e0nh ngh\u1ec1 lu\u1eadt s\u01b0 \u0111ang c\u00f2n hi\u1ec7u l\u1ef1c do c\u01a1 quan, t\u1ed5 ch\u1ee9c c\u00f3 th\u1ea9m quy\u1ec1n c\u1ea5p.<\/p><\/div><\/div><\/div>[vc_empty_space height=&#8221;30px&#8221;]<div class=\"shortcode-wrapper shortcode-icon-box clearfix\"><div class=\"feature-box alternative left-icon-box aligncenter\"><div class=\"feature-box-content\"><h4 class=\"bold\">M\u00f4 t\u1ea3 c\u00f4ng vi\u1ec7c c\u1ee7a Lu\u1eadt S\u01b0 Thu\u1ebf<\/h4><p>\n<ul>\n<li>H\u1ecdc \u0111\u1ee7 th\u1eddi gian y\u00eau c\u1ea7u c\u1ee7a h\u1ecdc k\u1ef3 \u0111\u1ea1i h\u1ecdc (th\u01b0\u1eddng l\u00e0 150) c\u1ee7a c\u00e1c kh\u00f3a h\u1ecdc k\u1ebf to\u00e1n.<\/li>\n<li>Gi\u1eef b\u00ed m\u1eadt h\u1ed3 s\u01a1 v\u00e0 th\u00f4ng tin thu\u1ebf cho kh\u00e1ch h\u00e0ng<\/li>\n<li>Hi\u1ec3u bi\u1ebft c\u00e1c nguy\u00ean t\u1eafc t\u00e0i ch\u00ednh v\u00e0 k\u1ebf to\u00e1n<\/li>\n<li>\u01af\u1edbc t\u00ednh v\u00e0 \u0111\u00e1nh gi\u00e1 c\u00e1c v\u1ea5n \u0111\u1ec1 ph\u1ee9c t\u1ea1p v\u1ec1 thu\u1ebf<\/li>\n<\/ul>\n<p>K\u1ef9 n\u0103ng:<\/p>\n<ul>\n<li>K\u1ebf to\u00e1n v\u00e0 to\u00e1n h\u1ecdc \u0111\u1ec3 hi\u1ec3u v\u00e0 \u0111\u00e1nh gi\u00e1 c\u00e1c t\u00e1c \u0111\u1ed9ng c\u1ee7a thu\u1ebf.<\/li>\n<li>Hi\u1ec3u bi\u1ebft v\u1ec1 c\u00e1c nguy\u00ean t\u1eafc kinh doanh v\u00e0 c\u00e1ch th\u1ee9c ho\u1ea1t \u0111\u1ed9ng c\u1ee7a c\u00e1c t\u1eadp \u0111o\u00e0n.<\/li>\n<li>T\u01b0 duy ph\u1ea3n bi\u1ec7n v\u00e0 ph\u00e2n t\u00edch \u0111\u1ec3 \u00e1p d\u1ee5ng c\u00e1c nguy\u00ean t\u1eafc ph\u00e1p l\u00fd ch\u00ednh x\u00e1c v\u00e0o c\u00e1c v\u1ea5n \u0111\u1ec1 c\u1ee7a kh\u00e1ch h\u00e0ng v\u00e0 \u0111\u01b0a ra c\u00e1c chi\u1ebfn l\u01b0\u1ee3c thay th\u1ebf.<\/li>\n<li>K\u1ef9 n\u0103ng giao ti\u1ebfp \u0111\u1ec3 t\u1ea1o l\u00f2ng tin v\u00e0 s\u1ef1 tin t\u01b0\u1edfng c\u1ee7a kh\u00e1ch h\u00e0ng.<\/li>\n<li>K\u1ef9 n\u0103ng giao ti\u1ebfp b\u1eb1ng l\u1eddi n\u00f3i v\u00e0 v\u0103n b\u1ea3n \u0111\u1ec3 gi\u1ea3i th\u00edch r\u00f5 r\u00e0ng c\u00e1c quy \u0111\u1ecbnh ph\u1ee9c t\u1ea1p v\u1ec1 thu\u1ebf v\u00e0 \u00e1n l\u1ec7 cho kh\u00e1ch h\u00e0ng, gi\u00fap h\u1ecd \u0111\u01b0a ra quy\u1ebft \u0111\u1ecbnh.<\/li>\n<li>Ti\u1ebfn h\u00e0nh c\u00e1c nghi\u00ean c\u1ee9u k\u1ef9 l\u01b0\u1ee1ng, ch\u00ednh x\u00e1c v\u00e0 ph\u00f9 h\u1ee3p trong th\u1eddi h\u1ea1n.<\/li>\n<li>H\u1ecdc c\u00e1c ch\u01b0\u01a1ng tr\u00ecnh m\u00e1y t\u00ednh m\u1edbi v\u00e0 c\u00e1c c\u01a1 s\u1edf d\u1eef li\u1ec7u ph\u00e1p l\u00fd kh\u00e1c nhau.<\/li>\n<li>Duy tr\u00ec t\u00ednh chuy\u00ean nghi\u1ec7p v\u00e0 gi\u1eef b\u00ecnh t\u0129nh trong c\u00e1c t\u00ecnh hu\u1ed1ng \u00e1p l\u1ef1c, c\u0103ng th\u1eb3ng.<\/li>\n<li>Gi\u1ea3i quy\u1ebft v\u1ea5n \u0111\u1ec1 theo c\u00e1ch kh\u00e1ch quan, kh\u00f4ng theo ch\u1ee7 ngh\u0129a v\u00e0 kh\u00f4ng thi\u00ean v\u1ecb.<\/li>\n<\/ul>\n<p>Tr\u00ecnh \u0111\u1ed9 chuy\u00ean m\u00f4n: K\u1ebf to\u00e1n, Kinh doanh ho\u1eb7c To\u00e1n h\u1ecdc.<\/p><\/div><\/div><\/div>[\/vc_column_inner][\/vc_row_inner][\/vc_column][\/vc_row]\n<\/div>","protected":false},"excerpt":{"rendered":"<p>[vc_row top_margin=&#8221;0&#8243; bottom_margin=&#8221;0&#8243; css=&#8221;.vc_custom_1499912039446{margin-top: -30px !important;}&#8221;][vc_column][vc_row_inner][vc_column_inner][vc_empty_space height=&#8221;10px&#8221;][vc_empty_space height=&#8221;30px&#8221;][\/vc_column_inner][\/vc_row_inner][\/vc_column][\/vc_row]<\/p>\n","protected":false},"author":4,"featured_media":0,"parent":0,"menu_order":0,"comment_status":"closed","ping_status":"closed","template":"","meta":{"nf_dc_page":"","footnotes":""},"class_list":["post-10309","page","type-page","status-publish","hentry"],"_links":{"self":[{"href":"https:\/\/worknow.vn\/vi\/wp-json\/wp\/v2\/pages\/10309","targetHints":{"allow":["GET"]}}],"collection":[{"href":"https:\/\/worknow.vn\/vi\/wp-json\/wp\/v2\/pages"}],"about":[{"href":"https:\/\/worknow.vn\/vi\/wp-json\/wp\/v2\/types\/page"}],"author":[{"embeddable":true,"href":"https:\/\/worknow.vn\/vi\/wp-json\/wp\/v2\/users\/4"}],"replies":[{"embeddable":true,"href":"https:\/\/worknow.vn\/vi\/wp-json\/wp\/v2\/comments?post=10309"}],"version-history":[{"count":5,"href":"https:\/\/worknow.vn\/vi\/wp-json\/wp\/v2\/pages\/10309\/revisions"}],"predecessor-version":[{"id":12139,"href":"https:\/\/worknow.vn\/vi\/wp-json\/wp\/v2\/pages\/10309\/revisions\/12139"}],"wp:attachment":[{"href":"https:\/\/worknow.vn\/vi\/wp-json\/wp\/v2\/media?parent=10309"}],"curies":[{"name":"wp","href":"https:\/\/api.w.org\/{rel}","templated":true}]}}