{"id":10311,"date":"2022-09-15T07:56:22","date_gmt":"2022-09-15T07:56:22","guid":{"rendered":"https:\/\/worknow.vn\/tax-preparer\/"},"modified":"2023-06-02T10:00:32","modified_gmt":"2023-06-02T10:00:32","slug":"nguoi-khai-thue","status":"publish","type":"page","link":"https:\/\/worknow.vn\/vi\/nguoi-khai-thue\/","title":{"rendered":"Ng\u01b0\u1eddi Khai Thu\u1ebf"},"content":{"rendered":"<div class=\"wpb-content-wrapper\">[vc_row top_margin=&#8221;0&#8243; bottom_margin=&#8221;0&#8243; css=&#8221;.vc_custom_1499912039446{margin-top: -30px !important;}&#8221;][vc_column]<div class=\"shortcode-wrapper shortcode-title clearfix hb-animate-element hb-fade-in\"><p style=\"color:#878787!important;border-color:#878787\" class=\"hb-text-large aligncenter\">Ng\u01b0\u1eddi Khai Thu\u1ebf<\/p><\/div>[vc_row_inner][vc_column_inner][vc_empty_space height=&#8221;10px&#8221;]<div class=\"shortcode-wrapper shortcode-icon-box clearfix\"><div class=\"feature-box alternative left-icon-box aligncenter\"><div class=\"feature-box-content\"><h4 class=\"bold\">M\u00f4 t\u1ea3 c\u00f4ng vi\u1ec7c<\/h4><p>Ng\u01b0\u1eddi khai thu\u1ebf chu\u1ea9n b\u1ecb t\u1edd khai thu\u1ebf cho c\u00e1c doanh nghi\u1ec7p nh\u1ecf v\u00e0 c\u00e1 nh\u00e2n. H\u1ecd c\u0169ng c\u00f3 th\u1ec3 \u0111\u01b0\u1ee3c g\u1ecdi l\u00e0 c\u1ed9ng s\u1ef1 thu\u1ebf, c\u1ed1 v\u1ea5n thu\u1ebf, t\u01b0 v\u1ea5n thu\u1ebf, \u0110\u1ea1i l\u00fd \u0111\u00e3 \u0111\u0103ng k\u00fd, ng\u01b0\u1eddi khai thu\u1ebf thu nh\u1eadp \u0111\u01b0\u1ee3c ch\u1ee9ng nh\u1eadn, ng\u01b0\u1eddi khai thu\u1ebf doanh nghi\u1ec7p, chuy\u00ean gia thu\u1ebf v\u00e0 c\u1ed1 v\u1ea5n thu\u1ebf ch\u00ednh. Ng\u01b0\u1eddi khai thu\u1ebf t\u00ednh to\u00e1n c\u00e1c kho\u1ea3n thu\u1ebf m\u00e0 kh\u00e1ch h\u00e0ng \u0111\u00e3 n\u1ed9p th\u1eeba ho\u1eb7c n\u1ee3. Ng\u01b0\u1eddi khai thu\u1ebf ph\u1ea3i \u0111\u1ea3m b\u1ea3o r\u1eb1ng h\u1ecd \u00e1p d\u1ee5ng c\u00e1c kho\u1ea3n kh\u1ea5u tr\u1eeb, t\u00edn d\u1ee5ng v\u00e0 \u0111i\u1ec1u ch\u1ec9nh ph\u00f9 h\u1ee3p \u0111\u1ec3 kh\u00e1ch h\u00e0ng kh\u00f4ng ph\u1ea3i tr\u1ea3 nhi\u1ec1u h\u01a1n m\u1ee9c c\u1ea7n thi\u1ebft. H\u1ecd ph\u1ecfng v\u1ea5n kh\u00e1ch h\u00e0ng \u0111\u1ec3 thu th\u1eadp th\u00f4ng tin v\u1ec1 c\u00e1c chi ph\u00ed \u0111\u01b0\u1ee3c kh\u1ea5u tr\u1eeb, thu nh\u1eadp ch\u1ecbu thu\u1ebf v\u00e0 c\u00e1c kho\u1ea3n ph\u1ee5 c\u1ea5p. Nh\u1eefng chuy\u00ean gia n\u00e0y chu\u1ea9n b\u1ecb t\u1edd khai thu\u1ebf ph\u1ee9c t\u1ea1p v\u00e0 \u0111\u01a1n gi\u1ea3n cho c\u00e1c doanh nghi\u1ec7p nh\u1ecf v\u00e0 kh\u00e1ch h\u00e0ng c\u00e1 nh\u00e2n. Theo m\u1ed9t c\u00e1ch n\u00e0o \u0111\u00f3, nh\u1eefng ng\u01b0\u1eddi khai thu\u1ebf \u0111\u01b0\u1ee3c y\u00eau c\u1ea7u ph\u1ee5c v\u1ee5 hai \u00f4ng ch\u1ee7 \u2013 kh\u00e1ch h\u00e0ng c\u1ee7a h\u1ecd v\u00e0 C\u01a1 Quan Thu\u1ebf. H\u1ecd ph\u1ea3i h\u1ed7 tr\u1ee3 kh\u00e1ch h\u00e0ng c\u1ee7a m\u00ecnh tu\u00e2n th\u1ee7 quy \u0111\u1ecbnh c\u1ee7a C\u01a1 quan thu\u1ebf, \u0111\u1ed3ng th\u1eddi gi\u1ea3m thi\u1ec3u g\u00e1nh n\u1eb7ng thu\u1ebf c\u1ee7a kh\u00e1ch h\u00e0ng. Trong khi h\u1ecd \u0111\u01b0\u1ee3c thu\u00ea \u0111\u1ec3 ph\u1ee5c v\u1ee5 kh\u00e1ch h\u00e0ng c\u1ee7a m\u00ecnh, h\u1ecd c\u0169ng ph\u1ea3i si\u00eang n\u0103ng ghi nh\u1edb ngh\u0129a v\u1ee5 c\u1ee7a m\u00ecnh \u0111\u1ed1i v\u1edbi C\u01a1 Quan Thu\u1ebf v\u00e0 kh\u00f4ng vi ph\u1ea1m b\u1ea5t k\u1ef3 lu\u1eadt n\u00e0o ho\u1eb7c gi\u00fap ng\u01b0\u1eddi kh\u00e1c khai thu\u1ebf gian l\u1eadn.<br \/>\nNg\u01b0\u1eddi khai thu\u1ebf c\u1ea7n c\u00f3 k\u1ef9 n\u0103ng c\u00f4ng ngh\u1ec7 xu\u1ea5t s\u1eafc, v\u00ec h\u1ecd s\u1eed d\u1ee5ng nhi\u1ec1u lo\u1ea1i ph\u1ea7n m\u1ec1m cho c\u00e1c nhi\u1ec7m v\u1ee5 bao g\u1ed3m khai thu\u1ebf, k\u1ebf to\u00e1n, t\u1ea1o b\u1ea3ng t\u00ednh, ph\u00e2n t\u00edch t\u00e0i ch\u00ednh v\u00e0 email. Nh\u1eefng chuy\u00ean gia n\u00e0y th\u01b0\u1eddng l\u00e0m vi\u1ec7c v\u1edbi ph\u1ea7n m\u1ec1m k\u1ebf to\u00e1n QuickBooks, Microsoft Excel v\u00e0 Microsoft Outlook. Ngo\u00e0i ra, h\u1ecd n\u00ean t\u1ef1 h\u00e0o v\u1ec1 k\u1ef9 n\u0103ng hi\u1ec3u v\u0103n b\u1ea3n m\u1ea1nh m\u1ebd v\u00e0 c\u00f3 th\u1ec3 s\u1eed d\u1ee5ng l\u00fd lu\u1eadn suy di\u1ec5n \u0111\u1ec3 x\u00e1c \u0111\u1ecbnh c\u00e1c v\u1ea5n \u0111\u1ec1 v\u00e0 \u0111\u01b0a ra c\u00e1c gi\u1ea3i ph\u00e1p hi\u1ec7u qu\u1ea3. Ng\u01b0\u1eddi khai thu\u1ebf th\u01b0\u1eddng t\u1ef1 h\u00e0o v\u1ec1 k\u1ef9 n\u0103ng l\u1eafng nghe t\u00edch c\u1ef1c tuy\u1ec7t v\u1eddi, v\u00ec h\u1ecd ph\u1ea3i d\u00e0nh cho kh\u00e1ch h\u00e0ng s\u1ef1 ch\u00fa \u00fd ho\u00e0n to\u00e0n, kh\u00f4ng ph\u00e2n bi\u1ec7t \u0111\u1ec3 hi\u1ec3u c\u00e1c \u0111i\u1ec3m t\u00e0i ch\u00ednh quan tr\u1ecdng. C\u00e1c chuy\u00ean gia ph\u1ea3i \u0111\u1eb7t c\u00e2u h\u1ecfi khi c\u1ea7n thi\u1ebft m\u00e0 kh\u00f4ng l\u00e0m gi\u00e1n \u0111o\u1ea1n kh\u00e1ch h\u00e0ng. Ng\u01b0\u1eddi khai thu\u1ebf \u00e1p d\u1ee5ng c\u00e1c k\u1ef9 n\u0103ng t\u01b0 duy ph\u1ea3n bi\u1ec7n \u0111\u1ec3 ph\u00e2n t\u00edch c\u00e1c v\u1ea5n \u0111\u1ec1 v\u00e0 \u0111\u01b0a ra c\u00e1c gi\u1ea3i ph\u00e1p hi\u1ec7u qu\u1ea3. Ng\u01b0\u1eddi khai thu\u1ebf ph\u1ea3i c\u00f3 kh\u1ea3 n\u0103ng gi\u1ea3i quy\u1ebft c\u00e1c v\u1ea5n \u0111\u1ec1 ph\u1ee9c t\u1ea1p. H\u1ecd x\u00e1c \u0111\u1ecbnh c\u00e1c v\u1ea5n \u0111\u1ec1 v\u00e0 xem x\u00e9t c\u00e1c gi\u1ea3i ph\u00e1p hi\u1ec7u qu\u1ea3 nh\u1ea5t. Ng\u01b0\u1eddi khai thu\u1ebf l\u00e0m vi\u1ec7c tr\u1ef1c ti\u1ebfp v\u1edbi c\u00f4ng ch\u00fang v\u00e0 n\u00ean tho\u1ea3i m\u00e1i ph\u1ee5c v\u1ee5 kh\u00e1ch h\u00e0ng trong nhi\u1ec1u m\u00f4i tr\u01b0\u1eddng kh\u00e1c nhau. Ng\u01b0\u1eddi khai thu\u1ebf n\u00ean \u0111\u01b0\u1ee3c \u0111\u1ecbnh h\u01b0\u1edbng chi ti\u1ebft v\u00e0 k\u1ef9 l\u01b0\u1ee1ng. H\u1ecd th\u01b0\u1eddng t\u1ef1 h\u00e0o v\u1ec1 kh\u1ea3 n\u0103ng ch\u1ecbu \u0111\u1ef1ng c\u0103ng th\u1eb3ng cao v\u00e0 l\u00e0m vi\u1ec7c t\u1ed1t d\u01b0\u1edbi \u00e1p l\u1ef1c, v\u00ec h\u1ecd l\u00e0m vi\u1ec7c ch\u1ee7 y\u1ebfu trong m\u00f9a thu\u1ebf b\u1eadn r\u1ed9n v\u1edbi nh\u1eefng kh\u00e1ch h\u00e0ng th\u01b0\u1eddng xuy\u00ean b\u1ecb c\u0103ng th\u1eb3ng cao \u0111\u1ed9. Ng\u01b0\u1eddi khai thu\u1ebf ph\u1ea3i c\u00f3 kh\u1ea3 n\u0103ng gi\u1eef b\u00ecnh t\u0129nh v\u00e0 kh\u00e9o l\u00e9o trong nh\u1eefng t\u00ecnh hu\u1ed1ng kh\u00f3 kh\u0103n.<br \/>\nB\u1ea1n kh\u00f4ng c\u1ea7n b\u1eb1ng c\u1eed nh\u00e2n ho\u1eb7c b\u1eb1ng li\u00ean k\u1ebft \u0111\u1ec3 tr\u1edf th\u00e0nh ng\u01b0\u1eddi khai thu\u1ebf. Tuy nhi\u00ean, \u0111\u1ec3 x\u00e2y d\u1ef1ng m\u1ed9t doanh nghi\u1ec7p khai thu\u1ebf th\u00e0nh c\u00f4ng, c\u1ea7n ph\u1ea3i c\u00f3 c\u00e1c k\u1ef9 n\u0103ng c\u01a1 b\u1ea3n v\u1ec1 to\u00e1n h\u1ecdc, m\u00e1y t\u00ednh v\u00e0 d\u1ecbch v\u1ee5 kh\u00e1ch h\u00e0ng. H\u1ea7u h\u1ebft nh\u1eefng ng\u01b0\u1eddi khai thu\u1ebf \u0111\u1ec1u c\u00f3 b\u1eb1ng c\u1ea5p v\u1ec1 t\u00e0i ch\u00ednh, k\u1ebf to\u00e1n ho\u1eb7c l\u0129nh v\u1ef1c li\u00ean quan. Tuy nhi\u00ean, nhi\u1ec1u ng\u01b0\u1eddi ch\u1ec9 c\u00f3 b\u1eb1ng t\u1ed1t nghi\u1ec7p trung h\u1ecdc. B\u1eb1ng li\u00ean k\u1ebft trong m\u1ed9t chuy\u00ean ng\u00e0nh t\u00e0i ch\u00ednh c\u00f3 th\u1ec3 \u0111\u1ee7 \u0111i\u1ec1u ki\u1ec7n cho ng\u01b0\u1eddi khai thu\u1ebf cho c\u00e1c v\u1ecb tr\u00ed c\u1ea5p \u0111\u1ea7u v\u00e0o trong l\u0129nh v\u1ef1c n\u00e0y. C\u00e1c ch\u01b0\u01a1ng tr\u00ecnh li\u00ean k\u1ebft gi\u00fap ng\u01b0\u1eddi h\u1ecdc ph\u00e1t tri\u1ec3n hi\u1ec3u bi\u1ebft chung v\u1ec1 c\u00e1c ch\u1ee7 \u0111\u1ec1 li\u00ean quan \u0111\u1ebfn ngh\u1ec1 nghi\u1ec7p. Nhi\u1ec1u ng\u01b0\u1eddi khai thu\u1ebf ki\u1ebfm \u0111\u01b0\u1ee3c b\u1eb1ng c\u1eed nh\u00e2n k\u1ebf to\u00e1n ho\u1eb7c m\u1ed9t l\u0129nh v\u1ef1c li\u00ean quan.<\/p><\/div><\/div><\/div>[vc_empty_space height=&#8221;30px&#8221;]<div class=\"shortcode-wrapper shortcode-icon-box clearfix\"><div class=\"feature-box alternative left-icon-box aligncenter\"><div class=\"feature-box-content\"><h4 class=\"bold\">Vai tr\u00f2 v\u00e0 tr\u00e1ch nhi\u1ec7m:<\/h4><p>\u00b7 T\u00ednh c\u00e1c kho\u1ea3n n\u1ed9p thu\u1ebf<br \/>\n\u00b7 \u01af\u1edbc t\u00ednh khai thu\u1ebf, kh\u1ea5u tr\u1eeb, n\u1ee3 ph\u1ea3i tr\u1ea3 v\u00e0 chi ph\u00ed<br \/>\n\u00b7 L\u1eadp b\u00e1o c\u00e1o qu\u00fd, n\u0103m<br \/>\n\u00b7 Thu th\u1eadp d\u1eef li\u1ec7u t\u1eeb b\u00e1o c\u00e1o thu nh\u1eadp v\u00e0 t\u00e0i li\u1ec7u chi ph\u00ed<br \/>\n\u00b7 Ho\u00e0n thi\u1ec7n h\u1ed3 s\u01a1 thu\u1ebf c\u1ee7a kh\u00e1ch h\u00e0ng<br \/>\n\u00b7 Xem x\u00e9t d\u1eef li\u1ec7u tr\u00ean c\u00e1c b\u00e1o c\u00e1o v\u00e0 ph\u00e1t hi\u1ec7n c\u00e1c l\u1ed7i c\u00f3 th\u1ec3 x\u1ea3y ra<br \/>\n\u00b7 Tr\u1ea3 l\u1eddi c\u00e1c c\u00e2u h\u1ecfi li\u00ean quan \u0111\u1ebfn thu\u1ebf v\u00e0 t\u00e0i ch\u00ednh<br \/>\n\u00b7 Nghi\u00ean c\u1ee9u c\u00e1c xu h\u01b0\u1edbng v\u00e0 quy \u0111\u1ecbnh m\u1edbi v\u1ec1 thu\u1ebf<br \/>\n\u00b7 T\u01b0 v\u1ea5n cho c\u00e1c c\u00e1 nh\u00e2n v\u00e0 c\u00f4ng ty v\u1ec1 chi\u1ebfn l\u01b0\u1ee3c thu\u1ebf<br \/>\n\u00b7 \u0110\u1ea3m b\u1ea3o tu\u00e2n th\u1ee7 c\u00e1c quy \u0111\u1ecbnh v\u1ec1 thu\u1ebf c\u1ee7a ch\u00ednh ph\u1ee7<br \/>\nK\u1ef9 n\u0103ng:<br \/>\n\u00b7 C\u00f3 kinh nghi\u1ec7m l\u00e0m Ng\u01b0\u1eddi khai thu\u1ebf ho\u1eb7c vai tr\u00f2 t\u01b0\u01a1ng t\u1ef1<br \/>\n\u00b7 C\u00f3 ki\u1ebfn th\u1ee9c t\u1ed1t v\u1ec1 ph\u1ea7n m\u1ec1m k\u00ea khai thu\u1ebf<br \/>\n\u00b7 K\u1ef9 n\u0103ng MS Office n\u00e2ng cao (\u0111\u1eb7c bi\u1ec7t l\u00e0 s\u1eed d\u1ee5ng Excel)<br \/>\n\u00b7 Hi\u1ec3u bi\u1ebft to\u00e0n di\u1ec7n v\u1ec1 lu\u1eadt thu\u1ebf c\u1ee7a ch\u00ednh ph\u1ee7<br \/>\n\u00b7 Kh\u1ea3 n\u0103ng t\u00ednh to\u00e1n xu\u1ea5t s\u1eafc<br \/>\n\u00b7 K\u1ef9 n\u0103ng giao ti\u1ebfp b\u1eb1ng l\u1eddi n\u00f3i v\u00e0 b\u1eb1ng v\u0103n b\u1ea3n hi\u1ec7u qu\u1ea3<br \/>\n\u00b7 T\u1ed1t nghi\u1ec7p chuy\u00ean ng\u00e0nh t\u00e0i ch\u00ednh ho\u1eb7c k\u1ebf to\u00e1n<br \/>\nTr\u00ecnh \u0111\u1ed9 chuy\u00ean m\u00f4n: B\u1eb1ng c\u1eed nh\u00e2n k\u1ebf to\u00e1n ho\u1eb7c t\u00e0i ch\u00ednh.<\/p><\/div><\/div><\/div>[\/vc_column_inner][\/vc_row_inner][\/vc_column][\/vc_row]\n<\/div>","protected":false},"excerpt":{"rendered":"<p>[vc_row top_margin=&#8221;0&#8243; bottom_margin=&#8221;0&#8243; css=&#8221;.vc_custom_1499912039446{margin-top: -30px !important;}&#8221;][vc_column][vc_row_inner][vc_column_inner][vc_empty_space height=&#8221;10px&#8221;][vc_empty_space height=&#8221;30px&#8221;][\/vc_column_inner][\/vc_row_inner][\/vc_column][\/vc_row]<\/p>\n","protected":false},"author":4,"featured_media":0,"parent":0,"menu_order":0,"comment_status":"closed","ping_status":"closed","template":"","meta":{"nf_dc_page":"","footnotes":""},"class_list":["post-10311","page","type-page","status-publish","hentry"],"_links":{"self":[{"href":"https:\/\/worknow.vn\/vi\/wp-json\/wp\/v2\/pages\/10311","targetHints":{"allow":["GET"]}}],"collection":[{"href":"https:\/\/worknow.vn\/vi\/wp-json\/wp\/v2\/pages"}],"about":[{"href":"https:\/\/worknow.vn\/vi\/wp-json\/wp\/v2\/types\/page"}],"author":[{"embeddable":true,"href":"https:\/\/worknow.vn\/vi\/wp-json\/wp\/v2\/users\/4"}],"replies":[{"embeddable":true,"href":"https:\/\/worknow.vn\/vi\/wp-json\/wp\/v2\/comments?post=10311"}],"version-history":[{"count":5,"href":"https:\/\/worknow.vn\/vi\/wp-json\/wp\/v2\/pages\/10311\/revisions"}],"predecessor-version":[{"id":12175,"href":"https:\/\/worknow.vn\/vi\/wp-json\/wp\/v2\/pages\/10311\/revisions\/12175"}],"wp:attachment":[{"href":"https:\/\/worknow.vn\/vi\/wp-json\/wp\/v2\/media?parent=10311"}],"curies":[{"name":"wp","href":"https:\/\/api.w.org\/{rel}","templated":true}]}}