{"id":10314,"date":"2022-08-09T06:52:35","date_gmt":"2022-08-09T06:52:35","guid":{"rendered":"https:\/\/worknow.vn\/bookkeeping-accounting-and-auditing-clerk\/"},"modified":"2023-06-01T09:52:59","modified_gmt":"2023-06-01T09:52:59","slug":"ke-toan-so-va-tro-ly-ke-toan","status":"publish","type":"page","link":"https:\/\/worknow.vn\/vi\/ke-toan-so-va-tro-ly-ke-toan\/","title":{"rendered":"K\u1ebf To\u00e1n S\u1ed5 V\u00e0 Tr\u1ee3 L\u00fd K\u1ebf To\u00e1n"},"content":{"rendered":"<div class=\"wpb-content-wrapper\">[vc_row top_margin=&#8221;0&#8243; bottom_margin=&#8221;0&#8243; css=&#8221;.vc_custom_1499912039446{margin-top: -30px !important;}&#8221;][vc_column]<div class=\"shortcode-wrapper shortcode-title clearfix hb-animate-element hb-fade-in\"><p style=\"color:#878787!important;border-color:#878787\" class=\"hb-text-large aligncenter\">K\u1ebf To\u00e1n S\u1ed5 V\u00e0 Tr\u1ee3 L\u00fd K\u1ebf To\u00e1n<\/p><\/div>[vc_row_inner][vc_column_inner][vc_empty_space height=&#8221;10px&#8221;]<div class=\"shortcode-wrapper shortcode-icon-box clearfix\"><div class=\"feature-box alternative left-icon-box aligncenter\"><div class=\"feature-box-content\"><h4 class=\"bold\">M\u00f4 t\u1ea3 c\u00f4ng vi\u1ec7c K\u1ebf To\u00e1n S\u1ed5 v\u00e0 Tr\u1ee3 L\u00fd K\u1ebf To\u00e1n<\/h4><p>K\u1ebf to\u00e1n s\u1ed5, k\u1ebf to\u00e1n v\u00e0 tr\u1ee3 l\u00fd k\u1ebf to\u00e1n l\u00e0 nh\u1eefng ng\u01b0\u1eddi ghi ch\u00e9p t\u00e0i ch\u00ednh. H\u1ecd c\u1eadp nh\u1eadt v\u00e0 duy tr\u00ec h\u1ed3 s\u01a1 k\u1ebf to\u00e1n, bao g\u1ed3m nh\u1eefng h\u1ed3 s\u01a1 chi ti\u00eau, thu chi, c\u00e1c kho\u1ea3n ph\u1ea3i tr\u1ea3 v\u00e0 thu, l\u00e3i v\u00e0 l\u1ed7. Nh\u1eefng ng\u01b0\u1eddi n\u00e0y c\u00f3 nhi\u1ec1u k\u1ef9 n\u0103ng kh\u00e1c nhau, t\u1eeb nh\u00e2n vi\u00ean k\u1ebf to\u00e1n t\u1ed5ng h\u1ee3p, nh\u1eefng ng\u01b0\u1eddi c\u00f3 th\u1ec3 duy tr\u00ec s\u1ed5 s\u00e1ch c\u1ee7a to\u00e0n b\u1ed9 c\u00f4ng ty, \u0111\u1ebfn nh\u00e2n vi\u00ean k\u1ebf to\u00e1n x\u1eed l\u00fd c\u00e1c c\u00f4ng vi\u1ec7c c\u1ee5 th\u1ec3. T\u1ea5t c\u1ea3 nh\u1eefng nh\u00e2n vi\u00ean n\u00e0y t\u00ednh to\u00e1n m\u1ed7i ng\u00e0y v\u00e0 ph\u1ea3i c\u1ea3m th\u1ea5y tho\u1ea3i m\u00e1i khi s\u1eed d\u1ee5ng m\u00e1y t\u00ednh \u0111\u1ec3 t\u00ednh to\u00e1n v\u00e0 ghi l\u1ea1i d\u1eef li\u1ec7u. Trong c\u00e1c doanh nghi\u1ec7p nh\u1ecf, k\u1ebf to\u00e1n s\u1ed5 v\u00e0 tr\u1ee3 l\u00fd k\u1ebf to\u00e1n th\u01b0\u1eddng ch\u1ecbu tr\u00e1ch nhi\u1ec7m \u0111\u1ed1i v\u1edbi m\u1ed9t s\u1ed1 ho\u1eb7c t\u1ea5t c\u1ea3 c\u00e1c t\u00e0i kho\u1ea3n, \u0111\u01b0\u1ee3c g\u1ecdi l\u00e0 s\u1ed5 c\u00e1i chung. H\u1ecd ghi l\u1ea1i t\u1ea5t c\u1ea3 c\u00e1c giao d\u1ecbch v\u00e0 \u0111\u0103ng c\u00e1c kho\u1ea3n ghi n\u1ee3 (chi ph\u00ed) v\u00e0 t\u00edn d\u1ee5ng (thu nh\u1eadp). H\u1ecd c\u0169ng l\u1eadp ra c\u00e1c b\u00e1o c\u00e1o t\u00e0i ch\u00ednh, chu\u1ea9n b\u1ecb c\u00e1c b\u00e1o c\u00e1o v\u00e0 t\u00f3m t\u1eaft n\u1ed9i dung cho ng\u01b0\u1eddi gi\u00e1m s\u00e1t v\u00e0 qu\u1ea3n l\u00fd. K\u1ebf to\u00e1n s\u1ed5 chu\u1ea9n b\u1ecb ti\u1ec1n g\u1eedi ng\u00e2n h\u00e0ng b\u1eb1ng c\u00e1ch t\u1ed5ng h\u1ee3p d\u1eef li\u1ec7u t\u1eeb thu ng\u00e2n, x\u00e1c minh v\u00e0 c\u00e2n \u0111\u1ed1i c\u00e1c kho\u1ea3n thu, v\u00e0 g\u1eedi ti\u1ec1n, s\u00e9c ho\u1eb7c c\u00e1c h\u00ecnh th\u1ee9c thanh to\u00e1n kh\u00e1c \u0111\u1ebfn ng\u00e2n h\u00e0ng. Ngo\u00e0i ra, h\u1ecd c\u00f3 th\u1ec3 x\u1eed l\u00fd b\u1ea3ng l\u01b0\u01a1ng, mua h\u00e0ng, chu\u1ea9n b\u1ecb h\u00f3a \u0111\u01a1n v\u00e0 theo d\u00f5i c\u00e1c t\u00e0i kho\u1ea3n qu\u00e1 h\u1ea1n. \u1ede c\u00e1c c\u00f4ng ty l\u1edbn, tr\u1ee3 l\u00fd k\u1ebf to\u00e1n c\u00f3 nhi\u1ec1u nhi\u1ec7m v\u1ee5 chuy\u00ean bi\u1ec7t h\u01a1n. C\u00e1c ch\u1ee9c danh nh\u01b0 l\u00e0 k\u1ebf to\u00e1n thanh to\u00e1n ho\u1eb7c k\u1ebf to\u00e1n c\u00f4ng n\u1ee3, th\u01b0\u1eddng ph\u1ea3n \u00e1nh nhi\u1ec7m v\u1ee5 k\u1ebf to\u00e1n m\u00e0 h\u1ecd th\u1ef1c hi\u1ec7n. Ngo\u00e0i ra, tr\u00e1ch nhi\u1ec7m c\u1ee7a h\u1ecd kh\u00e1c nhau t\u00f9y theo m\u1ee9c \u0111\u1ed9 kinh nghi\u1ec7m. K\u1ebf to\u00e1n m\u1edbi v\u00e0o ngh\u1ec1 \u0111\u0103ng chi ti\u1ebft c\u00e1c giao d\u1ecbch, t\u1ed5ng t\u00e0i kho\u1ea3n v\u00e0 t\u00ednh l\u00e3i su\u1ea5t. H\u1ecd c\u0169ng c\u00f3 th\u1ec3 gi\u00e1m s\u00e1t c\u00e1c kho\u1ea3n vay v\u00e0 t\u00e0i kho\u1ea3n \u0111\u1ec3 \u0111\u1ea3m b\u1ea3o r\u1eb1ng c\u00e1c kho\u1ea3n thanh to\u00e1n \u0111\u01b0\u1ee3c c\u1eadp nh\u1eadt. Nh\u00e2n vi\u00ean k\u1ebf to\u00e1n c\u1ea5p cao h\u01a1n c\u00f3 th\u1ec3 t\u1ed5ng h\u1ee3p, c\u00e2n \u0111\u1ed1i v\u00e0 \u0111\u1ed1i chi\u1ebfu c\u00e1c ch\u1ee9ng t\u1eeb thanh to\u00e1n; \u0111\u1ea3m b\u1ea3o c\u00e1c d\u1eef li\u1ec7u \u0111\u1ea7y \u0111\u1ee7 v\u00e0 ch\u00ednh x\u00e1c tr\u00ean c\u00e1c t\u00e0i kho\u1ea3n; v\u00e0 m\u00e3 ch\u1ee9ng t\u1eeb theo quy tr\u00ecnh c\u1ee7a c\u00f4ng ty. Tr\u1ee3 l\u00fd k\u1ebf to\u00e1n x\u00e1c minh h\u1ed3 s\u01a1 c\u1ee7a c\u00e1c giao d\u1ecbch t\u1eeb nh\u1eefng nh\u00e2n vi\u00ean kh\u00e1c. H\u1ecd ki\u1ec3m tra c\u00e1c s\u1ed1 li\u1ec7u, th\u00f4ng tin nh\u1eadp s\u1ed5 v\u00e0 t\u00e0i li\u1ec7u \u0111\u1ec3 \u0111\u1ea3m b\u1ea3o r\u1eb1ng ch\u00fang t\u00ednh to\u00e1n ch\u00ednh x\u00e1c v\u00e0 \u0111\u01b0\u1ee3c m\u00e3 h\u00f3a \u0111\u00fang c\u00e1ch. H\u1ecd c\u0169ng s\u1eeda ch\u1eefa ho\u1eb7c ghi ch\u00fa c\u00e1c l\u1ed7i cho k\u1ebf to\u00e1n ho\u1eb7c nh\u1eefng nh\u00e2n vi\u00ean kh\u00e1c \u0111\u1ec3 s\u1eeda ch\u1eefa. Khi c\u00e1c t\u1ed5 ch\u1ee9c ti\u1ebfp t\u1ee5c \u0111i\u1ec7n t\u1eed h\u00f3a h\u1ed3 s\u01a1 t\u00e0i ch\u00ednh c\u1ee7a h\u1ecd, nhi\u1ec1u k\u1ebf to\u00e1n s\u1ed5 s\u00e1ch, k\u1ebf to\u00e1n v\u00e0 ki\u1ec3m to\u00e1n s\u1eed d\u1ee5ng ph\u1ea7n m\u1ec1m k\u1ebf to\u00e1n chuy\u00ean d\u1ee5ng, b\u1ea3ng t\u00ednh v\u00e0 c\u01a1 s\u1edf d\u1eef li\u1ec7u. H\u1ea7u h\u1ebft c\u00e1c nh\u00e2n vi\u00ean hi\u1ec7n nay nh\u1eadp th\u00f4ng tin t\u1eeb bi\u00ean lai ho\u1eb7c h\u00f3a \u0111\u01a1n v\u00e0o m\u00e1y t\u00ednh, v\u00e0 l\u01b0u tr\u1eef th\u00f4ng tin d\u01b0\u1edbi d\u1ea1ng \u0111i\u1ec7n t\u1eed. Vi\u1ec7c s\u1eed d\u1ee5ng r\u1ed9ng r\u00e3i m\u00e1y t\u00ednh c\u0169ng cho ph\u00e9p c\u00e1c tr\u1ee3 l\u00fd k\u1ebf to\u00e1n, k\u1ebf to\u00e1n v\u00e0 ki\u1ec3m to\u00e1n \u0111\u1ea3m nh\u1eadn c\u00e1c c\u00f4ng vi\u1ec7c b\u1ed5 sung, ch\u1eb3ng h\u1ea1n nh\u01b0 t\u00ednh l\u01b0\u01a1ng, thu mua v\u00e0 thanh to\u00e1n. Nh\u1eefng nh\u00e2n vi\u00ean n\u00e0y \u0111\u00f4i khi b\u1ecb y\u00eau c\u1ea7u vi\u1ebft th\u01b0 v\u00e0 g\u1ecdi \u0111i\u1ec7n tho\u1ea1i cho kh\u00e1ch mua h\u00e0ng ho\u1eb7c d\u1ecbch v\u1ee5.<\/p><\/div><\/div><\/div>[vc_empty_space height=&#8221;30px&#8221;]<div class=\"shortcode-wrapper shortcode-icon-box clearfix\"><div class=\"feature-box alternative left-icon-box aligncenter\"><div class=\"feature-box-content\"><h4 class=\"bold\">Nhi\u1ec7m v\u1ee5 chung c\u1ee7a K\u1ebf To\u00e1n S\u1ed5 v\u00e0 Tr\u1ee3 L\u00fd K\u1ebf To\u00e1n<\/h4><p>\n<ul>\n<li>Duy tr\u00ec h\u1ed3 s\u01a1 t\u00e0i ch\u00ednh ho\u1eb7c t\u00e0i kho\u1ea3n.<\/li>\n<li>V\u1eadn h\u00e0nh m\u00e1y t\u00ednh ho\u1eb7c thi\u1ebft b\u1ecb c\u00f4ng ngh\u1ec7 h\u00f3a.<\/li>\n<li>Th\u1ef1c hi\u1ec7n c\u00e1c giao d\u1ecbch b\u00e1n h\u00e0ng ho\u1eb7c t\u00e0i ch\u00ednh kh\u00e1c.<\/li>\n<li>\u00a0X\u00e1c minh t\u00ednh ch\u00ednh x\u00e1c c\u1ee7a d\u1eef li\u1ec7u t\u00e0i ch\u00ednh ho\u1eb7c giao d\u1ecbch.<\/li>\n<li>\u00a0Bi\u00ean d\u1ecbch d\u1eef li\u1ec7u ho\u1eb7c t\u00e0i li\u1ec7u.<\/li>\n<li>\u00a0Chu\u1ea9n b\u1ecb ti\u1ec1n m\u1eb7t \u0111\u1ec3 g\u1eedi ho\u1eb7c gi\u1ea3i ng\u00e2n.<\/li>\n<li>\u00a0Gi\u00e1m s\u00e1t vi\u1ec7c tu\u00e2n th\u1ee7 quy \u0111\u1ecbnh c\u1ee7a t\u1ed5 ch\u1ee9c.<\/li>\n<li>\u00a0T\u00ednh to\u00e1n d\u1eef li\u1ec7u t\u00e0i ch\u00ednh.<\/li>\n<li>\u00a0V\u1eadn h\u00e0nh thi\u1ebft b\u1ecb v\u0103n ph\u00f2ng.<\/li>\n<li>\u00a0Thu ti\u1ec1n \u0111\u1eb7t c\u1ecdc, thanh to\u00e1n ho\u1eb7c ph\u00ed.<\/li>\n<li>\u00a0Gi\u00e1m s\u00e1t th\u00f4ng tin t\u00e0i ch\u00ednh.<\/li>\n<li>\u00a0\u0110\u1ed1i chi\u1ebfu h\u1ed3 s\u01a1 b\u00e1n h\u00e0ng ho\u1eb7c c\u00e1c giao d\u1ecbch t\u00e0i ch\u00ednh kh\u00e1c.<\/li>\n<li>\u00a0M\u00e3 h\u00f3a d\u1eef li\u1ec7u ho\u1eb7c th\u00f4ng tin kh\u00e1c.<\/li>\n<li>\u00a0L\u01b0u tr\u1eef t\u00e0i li\u1ec7u ho\u1eb7c h\u1ed3 s\u01a1.<\/li>\n<li>\u00a0Tr\u1ea3 l\u1eddi \u0111i\u1ec7n tho\u1ea1i tr\u1ef1c ti\u1ebfp ho\u1eb7c cung c\u1ea5p th\u00f4ng tin.<\/li>\n<li>\u00a0Chuy\u1ec3n \u0111\u1ed5i d\u1eef li\u1ec7u gi\u1eefa nhi\u1ec1u \u0111\u1ecbnh d\u1ea1ng k\u1ef9 thu\u1eadt s\u1ed1 ho\u1eb7c t\u01b0\u01a1ng t\u1ef1.<\/li>\n<li>\u00a0T\u00ecm ki\u1ebfm c\u00e1c t\u1eadp tin, c\u01a1 s\u1edf d\u1eef li\u1ec7u ho\u1eb7c t\u00e0i li\u1ec7u tham kh\u1ea3o \u0111\u1ec3 c\u00f3 \u0111\u01b0\u1ee3c th\u00f4ng tin c\u1ea7n thi\u1ebft.<\/li>\n<li>\u00a0Chu\u1ea9n b\u1ecb t\u00e0i li\u1ec7u cho c\u00e1c h\u1ee3p \u0111\u1ed3ng, giao d\u1ecbch ho\u1eb7c tu\u00e2n th\u1ee7 quy \u0111\u1ecbnh.<\/li>\n<li>\u00a0T\u00ednh to\u00e1n chi ph\u00ed c\u1ee7a h\u00e0ng h\u00f3a ho\u1eb7c d\u1ecbch v\u1ee5.<\/li>\n<li>\u00a0Duy tr\u00ec bi\u00ean b\u1ea3n ki\u1ec3m k\u00ea h\u00e0ng t\u1ed3n kho.<\/li>\n<li>K\u1ef9 n\u0103ng:<\/li>\n<li>\u00a0Hi\u1ec3u ng\u00f4n ng\u1eef l\u1eddi n\u00f3i- Nghe v\u00e0 hi\u1ec3u nh\u1eefng g\u00ec m\u1ecdi ng\u01b0\u1eddi n\u00f3i.<\/li>\n<li>\u00a0Suy lu\u1eadn to\u00e1n h\u1ecdc &#8211; L\u1ef1a ch\u1ecdn d\u1ea1ng to\u00e1n ph\u00f9 h\u1ee3p \u0111\u1ec3 gi\u1ea3i quy\u1ebft v\u1ea5n \u0111\u1ec1.<\/li>\n<li>\u00a0Kh\u1ea3 n\u0103ng vi\u1ebft &#8211; \u0110\u1ecdc v\u00e0 hi\u1ec3u nh\u1eefng g\u00ec \u0111\u01b0\u1ee3c vi\u1ebft.<\/li>\n<li>\u00a0T\u1ea7m nh\u00ecn g\u1ea7n \u2013 ch\u00fa \u00fd c\u00e1c chi ti\u1ebft<\/li>\n<li>\u00a0Ng\u1eef ph\u00e1p &#8211; Giao ti\u1ebfp b\u1eb1ng v\u0103n b\u1ea3n.<\/li>\n<li>\u00a0K\u1ef9 n\u0103ng giao ti\u1ebfp- Giao ti\u1ebfp b\u1eb1ng l\u1eddi n\u00f3i.<\/li>\n<li>\u00a0Nh\u1ea1y c\u1ea3m v\u1edbi c\u00e1c v\u1ea5n \u0111\u1ec1 &#8211; Nh\u1eadn th\u1ea5y khi c\u00f3 v\u1ea5n \u0111\u1ec1 x\u1ea3y ra.<\/li>\n<li>\u00a0T\u00ednh to\u00e1n s\u1ed1 &#8211; C\u1ed9ng, tr\u1eeb, nh\u00e2n ho\u1eb7c chia.<\/li>\n<li>\u00a0To\u00e1n h\u1ecdc &#8211; S\u1eed d\u1ee5ng to\u00e1n h\u1ecdc \u0111\u1ec3 gi\u1ea3i quy\u1ebft v\u1ea5n \u0111\u1ec1.<\/li>\n<li>Tr\u00ecnh \u0111\u1ed9 chuy\u00ean m\u00f4n: K\u1ebf to\u00e1n, Ki\u1ec3m to\u00e1n, Qu\u1ea3n l\u00fd v\u0103n ph\u00f2ng, T\u00e0i ch\u00ednh, k\u1ebf to\u00e1n s\u1ed5 s\u00e1ch v\u00e0 Ho\u1ea1t \u0111\u1ed9ng kinh doanh<\/li>\n<\/ul>\n<\/p><\/div><\/div><\/div>[\/vc_column_inner][\/vc_row_inner][\/vc_column][\/vc_row]\n<\/div>","protected":false},"excerpt":{"rendered":"<p>[vc_row top_margin=&#8221;0&#8243; bottom_margin=&#8221;0&#8243; css=&#8221;.vc_custom_1499912039446{margin-top: -30px !important;}&#8221;][vc_column][vc_row_inner][vc_column_inner][vc_empty_space height=&#8221;10px&#8221;][vc_empty_space height=&#8221;30px&#8221;][\/vc_column_inner][\/vc_row_inner][\/vc_column][\/vc_row]<\/p>\n","protected":false},"author":4,"featured_media":0,"parent":0,"menu_order":0,"comment_status":"closed","ping_status":"closed","template":"","meta":{"nf_dc_page":"","footnotes":""},"class_list":["post-10314","page","type-page","status-publish","hentry"],"_links":{"self":[{"href":"https:\/\/worknow.vn\/vi\/wp-json\/wp\/v2\/pages\/10314","targetHints":{"allow":["GET"]}}],"collection":[{"href":"https:\/\/worknow.vn\/vi\/wp-json\/wp\/v2\/pages"}],"about":[{"href":"https:\/\/worknow.vn\/vi\/wp-json\/wp\/v2\/types\/page"}],"author":[{"embeddable":true,"href":"https:\/\/worknow.vn\/vi\/wp-json\/wp\/v2\/users\/4"}],"replies":[{"embeddable":true,"href":"https:\/\/worknow.vn\/vi\/wp-json\/wp\/v2\/comments?post=10314"}],"version-history":[{"count":6,"href":"https:\/\/worknow.vn\/vi\/wp-json\/wp\/v2\/pages\/10314\/revisions"}],"predecessor-version":[{"id":12147,"href":"https:\/\/worknow.vn\/vi\/wp-json\/wp\/v2\/pages\/10314\/revisions\/12147"}],"wp:attachment":[{"href":"https:\/\/worknow.vn\/vi\/wp-json\/wp\/v2\/media?parent=10314"}],"curies":[{"name":"wp","href":"https:\/\/api.w.org\/{rel}","templated":true}]}}