{"id":10316,"date":"2022-08-09T06:53:03","date_gmt":"2022-08-09T06:53:03","guid":{"rendered":"https:\/\/worknow.vn\/accounts-payable-and-receivable-clerks\/"},"modified":"2023-06-01T09:52:30","modified_gmt":"2023-06-01T09:52:30","slug":"ke-toan-no-va-tro-ly-cong-no","status":"publish","type":"page","link":"https:\/\/worknow.vn\/vi\/ke-toan-no-va-tro-ly-cong-no\/","title":{"rendered":"K\u1ebf To\u00e1n N\u1ee3 V\u00e0 Tr\u1ee3 L\u00fd C\u00f4ng N\u1ee3"},"content":{"rendered":"<div class=\"wpb-content-wrapper\">[vc_row top_margin=&#8221;0&#8243; bottom_margin=&#8221;0&#8243; css=&#8221;.vc_custom_1499912039446{margin-top: -30px !important;}&#8221;][vc_column]<div class=\"shortcode-wrapper shortcode-title clearfix hb-animate-element hb-fade-in\"><p style=\"color:#878787!important;border-color:#878787\" class=\"hb-text-large aligncenter\">K\u1ebf To\u00e1n N\u1ee3 V\u00e0 Tr\u1ee3 L\u00fd C\u00f4ng N\u1ee3<\/p><\/div>[vc_row_inner][vc_column_inner][vc_empty_space height=&#8221;10px&#8221;]<div class=\"shortcode-wrapper shortcode-icon-box clearfix\"><div class=\"feature-box alternative left-icon-box aligncenter\"><div class=\"feature-box-content\"><h4 class=\"bold\">M\u00f4 t\u1ea3 c\u00f4ng vi\u1ec7c K\u1ebf To\u00e1n N\u1ee3 v\u00e0 Tr\u1ee3 L\u00fd C\u00f4ng N\u1ee3<\/h4><p>Tr\u1ee3 l\u00fd k\u1ebf to\u00e1n \u0111\u00f3ng m\u1ed9t vai tr\u00f2 quan tr\u1ecdng trong h\u1ea7u h\u1ebft c\u00e1c doanh nghi\u1ec7p v\u00e0 t\u1ed5 ch\u1ee9c b\u1eb1ng c\u00e1ch duy tr\u00ec h\u1ed3 s\u01a1 t\u00e0i ch\u00ednh v\u00e0 h\u1ed7 tr\u1ee3 c\u00e1c ho\u1ea1t \u0111\u1ed9ng chung c\u1ee7a b\u1ed9 ph\u1eadn t\u00e0i ch\u00ednh. Trong nhi\u1ec1u doanh nghi\u1ec7p \u0111\u1ecba ph\u01b0\u01a1ng ho\u1eb7c nh\u1ecf h\u01a1n, tr\u1ee3 l\u00fd k\u1ebf to\u00e1n c\u00f3 th\u1ec3 \u0111\u1ea3m nh\u1eadn nhi\u1ec1u nhi\u1ec7m v\u1ee5 nh\u01b0 ghi s\u1ed5 k\u1ebf to\u00e1n t\u1ed5ng h\u1ee3p, t\u00ednh l\u01b0\u01a1ng, c\u00e1c kho\u1ea3n ph\u1ea3i tr\u1ea3 v\u00e0 kho\u1ea3n ph\u1ea3i thu. Trong c\u00e1c t\u1eadp \u0111o\u00e0n v\u00e0 t\u1ed5 ch\u1ee9c kinh doanh l\u1edbn h\u01a1n, tr\u1ee3 l\u00fd k\u1ebf to\u00e1n c\u00f3 xu h\u01b0\u1edbng \u0111\u01b0\u1ee3c giao m\u1ed9t vai tr\u00f2 c\u1ee5 th\u1ec3 trong b\u1ed9 ph\u1eadn t\u00e0i ch\u00ednh. V\u00ed d\u1ee5: m\u1ed9t nh\u00e2n vi\u00ean c\u00f3 th\u1ec3 x\u1eed l\u00fd nhi\u1ec1u h\u1ea1ng m\u1ee5c c\u00f4ng vi\u1ec7c li\u00ean quan nh\u01b0 k\u1ebf to\u00e1n n\u1ee3 v\u00e0 tr\u1ee3 l\u00fd c\u00f4ng n\u1ee3. Nh\u00e2n vi\u00ean k\u1ebf to\u00e1n n\u1ee3 v\u00e0 tr\u1ee3 l\u00fd c\u00f4ng n\u1ee3 l\u00e0m vi\u1ec7c trong nhi\u1ec1u ng\u00e0nh v\u00e0 t\u1ed5 ch\u1ee9c kh\u00e1c nhau. T\u1ea5t c\u1ea3 c\u00e1c doanh nghi\u1ec7p, c\u1ea3 l\u1edbn v\u00e0 nh\u1ecf, s\u1eed d\u1ee5ng k\u1ebf to\u00e1n n\u1ee3 v\u00e0 tr\u1ee3 l\u00fd c\u00f4ng n\u1ee3 \u0111\u1ec3 qu\u1ea3n l\u00fd c\u00e1c giao d\u1ecbch t\u00e0i ch\u00ednh, b\u00e1o c\u00e1o v\u00e0 h\u1ed3 s\u01a1 c\u1ee7a h\u1ecd. C\u00e1c c\u01a1 quan ch\u00ednh ph\u1ee7 li\u00ean bang, ti\u1ec3u bang v\u00e0 th\u00e0nh ph\u1ed1 c\u0169ng nh\u01b0 c\u00e1c t\u1ed5 ch\u1ee9c phi l\u1ee3i nhu\u1eadn c\u0169ng s\u1eed d\u1ee5ng c\u00e1c nh\u00e2n vi\u00ean chuy\u00ean tr\u00e1ch n\u00e0y \u0111\u1ec3 theo d\u00f5i c\u00e1c d\u00f2ng doanh thu, g\u1eedi h\u00f3a \u0111\u01a1n v\u00e0 thanh to\u00e1n c\u00e1c ngh\u0129a v\u1ee5 t\u00e0i ch\u00ednh khi \u0111\u1ebfn h\u1ea1n.<\/p>\n<p>Ch\u00fa \u00fd \u0111\u1ebfn c\u00e1c chi ti\u1ebft l\u00e0 m\u1ed9t k\u1ef9 n\u0103ng quan tr\u1ecdng \u0111\u1ed1i v\u1edbi k\u1ebf to\u00e1n n\u1ee3, v\u00ec h\u1ecd c\u00f3 tr\u00e1ch nhi\u1ec7m ghi ch\u00e9p ch\u00ednh x\u00e1c v\u00e0 theo d\u00f5i th\u00f4ng tin kh\u00e1ch h\u00e0ng. K\u1ef9 n\u0103ng giao ti\u1ebfp l\u00e0 \u0111i\u1ec1u c\u1ea7n thi\u1ebft trong b\u1ea5t k\u1ef3 m\u00f4i tr\u01b0\u1eddng v\u0103n ph\u00f2ng n\u00e0o v\u00e0 tr\u1ee3 l\u00fd c\u00f4ng n\u1ee3 c\u1ea7n c\u00f3 kh\u1ea3 n\u0103ng giao ti\u1ebfp hi\u1ec7u qu\u1ea3 v\u1edbi \u0111\u1ed3ng nghi\u1ec7p, ng\u01b0\u1eddi qu\u1ea3n l\u00fd v\u00e0 kh\u00e1ch h\u00e0ng. Tr\u1ee3 l\u00fd k\u1ebf to\u00e1n c\u00f4ng n\u1ee3 s\u1eed d\u1ee5ng c\u00e1c k\u1ef9 n\u0103ng to\u00e1n h\u1ecdc \u0111\u1ec3 t\u00ednh to\u00e1n s\u1ed1 li\u1ec7u, nh\u1eadp li\u1ec7u v\u00e0 th\u1ef1c hi\u1ec7n c\u00e1c c\u00f4ng vi\u1ec7c kh\u00e1c. M\u1ed9t tr\u1ee3 l\u00fd c\u00f4ng n\u1ee3 c\u1ea7n t\u1ed5 ch\u1ee9c theo d\u00f5i th\u00f4ng tin kh\u00e1ch h\u00e0ng, h\u00f3a \u0111\u01a1n v\u00e0 c\u00e1c kho\u1ea3n thanh to\u00e1n. K\u1ef9 n\u0103ng t\u1ed5 ch\u1ee9c c\u00f3 th\u1ec3 gi\u00fap b\u1ea1n theo d\u00f5i t\u1ea5t c\u1ea3 th\u00f4ng tin c\u1ea7n thi\u1ebft \u0111\u1ec3 th\u1ef1c hi\u1ec7n c\u00f4ng vi\u1ec7c c\u1ee7a m\u00ecnh. K\u1ef9 n\u0103ng gi\u1ea3i quy\u1ebft v\u1ea5n \u0111\u1ec1 l\u00e0 \u0111i\u1ec1u c\u1ea7n thi\u1ebft \u0111\u1ed1i v\u1edbi tr\u1ee3 l\u00fd k\u1ebf to\u00e1n c\u00f4ng n\u1ee3, v\u00ec h\u1ecd th\u01b0\u1eddng l\u00e0 \u0111\u1ea7u m\u1ed1i li\u00ean h\u1ec7 c\u1ee7a kh\u00e1ch h\u00e0ng v\u00e0 nh\u00e0 cung c\u1ea5p. M\u1ed9t k\u1ebf to\u00e1n n\u1ee3 t\u1ed1t s\u1ebd th\u1ef1c hi\u1ec7n c\u00f4ng vi\u1ec7c ch\u00ednh x\u00e1c, \u0111\u00fang th\u1eddi h\u1ea1n v\u00e0 c\u00f3 gi\u00e1 tr\u1ecb.<\/p>\n<p>H\u1ea7u h\u1ebft c\u00e1c nh\u00e0 tuy\u1ec3n d\u1ee5ng \u0111\u1ec1u y\u00eau c\u1ea7u k\u1ebf to\u00e1n n\u1ee3 v\u00e0 tr\u1ee3 l\u00fd c\u00f4ng n\u1ee3 ph\u1ea3i c\u00f3 \u00edt nh\u1ea5t b\u1eb1ng t\u1ed1t nghi\u1ec7p trung h\u1ecdc ho\u1eb7c t\u01b0\u01a1ng \u0111\u01b0\u01a1ng. Trong khi m\u1ed9t s\u1ed1 nh\u00e0 tuy\u1ec3n d\u1ee5ng kh\u00f4ng y\u00eau c\u1ea7u kinh nghi\u1ec7m ho\u1eb7c \u0111\u00e0o t\u1ea1o tr\u01b0\u1edbc \u0111\u00f3, c\u00e1c nh\u00e0 tuy\u1ec3n d\u1ee5ng h\u1ea7u nh\u01b0 lu\u00f4n \u01b0u ti\u00ean c\u00e1c \u1ee9ng vi\u00ean c\u00f3 v\u00e0i n\u0103m kinh nghi\u1ec7m li\u00ean quan \u0111\u1ebfn k\u1ebf to\u00e1n ho\u1eb7c m\u1ed9t s\u1ed1 ch\u01b0\u01a1ng tr\u00ecnh ch\u00ednh quy. V\u00ec l\u00fd do n\u00e0y, c\u00e1c k\u1ebf to\u00e1n n\u1ee3 v\u00e0 tr\u1ee3 l\u00fd c\u00f4ng n\u1ee3 th\u01b0\u1eddng theo h\u1ecdc c\u00e1c b\u1eb1ng c\u1ea5p cao \u0111\u1eb3ng v\u1ec1 k\u1ebf to\u00e1n, t\u00e0i ch\u00ednh ho\u1eb7c k\u1ebf to\u00e1n ti\u1ec1n l\u01b0\u01a1ng. Trong th\u1ecb tr\u01b0\u1eddng vi\u1ec7c l\u00e0m c\u1ea1nh tranh ng\u00e0y nay, c\u00e1c \u1ee9ng vi\u00ean c\u00f3 k\u1ef9 n\u0103ng v\u00e0 \u0111\u00e0o t\u1ea1o chuy\u00ean bi\u1ec7t c\u00f3 th\u1ec3 c\u00f3 l\u1ee3i th\u1ebf h\u01a1n nh\u1eefng ng\u01b0\u1eddi kh\u00f4ng \u0111\u01b0\u1ee3c \u0111\u00e0o t\u1ea1o ch\u00ednh quy, \u0111i\u1ec1u n\u00e0y gi\u00fap h\u1ecd c\u00f3 m\u1ed9t s\u1ed1 ki\u1ebfn \u200b\u200bth\u1ee9c n\u1ec1n t\u1ea3ng v\u1ec1 l\u0129nh v\u1ef1c n\u00e0y thay v\u00ec kinh nghi\u1ec7m. C\u00e1c nh\u00e0 tuy\u1ec3n d\u1ee5ng hi\u1ebfm khi y\u00eau c\u1ea7u c\u00e1c \u1ee9ng vi\u00ean ph\u1ea3i c\u00f3 b\u1eb1ng c\u1eed nh\u00e2n k\u1ebf to\u00e1n ho\u1eb7c l\u0129nh v\u1ef1c li\u00ean quan. Tuy nhi\u00ean, c\u00e1c c\u00e1 nh\u00e2n c\u00f3 b\u1eb1ng c\u1eed nh\u00e2n th\u01b0\u1eddng t\u00ecm ki\u1ebfm c\u00e1c v\u1ecb tr\u00ed th\u01b0 k\u00fd trong m\u1ed9t c\u00f4ng ty ho\u1eb7c ng\u00e0nh c\u1ee5 th\u1ec3, m\u1ee5c \u0111\u00edch cu\u1ed1i c\u00f9ng l\u00e0 theo \u0111u\u1ed5i s\u1ef1 th\u0103ng ti\u1ebfn.<\/p><\/div><\/div><\/div>[vc_empty_space height=&#8221;30px&#8221;]<div class=\"shortcode-wrapper shortcode-icon-box clearfix\"><div class=\"feature-box alternative left-icon-box aligncenter\"><div class=\"feature-box-content\"><h4 class=\"bold\">Nhi\u1ec7m v\u1ee5 chung c\u1ee7a K\u1ebf To\u00e1n N\u1ee3 v\u00e0 Tr\u1ee3 L\u00fd C\u00f4ng N\u1ee3<\/h4><p>\n<ul>\n<li>X\u1eed l\u00fd c\u00e1c kho\u1ea3n thanh to\u00e1n theo \u0111\u00fang ch\u00ednh s\u00e1ch v\u00e0 th\u1ee7 t\u1ee5c t\u00e0i ch\u00ednh<\/li>\n<li>Th\u1ef1c hi\u1ec7n c\u00e1c giao d\u1ecbch t\u00e0i ch\u00ednh h\u00e0ng ng\u00e0y, bao g\u1ed3m x\u00e1c minh, ph\u00e2n lo\u1ea1i v\u00e0 ghi l\u1ea1i d\u1eef li\u1ec7u t\u00e0i kho\u1ea3n ph\u1ea3i tr\u1ea3<\/li>\n<li>\u0110\u1ed1i chi\u1ebfu s\u1ed5 c\u00e1i c\u00e1c kho\u1ea3n n\u1ee3 ph\u1ea3i tr\u1ea3 \u0111\u1ec3 \u0111\u1ea3m b\u1ea3o r\u1eb1ng t\u1ea5t c\u1ea3 c\u00e1c h\u00f3a \u0111\u01a1n v\u00e0 kho\u1ea3n thanh to\u00e1n \u0111\u01b0\u1ee3c h\u1ea1ch to\u00e1n v\u00e0 ghi \u0111\u00fang c\u00e1ch.<\/li>\n<li>X\u00e1c minh v\u00e0 \u0111i\u1ec1u tra sai s\u00f3t, n\u1ebfu c\u00f3, b\u1eb1ng c\u00e1ch \u0111\u1ed1i chi\u1ebfu t\u00e0i kho\u1ea3n nh\u00e0 cung c\u1ea5p v\u00e0 b\u1ea3ng sao k\u00ea h\u00e0ng th\u00e1ng c\u1ee7a nh\u00e0 cung c\u1ea5p<\/li>\n<li>T\u1ea1o \u0111i\u1ec1u ki\u1ec7n \u0111\u1ec3 thu\u1eadn l\u1ee3i thanh to\u00e1n c\u00e1c h\u00f3a \u0111\u01a1n \u0111\u1ebfn h\u1ea1n b\u1eb1ng c\u00e1ch g\u1eedi th\u00f4ng b\u00e1o nh\u1eafc nh\u1edf v\u00e0 li\u00ean h\u1ec7 v\u1edbi kh\u00e1ch h\u00e0ng<\/li>\n<li>T\u1ea1o b\u00e1o c\u00e1o chi ti\u1ebft t\u00ecnh tr\u1ea1ng c\u00e1c kho\u1ea3n n\u1ee3 ph\u1ea3i tr\u1ea3<\/li>\n<li>Hi\u1ec3u c\u00e1c t\u00e0i kho\u1ea3n chi ph\u00ed v\u00e0 trung t\u00e2m chi ph\u00ed<\/li>\n<li>Hi\u1ec3u c\u00e1c quy \u0111\u1ecbnh ph\u1ea3i tu\u00e2n th\u1ee7 xung quanh quy tr\u00ecnh tr\u1ea3 n\u1ee3 (W-9, thu\u1ebf b\u00e1n h\u00e0ng, v.v.)<\/li>\n<\/ul>\n<p>K\u1ef9 n\u0103ng:<\/p>\n<ul>\n<li>K\u1ef9 n\u0103ng giao ti\u1ebfp b\u1eb1ng l\u1eddi n\u00f3i v\u00e0 v\u0103n b\u1ea3n t\u1ed1t<\/li>\n<li>Ch\u00fa \u00fd \u0111\u1ebfn c\u00e1c chi ti\u1ebft v\u00e0 t\u1ed5 ch\u1ee9c<\/li>\n<li>Th\u00e0nh th\u1ea1o ph\u1ea7n m\u1ec1m t\u00e0i ch\u00ednh<\/li>\n<li>K\u1ef9 nghi\u00ean c\u1ee9u l\u00e0m vi\u1ec7c \u0111\u1ed9c l\u1eadp<\/li>\n<\/ul>\n<p>Tr\u00ecnh \u0111\u1ed9 chuy\u00ean m\u00f4n: B\u1eb1ng C\u1eed nh\u00e2n v\u1ec1 T\u00e0i ch\u00ednh, K\u1ebf to\u00e1n ho\u1eb7c Qu\u1ea3n tr\u1ecb Kinh doanh<\/p><\/div><\/div><\/div>[\/vc_column_inner][\/vc_row_inner][\/vc_column][\/vc_row]\n<\/div>","protected":false},"excerpt":{"rendered":"<p>[vc_row top_margin=&#8221;0&#8243; bottom_margin=&#8221;0&#8243; css=&#8221;.vc_custom_1499912039446{margin-top: -30px !important;}&#8221;][vc_column][vc_row_inner][vc_column_inner][vc_empty_space height=&#8221;10px&#8221;][vc_empty_space height=&#8221;30px&#8221;][\/vc_column_inner][\/vc_row_inner][\/vc_column][\/vc_row]<\/p>\n","protected":false},"author":4,"featured_media":0,"parent":0,"menu_order":0,"comment_status":"closed","ping_status":"closed","template":"","meta":{"nf_dc_page":"","footnotes":""},"class_list":["post-10316","page","type-page","status-publish","hentry"],"_links":{"self":[{"href":"https:\/\/worknow.vn\/vi\/wp-json\/wp\/v2\/pages\/10316","targetHints":{"allow":["GET"]}}],"collection":[{"href":"https:\/\/worknow.vn\/vi\/wp-json\/wp\/v2\/pages"}],"about":[{"href":"https:\/\/worknow.vn\/vi\/wp-json\/wp\/v2\/types\/page"}],"author":[{"embeddable":true,"href":"https:\/\/worknow.vn\/vi\/wp-json\/wp\/v2\/users\/4"}],"replies":[{"embeddable":true,"href":"https:\/\/worknow.vn\/vi\/wp-json\/wp\/v2\/comments?post=10316"}],"version-history":[{"count":5,"href":"https:\/\/worknow.vn\/vi\/wp-json\/wp\/v2\/pages\/10316\/revisions"}],"predecessor-version":[{"id":12145,"href":"https:\/\/worknow.vn\/vi\/wp-json\/wp\/v2\/pages\/10316\/revisions\/12145"}],"wp:attachment":[{"href":"https:\/\/worknow.vn\/vi\/wp-json\/wp\/v2\/media?parent=10316"}],"curies":[{"name":"wp","href":"https:\/\/api.w.org\/{rel}","templated":true}]}}