{"id":10318,"date":"2022-08-09T06:54:14","date_gmt":"2022-08-09T06:54:14","guid":{"rendered":"https:\/\/worknow.vn\/capital-accountant\/"},"modified":"2023-06-01T09:52:53","modified_gmt":"2023-06-01T09:52:53","slug":"ke-toan-von","status":"publish","type":"page","link":"https:\/\/worknow.vn\/vi\/ke-toan-von\/","title":{"rendered":"K\u1ebf To\u00e1n V\u1ed1n"},"content":{"rendered":"<div class=\"wpb-content-wrapper\">[vc_row top_margin=&#8221;0&#8243; bottom_margin=&#8221;0&#8243; css=&#8221;.vc_custom_1499912039446{margin-top: -30px !important;}&#8221;][vc_column]<div class=\"shortcode-wrapper shortcode-title clearfix hb-animate-element hb-fade-in\"><p style=\"color:#878787!important;border-color:#878787\" class=\"hb-text-large aligncenter\">K\u1ebf To\u00e1n V\u1ed1n<\/p><\/div>[vc_row_inner][vc_column_inner][vc_empty_space height=&#8221;10px&#8221;]<div class=\"shortcode-wrapper shortcode-icon-box clearfix\"><div class=\"feature-box alternative left-icon-box aligncenter\"><div class=\"feature-box-content\"><h4 class=\"bold\">M\u00f4 t\u1ea3 c\u00f4ng vi\u1ec7c K\u1ebf To\u00e1n V\u1ed1n<\/h4><p>K\u1ebf to\u00e1n v\u1ed1n th\u01b0\u1eddng \u0111\u01b0\u1ee3c tuy\u1ec3n d\u1ee5ng b\u1edfi c\u00e1c t\u1eadp \u0111o\u00e0n l\u1edbn, m\u1eb7c d\u00f9 m\u1ed9t s\u1ed1 l\u00e0m vi\u1ec7c trong c\u00e1c c\u00f4ng ty t\u01b0 v\u1ea5n, c\u00e1c c\u00f4ng ty quy m\u00f4 v\u1eeba ho\u1eb7c th\u1eadm ch\u00ed l\u00e0 c\u00e1c t\u1ed5 ch\u1ee9c ch\u00ednh ph\u1ee7. Nh\u1eefng ng\u01b0\u1eddi \u0111\u01b0\u1ee3c gi\u1eef l\u00e0m vi\u1ec7c t\u1ea1i c\u00e1c t\u1eadp \u0111o\u00e0n l\u1edbn l\u00e0 m\u1ed9t ph\u1ea7n kh\u00f4ng th\u1ec3 thi\u1ebfu c\u1ee7a ho\u1ea1t \u0111\u1ed9ng kinh doanh, v\u00ec h\u1ecd c\u00f3 vai tr\u00f2 to l\u1edbn \u0111\u1ebfn b\u00e1o c\u00e1o t\u00e0i ch\u00ednh c\u1ee7a c\u00f4ng ty. C\u00e1c nhi\u1ec7m v\u1ee5 h\u00e0ng ng\u00e0y r\u1ea5t kh\u00e1c nhau t\u00f9y thu\u1ed9c v\u00e0o v\u1ecb tr\u00ed l\u00e0m vi\u1ec7c c\u1ee7a k\u1ebf to\u00e1n v\u1ed1n v\u00e0 tr\u00ecnh \u0111\u1ed9 chuy\u00ean m\u00f4n nh\u01b0ng b\u1ea1n s\u1ebd c\u1ea7n ph\u1ea3i c\u00f3 ki\u1ebfn \u200b\u200bth\u1ee9c c\u1ea7n thi\u1ebft \u0111\u1ec3 ti\u1ebfp c\u1eadn v\u1edbi ngh\u1ec1 nghi\u1ec7p n\u00e0y. B\u1ea1n c\u00f3 th\u1ec3 th\u1ef1c hi\u1ec7n c\u00f4ng vi\u1ec7c n\u00e0y v\u1edbi t\u01b0 c\u00e1ch l\u00e0 th\u00e0nh vi\u00ean c\u1ee7a nh\u00f3m ho\u1eb7c nh\u00f3m n\u1ebfu b\u1ea1n l\u00e0m vi\u1ec7c v\u1edbi m\u1ed9t c\u00f4ng ty ho\u1eb7c ng\u00e2n h\u00e0ng l\u1edbn (trong tr\u01b0\u1eddng h\u1ee3p \u0111\u00f3, b\u1ea1n s\u1ebd c\u1ea7n t\u1ea5t c\u1ea3 nh\u1eefng k\u1ef9 n\u0103ng) ho\u1eb7c b\u1ea1n c\u00f3 th\u1ec3 l\u00e0 chuy\u00ean gia duy nh\u1ea5t trong l\u0129nh v\u1ef1c n\u00e0y trong m\u1ed9t c\u00f4ng ty nh\u1ecf h\u01a1n. H\u1ecd gi\u00fap \u0111\u1eb7t ra v\u00e0 qu\u1ea3n l\u00fd ch\u01b0\u01a1ng tr\u00ecnh t\u00e0i s\u1ea3n v\u1ed1n c\u1ee7a c\u00f4ng ty. Ch\u01b0\u01a1ng tr\u00ecnh n\u00e0y l\u00e0 m\u1ed9t trong nhi\u1ec1u h\u1ec7 th\u1ed1ng th\u00f4ng tin k\u1ebf to\u00e1n quan tr\u1ecdng m\u00e0 b\u1ea1n c\u00f3 th\u1ec3 l\u00e0m vi\u1ec7c sau n\u00e0y. \u0110i\u1ec1u n\u00e0y bao g\u1ed3m th\u1ef1c hi\u1ec7n ki\u1ec3m to\u00e1n th\u01b0\u1eddng xuy\u00ean, x\u00e1c \u0111\u1ecbnh c\u00e1c t\u00e0i s\u1ea3n quan tr\u1ecdng v\u00e0 theo d\u00f5i ch\u00fang, c\u0169ng nh\u01b0 t\u00ednh to\u00e1n gi\u00e1 tr\u1ecb thu mua c\u1ee7a t\u00e0i s\u1ea3n. \u0110\u1ec3 ph\u1ee5c v\u1ee5 cho c\u00f4ng vi\u1ec7c n\u00e0y b\u1ea1n s\u1ebd c\u1ea7n bi\u1ebft v\u1ec1 gi\u00e1 tr\u1ecb t\u00e0i s\u1ea3n, gi\u00e1 tr\u1ecb th\u1ecb tr\u01b0\u1eddng v\u00e0 ph\u01b0\u01a1ng ph\u00e1p \u0111\u1ecbnh gi\u00e1. X\u00e1c \u0111\u1ecbnh c\u00e1c t\u00e0i s\u1ea3n ti\u1ec1m n\u0103ng \u0111\u1ec3 thu mua l\u1ea1i. T\u00e0i s\u1ea3n \u0111\u01b0\u1ee3c \u0111\u00e1nh gi\u00e1 d\u1ef1a tr\u00ean t\u00ednh th\u1ef1c ti\u1ec5n v\u00e0 ti\u1ec1m n\u0103ng sinh l\u1eddi, c\u00f9ng v\u1edbi c\u00e1c y\u00eau c\u1ea7u ch\u00ednh s\u00e1ch c\u1ee5 th\u1ec3 c\u1ee7a t\u1eebng c\u00f4ng ty. H\u1ecd c\u0169ng chu\u1ea9n b\u1ecb k\u1ebf ho\u1ea1ch chi ti\u00eau v\u1ed1n h\u00e0ng n\u0103m. T\u00e0i li\u1ec7u n\u00e0y h\u01b0\u1edbng d\u1eabn v\u00e0 \u0111\u01b0a ra khuy\u1ebfn c\u00e1o v\u1ec1 vi\u1ec7c quy\u1ebft \u0111\u1ecbnh t\u00e0i ch\u00ednh cho qu\u1ea3n l\u00fd c\u1ea5p cao v\u00e0 c\u00f3 nh\u1eefng h\u1eadu qu\u1ea3 \u0111\u1ed1i v\u1edbi l\u1ee3i nhu\u1eadn. Duy tr\u00ec k\u1ebf ho\u1ea1ch kh\u1ea5u hao hi\u1ec7u qu\u1ea3 l\u00e0 m\u1ed9t trong nh\u1eefng nhi\u1ec7m v\u1ee5 c\u1ee7a k\u1ebf to\u00e1n v\u1ed1n. Nh\u1eefng k\u1ebf ho\u1ea1ch n\u00e0y x\u00e1c \u0111\u1ecbnh m\u1ee9c \u0111\u1ed9 m\u1ea5t gi\u00e1 c\u1ee7a t\u00e0i s\u1ea3n v\u00e0 th\u01b0\u1eddng \u0111\u01b0\u1ee3c \u0111i\u1ec1u ch\u1ec9nh cho c\u00e1c ng\u00e0nh ho\u1eb7c t\u00e0i s\u1ea3n c\u1ee5 th\u1ec3. \u0110i\u1ec1u n\u00e0y s\u1ebd c\u1ea7n \u0111\u01b0\u1ee3c xem x\u00e9t cho ng\u00e2n s\u00e1ch h\u00e0ng n\u0103m v\u00e0 c\u00f3 th\u1ec3 \u0111\u01b0\u1ee3c xem x\u00e9t trong su\u1ed1t c\u1ea3 n\u0103m t\u1ea1i c\u00e1c t\u1eadp \u0111o\u00e0n l\u1edbn h\u01a1n. Tr\u00ean th\u1ef1c t\u1ebf, c\u00f4ng vi\u1ec7c c\u1ee7a k\u1ebf to\u00e1n v\u1ed1n c\u0169ng gi\u1ed1ng nh\u01b0 h\u1ea7u h\u1ebft c\u00e1c k\u1ebf to\u00e1n kh\u00e1c. H\u1ecd l\u00e0m vi\u1ec7c ch\u1eb7t ch\u1ebd v\u1edbi c\u00e1c d\u1eef li\u1ec7u v\u00e0 s\u1ed1 li\u1ec7u t\u00e0i ch\u00ednh, ho\u1ea1t \u0111\u1ed9ng theo nguy\u00ean t\u1eafc k\u1ebf to\u00e1n \u0111\u01b0\u1ee3c ch\u1ea5p nh\u1eadn chung (GAAP) v\u00e0 x\u1eed l\u00fd c\u00e1c d\u1ef1 \u00e1a theo quy \u0111\u1ecbnh \u0111\u1ebfn c\u00e1c d\u1ecbch v\u1ee5 qu\u1ea3n l\u00fd t\u00e0i ch\u00ednh chi\u1ebfn l\u01b0\u1ee3c.<\/p>\n<p>K\u1ebf to\u00e1n v\u1ed1n hi\u1ec3u bi\u1ebft k\u1ef9 l\u01b0\u1ee1ng v\u1ec1 GAAP v\u00e0 c\u00e1ch n\u00f3 \u00e1p d\u1ee5ng cho t\u00e0i s\u1ea3n v\u1ed1n. Ngo\u00e0i ra, h\u1ecd ph\u1ea3i c\u00f3 ki\u1ebfn \u200b\u200bth\u1ee9c s\u00e2u r\u1ed9ng v\u1ec1 t\u1ea5t c\u1ea3 c\u00e1c ph\u01b0\u01a1ng ph\u00e1p kh\u1ea5u hao v\u00e0 ph\u01b0\u01a1ng ph\u00e1p n\u00e0o \u00e1p d\u1ee5ng nh\u1ea5t cho ng\u00e0nh t\u01b0\u01a1ng \u1ee9ng. H\u1ecd c\u1ea7n ph\u1ea3i s\u1eed d\u1ee5ng th\u00e0nh th\u1ea1o c\u00e1c \u1ee9ng d\u1ee5ng nh\u01b0 l\u00e0 Microsoft Office, Excel. H\u1ecd ph\u1ea3i c\u00f3 ki\u1ebfn \u200b\u200bth\u1ee9c v\u00e0 kinh nghi\u1ec7m v\u1ec1 h\u1ec7 th\u1ed1ng k\u1ebf to\u00e1n v\u00e0 Internet; tr\u00ecnh \u0111\u1ed9 tin h\u1ecdc v\u00e0 kh\u1ea3 n\u0103ng \u00e1p d\u1ee5ng c\u00e1c k\u1ef9 n\u0103ng v\u00e0 kh\u00e1i ni\u1ec7m k\u1ebf to\u00e1n. Ki\u1ebfn th\u1ee9c v\u1ec1 c\u00e1c nguy\u00ean t\u1eafc K\u1ebf to\u00e1n \u0111\u01b0\u1ee3c ch\u1ea5p nh\u1eadn c\u0169ng r\u1ea5t quan tr\u1ecdng. B\u00ean c\u1ea1nh \u0111\u00f3, k\u1ebf to\u00e1n v\u1ed1n c\u1ea7n c\u00f3 k\u1ef9 n\u0103ng giao ti\u1ebfp, bao g\u1ed3m kh\u1ea3 n\u0103ng truy\u1ec1n \u0111\u1ea1t th\u00f4ng tin r\u00f5 r\u00e0ng v\u00e0 hi\u1ec7u qu\u1ea3 \u0111\u1ebfn c\u00e1c nh\u00e2n vi\u00ean n\u1ed9i b\u1ed9 v\u00e0 nh\u00f3m kh\u00e1ch h\u00e0ng. C\u00e1c k\u1ef9 n\u0103ng qu\u1ea3n l\u00fd d\u1ef1 \u00e1n v\u00e0 kh\u1ea3 n\u0103ng l\u00e0m vi\u1ec7c nh\u00f3m l\u00e0 \u0111i\u1ec1u c\u1ea7n thi\u1ebft \u0111\u1ec3 tr\u1edf th\u00e0nh m\u1ed9t k\u1ebf to\u00e1n v\u1ed1n th\u00e0nh c\u00f4ng.<\/p>\n<p>\u0110\u1ed1i v\u1edbi h\u1ea7u h\u1ebft c\u00e1c v\u1ecb tr\u00ed k\u1ebf to\u00e1n v\u1ed1n, ph\u1ea3i c\u00f3 b\u1eb1ng c\u1eed nh\u00e2n v\u1ec1 k\u1ebf to\u00e1n ho\u1eb7c t\u00e0i ch\u00ednh. Do t\u00ednh ch\u1ea5t chuy\u00ean bi\u1ec7t c\u1ee7a k\u1ebf to\u00e1n v\u1ed1n, h\u1ea7u h\u1ebft c\u00e1c \u0111\u1ed3 \u00e1n m\u00f4n h\u1ecdc li\u00ean quan s\u1ebd n\u1eb1m trong c\u00e1c kh\u00f3a h\u1ecdc v\u1ec1 k\u1ebf to\u00e1n t\u00e0i ch\u00ednh. Nh\u01b0 b\u1ea5t k\u1ef3 v\u1ecb tr\u00ed k\u1ebf to\u00e1n ho\u1eb7c t\u00e0i ch\u00ednh n\u00e0o kh\u00e1c, chuy\u00ean gia c\u00f3 th\u1ec3 t\u0103ng c\u01a1 h\u1ed9i v\u00e0 ph\u00e1t tri\u1ec3n ngh\u1ec1 nghi\u1ec7p c\u1ee7a h\u1ecd b\u1eb1ng c\u00e1ch c\u00f3 b\u1eb1ng Th\u1ea1c s\u0129 Qu\u1ea3n tr\u1ecb Kinh doanh (MBA). B\u1eb1ng MBA c\u00f3 th\u1ec3 mang l\u1ea1i l\u1ee3i th\u1ebf c\u1ea1nh tranh v\u00ec n\u00f3 th\u1ec3 hi\u1ec7n s\u1ef1 t\u1eadn t\u1ee5y \u0111\u1ed1i v\u1edbi \u0111\u1ea1i h\u1ecdc v\u00e0 ph\u00e1t tri\u1ec3n c\u00e1 nh\u00e2n. Ngo\u00e0i ra, H\u1ed9i \u0111\u1ed3ng tuy\u1ec3n sinh qu\u1ea3n l\u00fd Sau \u0111\u1ea1i h\u1ecdc (GMAC) b\u00e1o c\u00e1o r\u1eb1ng, trung b\u00ecnh, m\u1ee9c l\u01b0\u01a1ng \u0111\u1ea7u v\u00e0o h\u1eb1ng n\u0103m c\u1ee7a m\u1ed9t sinh vi\u00ean t\u1ed1t nghi\u1ec7p MBA cao h\u01a1n 11.000 \u0111\u00f4 la so v\u1edbi nh\u1eefng sinh vi\u00ean t\u1ed1t nghi\u1ec7p kh\u00e1c.<\/p><\/div><\/div><\/div>[vc_empty_space height=&#8221;30px&#8221;]<div class=\"shortcode-wrapper shortcode-icon-box clearfix\"><div class=\"feature-box alternative left-icon-box aligncenter\"><div class=\"feature-box-content\"><h4 class=\"bold\">Nhi\u1ec7m v\u1ee5 chung c\u1ee7a K\u1ebf To\u00e1n V\u1ed1n<\/h4><p>\n<ul>\n<li>Qu\u1ea3n l\u00fd t\u00e0i s\u1ea3n v\u1ed1n b\u1eb1ng c\u00e1ch th\u1ef1c hi\u1ec7n ki\u1ec3m tra \u0111\u1ecbnh k\u1ef3, l\u1eadp th\u1ebb t\u00e0i s\u1ea3n \u0111\u1ec3 theo d\u00f5i v\u00e0 \u1ea5n \u0111\u1ecbnh gi\u00e1 tr\u1ecb thu mua ph\u00f9 h\u1ee3p<\/li>\n<li>\u0110\u00e1nh gi\u00e1 chi ph\u00ed t\u00e0i s\u1ea3n c\u1ed1 \u0111\u1ecbnh ti\u1ec1m n\u0103ng v\u1ec1 t\u00ednh th\u1ef1c ti\u1ec5n v\u00e0 kh\u1ea3 n\u0103ng sinh l\u1eddi<\/li>\n<li>Chu\u1ea9n b\u1ecb ng\u00e2n s\u00e1ch chi ph\u00ed t\u00e0i s\u1ea3n \u0111\u1ea7u t\u01b0 h\u00e0ng n\u0103m<\/li>\n<li>Qu\u1ea3n l\u00fd nh\u1ea5t qu\u00e1n k\u1ebf ho\u1ea1ch kh\u1ea5u hao<\/li>\n<\/ul>\n<p>K\u1ef9 n\u0103ng:<\/p>\n<ul>\n<li>C\u00f3 kinh nghi\u1ec7m k\u1ebf to\u00e1n tr\u01b0\u1edbc \u0111\u00e2y<\/li>\n<li>C\u00f3 k\u1ef9 n\u0103ng t\u1ed5 ch\u1ee9c t\u1ed1t<\/li>\n<li>L\u00e0m vi\u1ec7c theo \u0111\u00fang th\u1eddi h\u1ea1n<\/li>\n<li>Giao ti\u1ebfp t\u1ed1t, c\u1ea3 b\u1eb1ng v\u0103n b\u1ea3n v\u00e0 l\u1eddi n\u00f3i<\/li>\n<li>K\u1ef9 n\u0103ng Excel t\u1ed1t<\/li>\n<li>K\u1ef9 n\u0103ng c\u00f4ng ngh\u1ec7 th\u00f4ng tin t\u1ed1t<\/li>\n<li>Kinh nghi\u1ec7m tr\u01b0\u1edbc \u0111\u00e2y v\u1ec1 K\u1ebf to\u00e1n v\u1ed1n (n\u1ebfu mong mu\u1ed1n)<\/li>\n<\/ul>\n<p>Tr\u00ecnh \u0111\u1ed9 chuy\u00ean m\u00f4n: B\u1eb1ng c\u1eed nh\u00e2n k\u1ebf to\u00e1n ho\u1eb7c t\u00e0i ch\u00ednh<\/p><\/div><\/div><\/div>[\/vc_column_inner][\/vc_row_inner][\/vc_column][\/vc_row]\n<\/div>","protected":false},"excerpt":{"rendered":"<p>[vc_row top_margin=&#8221;0&#8243; bottom_margin=&#8221;0&#8243; css=&#8221;.vc_custom_1499912039446{margin-top: -30px !important;}&#8221;][vc_column][vc_row_inner][vc_column_inner][vc_empty_space height=&#8221;10px&#8221;][vc_empty_space height=&#8221;30px&#8221;][\/vc_column_inner][\/vc_row_inner][\/vc_column][\/vc_row]<\/p>\n","protected":false},"author":4,"featured_media":0,"parent":0,"menu_order":0,"comment_status":"closed","ping_status":"closed","template":"","meta":{"nf_dc_page":"","footnotes":""},"class_list":["post-10318","page","type-page","status-publish","hentry"],"_links":{"self":[{"href":"https:\/\/worknow.vn\/vi\/wp-json\/wp\/v2\/pages\/10318","targetHints":{"allow":["GET"]}}],"collection":[{"href":"https:\/\/worknow.vn\/vi\/wp-json\/wp\/v2\/pages"}],"about":[{"href":"https:\/\/worknow.vn\/vi\/wp-json\/wp\/v2\/types\/page"}],"author":[{"embeddable":true,"href":"https:\/\/worknow.vn\/vi\/wp-json\/wp\/v2\/users\/4"}],"replies":[{"embeddable":true,"href":"https:\/\/worknow.vn\/vi\/wp-json\/wp\/v2\/comments?post=10318"}],"version-history":[{"count":5,"href":"https:\/\/worknow.vn\/vi\/wp-json\/wp\/v2\/pages\/10318\/revisions"}],"predecessor-version":[{"id":12146,"href":"https:\/\/worknow.vn\/vi\/wp-json\/wp\/v2\/pages\/10318\/revisions\/12146"}],"wp:attachment":[{"href":"https:\/\/worknow.vn\/vi\/wp-json\/wp\/v2\/media?parent=10318"}],"curies":[{"name":"wp","href":"https:\/\/api.w.org\/{rel}","templated":true}]}}