{"id":10322,"date":"2022-09-19T03:17:54","date_gmt":"2022-09-19T03:17:54","guid":{"rendered":"https:\/\/worknow.vn\/enironmental-accounting\/"},"modified":"2023-06-01T09:51:41","modified_gmt":"2023-06-01T09:51:41","slug":"ke-toan-moi-truong","status":"publish","type":"page","link":"https:\/\/worknow.vn\/vi\/ke-toan-moi-truong\/","title":{"rendered":"K\u1ebf To\u00e1n M\u00f4i Tr\u01b0\u1eddng"},"content":{"rendered":"<div class=\"wpb-content-wrapper\">[vc_row top_margin=&#8221;0&#8243; bottom_margin=&#8221;0&#8243; css=&#8221;.vc_custom_1499912039446{margin-top: -30px !important;}&#8221;][vc_column]<div class=\"shortcode-wrapper shortcode-title clearfix hb-animate-element hb-fade-in\"><p style=\"color:#878787!important;border-color:#878787\" class=\"hb-text-large aligncenter\">K\u1ebf To\u00e1n M\u00f4i Tr\u01b0\u1eddng<\/p><\/div>[vc_row_inner][vc_column_inner][vc_empty_space height=&#8221;10px&#8221;]<div class=\"shortcode-wrapper shortcode-icon-box clearfix\"><div class=\"feature-box alternative left-icon-box aligncenter\"><div class=\"feature-box-content\"><h4 class=\"bold\">M\u00f4 t\u1ea3 c\u00f4ng vi\u1ec7c K\u1ebf To\u00e1n M\u00f4i Tr\u01b0\u1eddng<\/h4><p>K\u1ebf to\u00e1n m\u00f4i tr\u01b0\u1eddng \u0111\u00f3ng m\u1ed9t vai tr\u00f2 quan tr\u1ecdng trong m\u1ed9t t\u1ed5 ch\u1ee9c. Vai tr\u00f2 c\u1ee7a h\u1ecd th\u1eadm ch\u00ed tr\u1edf n\u00ean quan tr\u1ecdng h\u01a1n \u0111\u1ed1i v\u1edbi nhu c\u1ea7u t\u0103ng cao v\u1ec1 m\u00f4i tr\u01b0\u1eddng trong doanh nghi\u1ec7p. K\u1ebf to\u00e1n m\u00f4i tr\u01b0\u1eddng l\u00e0m vi\u1ec7c v\u1edbi ban gi\u00e1m \u0111\u1ed1c \u0111\u1ec3 x\u00e1c \u0111\u1ecbnh chi ph\u00ed m\u00e0 c\u00f4ng ty s\u1ebd ph\u1ea3i chi tr\u1ea3 cho vi\u1ec7c tu\u00e2n th\u1ee7 quy \u0111\u1ecbnh m\u00f4i tr\u01b0\u1eddng. Ngo\u00e0i vi\u1ec7c \u0111\u00e1nh gi\u00e1 chi ph\u00ed, h\u1ecd c\u00f2n s\u1eed d\u1ee5ng c\u00e1c k\u1ef9 n\u0103ng t\u00ednh to\u00e1n c\u1ee7a m\u00ecnh \u0111\u1ec3 gi\u00fap b\u1ea3o v\u1ec7 m\u00f4i tr\u01b0\u1eddng. H\u1ecd l\u00e0m \u0111i\u1ec1u n\u00e0y b\u1eb1ng c\u00e1ch \u0111\u1ec1 xu\u1ea5t c\u00e1c lo\u1ea1i h\u00f3a ch\u1ea5t, quy tr\u00ecnh ho\u1eb7c thi\u1ebft k\u1ebf s\u1ea3n ph\u1ea9m thay th\u1ebf. K\u1ebf to\u00e1n m\u00f4i tr\u01b0\u1eddng c\u00f3 th\u1ec3 ch\u1ecbu tr\u00e1ch nhi\u1ec7m v\u1ec1 vi\u1ec7c b\u00e1n gi\u1ea5y ph\u00e9p \u00f4 nhi\u1ec5m v\u00e0 ch\u1ee9ng nh\u1eadn c\u00f4ng ngh\u1ec7 s\u1ea1ch. H\u1ecd c\u0169ng c\u00f3 th\u1ec3 gi\u00fap t\u1ed5 ch\u1ee9c ph\u00e1t tri\u1ec3n c\u00e1c c\u00e1ch th\u1ee9c m\u1edbi \u0111\u1ec3 t\u1ea1o ra doanh thu, ch\u1eb3ng h\u1ea1n nh\u01b0 b\u00e1n c\u00e1c ph\u1ebf ph\u1ea9m . H\u1ecd c\u0169ng ph\u00e1t tri\u1ec3n v\u00e0 gi\u00e1m s\u00e1t h\u1ec7 th\u1ed1ng qu\u1ea3n l\u00fd m\u00f4i tr\u01b0\u1eddng (EMS) c\u1ee7a t\u1ed5 ch\u1ee9c. H\u1ecd s\u1eed d\u1ee5ng h\u1ec7 th\u1ed1ng n\u00e0y \u0111\u1ec3 th\u1ef1c hi\u1ec7n v\u00e0 xem x\u00e9t c\u00e1c ph\u01b0\u01a1ng ph\u00e1p th\u1ef1c ti\u1ec5n t\u1ed1t nh\u1ea5t v\u1ec1 an to\u00e0n m\u00f4i tr\u01b0\u1eddng trong t\u1ed5 ch\u1ee9c. K\u1ebf to\u00e1n m\u00f4i tr\u01b0\u1eddng c\u00f3 th\u1ec3 th\u1ef1c hi\u1ec7n ba nhi\u1ec7m v\u1ee5 k\u1ebf to\u00e1n. Ch\u00fang bao g\u1ed3m k\u1ebf to\u00e1n qu\u1ea3n l\u00fd, k\u1ebf to\u00e1n t\u00e0i ch\u00ednh v\u00e0 k\u1ebf to\u00e1n qu\u1ed1c gia. K\u1ebf to\u00e1n qu\u1ea3n l\u00fd l\u00e0 m\u1ed9t h\u00ecnh th\u1ee9c k\u1ebf to\u00e1n n\u1ed9i b\u1ed9 gi\u00fap ban gi\u00e1m \u0111\u1ed1c c\u1ee7a t\u1ed5 ch\u1ee9c \u0111\u01b0a ra c\u00e1c quy\u1ebft \u0111\u1ecbnh thu mua, \u0111\u1ea7u t\u01b0 v\u00e0 s\u1ea3n xu\u1ea5t. K\u1ebf to\u00e1n t\u00e0i ch\u00ednh ch\u1ee7 y\u1ebfu gi\u1ea3i quy\u1ebft c\u00e1c b\u00e1o c\u00e1o b\u00ean ngo\u00e0i nh\u01b0 l\u00e0 b\u00e1o c\u00e1o v\u1ec1 tr\u00e1ch nhi\u1ec7m v\u00e0 chi ph\u00ed m\u00f4i tr\u01b0\u1eddng c\u1ee7a t\u1ed5 ch\u1ee9c cho c\u00e1c c\u1ed5 \u0111\u00f4ng. K\u1ebf to\u00e1n qu\u1ed1c gia ch\u1ee7 y\u1ebfu d\u1ef1a v\u00e0o c\u00e1c ngu\u1ed3n t\u00e0i nguy\u00ean thi\u00ean nhi\u00ean c\u1ee7a m\u1ed9t qu\u1ed1c gia, d\u00f2ng ch\u1ea3y kinh t\u1ebf v\u00e0 chi phi .<\/p>\n<p>K\u1ebf to\u00e1n m\u00f4i tr\u01b0\u1eddng ph\u1ea3i l\u00e0 chuy\u00ean gia trong l\u0129nh v\u1ef1c k\u1ebf to\u00e1n t\u00e0i ch\u00ednh ho\u1eb7c chi ph\u00ed n\u00f3i chung v\u00e0 c\u00e1c l\u0129nh v\u1ef1c li\u00ean quan b\u1ec1n v\u1eefng kh\u00e1c n\u00f3i ri\u00eang. \u0110i\u1ec1u n\u00e0y l\u00e0 do h\u1ecd ph\u1ea3i li\u00ean t\u1ee5c k\u1ebft h\u1ee3p c\u00e1c k\u1ef9 n\u0103ng k\u1ebf to\u00e1n v\u1edbi c\u00e1c nguy\u00ean t\u1eafc qu\u1ea3n l\u00fd v\u00e0 b\u1ea3o v\u1ec7 m\u00f4i tr\u01b0\u1eddng \u0111\u1ec3 ph\u00e2n t\u00edch t\u1ed1t h\u01a1n t\u1ef7 l\u1ec7 l\u1ee3i \u00edch-chi ph\u00ed. H\u1ecd l\u00e0m vi\u1ec7c \u0111\u1ec3 x\u00e1c \u0111\u1ecbnh v\u00e0 theo d\u00f5i c\u1ea3 chi ph\u00ed t\u00e0i ch\u00ednh v\u00e0 m\u00f4i tr\u01b0\u1eddng v\u1eadt l\u00fd, sau \u0111\u00f3 tr\u00ecnh b\u00e0y nh\u1eefng ph\u00e1t hi\u1ec7n c\u1ee7a h\u1ecd cho ban qu\u1ea3n l\u00fd. Ngo\u00e0i ra, k\u1ebf to\u00e1n m\u00f4i tr\u01b0\u1eddng th\u01b0\u1eddng ch\u1ecbu tr\u00e1ch nhi\u1ec7m duy tr\u00ec m\u1ed1i quan h\u1ec7 t\u00edch c\u1ef1c v\u1edbi c\u1ed9ng \u0111\u1ed3ng n\u00f3i chung, gi\u00fap truy\u1ec1n th\u00f4ng h\u00ecnh \u1ea3nh c\u1ee7a c\u00f4ng ty v\u1ec1 c\u00e1ch m\u1ecdi ng\u01b0\u1eddi nh\u00ecn nh\u1eadn \u1ea3nh h\u01b0\u1edfng c\u1ee7a h\u1ecd \u0111\u1ed1i v\u1edbi th\u1ebf gi\u1edbi. Nh\u1eefng ng\u01b0\u1eddi quan t\u00e2m nhi\u1ec1u \u0111\u1ebfn t\u00ednh b\u1ec1n v\u1eefng mu\u1ed1n th\u1ea5y c\u00e1c c\u00f4ng ty bi\u1ebfn \u0111i\u1ec1u n\u00e0y th\u00e0nh \u0111i\u1ec3m ch\u00ednh trong ho\u1ea1t \u0111\u1ed9ng c\u1ee7a h\u1ecd tr\u00ean ph\u01b0\u01a1ng ti\u1ec7n truy\u1ec1n th\u00f4ng v\u00e0 c\u00e1c trang web kh\u00e1c, \u0111\u1eb7c bi\u1ec7t l\u00e0 trong l\u0129nh v\u1ef1c n\u0103ng l\u01b0\u1ee3ng.<\/p>\n<p>B\u1ea5t c\u1ee9 ai mu\u1ed1n tr\u1edf th\u00e0nh m\u1ed9t k\u1ebf to\u00e1n m\u00f4i tr\u01b0\u1eddng \u00edt nh\u1ea5t ph\u1ea3i c\u00f3 b\u1eb1ng c\u1eed nh\u00e2n k\u1ebf to\u00e1n. B\u1ea1n c\u0169ng ph\u1ea3i \u0111\u1ea1t \u0111\u01b0\u1ee3c c\u00e1c ch\u1ee9ng ch\u1ec9 li\u00ean quan nh\u01b0 ch\u1ee9ng ch\u1ec9 k\u1ebf to\u00e1n c\u00f4ng ch\u1ee9ng (CPA) v\u00e0 ch\u1ee9ng ch\u1ec9 ph\u00e2n t\u00edch t\u00e0i ch\u00ednh (CFA). Th\u1eadt kh\u00f4ng may, r\u1ea5t \u00edt tr\u01b0\u1eddng cao \u0111\u1eb3ng v\u00e0 \u0111\u1ea1i h\u1ecdc c\u00f3 ch\u01b0\u01a1ng tr\u00ecnh \u0111\u00e0o t\u1ea1o k\u1ebf to\u00e1n m\u00f4i tr\u01b0\u1eddng. Nhi\u1ec1u c\u00f4ng ty nh\u1eadn ng\u01b0\u1eddi \u0111\u00e3 h\u1ecdc chuy\u00ean ng\u00e0nh k\u1ebf to\u00e1n t\u1eadp trung v\u00e0o c\u00e1c ch\u1ee7 \u0111\u1ec1 m\u00f4i tr\u01b0\u1eddng. Ngo\u00e0i tr\u00ecnh \u0111\u1ed9 h\u1ecdc v\u1ea5n, b\u1ea1n ph\u1ea3i c\u1eadp nh\u1eadt h\u1eb1ng ng\u00e0y c\u00e1c quy \u0111\u1ecbnh c\u1ee7a c\u1ea3 qu\u1ed1c gia v\u00e0 \u0111\u1ecba ph\u01b0\u01a1ng li\u00ean quan \u0111\u1ebfn \u00f4 nhi\u1ec5m v\u00e0 kh\u00ed nh\u00e0 k\u00ednh.<\/p><\/div><\/div><\/div>[vc_empty_space height=&#8221;30px&#8221;]<div class=\"shortcode-wrapper shortcode-icon-box clearfix\"><div class=\"feature-box alternative left-icon-box aligncenter\"><div class=\"feature-box-content\"><h4 class=\"bold\">Nhi\u1ec7m v\u1ee5 chung c\u1ee7a K\u1ebf To\u00e1n M\u00f4i Tr\u01b0\u1eddng<\/h4><p>\n<ul>\n<li>Nghi\u00ean c\u1ee9u, so s\u00e1nh v\u00e0 \u0111\u1ec1 xu\u1ea5t c\u00e1c ph\u01b0\u01a1ng ph\u00e1p cho m\u00f4i tr\u01b0\u1eddng t\u1ed1t nh\u1ea5t<\/li>\n<li>X\u00e1c \u0111\u1ecbnh c\u00e1c c\u01a1 h\u1ed9i m\u00f4i tr\u01b0\u1eddng v\u00e0 \u0111\u00e1nh gi\u00e1 c\u00e1c chi ph\u00ed v\u00e0 l\u1ee3i \u00edch ti\u1ec1m n\u0103ng<\/li>\n<li>Gi\u00e1m s\u00e1t c\u00e1c th\u1ee7 t\u1ee5c m\u00f4i tr\u01b0\u1eddng v\u00e0 b\u00e1o c\u00e1o m\u1ecdi thay \u0111\u1ed5i quan s\u00e1t \u0111\u01b0\u1ee3c<\/li>\n<li>Th\u00f4ng b\u00e1o v\u1ec1 c\u00e1c lu\u1eadt v\u00e0 quy \u0111\u1ecbnh v\u1ec1 m\u00f4i tr\u01b0\u1eddng c\u1ee7a qu\u1ed1c gia<\/li>\n<li>B\u00e1o c\u00e1o v\u1ec1 c\u00e1c chi ph\u00ed li\u00ean quan \u0111\u1ebfn c\u00e1c d\u1ef1 \u00e1n sinh th\u00e1i<\/li>\n<li>H\u1ed7 tr\u1ee3 thi\u1ebft k\u1ebf quy tr\u00ecnh s\u1ea3n xu\u1ea5t th\u00e2n thi\u1ec7n v\u1edbi m\u00f4i tr\u01b0\u1eddng cho h\u00e0ng h\u00f3a ho\u1eb7c d\u1ecbch v\u1ee5 \u0111\u01b0\u1ee3c cung c\u1ea5p<\/li>\n<li>T\u1ea1o v\u00e0 qu\u1ea3n l\u00fd h\u1ec7 th\u1ed1ng th\u00f4ng tin m\u00f4i tr\u01b0\u1eddng<\/li>\n<li>Gi\u00e1m s\u00e1t c\u00e1c nhi\u1ec7m v\u1ee5 k\u1ebf to\u00e1n, ch\u1eb3ng h\u1ea1n nh\u01b0 thu mua, \u0111\u1ea7u t\u01b0 v\u00e0 thi\u1ebft l\u1eadp gi\u00e1 s\u1ea3n ph\u1ea9m \/ d\u1ecbch v\u1ee5<\/li>\n<li>X\u00e1c \u0111\u1ecbnh c\u00e1c c\u01a1 h\u1ed9i m\u00f4i tr\u01b0\u1eddng mang l\u1ea1i l\u1ee3i nhu\u1eadn<\/li>\n<li>Ghi ch\u00fa v\u00e0 b\u00e1o c\u00e1o c\u00e1c tr\u00e1ch nhi\u1ec7m ph\u00e1p l\u00fd v\u1ec1 m\u00f4i tr\u01b0\u1eddng<\/li>\n<li>D\u1ef1 \u0111o\u00e1n chi ph\u00ed t\u00e0i ch\u00ednh trong t\u01b0\u01a1ng lai v\u00e0 l\u1ee3i nhu\u1eadn d\u1ef1a tr\u00ean vi\u1ec7c tri\u1ec3n khai h\u1ec7 th\u1ed1ng th\u00f4ng tin m\u00f4i tr\u01b0\u1eddng<\/li>\n<li>Tham kh\u1ea3o \u00fd ki\u1ebfn \u200b\u200bc\u1ee7a c\u00e1c c\u00f4ng ty, chuy\u00ean gia v\u00e0 nh\u00e0 nghi\u00ean c\u1ee9u v\u1ec1 c\u00e1c t\u00e1c \u0111\u1ed9ng m\u00f4i tr\u01b0\u1eddng<\/li>\n<li>Cung c\u1ea5p th\u00f4ng tin m\u00f4i tr\u01b0\u1eddng kh\u00e1ch quan, kh\u00f4ng thi\u00ean v\u1ecb v\u00e0 c\u00f3 li\u00ean quan cho c\u00e1c c\u00e1 nh\u00e2n trong v\u00e0 ngo\u00e0i c\u00f4ng ty<\/li>\n<li>T\u00ecm hi\u1ec3u v\u00e0 ph\u00e2n t\u00edch c\u00e1c chu tr\u00ecnh sinh th\u00e1i v\u00e0 xu h\u01b0\u1edbng t\u00e0i ch\u00ednh<\/li>\n<li>Gi\u1ea3i th\u00edch c\u00e1c xu h\u01b0\u1edbng v\u00e0 s\u1ef1 ki\u1ec7n m\u00f4i tr\u01b0\u1eddng c\u00f3 th\u1ec3 t\u00e1c \u0111\u1ed9ng c\u1ee7a c\u00f4ng ty nh\u01b0 th\u1ebf n\u00e0o trong t\u01b0\u01a1ng lai<\/li>\n<li>Trao \u0111\u1ed5i v\u1edbi c\u00e1c b\u00ean li\u00ean quan v\u1ec1 \u0111i\u1ec1u ki\u1ec7n m\u00f4i tr\u01b0\u1eddng v\u00e0 hi\u1ec7u su\u1ea5t t\u00e0i ch\u00ednh t\u1ed5ng th\u1ec3<\/li>\n<li>Th\u1ea3o lu\u1eadn v\u1ec1 c\u00e1c quan \u0111i\u1ec3m v\u00e0 th\u1ee7 t\u1ee5c v\u1ec1 m\u00f4i tr\u01b0\u1eddng v\u1edbi c\u00e1c nh\u00e0 \u0111\u1ea7u t\u01b0 v\u00e0 ng\u01b0\u1eddi cho vay ti\u1ec1m n\u0103ng<\/li>\n<li>\u0110\u00e1nh gi\u00e1 c\u00e1c nhi\u1ec7m v\u1ee5 v\u00e0 chi\u1ebfn l\u01b0\u1ee3c c\u1ee7a c\u00f4ng ty sau \u0111\u00f3 \u1ea5n \u0111\u1ecbnh gi\u00e1 tr\u1ecb t\u00e0i ch\u00ednh \u0111\u1ec3 c\u00f3 b\u00e1o c\u00e1o ch\u00ednh x\u00e1c h\u01a1n<\/li>\n<li>Lu\u00f4n c\u1eadp nh\u1eadt c\u00e1c th\u00f4ng l\u1ec7 t\u1ed1t nh\u1ea5t v\u1ec1 k\u1ebf to\u00e1n m\u00f4i tr\u01b0\u1eddng<\/li>\n<li>Thi\u1ebft l\u1eadp c\u00e1c giao th\u1ee9c truy\u1ec1n th\u00f4ng \u0111\u1ec3 s\u1eed d\u1ee5ng trong c\u00e1c t\u00ecnh hu\u1ed1ng m\u00f4i tr\u01b0\u1eddng nh\u1ea5t \u0111\u1ecbnh<\/li>\n<li>Th\u1ef1c hi\u1ec7n c\u00e1c c\u00f4ng vi\u1ec7c k\u1ebf to\u00e1n c\u01a1 b\u1ea3n<\/li>\n<\/ul>\n<p>K\u1ef9 n\u0103ng:<\/p>\n<ul>\n<li>Ph\u00e2n t\u00edch d\u1eef li\u1ec7u<\/li>\n<li>D\u1ef1 b\u00e1o<\/li>\n<li>\u0110\u00e0m ph\u00e1n<\/li>\n<li>Nh\u1eadn th\u1ee9c v\u1ec1 th\u01b0\u01a1ng m\u1ea1i<\/li>\n<li>Gi\u1ea3i quy\u1ebft v\u1ea5n \u0111\u1ec1<\/li>\n<li>K\u1ef9 n\u0103ng x\u00e3 h\u1ed9i<\/li>\n<li>K\u1ef9 n\u0103ng giao ti\u1ebfp<\/li>\n<li>Ngo\u1ea1i giao<\/li>\n<li>\u0110am m\u00ea v\u00e0 nh\u1eadn th\u1ee9c v\u1ec1 c\u00e1c v\u1ea5n \u0111\u1ec1 x\u00e3 h\u1ed9i v\u00e0 m\u00f4i tr\u01b0\u1eddng<\/li>\n<li>Kh\u1ea3 n\u0103ng l\u00e0m vi\u1ec7c v\u1edbi nhi\u1ec1u b\u00ean li\u00ean quan<\/li>\n<\/ul>\n<p>Tr\u00ecnh \u0111\u1ed9 chuy\u00ean m\u00f4n: B\u1eb1ng c\u1eed nh\u00e2n k\u1ebf to\u00e1n<\/p><\/div><\/div><\/div>[\/vc_column_inner][\/vc_row_inner][\/vc_column][\/vc_row]\n<\/div>","protected":false},"excerpt":{"rendered":"<p>[vc_row top_margin=&#8221;0&#8243; bottom_margin=&#8221;0&#8243; css=&#8221;.vc_custom_1499912039446{margin-top: -30px !important;}&#8221;][vc_column][vc_row_inner][vc_column_inner][vc_empty_space height=&#8221;10px&#8221;][vc_empty_space height=&#8221;30px&#8221;][\/vc_column_inner][\/vc_row_inner][\/vc_column][\/vc_row]<\/p>\n","protected":false},"author":4,"featured_media":0,"parent":0,"menu_order":0,"comment_status":"closed","ping_status":"closed","template":"","meta":{"nf_dc_page":"","footnotes":""},"class_list":["post-10322","page","type-page","status-publish","hentry"],"_links":{"self":[{"href":"https:\/\/worknow.vn\/vi\/wp-json\/wp\/v2\/pages\/10322","targetHints":{"allow":["GET"]}}],"collection":[{"href":"https:\/\/worknow.vn\/vi\/wp-json\/wp\/v2\/pages"}],"about":[{"href":"https:\/\/worknow.vn\/vi\/wp-json\/wp\/v2\/types\/page"}],"author":[{"embeddable":true,"href":"https:\/\/worknow.vn\/vi\/wp-json\/wp\/v2\/users\/4"}],"replies":[{"embeddable":true,"href":"https:\/\/worknow.vn\/vi\/wp-json\/wp\/v2\/comments?post=10322"}],"version-history":[{"count":5,"href":"https:\/\/worknow.vn\/vi\/wp-json\/wp\/v2\/pages\/10322\/revisions"}],"predecessor-version":[{"id":12141,"href":"https:\/\/worknow.vn\/vi\/wp-json\/wp\/v2\/pages\/10322\/revisions\/12141"}],"wp:attachment":[{"href":"https:\/\/worknow.vn\/vi\/wp-json\/wp\/v2\/media?parent=10322"}],"curies":[{"name":"wp","href":"https:\/\/api.w.org\/{rel}","templated":true}]}}