{"id":10326,"date":"2022-09-15T08:41:08","date_gmt":"2022-09-15T08:41:08","guid":{"rendered":"https:\/\/worknow.vn\/payroll-accountant\/"},"modified":"2023-06-01T09:51:47","modified_gmt":"2023-06-01T09:51:47","slug":"ke-toan-luong","status":"publish","type":"page","link":"https:\/\/worknow.vn\/vi\/ke-toan-luong\/","title":{"rendered":"K\u1ebf To\u00e1n L\u01b0\u01a1ng"},"content":{"rendered":"<div class=\"wpb-content-wrapper\">[vc_row top_margin=&#8221;0&#8243; bottom_margin=&#8221;0&#8243; css=&#8221;.vc_custom_1499912039446{margin-top: -30px !important;}&#8221;][vc_column]<div class=\"shortcode-wrapper shortcode-title clearfix hb-animate-element hb-fade-in\"><p style=\"color:#878787!important;border-color:#878787\" class=\"hb-text-large aligncenter\">K\u1ebf To\u00e1n L\u01b0\u01a1ng<\/p><\/div>[vc_row_inner][vc_column_inner][vc_empty_space height=&#8221;10px&#8221;]<div class=\"shortcode-wrapper shortcode-icon-box clearfix\"><div class=\"feature-box alternative left-icon-box aligncenter\"><div class=\"feature-box-content\"><h4 class=\"bold\">M\u00f4 t\u1ea3 c\u00f4ng vi\u1ec7c K\u1ebf To\u00e1n L\u01b0\u01a1ng<\/h4><p>Nhi\u1ec1u t\u1ed5 ch\u1ee9c tuy\u1ec3n d\u1ee5ng ho\u1eb7c k\u00fd h\u1ee3p \u0111\u1ed3ng v\u1edbi m\u1ed9t ng\u01b0\u1eddi n\u00e0o \u0111\u00f3 \u0111\u1ec3 x\u1eed l\u00fd vi\u1ec7c tr\u1ea3 l\u01b0\u01a1ng v\u00e0 c\u00e1c kho\u1ea3n t\u00e0i ch\u00ednh kh\u00e1c. C\u00e1c chuy\u00ean gia n\u00e0y c\u00f3 th\u1ec3 l\u00e0m vi\u1ec7c d\u01b0\u1edbi c\u00e1c ch\u1ee9c danh kh\u00e1c nhau v\u00e0 \u0111\u1ea3m nh\u1eadn nhi\u1ec1u vai tr\u00f2 v\u00e0 nhi\u1ec7m v\u1ee5 kh\u00e1c nhau, nh\u01b0ng h\u1ecd \u0111\u1ec1u c\u00f3 chung tr\u00e1ch nhi\u1ec7m \u0111\u1ea3m b\u1ea3o \u0111\u00e1p \u1ee9ng nhu c\u1ea7u t\u00e0i ch\u00ednh c\u1ee7a nh\u00e2n vi\u00ean v\u00e0 t\u1ed5 ch\u1ee9c. C\u00f4ng vi\u1ec7c ch\u00ednh c\u1ee7a nh\u1eefng k\u1ebf to\u00e1n n\u00e0y l\u00e0 chu\u1ea9n b\u1ecb, t\u1ea1o v\u00e0 duy tr\u00ec t\u00e0i li\u1ec7u v\u1ec1 b\u1ea3ng l\u01b0\u01a1ng. \u0110i\u1ec1u n\u00e0y th\u01b0\u1eddng bao g\u1ed3m ph\u00e2n ph\u00e1t v\u00e0 x\u1eed l\u00fd ti\u1ec1n l\u01b0\u01a1ng, hoa h\u1ed3ng v\u00e0 l\u1ee3i \u00edch c\u1ee7a nh\u00e2n vi\u00ean, \u0111\u1ea3m b\u1ea3o t\u00ednh ch\u00ednh x\u00e1c c\u1ee7a t\u1ea5t c\u1ea3 th\u00f4ng tin, tu\u00e2n th\u1ee7 c\u00e1c ch\u00ednh s\u00e1ch v\u00e0 h\u01b0\u1edbng d\u1eabn c\u1ee7a ch\u00ednh ph\u1ee7. Trong m\u1ed9t s\u1ed1 t\u1ed5 ch\u1ee9c, nh\u1eefng k\u1ebf to\u00e1n vi\u00ean n\u00e0y c\u0169ng c\u00f3 th\u1ec3 gi\u00e1m s\u00e1t t\u00e0i ch\u00ednh. \u0110i\u1ec1u n\u00e0y c\u00f3 th\u1ec3 bao g\u1ed3m vi\u1ec7c ph\u00e2n t\u00edch, chu\u1ea9n b\u1ecb v\u00e0 qu\u1ea3n l\u00fd t\u00e0i ch\u00ednh c\u00e1c kho\u1ea3n \u0111\u1ea7u t\u01b0, ng\u00e2n s\u00e1ch v\u00e0 thu mua.<\/p>\n<p>M\u1ed9t kh\u00eda c\u1ea1nh b\u1ea1n s\u1ebd c\u1ea7n trong c\u00f4ng vi\u1ec7c k\u1ebf to\u00e1n ti\u1ec1n l\u01b0\u01a1ng l\u00e0 k\u1ef9 n\u0103ng qu\u1ea3n tr\u1ecb. B\u1ea1n n\u00ean bi\u1ebft r\u00f5 v\u1ec1 c\u00e1c ho\u1ea1t \u0111\u1ed9ng c\u1ee7a m\u00ecnh v\u00e0 c\u00e1ch thu\u1eadn l\u1ee3i \u0111\u1ec3 th\u1ef1c hi\u1ec7n c\u00e1c ho\u1ea1t \u0111\u1ed9ng \u0111\u00f3. \u0110\u00e2y l\u00e0 nh\u1eefng g\u00ec c\u00e1c k\u1ef9 n\u0103ng qu\u1ea3n tr\u1ecb \u0111\u00f2i h\u1ecfi. B\u1ea1n s\u1ebd ph\u1ea3i \u0111\u1ed1i m\u1eb7t v\u1edbi vi\u1ec5n c\u1ea3nh qu\u1ea3n l\u00fd h\u1ea7u h\u1ebft c\u00e1c ho\u1ea1t \u0111\u1ed9ng kh\u00e1c nhau trong c\u00f9ng m\u1ed9t ng\u00e0y ho\u1eb7c kho\u1ea3ng c\u00e1ch th\u1eddi gian ng\u1eafn. B\u1ea1n s\u1ebd c\u1ea7n m\u1ed9t k\u1ef9 n\u0103ng qu\u1ea3n tr\u1ecb t\u1ed1t \u0111\u1ec3 s\u1eafp x\u1ebfp th\u1ee9 t\u1ef1 \u01b0u ti\u00ean v\u00e0 bi\u1ebft c\u00e1ch t\u1ef1 m\u00ecnh th\u1ef1c hi\u1ec7n c\u00e1c ho\u1ea1t \u0111\u1ed9ng n\u00e0y. L\u00e0 m\u1ed9t k\u1ebf to\u00e1n ti\u1ec1n l\u01b0\u01a1ng, b\u1ea1n lu\u00f4n ph\u1ea3i c\u00f3 th\u00f4ng tin chi ti\u1ebft c\u1ee7a r\u1ea5t nhi\u1ec1u c\u00f4ng nh\u00e2n ho\u1eb7c nh\u00e2n vi\u00ean trong t\u1ed5 ch\u1ee9c. B\u1ea1n \u0111\u01b0\u1ee3c cung c\u1ea5p nh\u1eefng th\u00f4ng tin chi ti\u1ebft \u0111\u00f3 \u0111\u1ec3 l\u00e0m vi\u1ec7c v\u00e0 gi\u1ea3i quy\u1ebft c\u00e1c v\u1ea5n \u0111\u1ec1. \u0110i\u1ec1u n\u00e0y \u0111\u00f2i h\u1ecfi b\u1ea1n ph\u1ea3i l\u01b0u \u00fd nh\u1eefng chi ti\u1ebft quan tr\u1ecdng. \u0110\u1ec3 ph\u00e1t tri\u1ec3n c\u00e1c ng\u00e0nh ngh\u1ec1 bao g\u1ed3m c\u1ea3 ngh\u1ec1 k\u1ebf to\u00e1n ti\u1ec1n l\u01b0\u01a1ng c\u0169ng c\u1ea7n ph\u1ea3i c\u00f3 C\u00f4ng ngh\u1ec7 th\u00f4ng tin (CNTT). C\u00f4ng ngh\u1ec7 th\u00f4ng tin gi\u00fap \u0111\u1ea3m b\u1ea3o r\u1eb1ng b\u1ea1n c\u00f3 th\u1ec3 t\u1eadn d\u1ee5ng c\u00e1c k\u1ef9 n\u0103ng k\u1ef9 thu\u1eadt s\u1ed1 \u0111\u1ec3 \u00e1p d\u1ee5ng t\u1ed1i \u0111a v\u00e0o c\u00f4ng vi\u1ec7c k\u1ebf to\u00e1n ti\u1ec1n l\u01b0\u01a1ng. Trong c\u00f4ng vi\u1ec7c k\u1ebf to\u00e1n ti\u1ec1n l\u01b0\u01a1ng, b\u1ea1n s\u1ebd c\u1ea7n ph\u1ea3i l\u00e0 m\u1ed9t ng\u01b0\u1eddi l\u1eadp k\u1ebf ho\u1ea1ch t\u1ed1t \u0111\u1ec3 c\u00f3 th\u1ec3 th\u1ef1c hi\u1ec7n c\u00f4ng vi\u1ec7c c\u1ee7a m\u00ecnh. L\u00e0 k\u1ebf to\u00e1n ti\u1ec1n l\u01b0\u01a1ng, b\u1ea1n n\u00ean hi\u1ec3u r\u00f5 v\u1ec1 c\u00e1c v\u1ea5n \u0111\u1ec1, tu\u00e2n th\u1ee7 c\u00e1c quy t\u1eafc lao \u0111\u1ed9ng. \u0110i\u1ec1u n\u00e0y c\u0169ng \u0111\u1ec1 c\u1eadp \u0111\u1ebfn c\u00e1c \u0111i\u1ec1u kho\u1ea3n v\u00e0 \u0111i\u1ec1u ki\u1ec7n tuy\u1ec3n d\u1ee5ng c\u1ee7a nh\u00e2n vi\u00ean trong t\u1ed5 ch\u1ee9c. \u0110\u1ec3 \u0111\u01b0a ra c\u00e1c d\u1ef1 \u0111o\u00e1n ch\u00ednh x\u00e1c cho t\u1ed5 ch\u1ee9c, b\u1ea1n s\u1ebd c\u1ea7n ph\u1ea3i c\u00f3 k\u1ef9 n\u0103ng to\u00e1n h\u1ecdc xu\u1ea5t s\u1eafc. \u0110i\u1ec1u quan tr\u1ecdng c\u1ea7n bi\u1ebft l\u00e0 k\u1ebf to\u00e1n t\u00e0i ch\u00ednh thu\u1ed9c b\u1ea5t k\u1ef3 lo\u1ea1i h\u00ecnh n\u00e0o \u0111\u1ec1u c\u00f3 ngu\u1ed3n g\u1ed1c t\u1eeb to\u00e1n h\u1ecdc. K\u1ef9 n\u0103ng gi\u1ea3i quy\u1ebft v\u1ea5n \u0111\u1ec1 c\u1ee7a m\u1ed9t nh\u00e2n vi\u00ean ph\u1ee5 thu\u1ed9c r\u1ea5t nhi\u1ec1u v\u00e0o s\u1ed1 n\u0103m kinh nghi\u1ec7m m\u00e0 h\u1ecd c\u00f3 trong c\u00f4ng vi\u1ec7c ho\u1eb7c trong l\u0129nh v\u1ef1c li\u00ean quan. \u0110\u00e2y l\u00e0 l\u00fd do t\u1ea1i sao c\u00e1c nh\u00e0 tuy\u1ec3n d\u1ee5ng th\u01b0\u1eddng t\u00ecm ki\u1ebfm nh\u1eefng ng\u01b0\u1eddi c\u00f3 kinh nghi\u1ec7m k\u1ebf to\u00e1n ti\u1ec1n l\u01b0\u01a1ng. C\u00e1c nhi\u1ec7m v\u1ee5 c\u00f3 th\u1ec3 \u0111i k\u00e8m v\u1edbi nh\u1eefng th\u00e1ch th\u1ee9c nh\u1ea5t \u0111\u1ecbnh, m\u00e0 b\u1ea1n s\u1ebd c\u1ea7n \u00e1p d\u1ee5ng c\u00e1c k\u1ef9 n\u0103ng gi\u1ea3i quy\u1ebft v\u1ea5n \u0111\u1ec1 \u0111\u1ec3 c\u00f3 th\u1ec3 ho\u00e0n th\u00e0nh xu\u1ea5t s\u1eafc nhi\u1ec7m v\u1ee5. K\u1ef9 n\u0103ng ra quy\u1ebft \u0111\u1ecbnh l\u00e0 m\u1ed9t ph\u1ea7n c\u00f4ng vi\u1ec7c c\u1ee7a m\u1ed9t k\u1ebf to\u00e1n ti\u1ec1n l\u01b0\u01a1ng. B\u1ea1n c\u00f3 r\u1ea5t nhi\u1ec1u quy\u1ebft \u0111\u1ecbnh ph\u1ea3i \u0111\u01b0a ra \u1edf v\u1ecb tr\u00ed n\u00e0y v\u00ec th\u1ef1c t\u1ebf ng\u01b0\u1eddi ta cho r\u1eb1ng b\u1ea1n am hi\u1ec3u v\u1ec1 l\u0129nh v\u1ef1c n\u00e0y v\u00e0 c\u00f3 th\u1ec3 \u0111\u00f3ng g\u00f3p trong kh\u00eda c\u1ea1nh bi\u00ean ch\u1ebf.<\/p>\n<p>H\u1ea7u h\u1ebft c\u00e1c c\u00e1 nh\u00e2n s\u1ebd c\u1ea7n \u00edt nh\u1ea5t b\u1eb1ng c\u1eed nh\u00e2n k\u1ebf to\u00e1n ho\u1eb7c m\u1ed9t l\u0129nh v\u1ef1c li\u00ean quan nh\u01b0 qu\u1ea3n tr\u1ecb kinh doanh, t\u00e0i ch\u00ednh, th\u1ed1ng k\u00ea, \u0111\u1ecbnh ph\u00ed b\u1ea3o hi\u1ec3m ho\u1eb7c kinh t\u1ebf \u0111\u1ec3 l\u00e0m vi\u1ec7c trong l\u0129nh v\u1ef1c k\u1ebf to\u00e1n ti\u1ec1n l\u01b0\u01a1ng. C\u00e1c c\u00e1 nh\u00e2n c\u00f3 th\u1ec3 th\u0103ng ti\u1ebfn s\u1ef1 nghi\u1ec7p c\u1ee7a m\u00ecnh b\u1eb1ng c\u00e1ch l\u1ea5y b\u1eb1ng Th\u1ea1c s\u0129 v\u1ec1 qu\u1ea3n tr\u1ecb kinh doanh ho\u1eb7c b\u1eb1ng c\u00e1ch h\u1ecdc th\u00eam ch\u1ee9ng ch\u1ec9 K\u1ebf to\u00e1n c\u00f4ng ch\u1ee9ng (CPA). Ngo\u00e0i ra c\u00f2n c\u00f3 m\u1ed9t s\u1ed1 ch\u1ee9ng nh\u1eadn bi\u00ean ch\u1ebf c\u1ee5 th\u1ec3 \u0111\u01b0\u1ee3c cung c\u1ea5p b\u1edfi hi\u1ec7p h\u1ed9i ngh\u1ec1 nghi\u1ec7p.<\/p><\/div><\/div><\/div>[vc_empty_space height=&#8221;30px&#8221;]<div class=\"shortcode-wrapper shortcode-icon-box clearfix\"><div class=\"feature-box alternative left-icon-box aligncenter\"><div class=\"feature-box-content\"><h4 class=\"bold\">Nhi\u1ec7m v\u1ee5 chung c\u1ee7a K\u1ebf To\u00e1n L\u01b0\u01a1ng<\/h4><p>\n<ul>\n<li>Gi\u00e1m s\u00e1t phi\u1ebfu l\u01b0\u01a1ng c\u1ee7a nh\u00e2n vi\u00ean<\/li>\n<li>T\u00ednh to\u00e1n ti\u1ec1n l\u01b0\u01a1ng r\u00f2ng xem x\u00e9t c\u00e1c kho\u1ea3n kh\u1ea5u tr\u1eeb v\u00e0 chi\u1ebfm \u0111o\u1ea1t<\/li>\n<li>\u0110\u1ea3m b\u1ea3o ch\u00ednh x\u00e1c b\u1ea3ng l\u01b0\u01a1ng v\u00e0 ch\u1ee9ng t\u1eeb thu\u1ebf<\/li>\n<li>C\u1eadp nh\u1eadt s\u1ed5 c\u00e1i t\u1ed5ng h\u1ee3p v\u00e0 d\u1eef li\u1ec7u b\u1ea3ng l\u01b0\u01a1ng<\/li>\n<li>Chu\u1ea9n b\u1ecb c\u00e1c t\u1eadp tin, h\u1ed3 s\u01a1 v\u00e0 k\u1ebf ho\u1ea1ch k\u1ebf to\u00e1n<\/li>\n<li>Theo d\u00f5i vi\u1ec7c ngh\u1ec9 vi\u1ec7c c\u00f3 l\u01b0\u01a1ng v\u00e0 kh\u00f4ng l\u01b0\u01a1ng<\/li>\n<li>X\u1eed l\u00fd thu nh\u1eadp l\u00e0m th\u00eam gi\u1edd ho\u1eb7c c\u00e1c kho\u1ea3n kh\u1ea5u tr\u1eeb ng\u00e0y ngh\u1ec9<\/li>\n<li>Gi\u1ea3i quy\u1ebft c\u00e1c v\u1ea5n \u0111\u1ec1 v\u1ec1 b\u1ea3ng l\u01b0\u01a1ng (v\u00ed d\u1ee5: ng\u00e0y ngh\u1ec9 c\u1ee7a t\u1ea5t c\u1ea3 ng\u00e2n h\u00e0ng, thanh to\u00e1n tr\u1ec5, v.v.)<\/li>\n<li>Tr\u1ea3 l\u1eddi c\u00e1c c\u00e2u h\u1ecfi c\u1ee7a nh\u00e2n vi\u00ean li\u00ean quan \u0111\u1ebfn b\u1ea3ng l\u01b0\u01a1ng<\/li>\n<li>Tham gia ki\u1ec3m to\u00e1n ti\u1ec1n l\u01b0\u01a1ng<\/li>\n<li>\u0110\u1ea3m b\u1ea3o tu\u00e2n th\u1ee7 ph\u00e1p lu\u1eadt v\u1ec1 k\u1ebf to\u00e1n ti\u1ec1n l\u01b0\u01a1ng v\u00e0 thu\u1ebf<\/li>\n<\/ul>\n<p>&nbsp;<\/p>\n<p>K\u1ef9 n\u0103ng:<\/p>\n<ul>\n<li>\u0110\u00e3 t\u1eebng c\u00f3 kinh nghi\u1ec7m l\u00e0m k\u1ebf to\u00e1n ti\u1ec1n l\u01b0\u01a1ng ho\u1eb7c \u1edf v\u1ecb tr\u00ed t\u01b0\u01a1ng t\u1ef1<\/li>\n<li>Hi\u1ec3u c\u00e1c quy \u0111\u1ecbnh c\u1ee7a ch\u00ednh ph\u1ee7 v\u00e0 \u0111\u1ecba ph\u01b0\u01a1ng v\u1ec1 b\u1ea3ng l\u01b0\u01a1ng<\/li>\n<li>Ki\u1ebfn th\u1ee9c v\u1ec1 MS Office, \u0111\u1eb7c bi\u1ec7t l\u00e0 Excel<\/li>\n<li>Kh\u1ea3 n\u0103ng t\u00ednh to\u00e1n t\u1ed1t<\/li>\n<li>Ch\u00fa \u00fd \u0111\u1ebfn chi ti\u1ebft<\/li>\n<\/ul>\n<p>Tr\u00ecnh \u0111\u1ed9 chuy\u00ean m\u00f4n: Ch\u1ee9ng ch\u1ec9 qu\u1ed1c t\u1ebf h\u1ee3p l\u1ec7 (v\u00ed d\u1ee5: Ch\u1ee9ng nh\u1eadn bi\u00ean ch\u1ebf c\u01a1 b\u1ea3n); B\u1eb1ng c\u1ea5p v\u1ec1 K\u1ebf to\u00e1n, T\u00e0i ch\u00ednh ho\u1eb7c l\u0129nh v\u1ef1c li\u00ean quan.<\/p><\/div><\/div><\/div>[\/vc_column_inner][\/vc_row_inner][\/vc_column][\/vc_row]\n<\/div>","protected":false},"excerpt":{"rendered":"<p>[vc_row top_margin=&#8221;0&#8243; bottom_margin=&#8221;0&#8243; css=&#8221;.vc_custom_1499912039446{margin-top: -30px !important;}&#8221;][vc_column][vc_row_inner][vc_column_inner][vc_empty_space height=&#8221;10px&#8221;][vc_empty_space height=&#8221;30px&#8221;][\/vc_column_inner][\/vc_row_inner][\/vc_column][\/vc_row]<\/p>\n","protected":false},"author":4,"featured_media":0,"parent":0,"menu_order":0,"comment_status":"closed","ping_status":"closed","template":"","meta":{"nf_dc_page":"","footnotes":""},"class_list":["post-10326","page","type-page","status-publish","hentry"],"_links":{"self":[{"href":"https:\/\/worknow.vn\/vi\/wp-json\/wp\/v2\/pages\/10326","targetHints":{"allow":["GET"]}}],"collection":[{"href":"https:\/\/worknow.vn\/vi\/wp-json\/wp\/v2\/pages"}],"about":[{"href":"https:\/\/worknow.vn\/vi\/wp-json\/wp\/v2\/types\/page"}],"author":[{"embeddable":true,"href":"https:\/\/worknow.vn\/vi\/wp-json\/wp\/v2\/users\/4"}],"replies":[{"embeddable":true,"href":"https:\/\/worknow.vn\/vi\/wp-json\/wp\/v2\/comments?post=10326"}],"version-history":[{"count":5,"href":"https:\/\/worknow.vn\/vi\/wp-json\/wp\/v2\/pages\/10326\/revisions"}],"predecessor-version":[{"id":12142,"href":"https:\/\/worknow.vn\/vi\/wp-json\/wp\/v2\/pages\/10326\/revisions\/12142"}],"wp:attachment":[{"href":"https:\/\/worknow.vn\/vi\/wp-json\/wp\/v2\/media?parent=10326"}],"curies":[{"name":"wp","href":"https:\/\/api.w.org\/{rel}","templated":true}]}}