{"id":10328,"date":"2022-09-15T08:50:35","date_gmt":"2022-09-15T08:50:35","guid":{"rendered":"https:\/\/worknow.vn\/financial-planner\/"},"modified":"2023-06-01T09:51:47","modified_gmt":"2023-06-01T09:51:47","slug":"ke-hoach-vien-tai-chinh","status":"publish","type":"page","link":"https:\/\/worknow.vn\/vi\/ke-hoach-vien-tai-chinh\/","title":{"rendered":"K\u1ebf Ho\u1ea1ch Vi\u00ean T\u00e0i Ch\u00ednh"},"content":{"rendered":"<div class=\"wpb-content-wrapper\">[vc_row top_margin=&#8221;0&#8243; bottom_margin=&#8221;0&#8243; css=&#8221;.vc_custom_1499912039446{margin-top: -30px !important;}&#8221;][vc_column]<div class=\"shortcode-wrapper shortcode-title clearfix hb-animate-element hb-fade-in\"><p style=\"color:#878787!important;border-color:#878787\" class=\"hb-text-large aligncenter\">K\u1ebf Ho\u1ea1ch Vi\u00ean T\u00e0i Ch\u00ednh<\/p><\/div>[vc_row_inner][vc_column_inner][vc_empty_space height=&#8221;10px&#8221;]<div class=\"shortcode-wrapper shortcode-icon-box clearfix\"><div class=\"feature-box alternative left-icon-box aligncenter\"><div class=\"feature-box-content\"><h4 class=\"bold\">M\u00f4 t\u1ea3 c\u00f4ng vi\u1ec7c K\u1ebf Ho\u1ea1ch Vi\u00ean T\u00e0i Ch\u00ednh<\/h4><p>K\u1ebf ho\u1ea1ch vi\u00ean t\u00e0i ch\u00ednh &#8211; c\u00f2n \u0111\u01b0\u1ee3c g\u1ecdi l\u00e0 ng\u01b0\u1eddi l\u1eadp k\u1ebf ho\u1ea1ch t\u00e0i ch\u00ednh c\u00e1 nh\u00e2n, \u0111\u01b0\u1ee3c ch\u1ee9ng nh\u1eadn l\u00e0 nh\u00e0 t\u01b0 v\u1ea5n t\u00e0i ch\u00ednh ho\u1eb7c \u0111\u1ea7u t\u01b0 c\u00f3 n\u0103ng l\u1ef1c. H\u1ecd cung c\u1ea5p cho kh\u00e1ch h\u00e0ng l\u1eddi khuy\u00ean chuy\u00ean nghi\u1ec7p v\u1ec1 \u0111\u1ea7u t\u01b0, b\u1ea3o hi\u1ec3m, thu\u1ebf, qu\u1ea3n l\u00fd t\u00e0i s\u1ea3n v\u00e0 l\u1eadp k\u1ebf ho\u1ea1ch ngh\u1ec9 h\u01b0u. K\u1ebf ho\u1ea1ch vi\u00ean t\u00e0i ch\u00ednh cung c\u1ea5p cho c\u00e1c c\u00e1 nh\u00e2n l\u1eddi khuy\u00ean li\u00ean quan \u0111\u1ebfn vi\u1ec7c qu\u1ea3n l\u00fd t\u00e0i ch\u00ednh. H\u1ecd c\u00f3 th\u1ec3 l\u00e0m vi\u1ec7c cho m\u1ed9t c\u00f4ng ty ho\u1eb7c l\u00e0m vi\u1ec7c t\u1ef1 do. Vai tr\u00f2 ch\u00ednh c\u1ee7a k\u1ebf ho\u1ea1ch vi\u00ean t\u00e0i ch\u00ednh l\u00e0 h\u1ed7 tr\u1ee3 kh\u00e1ch h\u00e0ng t\u1ea1o ng\u00e2n s\u00e1ch c\u00e1 nh\u00e2n; thi\u1ebft l\u1eadp m\u1ee5c ti\u00eau \u0111\u1ec3 ti\u1ebft ki\u1ec7m; gi\u1ea3m thi\u1ec3u, ki\u1ec3m so\u00e1t ho\u1eb7c qu\u1ea3n l\u00fd chi ph\u00ed; th\u1ef1c hi\u1ec7n c\u00e1c b\u01b0\u1edbc c\u1ea7n thi\u1ebft \u0111\u1ec3 t\u1ea1o ra v\u00e0 t\u00edch l\u0169y c\u1ee7a c\u1ea3i. C\u00e1c k\u1ebf ho\u1ea1ch vi\u00ean t\u00e0i ch\u00ednh l\u00e0m vi\u1ec7c v\u1edbi c\u00e1c nh\u00e0 qu\u1ea3n l\u00fd \u0111\u1ea7u t\u01b0, qu\u1ef9 t\u01b0\u01a1ng h\u1ed7 v\u00e0 \/ ho\u1eb7c c\u1ed1 v\u1ea5n t\u00e0i ch\u00ednh \u0111\u1ec3 \u0111\u00e1p \u1ee9ng nhu c\u1ea7u \u0111\u1ea7u t\u01b0 t\u01b0\u01a1ng \u1ee9ng c\u1ee7a kh\u00e1ch h\u00e0ng.<\/p>\n<p>Ngh\u1ec1 nghi\u1ec7p k\u1ebf ho\u1ea1ch vi\u00ean t\u00e0i ch\u00ednh y\u00eau c\u1ea7u h\u1ecd ph\u1ea3i lu\u00f4n c\u1eadp nh\u1eadt lu\u1eadt thu\u1ebf hi\u1ec7n h\u00e0nh v\u00e0 c\u00e1c s\u1ea3n ph\u1ea9m t\u00e0i ch\u00ednh \u0111ang ph\u00e1t tri\u1ec3n c\u0169ng nh\u01b0 c\u00e1c chi\u1ebfn l\u01b0\u1ee3c qu\u1ea3n l\u00fd t\u00e0i ch\u00ednh c\u00e1 nh\u00e2n c\u1ea7n thi\u1ebft v\u1ec1 k\u1ebf ho\u1ea1ch h\u01b0u tr\u00ed v\u00e0 di s\u1ea3n. Do \u0111\u00f3, h\u1ecd c\u0169ng ph\u1ea3i c\u00f3 k\u1ef9 n\u0103ng b\u00e1n h\u00e0ng t\u1ed1t. H\u1ecd s\u1ebd c\u1ea7n ph\u1ea3i c\u00f3 \u0111\u01b0\u1ee3c kh\u00e1ch h\u00e0ng m\u1edbi (khi c\u1ea7n thi\u1ebft), s\u00e1ng t\u1ea1o trong vi\u1ec7c t\u1ea1o ra c\u00e1c gi\u1ea3i ph\u00e1p \u0111\u1ec3 c\u1ea3i thi\u1ec7n t\u00ecnh h\u00ecnh t\u00e0i ch\u00ednh c\u1ee7a kh\u00e1ch h\u00e0ng v\u00e0 \u0111\u1ea3m b\u1ea3o \u0111\u00e1p \u1ee9ng c\u00e1c m\u1ee5c ti\u00eau. Nhi\u1ec7m v\u1ee5 c\u1ee7a k\u1ebf ho\u1ea1ch vi\u00ean t\u00e0i ch\u00ednh th\u01b0\u1eddng bao g\u1ed3m cung c\u1ea5p c\u00e1c kho\u1ea3n \u0111\u1ea7u t\u01b0 v\u00e0 d\u1ecbch v\u1ee5 b\u1ea3o hi\u1ec3m cho kh\u00e1ch h\u00e0ng, \u0111\u1ea3m b\u1ea3o l\u01b0u tr\u1eef h\u1ed3 s\u01a1 kh\u00e1ch h\u00e0ng t\u1ed1t, thi\u1ebft l\u1eadp v\u00e0 duy tr\u00ec m\u1ed1i quan h\u1ec7 v\u1edbi kh\u00e1ch h\u00e0ng b\u1eb1ng c\u00e1ch duy tr\u00ec c\u1eadp nh\u1eadt nh\u1eefng th\u00e0nh t\u1ef1u c\u1ee7a kh\u00e1ch h\u00e0ng v\u00e0 th\u01b0\u1eddng xuy\u00ean th\u00f4ng b\u00e1o nh\u1eefng thay \u0111\u1ed5i c\u00f3 th\u1ec3 \u1ea3nh h\u01b0\u1edfng \u0111\u1ebfn t\u00ecnh h\u00ecnh t\u00e0i ch\u00ednh c\u1ee7a kh\u00e1ch h\u00e0ng.<\/p>\n<p>C\u00e1c k\u1ebf ho\u1ea1ch vi\u00ean t\u00e0i ch\u00ednh ph\u1ea3i l\u1ea5y th\u00f4ng tin t\u1eeb nhi\u1ec1u ngu\u1ed3n kh\u00e1c nhau, ch\u1eb3ng h\u1ea1n nh\u01b0 xu h\u01b0\u1edbng th\u1ecb tr\u01b0\u1eddng v\u00e0 nh\u1eefng thay \u0111\u1ed5i v\u1ec1 quy \u0111\u1ecbnh, \u0111\u1ec3 ph\u00e1t tri\u1ec3n danh m\u1ee5c \u0111\u1ea7u t\u01b0 c\u1ee7a kh\u00e1ch h\u00e0ng. Nh\u1eefng chuy\u00ean gia n\u00e0y ph\u1ea3i giao ti\u1ebfp b\u1eb1ng l\u1eddi n\u00f3i v\u00e0 b\u1eb1ng v\u0103n b\u1ea3n v\u1edbi kh\u00e1ch h\u00e0ng, th\u01b0\u1eddng xuy\u00ean chuy\u1ec3n ti\u1ebfp nh\u1eefng th\u00f4ng tin ph\u1ee9c t\u1ea1p. C\u00e1c k\u1ebf ho\u1ea1ch vi\u00ean t\u00e0i ch\u00ednh ph\u1ea3i \u0111\u00e1nh gi\u00e1 r\u1ee7i ro v\u00e0 l\u1ee3i \u00edch c\u1ee7a c\u00e1c kho\u1ea3n \u0111\u1ea7u t\u01b0 ti\u1ec1m n\u0103ng \u0111\u1ec3 t\u01b0 v\u1ea5n cho kh\u00e1ch h\u00e0ng c\u1ee7a h\u1ecd.<\/p>\n<p>C\u00e1c y\u00eau c\u1ea7u ph\u00e1p l\u00fd \u0111\u1ec3 l\u00e0m vi\u1ec7c v\u1edbi t\u01b0 c\u00e1ch l\u00e0 k\u1ebf ho\u1ea1ch vi\u00ean t\u00e0i ch\u00ednh kh\u00e1c nhau t\u00f9y theo qu\u1ed1c gia. Nhi\u1ec1u qu\u1ed1c gia thi\u1ebfu khung ph\u00e1p l\u00fd cho vi\u1ec7c ch\u1ec9 \u0111\u1ecbnh ho\u1eb7c ch\u1ee9c danh \u201c k\u1ebf ho\u1ea1ch vi\u00ean t\u00e0i ch\u00ednh\u201d; do \u0111\u00f3, ph\u1ea1m vi c\u1ee7a ngh\u1ec1 nghi\u1ec7p c\u00f3 th\u1ec3 kh\u00e1c nhau gi\u1eefa c\u00e1c khu v\u1ef1c. L\u00fd t\u01b0\u1edfng nh\u1ea5t, m\u1ed9t k\u1ebf ho\u1ea1ch vi\u00ean t\u00e0i ch\u00ednh n\u00ean c\u00f3 b\u1eb1ng c\u1eed nh\u00e2n (nh\u01b0 m\u1ed9t y\u00eau c\u1ea7u t\u1ed1i thi\u1ec3u). C\u00e1c m\u00f4n h\u1ecdc trong l\u0129nh v\u1ef1c t\u00e0i ch\u00ednh, kinh t\u1ebf ho\u1eb7c k\u1ebf to\u00e1n s\u1ebd l\u00e0 m\u1ed9t l\u1ee3i th\u1ebf. B\u1eb1ng Th\u1ea1c s\u0129 Qu\u1ea3n tr\u1ecb Kinh doanh (MBA) c\u0169ng c\u00f3 th\u1ec3 l\u00e0 m\u1ed9t y\u00eau c\u1ea7u; tuy nhi\u00ean, s\u1ebd t\u00f9y theo quy\u1ebft \u0111\u1ecbnh c\u1ee7a t\u1eebng c\u00e1 nh\u00e2n v\u00e0 c\u00e1c c\u00f4ng ty.<\/p><\/div><\/div><\/div>[vc_empty_space height=&#8221;30px&#8221;]<div class=\"shortcode-wrapper shortcode-icon-box clearfix\"><div class=\"feature-box alternative left-icon-box aligncenter\"><div class=\"feature-box-content\"><h4 class=\"bold\">Nhi\u1ec7m v\u1ee5 chung c\u1ee7a K\u1ebf Ho\u1ea1ch Vi\u00ean T\u00e0i Ch\u00ednh<\/h4><p>\n<ul>\n<li>Thi\u1ebft l\u1eadp m\u1ee5c ti\u00eau<\/li>\n<li>Thu th\u1eadp d\u1eef li\u1ec7u<\/li>\n<li>Ph\u00e2n t\u00edch v\u00e0 \u0111\u00e1nh gi\u00e1 t\u00ecnh tr\u1ea1ng t\u00e0i ch\u00ednh<\/li>\n<li>Tri\u1ec3n khai k\u1ebf ho\u1ea1ch<\/li>\n<li>Th\u1ef1c hi\u1ec7n k\u1ebf ho\u1ea1ch<\/li>\n<li>Theo d\u00f5i k\u1ebf ho\u1ea1ch v\u00e0 th\u1ef1c hi\u1ec7n c\u00e1c \u0111i\u1ec1u ch\u1ec9nh c\u1ea7n thi\u1ebft<\/li>\n<\/ul>\n<p>K\u1ef9 n\u0103ng:<\/p>\n<ul>\n<li>K\u1ef9 n\u0103ng quan h\u1ec7 kh\u00e1ch h\u00e0ng<\/li>\n<li>K\u1ef9 n\u0103ng ph\u00e1t tri\u1ec3n kinh doanh<\/li>\n<li>Nghi\u00ean c\u1ee9u<\/li>\n<li>Qu\u1ea3n l\u00fd t\u00e0i s\u1ea3n<\/li>\n<li>T\u01b0 duy ph\u1ea3n bi\u1ec7n<\/li>\n<li>Giao ti\u1ebfp x\u00e3 h\u1ed9i<\/li>\n<li>Kh\u1ea3 n\u0103ng ch\u00fa \u00fd \u0111\u1ebfn chi ti\u1ebft<\/li>\n<li>\u0110\u1ed3ng c\u1ea3m<\/li>\n<li>\u0110\u00e1nh gi\u00e1 r\u1ee7i ro<\/li>\n<\/ul>\n<p>Tr\u00ecnh \u0111\u1ed9 chuy\u00ean m\u00f4n: B\u1eb1ng k\u1ebf to\u00e1n, to\u00e1n h\u1ecdc, kinh t\u1ebf, t\u00e0i ch\u00ednh ho\u1eb7c l\u0129nh v\u1ef1c li\u00ean quan<\/p><\/div><\/div><\/div>[\/vc_column_inner][\/vc_row_inner][\/vc_column][\/vc_row]\n<\/div>","protected":false},"excerpt":{"rendered":"<p>[vc_row top_margin=&#8221;0&#8243; bottom_margin=&#8221;0&#8243; css=&#8221;.vc_custom_1499912039446{margin-top: -30px !important;}&#8221;][vc_column][vc_row_inner][vc_column_inner][vc_empty_space height=&#8221;10px&#8221;][vc_empty_space height=&#8221;30px&#8221;][\/vc_column_inner][\/vc_row_inner][\/vc_column][\/vc_row]<\/p>\n","protected":false},"author":4,"featured_media":0,"parent":0,"menu_order":0,"comment_status":"closed","ping_status":"closed","template":"","meta":{"nf_dc_page":"","footnotes":""},"class_list":["post-10328","page","type-page","status-publish","hentry"],"_links":{"self":[{"href":"https:\/\/worknow.vn\/vi\/wp-json\/wp\/v2\/pages\/10328","targetHints":{"allow":["GET"]}}],"collection":[{"href":"https:\/\/worknow.vn\/vi\/wp-json\/wp\/v2\/pages"}],"about":[{"href":"https:\/\/worknow.vn\/vi\/wp-json\/wp\/v2\/types\/page"}],"author":[{"embeddable":true,"href":"https:\/\/worknow.vn\/vi\/wp-json\/wp\/v2\/users\/4"}],"replies":[{"embeddable":true,"href":"https:\/\/worknow.vn\/vi\/wp-json\/wp\/v2\/comments?post=10328"}],"version-history":[{"count":5,"href":"https:\/\/worknow.vn\/vi\/wp-json\/wp\/v2\/pages\/10328\/revisions"}],"predecessor-version":[{"id":12144,"href":"https:\/\/worknow.vn\/vi\/wp-json\/wp\/v2\/pages\/10328\/revisions\/12144"}],"wp:attachment":[{"href":"https:\/\/worknow.vn\/vi\/wp-json\/wp\/v2\/media?parent=10328"}],"curies":[{"name":"wp","href":"https:\/\/api.w.org\/{rel}","templated":true}]}}