{"id":10330,"date":"2022-08-09T06:57:35","date_gmt":"2022-08-09T06:57:35","guid":{"rendered":"https:\/\/worknow.vn\/mortgage-advisor\/"},"modified":"2023-06-02T08:15:41","modified_gmt":"2023-06-02T08:15:41","slug":"co-van-the-chap","status":"publish","type":"page","link":"https:\/\/worknow.vn\/vi\/co-van-the-chap\/","title":{"rendered":"C\u1ed1 V\u1ea5n Th\u1ebf Ch\u1ea5p"},"content":{"rendered":"<div class=\"wpb-content-wrapper\">[vc_row top_margin=&#8221;0&#8243; bottom_margin=&#8221;0&#8243; css=&#8221;.vc_custom_1499912039446{margin-top: -30px !important;}&#8221;][vc_column]<div class=\"shortcode-wrapper shortcode-title clearfix hb-animate-element hb-fade-in\"><p style=\"color:#878787!important;border-color:#878787\" class=\"hb-text-large aligncenter\">C\u1ed1 V\u1ea5n Th\u1ebf Ch\u1ea5p<\/p><\/div>[vc_row_inner][vc_column_inner][vc_empty_space height=&#8221;10px&#8221;]<div class=\"shortcode-wrapper shortcode-icon-box clearfix\"><div class=\"feature-box alternative left-icon-box aligncenter\"><div class=\"feature-box-content\"><h4 class=\"bold\">M\u00f4 t\u1ea3 c\u00f4ng vi\u1ec7c C\u1ed1 V\u1ea5n Th\u1ebf Ch\u1ea5p<\/h4><p>C\u1ed1 v\u1ea5n th\u1ebf ch\u1ea5p s\u1ebd h\u01b0\u1edbng d\u1eabn ng\u01b0\u1eddi mua nh\u00e0 v\u1ec1 h\u1ee3p \u0111\u1ed3ng th\u1ebf ch\u1ea5p t\u1ed1t nh\u1ea5t d\u00e0nh cho h\u1ecd. \u0110i\u1ec1u n\u00e0y gi\u00fap ng\u01b0\u1eddi mua quy\u1ebft \u0111\u1ecbnh s\u1ed1 ti\u1ec1n h\u1ecd c\u00f3 th\u1ec3 vay t\u01b0\u01a1ng \u1ee9ng v\u1edbi m\u1ee9c l\u01b0\u01a1ng v\u00e0 c\u00e1c ho\u00e0n c\u1ea3nh kh\u00e1c. B\u1ea1n c\u00f3 th\u1ec3 t\u01b0 v\u1ea5n cho c\u00e1c c\u00e1 nh\u00e2n, v\u00ed d\u1ee5 nh\u1eefng ng\u01b0\u1eddi mua nh\u00e0 l\u1ea7n \u0111\u1ea7u ho\u1eb7c t\u01b0 v\u1ea5n cho c\u00e1c doanh nghi\u1ec7p. C\u00e1c c\u1ed1 v\u1ea5n th\u1ebf ch\u1ea5p th\u01b0\u1eddng l\u00e0m vi\u1ec7c cho ng\u00e2n h\u00e0ng \u0111\u1ec3 gi\u00fap kh\u00e1ch h\u00e0ng t\u00ecm th\u1ea5y kho\u1ea3n th\u1ebf ch\u1ea5p ph\u00f9 h\u1ee3p nh\u1ea5t. H\u1ecd g\u1eb7p v\u00e0 h\u01b0\u1edbng d\u1eabn kh\u00e1ch h\u00e0ng v\u1ec1 s\u1ef1 kh\u00e1c bi\u1ec7t gi\u1eefa c\u00e1c s\u1ea3n ph\u1ea9m th\u1ebf ch\u1ea5p. C\u00e1c c\u1ed1 v\u1ea5n th\u1ebf ch\u1ea5p l\u00e0m vi\u1ec7c c\u00f9ng v\u1edbi kh\u00e1ch h\u00e0ng \u0111\u1ec3 gi\u00fap h\u1ecd x\u00e1c \u0111\u1ecbnh nh\u1eefng g\u00ec h\u1ecd c\u1ea7n nh\u1ea5t t\u1eeb th\u1ebf ch\u1ea5p t\u00e0i s\u1ea3n v\u00e0 \u0111\u1ec1 xu\u1ea5t nh\u1eefng g\u00ec ph\u00f9 h\u1ee3p nh\u1ea5t v\u1edbi nhu c\u1ea7u c\u1ee7a h\u1ecd.<\/p>\n<p>B\u1ea1n c\u0169ng \u0111\u00f3ng vai tr\u00f2 l\u00e0 ng\u01b0\u1eddi li\u00ean l\u1ea1c gi\u1eefa ng\u00e2n h\u00e0ng ho\u1eb7c t\u1ed5 ch\u1ee9c t\u00e0i ch\u00ednh v\u1edbi kh\u00e1ch h\u00e0ng. Trong c\u00f4ng vi\u1ec7c n\u00e0y, b\u1ea1n ph\u1ea3i thu th\u1eadp th\u00f4ng tin t\u00e0i ch\u00ednh t\u1eeb ng\u01b0\u1eddi \u0111i vay, ki\u1ec3m tra \u0111\u1ed9 ch\u00ednh x\u00e1c v\u00e0 g\u1eedi cho c\u00e1c t\u1ed5 ch\u1ee9c cho vay \u0111\u1ec3 t\u00ecm ra n\u01a1i c\u00f3 th\u1ec3 cung c\u1ea5p ngu\u1ed3n t\u00e0i ch\u00ednh t\u1ed1t nh\u1ea5t.<\/p>\n<p>B\u1ea1n c\u1ea7n c\u00f3 k\u1ef9 n\u0103ng t\u00ednh to\u00e1n t\u1ed1t \u0111\u1ec3 \u0111\u1ea3m b\u1ea3o mang l\u1ea1i cho kh\u00e1ch h\u00e0ng nh\u1eefng giao d\u1ecbch t\u1ed1t nh\u1ea5t. B\u1ea1n c\u1ea7n \u00a0t\u00ednh to\u00e1n ch\u1eafc ch\u1eafn t\u00ecnh h\u00ecnh t\u00e0i ch\u00ednh c\u1ee7a ng\u01b0\u1eddi \u0111i vay, h\u1ecd c\u00f3 th\u1ec3 tr\u1ea3 nh\u1eefng kho\u1ea3n n\u00e0o v\u00e0 l\u00e3i su\u1ea5t kho\u1ea3n vay t\u01b0\u01a1ng \u0111\u01b0\u01a1ng v\u1edbi kho\u1ea3n n\u00e0o. B\u1ea1n s\u1ebd c\u1ea7n giao ti\u1ebfp v\u1edbi kh\u00e1ch h\u00e0ng qua m\u1ed9t s\u1ed1 c\u00e1ch: \u0111i\u1ec7n tho\u1ea1i, email c\u0169ng nh\u01b0 g\u1eb7p tr\u1ef1c ti\u1ebfp. C\u00e1c k\u1ef9 n\u0103ng v\u1eefng ch\u1eafc c\u00f9ng v\u1edbi c\u00e1c ph\u01b0\u01a1ng ph\u00e1p giao ti\u1ebfp kh\u00e1c nhau gi\u00fap b\u1ea1n c\u00f3 l\u1ee3i th\u1ebf trong s\u1ef1 nghi\u1ec7p c\u1ed1 v\u1ea5n th\u1ebf ch\u1ea5p. B\u1ea1n c\u00f3 th\u1ec3 c\u1ea7n ph\u1ea3i \u00e1p d\u1ee5ng c\u00e1c k\u1ef9 n\u0103ng qu\u1ea3n l\u00fd th\u1eddi gian kh\u00f4ng ch\u1ec9 \u0111\u1ec3 \u0111\u1ea3m b\u1ea3o m\u1ecdi ng\u01b0\u1eddi \u0111\u1ec1u \u0111\u00fang l\u1ecbch tr\u00ecnh m\u00e0 c\u00f2n \u0111\u1ec3 ph\u00e2n chia th\u1eddi gian m\u1ed9t c\u00e1ch h\u1ee3p l\u00fd. N\u1ec1n t\u1ea3ng b\u00e1n h\u00e0ng v\u00e0 ti\u1ebfp th\u1ecb mang l\u1ea1i l\u1ee3i th\u1ebf m\u1ea1nh m\u1ebd. B\u1ea1n c\u1ea7n l\u00e0 m\u1ed9t ng\u01b0\u1eddi giao ti\u1ebfp t\u1ed1t, hi\u1ec3u c\u00e1c chi\u1ebfn l\u01b0\u1ee3c v\u00e0 chi\u1ebfn thu\u1eadt ti\u1ebfp th\u1ecb gi\u00fap b\u1ea1n d\u1ec5 d\u00e0ng ti\u1ebfp c\u1eadn \u0111\u1ed1i t\u01b0\u1ee3ng m\u1ee5c ti\u00eau c\u1ee7a m\u00ecnh v\u00e0 b\u1ea1n s\u1ebd bi\u1ebft c\u00e1ch n\u00e0o \u0111\u1ec3 k\u1ebft th\u00fac c\u1ee7a th\u1ecfa thu\u1eadn.<\/p>\n<p>\u0110\u1ec3 \u0111\u1ee7 \u0111i\u1ec1u ki\u1ec7n tr\u1edf th\u00e0nh m\u1ed9t c\u1ed1 v\u1ea5n th\u1ebf ch\u1ea5p, b\u1ea1n c\u1ea7n ph\u1ea3i ho\u00e0n th\u00e0nh kh\u00f3a h\u1ecdc t\u01b0 v\u1ea5n th\u1ebf ch\u1ea5p CeMAP. \u0110\u00e2y l\u00e0 kh\u00f3a h\u1ecdc c\u1ea5p \u0111\u1ed9 3, c\u00f3 ngh\u0129a l\u00e0 n\u00f3 t\u01b0\u01a1ng \u0111\u01b0\u01a1ng v\u1edbi c\u1ea5p \u0111\u1ed9 A. Do \u0111\u00f3, b\u1ea1n kh\u00f4ng c\u1ea7n b\u1eb1ng c\u1ea5p \u0111\u1ec3 tr\u1edf th\u00e0nh c\u1ed1 v\u1ea5n th\u1ebf ch\u1ea5p, nh\u01b0ng c\u00f3 th\u1ec3 t\u1eadn d\u1ee5ng c\u00e1c k\u1ef9 n\u0103ng t\u1eeb b\u1eb1ng c\u1ea5p v\u1ec1 t\u00e0i ch\u00ednh ho\u1eb7c kinh doanh.<\/p>\n<p>Kh\u00f3a h\u1ecdc \u0111\u01b0\u1ee3c ph\u00ea duy\u1ec7t b\u1edfi C\u01a1 quan Qu\u1ea3n l\u00fd T\u00e0i ch\u00ednh. N\u00f3 d\u1ea1y c\u00e1c k\u1ef9 n\u0103ng nh\u01b0 hi\u1ec3u c\u00e1c ch\u00ednh s\u00e1ch th\u1ebf ch\u1ea5p v\u00e0 \u00e1p d\u1ee5ng ch\u00fang cho nhu c\u1ea7u c\u1ee7a kh\u00e1ch h\u00e0ng.<\/p><\/div><\/div><\/div>[vc_empty_space height=&#8221;30px&#8221;]<div class=\"shortcode-wrapper shortcode-icon-box clearfix\"><div class=\"feature-box alternative left-icon-box aligncenter\"><div class=\"feature-box-content\"><h4 class=\"bold\">Nhi\u1ec7m v\u1ee5 chung c\u1ee7a C\u1ed1 V\u1ea5n Th\u1ebf Ch\u1ea5p<\/h4><p>\n<ul>\n<li>T\u01b0 v\u1ea5n cho kh\u00e1ch h\u00e0ng v\u1ec1 vi\u1ec7c mua nh\u00e0<\/li>\n<li>T\u00ecm hi\u1ec3u v\u1ec1 t\u00e0i ch\u00ednh kh\u00e1ch h\u00e0ng c\u1ee7a b\u1ea1n<\/li>\n<li>Gi\u1ea3i th\u00edch c\u00e1c lo\u1ea1i th\u1ebf ch\u1ea5p kh\u00e1c nhau<\/li>\n<li>Gi\u1ea3i th\u00edch v\u1ec1 vi\u1ec7c tr\u1ea3 n\u1ee3 v\u00e0 b\u1ea3o v\u1ec7 th\u1ebf ch\u1ea5p<\/li>\n<li>Cung c\u1ea5p c\u00e1c t\u00f9y ch\u1ecdn th\u1ebf ch\u1ea5p kh\u00e1c nhau \u0111\u1ec3 kh\u00e1ch h\u00e0ng l\u1ef1a ch\u1ecdn<\/li>\n<li>B\u00e1n c\u00e1c s\u1ea3n ph\u1ea9m t\u00e0i ch\u00ednh kh\u00e1c nh\u01b0 t\u00f2a nh\u00e0 ho\u1eb7c b\u1ea3o hi\u1ec3m nh\u00e2n th\u1ecd<\/li>\n<li>Gi\u00fap kh\u00e1ch h\u00e0ng ho\u00e0n th\u00e0nh h\u1ed3 s\u01a1 th\u1ebf ch\u1ea5p<\/li>\n<li>\u0110\u00e1p \u1ee9ng c\u00e1c m\u1ee5c ti\u00eau b\u00e1n h\u00e0ng<\/li>\n<li>Giao d\u1ecbch v\u1edbi c\u00e1c chuy\u00ean vi\u00ean b\u1ea5t \u0111\u1ed9ng s\u1ea3n, ng\u01b0\u1eddi \u0111\u1ecbnh gi\u00e1 v\u00e0 ng\u01b0\u1eddi cho vay th\u1ebf ch\u1ea5p<\/li>\n<li>Lu\u00f4n c\u1eadp nh\u1eadt c\u00e1c s\u1ea3n ph\u1ea9m th\u1ebf ch\u1ea5p m\u1edbi v\u00e0 c\u00e1c thay \u0111\u1ed5i trong lu\u1eadt<\/li>\n<\/ul>\n<p>K\u1ef9 n\u0103ng:<\/p>\n<ul>\n<li>K\u1ef9 n\u0103ng ch\u0103m s\u00f3c kh\u00e1ch h\u00e0ng<\/li>\n<li>Ki\u1ebfn \u200b\u200bth\u1ee9c to\u00e1n h\u1ecdc<\/li>\n<li>Kh\u1ea3 n\u0103ng ch\u1ea5p nh\u1eadn nh\u1eefng l\u1eddi ch\u1ec9 tr\u00edch v\u00e0 l\u00e0m vi\u1ec7c d\u01b0\u1edbi \u00e1p l\u1ef1c<\/li>\n<li>K\u1ef9 l\u01b0\u1ee1ng v\u00e0 ch\u00fa \u00fd \u0111\u1ebfn chi ti\u1ebft<\/li>\n<li>Tham v\u1ecdng v\u00e0 mong mu\u1ed1n th\u00e0nh c\u00f4ng<\/li>\n<li>Kh\u1ea3 n\u0103ng s\u00e1ng t\u1ea1o<\/li>\n<li>K\u1ef9 n\u0103ng t\u01b0 duy ph\u00e2n t\u00edch<\/li>\n<li>K\u1ef9 n\u0103ng giao ti\u1ebfp b\u1eb1ng l\u1eddi n\u00f3i t\u1ed1t<\/li>\n<li>C\u00f3 th\u1ec3 s\u1eed d\u1ee5ng th\u00e0nh th\u1ea1o m\u00e1y t\u00ednh v\u00e0 c\u00e1c ph\u1ea7n m\u1ec1m ch\u00ednh<\/li>\n<\/ul>\n<p>Tr\u00ecnh \u0111\u1ed9 chuy\u00ean m\u00f4n: Kh\u00f3a h\u1ecdc t\u01b0 v\u1ea5n th\u1ebf ch\u1ea5p CeMAP<\/p><\/div><\/div><\/div>[\/vc_column_inner][\/vc_row_inner][\/vc_column][\/vc_row]\n<\/div>","protected":false},"excerpt":{"rendered":"<p>[vc_row top_margin=&#8221;0&#8243; bottom_margin=&#8221;0&#8243; css=&#8221;.vc_custom_1499912039446{margin-top: -30px !important;}&#8221;][vc_column][vc_row_inner][vc_column_inner][vc_empty_space height=&#8221;10px&#8221;][vc_empty_space height=&#8221;30px&#8221;][\/vc_column_inner][\/vc_row_inner][\/vc_column][\/vc_row]<\/p>\n","protected":false},"author":4,"featured_media":0,"parent":0,"menu_order":0,"comment_status":"closed","ping_status":"closed","template":"","meta":{"nf_dc_page":"","footnotes":""},"class_list":["post-10330","page","type-page","status-publish","hentry"],"_links":{"self":[{"href":"https:\/\/worknow.vn\/vi\/wp-json\/wp\/v2\/pages\/10330","targetHints":{"allow":["GET"]}}],"collection":[{"href":"https:\/\/worknow.vn\/vi\/wp-json\/wp\/v2\/pages"}],"about":[{"href":"https:\/\/worknow.vn\/vi\/wp-json\/wp\/v2\/types\/page"}],"author":[{"embeddable":true,"href":"https:\/\/worknow.vn\/vi\/wp-json\/wp\/v2\/users\/4"}],"replies":[{"embeddable":true,"href":"https:\/\/worknow.vn\/vi\/wp-json\/wp\/v2\/comments?post=10330"}],"version-history":[{"count":5,"href":"https:\/\/worknow.vn\/vi\/wp-json\/wp\/v2\/pages\/10330\/revisions"}],"predecessor-version":[{"id":12156,"href":"https:\/\/worknow.vn\/vi\/wp-json\/wp\/v2\/pages\/10330\/revisions\/12156"}],"wp:attachment":[{"href":"https:\/\/worknow.vn\/vi\/wp-json\/wp\/v2\/media?parent=10330"}],"curies":[{"name":"wp","href":"https:\/\/api.w.org\/{rel}","templated":true}]}}