{"id":10338,"date":"2022-08-09T07:00:27","date_gmt":"2022-08-09T07:00:27","guid":{"rendered":"https:\/\/worknow.vn\/cost-accounting-manager\/"},"modified":"2023-06-01T09:56:27","modified_gmt":"2023-06-01T09:56:27","slug":"quan-ly-ke-toan-chi-phi","status":"publish","type":"page","link":"https:\/\/worknow.vn\/vi\/quan-ly-ke-toan-chi-phi\/","title":{"rendered":"Qu\u1ea3n L\u00fd K\u1ebf To\u00e1n Chi Ph\u00ed"},"content":{"rendered":"<div class=\"wpb-content-wrapper\">[vc_row top_margin=&#8221;0&#8243; bottom_margin=&#8221;0&#8243; css=&#8221;.vc_custom_1499912039446{margin-top: -30px !important;}&#8221;][vc_column]<div class=\"shortcode-wrapper shortcode-title clearfix hb-animate-element hb-fade-in\"><p style=\"color:#878787!important;border-color:#878787\" class=\"hb-text-large aligncenter\">Qu\u1ea3n L\u00fd K\u1ebf To\u00e1n Chi Ph\u00ed<\/p><\/div>[vc_row_inner][vc_column_inner][vc_empty_space height=&#8221;10px&#8221;]<div class=\"shortcode-wrapper shortcode-icon-box clearfix\"><div class=\"feature-box alternative left-icon-box aligncenter\"><div class=\"feature-box-content\"><h4 class=\"bold\">Controller Job Description<\/h4><p>Qu\u1ea3n l\u00fd k\u1ebf to\u00e1n chi ph\u00ed nh\u1eb1m thi\u1ebft l\u1eadp c\u00e1c ti\u00eau chu\u1ea9n v\u1ec1 chi ph\u00ed v\u1eadt li\u1ec7u, lao \u0111\u1ed9ng, thi\u1ebft k\u1ebf h\u1ec7 th\u1ed1ng k\u1ebf to\u00e1n chi ph\u00ed v\u00e0 tri\u1ec3n khai. \u0110\u00f3 c\u0169ng l\u00e0 c\u01a1 s\u1edf \u0111\u1ec3 c\u00e1c chuy\u00ean gia , c\u00e1c ph\u00f2ng ban ki\u1ec3m tra v\u00e0 \u0111\u1ec1 xu\u1ea5t c\u00e1c bi\u1ec7n ph\u00e1p c\u1eaft gi\u1ea3m chi ph\u00ed trong qu\u00e1 tr\u00ecnh s\u1ea3n xu\u1ea5t. H\u01a1n n\u1eefa, ngo\u00e0i bi\u00ean so\u1ea1n c\u00e1c b\u00e1o c\u00e1o t\u00e0i ch\u00ednh c\u1ee7a m\u1ed9t c\u00f4ng ty ho\u1eb7c t\u1ed5 ch\u1ee9c th\u00ec Qu\u1ea3n l\u00fd K\u1ebf to\u00e1n chi ph\u00ed c\u00f2n thu th\u1eadp, \u0111\u00e1nh gi\u00e1 v\u00e0 t\u1ed5ng h\u1ee3p d\u1eef li\u1ec7u th\u00edch h\u1ee3p \u0111\u1ec3 qu\u1ea3n l\u00fd c\u1ea5p cao xem x\u00e9t khi \u0111\u01b0a ra c\u00e1c quy\u1ebft \u0111\u1ecbnh t\u00e0i ch\u00ednh. Ki\u1ec3m tra d\u1eef li\u1ec7u ho\u1ea1t \u0111\u1ed9ng, ph\u00e2n t\u00edch chi ph\u00ed s\u1ea3n xu\u1ea5t v\u00e0 thu th\u1eadp d\u1eef li\u1ec7u k\u1ebf to\u00e1n t\u1eeb nhi\u00eau ph\u00f2ng ban l\u00e0 m\u1ed9t ph\u1ea7n trong tr\u00e1ch nhi\u1ec7m c\u1ee7a Qu\u1ea3n l\u00fd K\u1ebf to\u00e1n chi ph\u00ed. N\u00f3 \u0111\u00f3ng vai tr\u00f2 quan tr\u1ecdng trong ng\u00e2n s\u00e1ch s\u1ea3n xu\u1ea5t c\u0169ng nh\u01b0 s\u1ef1 ph\u00e1t tri\u1ec3n c\u1ee7a c\u00e1c s\u00e1ng ki\u1ebfn ti\u1ebft ki\u1ec7m chi ph\u00ed m\u1edbi. C\u00e1c nh\u00e0 Qu\u1ea3n l\u00fd K\u1ebf to\u00e1n chi ph\u00ed ch\u1ecbu tr\u00e1ch nhi\u1ec7m gi\u00e1m s\u00e1t b\u1ed9 ph\u1eadn k\u1ebf to\u00e1n chi ph\u00ed c\u1ee7a t\u1ed5 ch\u1ee9c c\u1ee7a h\u1ecd. H\u1ecd c\u00f3 nhi\u1ec7m v\u1ee5 \u0111\u1ea3m b\u1ea3o m\u1ecdi chi ph\u00ed li\u00ean quan \u0111\u1ebfn vi\u1ec7c s\u1ea3n xu\u1ea5t m\u1ed9t s\u1ea3n ph\u1ea9m ho\u1eb7c d\u1ecbch v\u1ee5 \u0111\u1ec1u \u0111\u01b0\u1ee3c h\u1ea1ch to\u00e1n, \u0111\u1ed3ng th\u1eddi b\u00e1o c\u00e1o cho qu\u1ea3n l\u00fd. Ngo\u00e0i ra, c\u00e1c nh\u00e0 Qu\u1ea3n l\u00fd K\u1ebf to\u00e1n chi ph\u00ed c\u00f3 th\u1ec3 ch\u1ecbu tr\u00e1ch nhi\u1ec7m ph\u00e1t tri\u1ec3n v\u00e0 th\u1ef1c hi\u1ec7n c\u00e1c th\u1ee7 t\u1ee5c k\u1ebf to\u00e1n chi ph\u00ed m\u1edbi trong c\u00f4ng ty. \u0110i\u1ec1u n\u00e0y c\u00f3 th\u1ec3 bao g\u1ed3m m\u1ecdi th\u1ee9 t\u1eeb vi\u1ec7c t\u1ea1o h\u1ec7 th\u1ed1ng ph\u1ea7n m\u1ec1m m\u1edbi \u0111\u1ec3 h\u1ee3p l\u00fd h\u00f3a c\u00e1c quy tr\u00ecnh b\u00e1o c\u00e1o \u0111\u1ebfn c\u1eadp nh\u1eadt c\u00e1c ch\u00ednh s\u00e1ch v\u00e0 th\u1ee7 t\u1ee5c hi\u1ec7n c\u00f3 \u0111\u1ec3 \u0111\u1ea3m b\u1ea3o tu\u00e2n th\u1ee7 c\u00e1c ti\u00eau chu\u1ea9n ng\u00e0nh.<\/p>\n<p>L\u1eadp ng\u00e2n s\u00e1ch l\u00e0 qu\u00e1 tr\u00ecnh d\u1ef1 \u0111o\u00e1n v\u00e0 theo d\u00f5i chi ph\u00ed. Nh\u01b0 m\u1ed9t nh\u00e0 Qu\u1ea3n l\u00fd k\u1ebf to\u00e1n chi ph\u00ed, b\u1ea1n c\u00f3 th\u1ec3 ch\u1ecbu tr\u00e1ch nhi\u1ec7m v\u1ec1 vi\u1ec7c l\u1eadp v\u00e0 duy tr\u00ec ng\u00e2n s\u00e1ch cho c\u00f4ng ty. \u0110i\u1ec1u n\u00e0y c\u00f3 th\u1ec3 bao g\u1ed3m d\u1ef1 \u0111o\u00e1n chi ph\u00ed trong t\u01b0\u01a1ng lai, l\u1eadp ng\u00e2n s\u00e1ch v\u00e0 gi\u00e1m s\u00e1t ng\u00e2n s\u00e1ch \u0111\u1ea3m b\u1ea3o n\u00f3 n\u1eb1m trong th\u00f4ng s\u1ed1 t\u00e0i ch\u00ednh c\u1ee7a c\u00f4ng ty. Ph\u00e2n t\u00edch t\u00e0i ch\u00ednh l\u00e0 kh\u1ea3 n\u0103ng gi\u1ea3i ngh\u0129a d\u1eef li\u1ec7u t\u00e0i ch\u00ednh v\u00e0 \u0111\u01b0a ra d\u1ef1 \u0111o\u00e1n v\u1ec1 t\u01b0\u01a1ng lai. \u0110\u00e2y l\u00e0 m\u1ed9t k\u1ef9 n\u0103ng quan tr\u1ecdng \u0111\u1ed1i v\u1edbi c\u00e1c nh\u00e0 qu\u1ea3n l\u00fd k\u1ebf to\u00e1n chi ph\u00ed, v\u00ec h\u1ecd c\u1ea7n c\u00f3 kh\u1ea3 n\u0103ng ph\u00e2n t\u00edch d\u1eef li\u1ec7u \u0111\u1ec3 \u0111\u01b0a ra quy\u1ebft \u0111\u1ecbnh s\u00e1ng su\u1ed1t v\u1ec1 t\u00ecnh h\u00ecnh t\u00e0i ch\u00ednh c\u1ee7a c\u00f4ng ty. D\u1ef1 \u0111o\u00e1n l\u00e0 qu\u00e1 tr\u00ecnh ti\u00ean \u0111o\u00e1n chi ph\u00ed trong t\u01b0\u01a1ng lai. L\u00e0 ng\u01b0\u1eddi Qu\u1ea3n l\u00fd K\u1ebf to\u00e1n chi ph\u00ed, \u0111\u00e2y c\u0169ng l\u00e0 m\u1ed9t k\u1ef9 n\u0103ng quan tr\u1ecdng b\u1ea1n c\u1ea7n c\u00f3. B\u1ea1n c\u00f3 th\u1ec3 dung k\u1ef9 n\u0103ng n\u00e0y \u0111\u1ec3 d\u1ef1 \u0111o\u00e1n chi ph\u00ed c\u1ee7a d\u1ef1 \u00e1n tr\u01b0\u1edbc khi d\u1ef1 \u00e1n b\u1eaft \u0111\u1ea7u, cho ph\u00e9p b\u1ea1n chu\u1ea9n b\u1ecb cho c\u00f4ng ty v\u1ec1 chi ph\u00ed. B\u1ea1n c\u0169ng c\u00f3 th\u1ec3 s\u1eed d\u1ee5ng kh\u1ea3 n\u0103ng n\u00e0y \u0111\u1ec3 d\u1ef1 \u0111o\u00e1n chi ph\u00ed c\u1ee7a c\u00e1c d\u1ef1 \u00e1n \u0111ang th\u1ef1c hi\u1ec7n, cho ph\u00e9p b\u1ea1n \u0111i\u1ec1u ch\u1ec9nh ng\u00e2n s\u00e1ch khi c\u1ea7n. Ph\u00e2n t\u00edch d\u1eef li\u1ec7u l\u00e0 kh\u1ea3 n\u0103ng di\u1ec5n t\u1ea3 v\u00e0 hi\u1ec3u m\u1ed9t l\u01b0\u1ee3ng l\u1edbn th\u00f4ng tin. L\u00e0 nh\u00e0 Qu\u1ea3n l\u00fd K\u1ebf to\u00e1n chi ph\u00ed, b\u1ea1n c\u00f3 th\u1ec3 ch\u1ecbu tr\u00e1ch nhi\u1ec7m ph\u00e2n t\u00edch d\u1eef li\u1ec7u \u0111\u1ec3 x\u00e1c \u0111\u1ecbnh c\u00e1c ph\u01b0\u01a1ng ph\u00e1p s\u1ea3n xu\u1ea5t hi\u1ec7u qu\u1ea3 nh\u1ea5t v\u1ec1 chi ph\u00ed. Ph\u00e2n t\u00edch d\u1eef li\u1ec7u c\u00f3 th\u1ec3 gi\u00fap b\u1ea1n x\u00e1c \u0111\u1ecbnh \u0111\u01b0\u1ee3c c\u00e1c quy tr\u00ecnh v\u00e0 t\u00e0i li\u1ec7u hi\u1ec7u qu\u1ea3 nh\u1ea5t \u0111\u1ec3 s\u1eed d\u1ee5ng. L\u00e0 nh\u00e0 Qu\u1ea3n l\u00fd K\u1ebf to\u00e1n chi ph\u00ed, t\u01b0 duy chi\u1ebfn l\u01b0\u1ee3c c\u0169ng l\u00e0 m\u1ed9t k\u1ef9 n\u0103ng quan tr\u1ecdng c\u1ea7n c\u00f3. B\u1ea1n c\u00f3 th\u1ec3 s\u1eed d\u1ee5ng t\u01b0 duy chi\u1ebfn l\u01b0\u1ee3c \u0111\u1ec3 gi\u00fap c\u00f4ng ty c\u1ee7a m\u00ecnh \u0111\u01b0a ra nh\u1eefng quy\u1ebft \u0111\u1ecbnh s\u00e1ng su\u1ed1t v\u1ec1 t\u00e0i ch\u00ednh v\u00e0 ho\u1ea1t \u0111\u1ed9ng. V\u00ed d\u1ee5: b\u1ea1n c\u00f3 th\u1ec3 s\u1eed d\u1ee5ng t\u01b0 duy chi\u1ebfn l\u01b0\u1ee3c \u0111\u1ec3 gi\u00fap c\u00f4ng ty c\u1ee7a m\u00ecnh t\u1eadn d\u1ee5ng t\u1ed1i \u0111a c\u00e1c ngu\u1ed3n l\u1ef1c v\u00e0 t\u00ecm c\u00e1ch gi\u1ea3m chi ph\u00ed.<\/p>\n<p>C\u00e1c c\u00e1 nh\u00e2n theo \u0111u\u1ed5i m\u1ed9t ngh\u1ec1 nghi\u1ec7p trong k\u1ebf to\u00e1n th\u01b0\u1eddng c\u1ea7n c\u00f3 n\u0103ng khi\u1ebfu v\u1ec1 to\u00e1n h\u1ecdc v\u00e0 th\u1ed1ng k\u00ea, \u00a0c\u0169ng nh\u01b0 kh\u1ea3 n\u0103ng l\u1ea5y th\u1ef1c t\u1ebf, s\u1ed1 li\u1ec7u v\u00e0 gi\u1ea3i th\u00edch nhanh ch\u00f3ng, kh\u1ea3 n\u0103ng so s\u00e1ng v\u00e0 ph\u00e2n t\u00edch d\u1eef li\u1ec7u. \u0110\u1ec3 c\u00f3 \u0111\u01b0\u1ee3c c\u00f4ng vi\u1ec7c v\u1ec1 Qu\u1ea3n l\u00fd k\u1ebf to\u00e1n chi ph\u00ed th\u01b0\u1eddng y\u00eau c\u1ea7u b\u1eb1ng c\u1ea5p v\u1ec1 k\u1ebf to\u00e1n ho\u1eb7c m\u1ed9t s\u1ed1 l\u0129nh v\u1ef1c li\u00ean quan \u0111\u1ebfn kinh doanh kh\u00e1c v\u00e0 b\u1eb1ng c\u1eed nh\u00e2n th\u01b0\u1eddng l\u00e0 y\u00eau c\u1ea7u gi\u00e1o d\u1ee5c t\u1ed1i thi\u1ec3u \u0111\u1ec3 c\u00f3 \u0111\u01b0\u1ee3c v\u1ecb tr\u00ed c\u1ea5p \u0111\u1ea7u v\u00e0o trong l\u0129nh v\u1ef1c k\u1ebf to\u00e1n ho\u1eb7c t\u00e0i ch\u00ednh. C\u00e1c ch\u01b0\u01a1ng tr\u00ecnh li\u00ean quan, ch\u1eb3ng h\u1ea1n nh\u01b0 C\u1eed nh\u00e2n Khoa h\u1ecdc (BS) v\u1ec1 K\u1ebf to\u00e1n v\u00e0 C\u1eed nh\u00e2n Khoa h\u1ecdc v\u1ec1 Qu\u1ea3n tr\u1ecb Kinh doanh (BSBA) v\u1edbi chuy\u00ean ng\u00e0nh k\u1ebf to\u00e1n, l\u00e0 nh\u1eefng b\u1eb1ng c\u1ea5p k\u1ebf to\u00e1n ph\u1ed5 bi\u1ebfn nh\u1ea5t hi\u1ec7n c\u00f3 \u1edf c\u00e1c tr\u01b0\u1eddng cao \u0111\u1eb3ng v\u00e0 \u0111\u1ea1i h\u1ecdc. H\u1ea7u h\u1ebft m\u1ecdi ng\u01b0\u1eddi b\u1eaft \u0111\u1ea7u s\u1ef1 nghi\u1ec7p c\u1ee7a h\u1ecd v\u1edbi t\u01b0 c\u00e1ch l\u00e0 k\u1ebf to\u00e1n vi\u00ean c\u00f4ng khai, ki\u1ec3m to\u00e1n vi\u00ean n\u1ed9i b\u1ed9 v\u00e0 k\u1ebf to\u00e1n chi ph\u00ed. Kinh nghi\u1ec7m l\u00e0m vi\u1ec7c s\u1ebd gi\u00fap ng\u01b0\u1eddi qu\u1ea3n l\u00fd k\u1ebf to\u00e1n chi ph\u00ed c\u00f3 tham v\u1ecdng th\u0103ng ti\u1ebfn trong l\u0129nh v\u1ef1c k\u1ebf to\u00e1n v\u00e0 \u0111\u01b0\u1ee3c y\u00eau c\u1ea7u tham gia k\u1ef3 thi K\u1ebf to\u00e1n vi\u00ean C\u00f4ng ch\u1ee9ng (CPA) \u1edf m\u1ed9t s\u1ed1 ti\u1ec3u bang.Qu\u1ea3n l\u00fd k\u1ebf to\u00e1n chi ph\u00ed nh\u1eb1m thi\u1ebft l\u1eadp c\u00e1c ti\u00eau chu\u1ea9n chi ph\u00ed v\u1eadt li\u1ec7u, lao \u0111\u1ed9ng, thi\u1ebft k\u1ebf<\/p><\/div><\/div><\/div>[vc_empty_space height=&#8221;30px&#8221;]<div class=\"shortcode-wrapper shortcode-icon-box clearfix\"><div class=\"feature-box alternative left-icon-box aligncenter\"><div class=\"feature-box-content\"><h4 class=\"bold\">Typical duties of a Controller<\/h4><p>\n<ul>\n<li>Qu\u1ea3n l\u00fd nh\u00e2n vi\u00ean k\u1ebf to\u00e1n b\u1eb1ng c\u00e1ch \u0111\u00e0o t\u1ea1o v\u1ec1 c\u00e1c th\u1ee7 t\u1ee5c v\u00e0 quy tr\u00ecnh k\u1ebf to\u00e1n m\u1edbi<\/li>\n<li>\u0110\u1ea3m b\u1ea3o r\u1eb1ng c\u00e1c ch\u00ednh s\u00e1ch c\u1ee7a c\u00f4ng ty \u0111\u01b0\u1ee3c tu\u00e2n th\u1ee7 c\u00e1c y\u00eau c\u1ea7u li\u00ean quan \u0111\u1ebfn b\u00e1o c\u00e1o t\u00e0i ch\u00ednh<\/li>\n<li>Cung c\u1ea5p h\u1ed7 tr\u1ee3 cho c\u00e1c b\u1ed9 ph\u1eadn kh\u00e1c trong t\u1ed5 ch\u1ee9c nh\u01b0 b\u00e1n h\u00e0ng ho\u1eb7c v\u1eadn h\u00e0nh<\/li>\n<li>H\u1ed7 tr\u1ee3 ph\u00e1t tri\u1ec3n ng\u00e2n s\u00e1ch v\u00e0 d\u1ef1 \u0111o\u00e1n nhu c\u1ea7u kinh doanh trong t\u01b0\u01a1ng lai<\/li>\n<li>Ti\u1ebfn h\u00e0nh ki\u1ec3m to\u00e1n v\u00e0 \u0111i\u1ec1u tra c\u00e1c sai s\u00f3t ho\u1eb7c b\u1ea5t th\u01b0\u1eddng trong h\u1ed3 s\u01a1 k\u1ebf to\u00e1n<\/li>\n<li>Ph\u00e2n t\u00edch d\u1eef li\u1ec7u t\u00e0i ch\u00ednh v\u00e0 ph\u00e1t tri\u1ec3n c\u00e1c b\u00e1o c\u00e1o \u0111\u1ec3 xem x\u00e9t qu\u1ea3n l\u00fd<\/li>\n<li>Qu\u1ea3n l\u00fd vi\u1ec7c l\u1eadp b\u00e1o c\u00e1o t\u00e0i ch\u00ednh nh\u01b0 b\u00e1o c\u00e1o thu nh\u1eadp v\u00e0 b\u1ea3ng c\u00e2n \u0111\u1ed1i k\u1ebf to\u00e1n<\/li>\n<li>L\u00e0m vi\u1ec7c v\u1edbi ki\u1ec3m to\u00e1n vi\u00ean b\u00ean ngo\u00e0i \u0111\u1ec3 \u0111\u1ea3m b\u1ea3o b\u00e1o c\u00e1o t\u00e0i ch\u00ednh c\u1ee7a c\u00f4ng ty \u0111\u00e1p \u1ee9ng c\u00e1c y\u00eau c\u1ea7u ph\u00e1p l\u00fd<\/li>\n<li>Thi\u1ebft l\u1eadp c\u00e1c ch\u00ednh s\u00e1ch v\u00e0 quy tr\u00ecnh qu\u1ea3n l\u00fd h\u00e0ng t\u1ed3n kho v\u00e0 ph\u00e2n t\u00edch chi ph\u00ed<\/li>\n<\/ul>\n<p>K\u1ef9 n\u0103ng:<\/p>\n<ul>\n<li>Ki\u1ebfn th\u1ee9c k\u1ebf to\u00e1n v\u1eefng v\u00e0ng<\/li>\n<li>K\u1ef9 n\u0103ng ph\u00e2n t\u00edch xu\u1ea5t s\u1eafc<\/li>\n<li>S\u1ef1 hi\u1ec3u bi\u1ebft v\u1ec1 c\u00f4ng ngh\u1ec7 v\u00e0 tr\u00ecnh \u0111\u1ed9 k\u1ef9 thu\u1eadt<\/li>\n<li>K\u1ef9 n\u0103ng h\u1ee3p t\u00e1c giao ti\u1ebfp v\u00e0 thuy\u1ebft tr\u00ecnh<\/li>\n<li>L\u1eadp ng\u00e2n s\u00e1ch v\u1ed1n<\/li>\n<li>Qu\u1ea3n l\u00fd r\u1ee7i ro<\/li>\n<li>S\u1ed1 li\u1ec7u th\u1ed1ng k\u00ea<\/li>\n<li>Thu\u1ebf doanh nghi\u1ec7p<\/li>\n<li>\u0110\u1ea1o \u0111\u1ee9c<\/li>\n<li>Ki\u1ec3m to\u00e1n<\/li>\n<li>Kinh t\u1ebf v\u0129 m\u00f4<\/li>\n<li>Chi ph\u00ed<\/li>\n<li>Gi\u1ea3i quy\u1ebft v\u1ea5n \u0111\u1ec1<\/li>\n<li>\u0110\u1ecbnh h\u01b0\u1edbng nghi\u00ean c\u1ee9u<\/li>\n<li>M\u00f4 h\u00ecnh ho\u1ea1t \u0111\u1ed9ng c\u1ee7a th\u01b0\u01a1ng m\u1ea1i qu\u1ed1c t\u1ebf, s\u00e1p nh\u1eadp v\u00e0 mua l\u1ea1i<\/li>\n<li>D\u1ef1 b\u00e1o<\/li>\n<li>Ra quy\u1ebft \u0111\u1ecbnh chi\u1ebfn l\u01b0\u1ee3c<\/li>\n<li>Qu\u1ea3n l\u00fd hi\u1ec7u su\u1ea5t<\/li>\n<li>K\u1ef9 n\u0103ng qu\u1ea3n l\u00fd<\/li>\n<\/ul>\n<p>Tr\u00ecnh \u0111\u1ed9 chuy\u00ean m\u00f4n: B\u1eb1ng c\u1eed nh\u00e2n k\u1ebf to\u00e1n ho\u1eb7c l\u0129nh v\u1ef1c li\u00ean quan<\/p>\n<\/p><\/div><\/div><\/div>[\/vc_column_inner][\/vc_row_inner][\/vc_column][\/vc_row]\n<\/div>","protected":false},"excerpt":{"rendered":"<p>[vc_row top_margin=&#8221;0&#8243; bottom_margin=&#8221;0&#8243; css=&#8221;.vc_custom_1499912039446{margin-top: -30px !important;}&#8221;][vc_column][vc_row_inner][vc_column_inner][vc_empty_space height=&#8221;10px&#8221;][vc_empty_space height=&#8221;30px&#8221;][\/vc_column_inner][\/vc_row_inner][\/vc_column][\/vc_row]<\/p>\n","protected":false},"author":4,"featured_media":0,"parent":0,"menu_order":0,"comment_status":"closed","ping_status":"closed","template":"","meta":{"nf_dc_page":"","footnotes":""},"class_list":["post-10338","page","type-page","status-publish","hentry"],"_links":{"self":[{"href":"https:\/\/worknow.vn\/vi\/wp-json\/wp\/v2\/pages\/10338","targetHints":{"allow":["GET"]}}],"collection":[{"href":"https:\/\/worknow.vn\/vi\/wp-json\/wp\/v2\/pages"}],"about":[{"href":"https:\/\/worknow.vn\/vi\/wp-json\/wp\/v2\/types\/page"}],"author":[{"embeddable":true,"href":"https:\/\/worknow.vn\/vi\/wp-json\/wp\/v2\/users\/4"}],"replies":[{"embeddable":true,"href":"https:\/\/worknow.vn\/vi\/wp-json\/wp\/v2\/comments?post=10338"}],"version-history":[{"count":5,"href":"https:\/\/worknow.vn\/vi\/wp-json\/wp\/v2\/pages\/10338\/revisions"}],"predecessor-version":[{"id":12152,"href":"https:\/\/worknow.vn\/vi\/wp-json\/wp\/v2\/pages\/10338\/revisions\/12152"}],"wp:attachment":[{"href":"https:\/\/worknow.vn\/vi\/wp-json\/wp\/v2\/media?parent=10338"}],"curies":[{"name":"wp","href":"https:\/\/api.w.org\/{rel}","templated":true}]}}