{"id":10340,"date":"2022-08-09T07:01:00","date_gmt":"2022-08-09T07:01:00","guid":{"rendered":"https:\/\/worknow.vn\/economist\/"},"modified":"2023-06-01T09:56:32","modified_gmt":"2023-06-01T09:56:32","slug":"chuyen-gia-kinh-te","status":"publish","type":"page","link":"https:\/\/worknow.vn\/vi\/chuyen-gia-kinh-te\/","title":{"rendered":"Chuy\u00ean Gia Kinh T\u1ebf"},"content":{"rendered":"<div class=\"wpb-content-wrapper\">[vc_row top_margin=&#8221;0&#8243; bottom_margin=&#8221;0&#8243; css=&#8221;.vc_custom_1499912039446{margin-top: -30px !important;}&#8221;][vc_column]<div class=\"shortcode-wrapper shortcode-title clearfix hb-animate-element hb-fade-in\"><p style=\"color:#878787!important;border-color:#878787\" class=\"hb-text-large aligncenter\">Chuy\u00ean Gia Kinh T\u1ebf<\/p><\/div>[vc_row_inner][vc_column_inner][vc_empty_space height=&#8221;10px&#8221;]<div class=\"shortcode-wrapper shortcode-icon-box clearfix\"><div class=\"feature-box alternative left-icon-box aligncenter\"><div class=\"feature-box-content\"><h4 class=\"bold\">Controller Job Description<\/h4><p>M\u1ed9t chuy\u00ean gia kinh t\u1ebf nghi\u00ean c\u1ee9u qu\u00e1 tr\u00ecnh s\u1ea3n xu\u1ea5t, ti\u00eau d\u00f9ng v\u00e0 chuy\u1ec3n giao t\u00e0i s\u1ea3n v\u00e0 b\u1eb1ng c\u00e1ch \u00e1p d\u1ee5ng nh\u1eefng nghi\u00ean c\u1ee9u \u0111\u00f3 v\u00e0o th\u1ef1c t\u1ebf, h\u1ecd s\u1ebd \u0111i\u1ec1u khi\u1ec3n c\u00e1c \u0111\u00f2n b\u1ea9y c\u1ee7a x\u00e3 h\u1ed9i hi\u1ec7n \u0111\u1ea1i. \u1ede c\u1ea5p \u0111\u1ed9 ch\u00ednh tr\u1ecb, kinh t\u1ebf th\u00fac \u0111\u1ea9y s\u1ef1 ph\u00e1t tri\u1ec3n c\u1ee7a c\u00e1c qu\u1ed1c gia, c\u00e1c c\u1ea3i c\u00e1ch x\u00e3 h\u1ed9i c\u1ee7a ch\u00ednh ph\u1ee7, s\u1ef1 tr\u1ed7i d\u1eady v\u00e0 s\u1ee5p \u0111\u1ed5 c\u1ee7a c\u00e1c nh\u00e0 \u0111\u1ed9c t\u00e0i. \u1ede c\u1ea5p \u0111\u1ed9 c\u00e1 nh\u00e2n, kinh t\u1ebf c\u00f3 th\u1ec3 nu\u00f4i s\u1ed1ng nh\u1eefng ng\u01b0\u1eddi d\u00e2n \u0111ang \u0111\u00f3i kh\u1ed5, t\u1ea1o ra c\u00e1c cu\u1ed9c c\u00e1ch m\u1ea1ng n\u0103ng l\u01b0\u1ee3ng xanh v\u00e0 h\u1ed7 tr\u1ee3 cho ng\u01b0\u1eddi ti\u00eau d\u00f9ng th\u00f4ng qua c\u00e1c kho\u1ea3n vay nh\u1ecf. C\u00e1c chuy\u00ean gia kinh t\u1ebf r\u1ea5t quan tr\u1ecdng trong c\u1ea3 vi\u1ec7c hi\u1ec3u v\u00e0 khai th\u00e1c s\u1ee9c m\u1ea1nh c\u1ee7a kinh t\u1ebf h\u1ecdc. H\u1ecd nghi\u00ean c\u1ee9u c\u00e1c v\u1ea5n \u0111\u1ec1 kinh t\u1ebf, ti\u1ebfn h\u00e0nh kh\u1ea3o s\u00e1t \u0111\u1ec3 thu th\u1eadp d\u1eef li\u1ec7u, nghi\u00ean c\u1ee9u c\u00e1c xu h\u01b0\u1edbng kinh t\u1ebf th\u00f4ng qua ph\u00e2n t\u00edch th\u1ed1ng k\u00ea v\u00e0 to\u00e1n h\u1ecdc, \u0111\u1ed3ng th\u1eddi tr\u00ecnh b\u00e0y nghi\u00ean c\u1ee9u c\u1ee7a m\u00ecnh cho c\u00e1c doanh nghi\u1ec7p, ch\u00ednh ph\u1ee7 v\u00e0 c\u00e1 nh\u00e2n. Ph\u00e2n t\u00edch n\u00e0y c\u0169ng cho ph\u00e9p c\u00e1c chuy\u00ean gia kinh t\u1ebf \u0111\u1ec1 xu\u1ea5t c\u00e1c h\u01b0\u1edbng h\u00e0nh \u0111\u1ed9ng xem x\u00e9t c\u00e1c m\u1ee5c ti\u00eau c\u1ee7a m\u1ed9t t\u1eadp \u0111o\u00e0n, ch\u00ednh ph\u1ee7, t\u1ed5 ch\u1ee9c ho\u1eb7c c\u00e1 nh\u00e2n.<\/p>\n<p>T\u00ednh to\u00e1n l\u00e0 m\u1ed9t k\u1ef9 n\u0103ng quan tr\u1ecdng \u0111\u1ed1i v\u1edbi m\u1ed9t chuy\u00ean gia kinh t\u1ebf. T\u1eeb vi\u1ec7c x\u1eed l\u00fd c\u00e1c t\u1eadp d\u1eef li\u1ec7u l\u1edbn \u0111\u1ebfn di\u1ec5n gi\u1ea3i d\u1eef li\u1ec7u tr\u1ef1c quan nh\u01b0 bi\u1ec3u \u0111\u1ed3, b\u1ea1n s\u1ebd c\u1ea7n ph\u1ea3i th\u00e0nh th\u1ea1o khi x\u1eed l\u00fd c\u00e1c con s\u1ed1 v\u00e0 l\u00e0m vi\u1ec7c v\u1edbi c\u00e1c nguy\u00ean t\u1eafc to\u00e1n h\u1ecdc. \u0110\u00e2y l\u00e0 l\u00fd do t\u1ea1i sao nhi\u1ec1u chuy\u00ean gia kinh t\u1ebf tham gia c\u00e1c l\u1edbp \u00f4n v\u1ec1 to\u00e1n h\u1ecdc \u0111\u1ec3 chu\u1ea9n b\u1ecb tr\u01b0\u1edbc khi b\u1eaft \u0111\u1ea7u l\u00e0m vi\u1ec7c ho\u1eb7c h\u1ecdc t\u1eadp v\u1ec1 kinh t\u1ebf. Kinh t\u1ebf h\u1ecdc c\u0169ng c\u00f3 nhi\u1ec1u \u0111i\u1ec3m chung v\u1edbi c\u00e1c m\u00f4n khoa h\u1ecdc x\u00e3 h\u1ed9i kh\u00e1c nh\u01b0 t\u00e2m l\u00fd h\u1ecdc, l\u1ecbch s\u1eed v\u00e0 x\u00e3 h\u1ed9i h\u1ecdc. V\u00ec v\u1eady, n\u1ebfu c\u00f3 c\u00e1c ki\u1ebfn th\u1ee9c v\u1ec1 chuy\u00ean ng\u00e0nh v\u00e0 c\u00e1c ph\u01b0\u01a1ng ph\u00e1p s\u1eed d\u1ee5ng th\u00ec s\u1ebd c\u00f3 nhi\u1ec1u l\u1ee3i \u00edch. B\u1ea1n s\u1ebd c\u1ea7n c\u00f3 kh\u1ea3 n\u0103ng thu th\u1eadp th\u00f4ng tin t\u1eeb c\u00e1c ngu\u1ed3n kh\u00e1c nhau v\u00e0 c\u00e1c l\u0129nh v\u1ef1c kh\u00e1c nhau \u0111\u1ec3 cung c\u1ea5p th\u00f4ng tin cho l\u00fd thuy\u1ebft c\u1ee7a m\u00ecnh. D\u00f9 b\u1ea1n l\u00e0 sinh vi\u00ean, gi\u00e1o s\u01b0 hay nh\u00e0 nghi\u00ean c\u1ee9u th\u00ec \u0111\u1ec3 th\u00e0nh c\u00f4ng t\u1ea1i v\u1ecb tr\u00ed \u0111\u00f3 b\u1ea1n \u0111\u1ec1u ph\u1ea3i quan t\u00e2m v\u00e0 nhi\u1ec7t huy\u1ebft v\u1edbi c\u00f4ng vi\u1ec7c c\u1ee7a m\u00ecnh, do \u0111\u00f3 s\u1ef1 t\u00f2 m\u00f2 v\u00e0 ham h\u1ecdc h\u1ecfi s\u1ebd gi\u00fap b\u1ea1n r\u1ea5t nhi\u1ec1u. B\u1ea1n c\u0169ng c\u1ea7n c\u00f3 nh\u1eefng hi\u1ec3u bi\u1ebft v\u00e0 c\u00e1c \u00fd t\u01b0\u1edfng ri\u00eang m\u00ecnh. Vi\u1ec7c lu\u00f4n suy ngh\u0129 v\u00e0 \u0111\u1eb7t c\u00e2u h\u1ecfi cho c\u00e1c t\u00ecnh hu\u1ed1ng hay c\u00e1c tr\u01b0\u1eddng h\u1ee3p m\u00e0 b\u1ea1n \u0111\u00e3 bi\u1ebft s\u1ebd gi\u00fap b\u1ea1n t\u00ecm ra \u0111\u01b0\u1ee3c h\u01b0\u1edbng \u0111i m\u1edbi h\u1ed7 tr\u1ee3 cho nghi\u00ean c\u1ee9u ban \u0111\u1ea7u gi\u00fap b\u1ea1n tr\u1edf th\u00e0nh m\u1ed9t chuy\u00ean gia kinh t\u1ebf gi\u1ecfi. B\u1ea1n c\u1ea7n ph\u1ea3i b\u00ecnh t\u0129nh v\u00e0 tho\u1ea3i m\u00e1i khi b\u1ea1n \u0111ang l\u01b0\u1ee1ng l\u1ef1 ho\u1eb7c ch\u01b0a ch\u1eafc ch\u1eafn, v\u00ec kh\u00f4ng ph\u1ea3i m\u1ecdi c\u00e2u h\u1ecfi \u1edf l\u0129nh v\u1ef1c n\u00e0y \u0111\u1ec1u c\u00f3 c\u00e2u tr\u1ea3 l\u1eddi c\u1ee5 th\u1ec3 v\u00e0 r\u00f5 r\u00e0ng. \u0110\u1ec3 c\u00e1c b\u00e0i b\u00e1o, ch\u01b0\u01a1ng s\u00e1ch hay ghi ch\u00fa c\u1ee7a b\u1ea1n d\u1ec5 hi\u1ec3u th\u00ec k\u1ef9 n\u0103ng vi\u1ebft t\u1ed1t l\u00e0 \u0111i\u1ec1u c\u1ea7n thi\u1ebft. B\u00ean c\u1ea1nh k\u1ef9 n\u0103ng n\u00e0y, b\u1ea1n c\u0169ng c\u1ea7n ph\u1ea3i c\u00f3 kh\u1ea3 n\u0103ng thuy\u1ebft t\u00ecnh t\u1ed1t \u0111\u1ec3 c\u00f3 th\u1ec3 ph\u00e1t bi\u1ec3u t\u1ea1i c\u00e1c bu\u1ed5i h\u1ed9i ngh\u1ecb hay gi\u1ea3ng d\u1ea1y trong c\u00e1c l\u1edbp h\u1ecdc. B\u1ea1n n\u00ean t\u1ef1 tin, tho\u1ea3i m\u00e1i khi n\u00f3i tr\u01b0\u1edbc \u0111\u00e1m \u0111\u00f4ng \u0111\u1ec3 c\u00f3 th\u1ec3 truy\u1ec1n \u0111\u1ea1t suy ngh\u0129, ki\u1ebfn th\u1ee9c m\u1ed9t c\u00e1ch r\u00f5 r\u00e0ng v\u00e0 ng\u1eafn g\u1ecdn. V\u00e0 th\u1eadt tuy\u1ec7t khi b\u1ea1n kh\u00f4ng g\u00f2 b\u00f3 b\u1ea3n th\u00e2n lu\u00f4n c\u1edfi m\u1edf \u0111\u00f3n nh\u1eadn th\u00f4ng tin m\u1edbi.<\/p>\n<p>V\u1ec1 h\u1ecdc v\u1ea5n th\u00ec b\u1eb1ng th\u1ea1c s\u0129 ho\u1eb7c ti\u1ebfn s\u0129 l\u00e0 c\u1ea7n thi\u1ebft cho h\u1ea7u h\u1ebft c\u00e1c c\u00f4ng vi\u1ec7c kinh t\u1ebf. C\u00e1c v\u1ecb tr\u00ed trong kinh doanh, nghi\u00ean c\u1ee9u ho\u1eb7c c\u00e1c t\u1ed5 ch\u1ee9c qu\u1ed1c t\u1ebf th\u01b0\u1eddng y\u00eau c\u1ea7u s\u1ef1 k\u1ebft h\u1ee3p gi\u1eefa ho\u00e0n t\u1ea5t ch\u01b0\u01a1ng tr\u00ecnh gi\u00e1o d\u1ee5c v\u00e0 kinh nghi\u1ec7m l\u00e0m vi\u1ec7c. Ngo\u00e0i ra, c\u00e1c kh\u00f3a h\u1ecdc gi\u1edbi thi\u1ec7u gi\u1edbi thi\u1ec7u sinh vi\u00ean v\u1ec1 ph\u1ea7n m\u1ec1m ph\u00e2n t\u00edch th\u1ed1ng k\u00ea r\u1ea5t h\u1eefu \u00edch. M\u1ed9t s\u1ed1 c\u1eed nh\u00e2n trong l\u0129nh v\u1ef1c kh\u00e1c c\u00f3 th\u1ec3 h\u1ecdc l\u00ean b\u1eb1ng c\u1ea5p cao v\u1ec1 kinh t\u1ebf. Tuy nhi\u00ean, ki\u1ebfn th\u1ee9c v\u1ec1 to\u00e1n h\u1ecdc l\u00e0 \u0111i\u1ec1u c\u1ea7n thi\u1ebft ph\u1ea3i c\u00f3. B\u1eb1ng ti\u1ebfn s\u0129 kinh t\u1ebf c\u00f3 th\u1ec3 b\u1ed5 sung sau khi l\u1ea5y b\u1eb1ng c\u1eed nh\u00e2n, bao g\u1ed3m vi\u1ec7c ho\u00e0n th\u00e0nh nghi\u00ean c\u1ee9u \u1edf c\u00e1c l\u0129nh v\u1ef1c chuy\u00ean m\u00f4n.<\/p><\/div><\/div><\/div>[vc_empty_space height=&#8221;30px&#8221;]<div class=\"shortcode-wrapper shortcode-icon-box clearfix\"><div class=\"feature-box alternative left-icon-box aligncenter\"><div class=\"feature-box-content\"><h4 class=\"bold\">Typical duties of a Controller<\/h4><p>\u2022 Nghi\u00ean c\u1ee9u c\u00e1c v\u1ea5n \u0111\u1ec1 kinh t\u1ebf<br \/>\n\u2022 Ti\u1ebfn h\u00e0nh kh\u1ea3o s\u00e1t v\u00e0 thu th\u1eadp d\u1eef li\u1ec7u<br \/>\n\u2022 Ph\u00e2n t\u00edch d\u1eef li\u1ec7u b\u1eb1ng c\u00e1c m\u00f4 h\u00ecnh to\u00e1n h\u1ecdc, k\u1ef9 thu\u1eadt th\u1ed1ng k\u00ea v\u00e0 ph\u1ea7n m\u1ec1m<br \/>\n\u2022 Tr\u00ecnh b\u00e0y k\u1ebft qu\u1ea3 nghi\u00ean c\u1ee9u d\u01b0\u1edbi d\u1ea1ng b\u00e1o c\u00e1o, b\u1ea3ng, bi\u1ec3u \u0111\u1ed3<br \/>\n\u2022 Di\u1ec5n gi\u1ea3i v\u00e0 d\u1ef1 b\u00e1o xu h\u01b0\u1edbng th\u1ecb tr\u01b0\u1eddng<br \/>\n\u2022 T\u01b0 v\u1ea5n cho c\u00e1c doanh nghi\u1ec7p, ch\u00ednh ph\u1ee7 v\u00e0 c\u00e1 nh\u00e2n v\u1ec1 c\u00e1c ch\u1ee7 \u0111\u1ec1 kinh t\u1ebf<br \/>\n\u2022 \u0110\u1ec1 xu\u1ea5t gi\u1ea3i ph\u00e1p cho c\u00e1c v\u1ea5n \u0111\u1ec1 kinh t\u1ebf<br \/>\n\u2022 Vi\u1ebft b\u00e0i cho c\u00e1c t\u1ea1p ch\u00ed h\u1ecdc thu\u1eadt v\u00e0 c\u00e1c ph\u01b0\u01a1ng ti\u1ec7n truy\u1ec1n th\u00f4ng kh\u00e1c<br \/>\nK\u1ef9 n\u0103ng:<br \/>\n\u2022 K\u1ef9 n\u0103ng ph\u00e2n t\u00edch<br \/>\n\u2022 K\u0129 n\u0103ng giao ti\u1ebfp<br \/>\n\u2022 K\u1ef9 n\u0103ng t\u01b0 duy ph\u1ea3n bi\u1ec7n<br \/>\n\u2022 \u0110\u1ecbnh h\u01b0\u1edbng m\u1ed9t c\u00e1ch chi ti\u1ebft<br \/>\n\u2022 K\u1ef9 n\u0103ng to\u00e1n h\u1ecdc<br \/>\n\u2022 K\u1ef9 n\u0103ng vi\u1ebft<br \/>\nTr\u00ecnh \u0111\u1ed9 chuy\u00ean m\u00f4n: B\u1eb1ng \u0111\u1ea1i h\u1ecdc v\u1ec1 kinh t\u1ebf ho\u1eb7c m\u1ed9t ch\u1ee7 \u0111\u1ec1 li\u00ean quan, ch\u1eb3ng h\u1ea1n nh\u01b0 th\u1ed1ng k\u00ea, to\u00e1n h\u1ecdc, nghi\u00ean c\u1ee9u kinh doanh ho\u1eb7c t\u00e0i ch\u00ednh v\u00e0 k\u1ebf to\u00e1n; Tr\u00ecnh \u0111\u1ed9 sau \u0111\u1ea1i h\u1ecdc chuy\u00ean ng\u00e0nh kinh t\u1ebf.<\/p><\/div><\/div><\/div>[\/vc_column_inner][\/vc_row_inner][\/vc_column][\/vc_row]\n<\/div>","protected":false},"excerpt":{"rendered":"<p>[vc_row top_margin=&#8221;0&#8243; bottom_margin=&#8221;0&#8243; css=&#8221;.vc_custom_1499912039446{margin-top: -30px !important;}&#8221;][vc_column][vc_row_inner][vc_column_inner][vc_empty_space height=&#8221;10px&#8221;][vc_empty_space height=&#8221;30px&#8221;][\/vc_column_inner][\/vc_row_inner][\/vc_column][\/vc_row]<\/p>\n","protected":false},"author":4,"featured_media":0,"parent":0,"menu_order":0,"comment_status":"closed","ping_status":"closed","template":"","meta":{"nf_dc_page":"","footnotes":""},"class_list":["post-10340","page","type-page","status-publish","hentry"],"_links":{"self":[{"href":"https:\/\/worknow.vn\/vi\/wp-json\/wp\/v2\/pages\/10340","targetHints":{"allow":["GET"]}}],"collection":[{"href":"https:\/\/worknow.vn\/vi\/wp-json\/wp\/v2\/pages"}],"about":[{"href":"https:\/\/worknow.vn\/vi\/wp-json\/wp\/v2\/types\/page"}],"author":[{"embeddable":true,"href":"https:\/\/worknow.vn\/vi\/wp-json\/wp\/v2\/users\/4"}],"replies":[{"embeddable":true,"href":"https:\/\/worknow.vn\/vi\/wp-json\/wp\/v2\/comments?post=10340"}],"version-history":[{"count":5,"href":"https:\/\/worknow.vn\/vi\/wp-json\/wp\/v2\/pages\/10340\/revisions"}],"predecessor-version":[{"id":12151,"href":"https:\/\/worknow.vn\/vi\/wp-json\/wp\/v2\/pages\/10340\/revisions\/12151"}],"wp:attachment":[{"href":"https:\/\/worknow.vn\/vi\/wp-json\/wp\/v2\/media?parent=10340"}],"curies":[{"name":"wp","href":"https:\/\/api.w.org\/{rel}","templated":true}]}}