{"id":10369,"date":"2022-08-09T07:01:32","date_gmt":"2022-08-09T07:01:32","guid":{"rendered":"https:\/\/worknow.vn\/actuary\/"},"modified":"2023-06-01T09:56:33","modified_gmt":"2023-06-01T09:56:33","slug":"chuyen-vien-dinh-phi-bao-hiem","status":"publish","type":"page","link":"https:\/\/worknow.vn\/vi\/chuyen-vien-dinh-phi-bao-hiem\/","title":{"rendered":"Chuy\u00ean Vi\u00ean \u0110\u1ecbnh Ph\u00ed B\u1ea3o Hi\u1ec3m"},"content":{"rendered":"<div class=\"wpb-content-wrapper\">[vc_row top_margin=&#8221;0&#8243; bottom_margin=&#8221;0&#8243; css=&#8221;.vc_custom_1499912039446{margin-top: -30px !important;}&#8221;][vc_column]<div class=\"shortcode-wrapper shortcode-title clearfix hb-animate-element hb-fade-in\"><p style=\"color:#878787!important;border-color:#878787\" class=\"hb-text-large aligncenter\">Chuy\u00ean Vi\u00ean \u0110\u1ecbnh Ph\u00ed B\u1ea3o Hi\u1ec3m<\/p><\/div>[vc_row_inner][vc_column_inner][vc_empty_space height=&#8221;10px&#8221;]<div class=\"shortcode-wrapper shortcode-icon-box clearfix\"><div class=\"feature-box alternative left-icon-box aligncenter\"><div class=\"feature-box-content\"><h4 class=\"bold\">Controller Job Description<\/h4><p>Chuy\u00ean vi\u00ean \u0111\u1ecbnh ph\u00ed b\u1ea3o hi\u1ec3m l\u00e0 ng\u01b0\u1eddi ph\u00e2n t\u00edch c\u00e1c con s\u1ed1 v\u00e0 c\u00e1c b\u1ea3n th\u1ed1ng k\u00ea \u0111\u1ec3 \u0111\u00e1nh gi\u00e1 r\u1ee7i ro. H\u1ecd l\u00e0 nh\u1eefng chuy\u00ean gia \u0111\u00e1ng tin c\u1eady thi\u1ebft l\u1eadp m\u1ee9c b\u1ea3o hi\u1ec3m c\u1ee7a b\u1ea1n, \u0111\u1ea3m b\u1ea3o k\u1ebf ho\u1ea1ch h\u01b0u tr\u00ed \u0111\u00e1p \u1ee9ng nhu c\u1ea7u t\u00e0i ch\u00ednh c\u1ee7a b\u1ea1n, v.v. H\u1ecd s\u1eed d\u1ee5ng c\u00e1c c\u00f4ng c\u1ee5 \u0111\u1ec3 gi\u00fap c\u00e1c c\u00f4ng ty x\u00e1c \u0111\u1ecbnh c\u00e1c kho\u1ea3n n\u1ee3 ti\u1ec1m \u1ea9n v\u00e0 gi\u1ea3m t\u00e1c \u0111\u1ed9ng ti\u00eau c\u1ef1c t\u1eeb c\u00e1c s\u1ef1 ki\u1ec7n c\u00f3 th\u1ec3 x\u1ea3y ra trong t\u01b0\u01a1ng lai Chuy\u00ean vi\u00ean \u0111\u1ecbnh ph\u00ed b\u1ea3o hi\u1ec3m gi\u00fap c\u00e1c doanh nghi\u1ec7p l\u1eadp k\u1ebf ho\u1ea1ch cho t\u01b0\u01a1ng lai v\u00e0 b\u1ea3o v\u1ec7 c\u00e1c doanh nghi\u1ec7p n\u00e0y tr\u00e1nh kh\u1ecfi thua l\u1ed7. C\u00f4ng vi\u1ec7c c\u1ee7a h\u1ecd r\u1ea5t c\u1ea7n thi\u1ebft t\u1ecfng ng\u00e0nh b\u1ea3o hi\u1ec3m, n\u01a1i h\u1ecd h\u1ed7 tr\u1edd \u0111\u1ec1 xu\u1ea5t c\u00e1c ch\u00ednh s\u00e1ch v\u00e0 x\u00e1c \u0111\u1ecbnh ph\u00ed b\u1ea3o hi\u1ec3m c\u00f3 l\u1ee3i nhu\u1eadn nh\u01b0ng v\u1eabn c\u1ea1nh tranh. Chuy\u00ean vi\u00ean \u0111\u1ecbnh ph\u00ed b\u1ea3o hi\u1ec3m \u0111\u00e1nh gi\u00e1 r\u1ee7i ro v\u00e0 c\u01a1 h\u1ed9i \u2013 \u00e1p d\u1ee5ng c\u00e1c ph\u00e2n t\u00edch to\u00e1n h\u1ecdc, th\u1ed1ng k\u00ea, kinh t\u1ebf v\u00e0 t\u00e0i ch\u00ednh cho nhi\u1ec1u v\u1ea5n \u0111\u1ec1 kinh doanh. B\u1ea3o hi\u1ec3m, h\u01b0u b\u1ed5ng, qu\u1ea3n l\u00fd t\u00e0i s\u1ea3n, \u0111\u1ea7u t\u01b0, y t\u1ebf, t\u00e0i ch\u00ednh v\u00e0 ng\u00e2n h\u00e0ng l\u00e0 nh\u1eefng l\u0129nh v\u1ef1c chuy\u00ean vi\u00ean \u0111\u1ecbnh ph\u00ed b\u1ea3o hi\u1ec3m d\u1ec5 d\u00e0ng \u0111\u01b0\u1ee3c c\u00f4ng nh\u1eadn h\u01a1n, nh\u01b0ng h\u1ecd c\u0169ng l\u00e0m vi\u1ec7c trong c\u00e1c l\u0129nh v\u1ef1c m\u1edbi, \u00e1p l\u1ef1c cao, ch\u1eb3ng h\u1ea1n nh\u01b0 ph\u00e2n t\u00edch d\u1eef li\u1ec7u, t\u00e0i nguy\u00ean n\u0103ng l\u01b0\u1ee3ng v\u00e0 m\u00f4i tr\u01b0\u1eddng. \u00a0Nhi\u1ec1u chuy\u00ean vi\u00ean \u0111\u1ecbnh ph\u00ed b\u1ea3o hi\u1ec3m c\u0169ng gi\u1eef c\u00e1c v\u1ecb tr\u00ed \u0111i\u1ec1u h\u00e0nh trong vi\u1ec7c qu\u1ea3n l\u00fd ho\u1ea1t \u0111\u1ed9ng c\u1ee7a c\u00e1c t\u1ed5 ch\u1ee9c t\u00e0i ch\u00ednh. Tuy nhi\u00ean, s\u1ef1 nghi\u1ec7p c\u1ee7a b\u1ea1n c\u00f3 th\u1ec3 tr\u00f4ng nh\u01b0 th\u1ebf n\u00e0o, k\u1ef9 n\u0103ng ph\u00e2n t\u00edch v\u00e0 qu\u1ea3n l\u00fd d\u1eef li\u1ec7u, qu\u1ea3n l\u00fd r\u1ee7i ro v\u00e0 ra quy\u1ebft \u0111\u1ecbnh d\u1ef1a tr\u00ean d\u1eef li\u1ec7u l\u00e0 r\u1ea5t quan tr\u1ecdng trong nhi\u1ec1u ng\u00e0nh.<\/p>\n<p>Chuy\u00ean vi\u00ean \u0111\u1ecbnh ph\u00ed b\u1ea3o hi\u1ec3m c\u1ea7n ph\u1ea3i l\u00e0 ng\u01b0\u1eddi gi\u1ea3i quy\u1ebft v\u1ea5n \u0111\u1ec1 c\u00f3 t\u00ednh ph\u00e2n t\u00edch v\u00ec nhi\u1ec7m v\u1ee5 c\u1ee7a h\u1ecd bao g\u1ed3m ki\u1ec3m tra d\u1eef li\u1ec7u ph\u1ee9c t\u1ea1p v\u00e0 x\u00e1c \u0111\u1ecbnh c\u00e1c m\u1eabu v\u00e0 xu h\u01b0\u1edbng \u0111\u1ec3 x\u00e1c \u0111\u1ecbnh y\u1ebfu t\u1ed1 n\u00e0o ch\u1ecbu tr\u00e1ch nhi\u1ec7m cho c\u00e1c k\u1ebft qu\u1ea3 c\u1ee5 th\u1ec3. Chuy\u00ean vi\u00ean \u0111\u1ecbnh ph\u00ed b\u1ea3o hi\u1ec3m x\u1eed l\u00fd c\u00e1c con s\u1ed1, do \u0111\u00f3, c\u00f3 th\u1ec3 th\u1ef1c hi\u1ec7n c\u00e1c ph\u00e9p t\u00ednh s\u1ed1 h\u1ecdc c\u01a1 b\u1ea3n m\u1ed9t c\u00e1ch nhanh ch\u00f3ng v\u00e0 ch\u00ednh x\u00e1c l\u00e0 m\u1ed9t y\u00eau c\u1ea7u nh\u1ea5t \u0111\u1ecbnh. Tuy nhi\u00ean, to\u00e1n h\u1ecdc li\u00ean quan \u0111\u1ebfn khoa h\u1ecdc th\u1ed1ng k\u00ea c\u00f3 th\u1ec3 ph\u1ee9c t\u1ea1p h\u01a1n. Ki\u1ebfn th\u1ee9c v\u1ec1 t\u00ednh to\u00e1n, th\u1ed1ng k\u00ea v\u00e0 x\u00e1c su\u1ea5t c\u0169ng r\u1ea5t c\u1ea7n thi\u1ebft. C\u00e1c chuy\u00ean vi\u00ean \u0111\u1ecbnh ph\u00ed b\u1ea3o hi\u1ec3m th\u01b0\u1eddng xuy\u00ean s\u1eed d\u1ee5ng c\u00e1c m\u00f4 h\u00ecnh v\u00e0 b\u1ea3ng \u0111\u1ec3 \u0111\u00e1nh gi\u00e1 l\u01b0\u1ee3ng l\u1edbn d\u1eef li\u1ec7u. Kh\u00f4ng ch\u1ec9 c\u00e1c k\u1ef9 n\u0103ng m\u00e1y t\u00ednh c\u01a1 b\u1ea3n v\u00e0 ki\u1ebfn \u200b\u200bth\u1ee9c v\u1ec1 Microsoft Office m\u1edbi c\u1ea7n thi\u1ebft, m\u00e0 kh\u1ea3 n\u0103ng l\u1eadp tr\u00ecnh b\u1eb1ng ng\u00f4n ng\u1eef l\u1eadp tr\u00ecnh th\u1ed1ng k\u00ea c\u0169ng l\u00e0 m\u1ed9t \u0111i\u1ec1u c\u1ea7n thi\u1ebft. H\u1ecd ch\u1ecbu tr\u00e1ch nhi\u1ec7m \u0111\u00e1nh gi\u00e1 c\u00e1c k\u1ebf ho\u1ea1ch b\u1ea3o hi\u1ec3m ho\u1eb7c ti\u1ec1n tr\u1ee3 c\u1ea5p, t\u01b0 v\u1ea5n cho c\u00e1c doanh nghi\u1ec7p v\u1ec1 c\u00e1ch h\u1ea1n ch\u1ebf r\u1ee7i ro t\u00e0i ch\u00ednh v\u00e0 cung c\u1ea5p cho c\u00e1c ng\u00e2n h\u00e0ng \u00fd ki\u1ebfn \u200b\u200bchuy\u00ean gia v\u1ec1 t\u1ed1i \u0111a h\u00f3a l\u1ee3i nhu\u1eadn cho nhi\u1ec1u s\u1ea3n ph\u1ea9m \u0111\u1ea7u t\u01b0. \u0110i\u1ec1u n\u00e0y \u0111\u00f2i h\u1ecfi s\u1ef1 hi\u1ec3u bi\u1ebft kinh doanh v\u00e0 t\u00e0i ch\u00ednh.<\/p>\n<p>H\u1ecdc v\u1ea5n r\u00f5 r\u00e0ng nh\u1ea5t l\u00e0 b\u1eb1ng c\u1ea5p khoa h\u1ecdc chuy\u00ean gia t\u00ednh to\u00e1n \u0111\u1ea1i h\u1ecdc. N\u00f3i c\u00e1ch kh\u00e1c l\u00e0 ho\u00e0n th\u00e0nh b\u1eb1ng c\u1eed nh\u00e2n t\u00e0i ch\u00ednh, kinh t\u1ebf ho\u1eb7c th\u01b0\u01a1ng m\u1ea1i. C\u00e1c chuy\u00ean vi\u00ean \u0111\u1ecbnh ph\u00ed b\u1ea3o hi\u1ec3m ti\u1ec1m n\u0103ng c\u0169ng c\u00f3 th\u1ec3 ch\u1ecdn c\u00e1c chuy\u00ean ng\u00e0nh kh\u00f4ng li\u00ean quan nh\u01b0 k\u1ef9 thu\u1eadt ho\u1eb7c ngh\u1ec7 thu\u1eadt, nh\u00e0 tuy\u1ec3n d\u1ee5ng ch\u00fa tr\u1ecdng h\u01a1n v\u00e0o c\u00e1c k\u1ef3 thi ch\u1ee9ng ch\u1ec9 \u0111\u00e3 ho\u00e0n th\u00e0nh. B\u1ea1n c\u00f3 th\u1ec3 ho\u00e0n th\u00e0nh b\u1eb1ng c\u1ea5p trong m\u1ed9t l\u0129nh v\u1ef1c kh\u00f4ng li\u00ean quan c\u00f3 th\u1ec3 c\u1ea7n b\u1ed5 sung cho vi\u1ec7c h\u1ecdc \u0111\u1ea1i h\u1ecdc c\u1ee7a m\u00ecnh b\u1eb1ng c\u00e1c kh\u00f3a h\u1ecdc v\u1ec1 kinh t\u1ebf, th\u1ed1ng k\u00ea v\u00e0 t\u00e0i ch\u00ednh doanh nghi\u1ec7p. C\u00e1c chuy\u00ean vi\u00ean \u0111\u1ecbnh ph\u00ed b\u1ea3o hi\u1ec3m t\u01b0\u01a1ng lai s\u1ebd \u0111\u01b0\u1ee3c h\u01b0\u1edfng l\u1ee3i t\u1eeb vi\u1ec7c h\u1ecdc c\u00e1c c\u00f4ng ngh\u1ec7 ch\u00ednh \u0111\u01b0\u1ee3c s\u1eed d\u1ee5ng trong l\u0129nh v\u1ef1c n\u00e0y, ch\u1eb3ng h\u1ea1n nh\u01b0 ng\u00f4n ng\u1eef l\u1eadp tr\u00ecnh, khoa h\u1ecdc m\u00e1y t\u00ednh v\u00e0 vi\u1ec7c s\u1eed d\u1ee5ng b\u1ea3ng t\u00ednh, c\u01a1 s\u1edf d\u1eef li\u1ec7u v\u00e0 c\u00f4ng c\u1ee5 ph\u00e2n t\u00edch th\u1ed1ng k\u00ea.<\/p><\/div><\/div><\/div>[vc_empty_space height=&#8221;30px&#8221;]<div class=\"shortcode-wrapper shortcode-icon-box clearfix\"><div class=\"feature-box alternative left-icon-box aligncenter\"><div class=\"feature-box-content\"><h4 class=\"bold\">Typical duties of a Controller<\/h4><p>\n<ul>\n<li>T\u1ed5ng h\u1ee3p d\u1eef li\u1ec7u th\u1ed1ng k\u00ea v\u00e0 c\u00e1c th\u00f4ng tin kh\u00e1c \u0111\u1ec3 ph\u00e2n t\u00edch s\u00e2u h\u01a1n<\/li>\n<li>\u01af\u1edbc t\u00ednh x\u00e1c su\u1ea5t v\u00e0 chi ph\u00ed kinh t\u1ebf c\u00f3 th\u1ec3 x\u1ea3y ra c\u1ee7a m\u1ed9t s\u1ef1 ki\u1ec7n nh\u01b0 t\u1eed vong, b\u1ec7nh t\u1eadt, tai n\u1ea1n ho\u1eb7c thi\u00ean tai<\/li>\n<li>Thi\u1ebft k\u1ebf, th\u1eed nghi\u1ec7m v\u00e0 qu\u1ea3n l\u00fd c\u00e1c ch\u00ednh s\u00e1ch b\u1ea3o hi\u1ec3m, \u0111\u1ea7u t\u01b0, k\u1ebf ho\u1ea1ch h\u01b0u tr\u00ed v\u00e0 c\u00e1c chi\u1ebfn l\u01b0\u1ee3c kinh doanh kh\u00e1c \u0111\u1ec3 gi\u1ea3m thi\u1ec3u r\u1ee7i ro v\u00e0 t\u1ed1i \u0111a h\u00f3a l\u1ee3i nhu\u1eadn<\/li>\n<li>T\u1ea1o bi\u1ec3u \u0111\u1ed3, b\u1ea3ng v\u00e0 b\u00e1o c\u00e1o gi\u1ea3i th\u00edch c\u00e1c t\u00ednh to\u00e1n v\u00e0 \u0111\u1ec1 xu\u1ea5t<\/li>\n<li>Gi\u1ea3i th\u00edch nh\u1eefng ph\u00e1t hi\u1ec7n v\u00e0 \u0111\u1ec1 xu\u1ea5t c\u1ee7a h\u1ecd cho gi\u00e1m \u0111\u1ed1c \u0111i\u1ec1u h\u00e0nh c\u00f4ng ty, quan ch\u1ee9c ch\u00ednh ph\u1ee7, c\u1ed5 \u0111\u00f4ng v\u00e0 kh\u00e1ch h\u00e0ng<\/li>\n<\/ul>\n<p>K\u1ef9 n\u0103ng:<\/p>\n<ul>\n<li>K\u1ef9 n\u0103ng ph\u00e2n t\u00edch<\/li>\n<li>K\u0129 n\u0103ng giao ti\u1ebfp<\/li>\n<li>K\u1ef9 n\u0103ng tin h\u1ecdc<\/li>\n<li>K\u1ef9 n\u0103ng giao ti\u1ebfp<\/li>\n<li>K\u1ef9 n\u0103ng to\u00e1n h\u1ecdc<\/li>\n<li>K\u1ef9 n\u0103ng gi\u1ea3i quy\u1ebft v\u1ea5n \u0111\u1ec1<\/li>\n<\/ul>\n<p>Tr\u00ecnh \u0111\u1ed9 chuy\u00ean m\u00f4n: C\u1eed nh\u00e2n t\u00e0i ch\u00ednh, kinh t\u1ebf ho\u1eb7c th\u01b0\u01a1ng m\u1ea1i<\/p><\/div><\/div><\/div>[\/vc_column_inner][\/vc_row_inner][\/vc_column][\/vc_row]\n<\/div>","protected":false},"excerpt":{"rendered":"<p>[vc_row top_margin=&#8221;0&#8243; bottom_margin=&#8221;0&#8243; css=&#8221;.vc_custom_1499912039446{margin-top: -30px !important;}&#8221;][vc_column][vc_row_inner][vc_column_inner][vc_empty_space height=&#8221;10px&#8221;][vc_empty_space height=&#8221;30px&#8221;][\/vc_column_inner][\/vc_row_inner][\/vc_column][\/vc_row]<\/p>\n","protected":false},"author":4,"featured_media":0,"parent":0,"menu_order":0,"comment_status":"closed","ping_status":"closed","template":"","meta":{"nf_dc_page":"","footnotes":""},"class_list":["post-10369","page","type-page","status-publish","hentry"],"_links":{"self":[{"href":"https:\/\/worknow.vn\/vi\/wp-json\/wp\/v2\/pages\/10369","targetHints":{"allow":["GET"]}}],"collection":[{"href":"https:\/\/worknow.vn\/vi\/wp-json\/wp\/v2\/pages"}],"about":[{"href":"https:\/\/worknow.vn\/vi\/wp-json\/wp\/v2\/types\/page"}],"author":[{"embeddable":true,"href":"https:\/\/worknow.vn\/vi\/wp-json\/wp\/v2\/users\/4"}],"replies":[{"embeddable":true,"href":"https:\/\/worknow.vn\/vi\/wp-json\/wp\/v2\/comments?post=10369"}],"version-history":[{"count":4,"href":"https:\/\/worknow.vn\/vi\/wp-json\/wp\/v2\/pages\/10369\/revisions"}],"predecessor-version":[{"id":12153,"href":"https:\/\/worknow.vn\/vi\/wp-json\/wp\/v2\/pages\/10369\/revisions\/12153"}],"wp:attachment":[{"href":"https:\/\/worknow.vn\/vi\/wp-json\/wp\/v2\/media?parent=10369"}],"curies":[{"name":"wp","href":"https:\/\/api.w.org\/{rel}","templated":true}]}}