{"id":10371,"date":"2022-08-09T07:02:09","date_gmt":"2022-08-09T07:02:09","guid":{"rendered":"https:\/\/worknow.vn\/chief-financial-officer\/"},"modified":"2023-06-01T09:56:40","modified_gmt":"2023-06-01T09:56:40","slug":"giam-doc-tai-chinh","status":"publish","type":"page","link":"https:\/\/worknow.vn\/vi\/giam-doc-tai-chinh\/","title":{"rendered":"Gi\u00e1m \u0110\u1ed1c T\u00e0i Ch\u00ednh"},"content":{"rendered":"<div class=\"wpb-content-wrapper\">[vc_row top_margin=&#8221;0&#8243; bottom_margin=&#8221;0&#8243; css=&#8221;.vc_custom_1499912039446{margin-top: -30px !important;}&#8221;][vc_column]<div class=\"shortcode-wrapper shortcode-title clearfix hb-animate-element hb-fade-in\"><p style=\"color:#878787!important;border-color:#878787\" class=\"hb-text-large aligncenter\">Gi\u00e1m \u0110\u1ed1c T\u00e0i Ch\u00ednh<\/p><\/div>[vc_row_inner][vc_column_inner][vc_empty_space height=&#8221;10px&#8221;]<div class=\"shortcode-wrapper shortcode-icon-box clearfix\"><div class=\"feature-box alternative left-icon-box aligncenter\"><div class=\"feature-box-content\"><h4 class=\"bold\">Controller Job Description<\/h4><p>Gi\u00e1m \u0111\u1ed1c t\u00e0i ch\u00ednh (CFO) l\u00e0 chuy\u00ean gia t\u00e0i ch\u00ednh c\u1ea5p cao nh\u1ea5t trong m\u1ed9t t\u1ed5 ch\u1ee9c v\u00e0 ch\u1ecbu tr\u00e1ch nhi\u1ec7m v\u1ec1 t\u00ecnh h\u00ecnh t\u00e0i ch\u00ednh c\u1ee7a doanh nghi\u1ec7p. Tr\u00e1ch nhi\u1ec7m c\u1ee7a CFO bao g\u1ed3m ( nh\u01b0ng kh\u00f4ng gi\u1edbi h\u1ea1n): x\u00e2y d\u1ef1ng \u0111\u1ed9i ng\u0169 t\u00e0i ch\u00ednh v\u00e0 k\u1ebf to\u00e1n h\u00e0ng \u0111\u1ea7u, \u0111\u1ea3m b\u1ea3o c\u00e2n b\u1eb1ng doanh thu v\u00e0 chi ph\u00ed, gi\u00e1m s\u00e1t c\u00e1c ch\u1ee9c n\u0103ng FP&amp;A ( ph\u00e2n t\u00edch v\u00e0 l\u1eadp k\u1ebf ho\u1ea1ch t\u00e0i ch\u00ednh), \u0111\u01b0a ra c\u00e1c \u0111\u1ec1 xu\u1ea5t s\u00e1p nh\u1eadp v\u00e0 mua l\u1ea1i, xin t\u00e0i tr\u1ee3, l\u00e0m vi\u1ec7c v\u1edbi c\u00e1c tr\u01b0\u1edfng b\u1ed9 ph\u1eadn nh\u1eb1m ph\u00e2n t\u00edch d\u1eef li\u1ec7u t\u00e0i ch\u00ednh v\u00e0 l\u1eadp ng\u00e2n s\u00e1ch, ch\u1ee9ng th\u1ef1c t\u00ednh ch\u00ednh x\u00e1c c\u1ee7a c\u00e1c b\u00e1o c\u00e1o v\u00e0 tham kh\u1ea3o \u00fd ki\u1ebfn c\u1ee7a ban gi\u00e1m \u0111\u1ed1c v\u00e0 Gi\u00e1m \u0111\u1ed1c \u0111i\u1ec1u h\u00e0nh v\u1ec1 chi\u1ebfn l\u01b0\u1ee3c. C\u00e1c Gi\u00e1m \u0111\u1ed1c t\u00e0i ch\u00ednh c\u0169ng c\u00f3 th\u1ec3 h\u1ed7 tr\u1ee3 \u0111\u1ecbnh h\u01b0\u1edbng c\u00f4ng ngh\u1ec7, \u0111\u1eb7c bi\u1ec7t v\u1ec1 m\u1ea3ng fintech, v\u00e0 c\u00f3 th\u1ec3 \u0111\u01b0a ra c\u00e1c \u0111\u1ec1 xu\u1ea5t ph\u00f9 h\u1ee3p v\u1ec1 m\u1ecdi th\u1ee9 t\u1eeb chu\u1ed7i cung \u1ee9ng \u0111\u1ebfn ti\u1ebfp th\u1ecb d\u1ef1a tr\u00ean c\u00e1c hi\u1ec3u bi\u1ebft v\u1ec1 t\u00e0i ch\u00ednh v\u00e0 ki\u1ebfn th\u1ee9c chuy\u00ean ng\u00e0nh c\u1ee7a h\u1ecd. C\u00e1c gi\u00e1m \u0111\u1ed1c t\u00e0i ch\u00ednh \u0111\u01b0\u1ee3c \u0111\u00e1nh gi\u00e1 cao nh\u1ea5t l\u00e0 nh\u1eefng ng\u01b0\u1eddi c\u00f3 t\u1ea7m nh\u00ecn, h\u1ee3p t\u00e1c ch\u1eb7t ch\u1ebd v\u1edbi l\u00e3nh \u0111\u1ea1o v\u00e0 kh\u00f4ng ng\u1ea1i \u0111\u1ec1 xu\u1ea5t c\u00e1c b\u01b0\u1edbc \u0111i chi\u1ebfn l\u01b0\u1ee3c.<\/p>\n<p>\u0110\u1ec3 tr\u1edf th\u00e0nh m\u1ed9t \u0111\u1ed1i t\u00e1c kinh doanh th\u1eadt s\u1ef1, ng\u00e0y nay c\u00e1c Gi\u00e1m \u0111\u1ed1c t\u00e0i ch\u00ednh ph\u1ea3i c\u00f3 k\u1ef9 n\u0103ng l\u00e3nh \u0111\u1ea1o v\u00e0 giao ti\u1ebfp. H\u1ecd ph\u1ea3i \u0111\u01b0a ra l\u1eddi khuy\u00ean v\u00e0 c\u1ed1 v\u1ea5n c\u0169ng nh\u01b0 n\u00f3i r\u00f5 c\u00e1i l\u00fd do. H\u1ecd ph\u1ea3i c\u00f3 hi\u1ec3u bi\u1ebft s\u00e2u v\u1ec1 m\u00f4 h\u00ecnh kinh doanh v\u00e0 ng\u00e0nh ngh\u1ec1 c\u1ee7a c\u00f4ng ty. \u0110\u1ed3ng th\u1eddi s\u1eed d\u1ee5ng ki\u1ebfn th\u1ee9c n\u00e0y \u0111\u1ec3 \u0111\u01b0a ra quan \u0111i\u1ec3m v\u00e0 th\u00e1ch th\u1ee9c x\u00e2y d\u1ef1ng c\u00e1c h\u00ecnh \u1ea3nh th\u01b0\u01a1ng m\u1ea1i v\u00e0 \u0111\u1ed9i v\u1eadn h\u00e0nh, \u0111\u1ea3m b\u1ea3o c\u00e1c quy\u1ebft \u0111\u1ecbnh kinh doanh d\u1ef1a tr\u00ean c\u00e1c ti\u00eau ch\u00ed t\u00e0i ch\u00ednh v\u1eefng ch\u1eafc. V\u1edbi t\u00ecnh h\u00ecnh to\u00e0n c\u1ea7u h\u00f3a v\u00e0 th\u1ebf gi\u1edbi ng\u00e0y c\u00e0ng bi\u1ebfn \u0111\u1ed9ng v\u1edbi c\u00e1c quy \u0111\u1ecbnh ph\u00e1p l\u00fd m\u1edbi, n\u00f3 th\u01b0\u1eddng thu\u1ed9c Gi\u00e1m \u0111\u1ed1c t\u00e0i ch\u00ednh \u0111\u1ec3 c\u00f3 th\u1ec3 \u0111\u1ea3m b\u1ea3o \u0111\u00e1nh gi\u00e1 \u0111\u1ea7y \u0111\u1ee7 v\u00e0 gi\u1ea3m thi\u1ec3u r\u1ee7i ro c\u0169ng nh\u01b0 tu\u00e2n th\u1ee7 c\u00e1c quy \u0111\u1ecbnh hi\u1ec7n h\u00e0nh ho\u1eb7c c\u00e1c y\u00eau c\u1ea7u ph\u00e1p l\u00fd kh\u00e1c. H\u1ed7 tr\u1ee3 ph\u00e1t tri\u1ec3n chi\u1ebfn l\u01b0\u1ee3c v\u00e0 gi\u00fap n\u00f3 \u0111\u01b0\u1ee3c th\u1ef1c hi\u1ec7n. Gi\u00e1m \u0111\u1ed1c t\u00e0i ch\u00ednh \u0111\u00f3ng vai tr\u00f2 \u01b0u ti\u00ean \u0111\u1ea3m b\u1ea3o chi\u1ebfn l\u01b0\u1ee3c c\u00f3 th\u1ec3 \u0111\u01b0\u1ee3c t\u00e0i tr\u1ee3.<\/p>\n<p>V\u1ecb tr\u00ed n\u00e0y y\u00eau c\u1ea7u kinh nghi\u1ec7m qu\u1ea3n t\u00e0i ch\u00ednh v\u00e0 \u0111\u01b0\u1ee3c \u0111\u00e0o t\u1ea1o v\u1ec1 k\u1ebf to\u00e1n ho\u1eb7c t\u00e0i ch\u00ednh. Tr\u00ecnh \u0111\u1ed9 c\u1ee7a Gi\u00e1m \u0111\u1ed1c t\u00e0i ch\u00ednh th\u01b0\u1eddng l\u00e0 b\u1eb1ng MBA \u2013 b\u1eb1ng th\u1ea1c s\u0129 qu\u1ea3n tr\u1ecb kinh doanh \u2013 v\u1ec1 k\u1ebf to\u00e1n, t\u00e0i ch\u00ednh ho\u1eb7c c\u00e1c l\u0129nh v\u1ef1c li\u00ean quan; CPA \u2013 ch\u1ee9ng ch\u1ec9 k\u1ebf to\u00e1n vi\u00ean; ho\u1eb7c CMA \u2013 ch\u1ee9ng nh\u1eadn k\u1ebf to\u00e1n qu\u1ea3n l\u00fd. M\u1ed9t s\u1ed1 Gi\u00e1m \u0111\u1ed1c t\u00e0i ch\u00ednh c\u00f3 ch\u1ee9ng nh\u1eadn qu\u1ea3 l\u00fd ho\u1eb7c k\u1ebf to\u00e1n c\u00f4ng. M\u1ed9t \u1ee9ng vi\u00ean Gi\u00e1m \u0111\u1ed1c t\u00e0i ch\u00ednh th\u01b0\u1eddng ph\u1ea3i c\u00f3 \u00edt nh\u1ea5t 10 n\u0103m kinh nghi\u1ec7m v\u1ec1 k\u1ebf to\u00e1n ho\u1eb7c t\u00e0i ch\u00ednh, trong \u0111\u00f3 ph\u1ea3i c\u00f3 5 n\u0103m \u0111\u1ea3m nhi\u1ec7m vai tr\u00f2 qu\u1ea3n l\u00fd. Gi\u00e1m \u0111\u1ed1c t\u00e0i ch\u00ednh ph\u1ea3i hi\u1ec3u r\u00f5 v\u1ec1 GAAP, c\u00e1c nguy\u00ean t\u1eafc k\u1ebf to\u00e1n kh\u00e1c v\u00e0 t\u1ed1t nh\u1ea5t l\u00e0 c\u00f3 kinh nghi\u1ec7m l\u00e0m vi\u1ec7c h nguy\u00ean t\u1eafc k\u1ebf to\u00e1n thu\u1ebf kh\u00e1c v\u00e0 t\u1ed1t nh\u1ea5t l\u00e0 l\u00e0m vi\u1ec7c v\u1edbi ho\u1eb7c b\u00e1o c\u00e1o v\u1edbi SEC.<\/p><\/div><\/div><\/div>[vc_empty_space height=&#8221;30px&#8221;]<div class=\"shortcode-wrapper shortcode-icon-box clearfix\"><div class=\"feature-box alternative left-icon-box aligncenter\"><div class=\"feature-box-content\"><h4 class=\"bold\">Typical duties of a Controller<\/h4><p>\n<ul>\n<li>C\u00f3 kh\u1ea3 n\u0103ng l\u00e3nh \u0111\u1ea1o, ch\u1ec9 \u0111\u1ea1o v\u00e0 qu\u1ea3n l\u00fd nh\u00f3m t\u00e0i ch\u00ednh v\u00e0 k\u1ebf to\u00e1n<\/li>\n<li>Cung c\u1ea5p c\u00e1c \u0111\u1ec1 xu\u1ea5t chi\u1ebfn l\u01b0\u1ee3c cho CEO\/ch\u1ee7 t\u1ecbch v\u00e0 c\u00e1c th\u00e0nh vi\u00ean c\u1ee7a nh\u00f3m qu\u1ea3n l\u00fd \u0111i\u1ec1u h\u00e0nh<\/li>\n<li>Qu\u1ea3n l\u00fd c\u00e1c quy tr\u00ecnh d\u1ef1 \u0111o\u00e1n t\u00e0i ch\u00ednh v\u00e0 ng\u00e2n s\u00e1ch, \u0111\u1ed3ng th\u1eddi gi\u00e1m s\u00e1t vi\u1ec7c chu\u1ea9n b\u1ecb t\u1ea5t c\u1ea3 c\u00e1c b\u00e1o c\u00e1o t\u00e0i ch\u00ednh<\/li>\n<li>T\u01b0 v\u1ea5n l\u1eadp k\u1ebf ho\u1ea1ch kinh doanh v\u00e0 t\u00e0i ch\u00ednh d\u00e0i h\u1ea1n<\/li>\n<li>Thi\u1ebft l\u1eadp v\u00e0 ph\u00e1t tri\u1ec3n quan h\u1ec7 v\u1edbi qu\u1ea3n l\u00fd c\u1ea5p cao v\u00e0 c\u00e1c \u0111\u1ed1i t\u00e1c b\u00ean ngo\u00e0i v\u00e0 c\u00e1c b\u00ean li\u00ean quan<\/li>\n<li>R\u00e0 so\u00e1t t\u1ea5t c\u1ea3 c\u00e1c th\u1ee7 t\u1ee5c ch\u00ednh th\u1ee9c li\u00ean quan \u0111\u1ebfn t\u00e0i ch\u00ednh, nh\u00e2n s\u1ef1 v\u00e0 CNTT<\/li>\n<\/ul>\n<p>K\u1ef9 n\u0103ng:<\/p>\n<ul>\n<li>K\u1ef9 n\u0103ng ra quy\u1ebft \u0111\u1ecbnh v\u00e0 gi\u1ea3i quy\u1ebft v\u1ea5n \u0111\u1ec1<\/li>\n<li>K\u1ef9 n\u0103ng l\u00e3nh \u0111\u1ea1o v\u1edbi kh\u1ea3 n\u0103ng \u1ee7y quy\u1ec1n, \u0111\u1ed9ng vi\u00ean v\u00e0 truy\u1ec1n c\u1ea3m h\u1ee9ng cho c\u00e1c th\u00e0nh vi\u00ean trong nh\u00f3m<\/li>\n<li>Trung th\u1ef1c v\u00e0 ch\u00ednh tr\u1ef1c<\/li>\n<li>K\u1ef9 n\u0103ng giao ti\u1ebfp b\u1eb1ng v\u0103n b\u1ea3n v\u00e0 b\u1eb1ng l\u1eddi n\u00f3i m\u1ea1nh m\u1ebd<\/li>\n<li>Kh\u1ea3 n\u0103ng qu\u1ea3n l\u00fd th\u1eddi gian hi\u1ec7u qu\u1ea3<\/li>\n<\/ul>\n<p>Tr\u00ecnh \u0111\u1ed9 chuy\u00ean m\u00f4n: B\u1eb1ng c\u1eed nh\u00e2n t\u00e0i ch\u00ednh, k\u1ebf to\u00e1n ho\u1eb7c l\u0129nh v\u1ef1c t\u01b0\u01a1ng t\u1ef1; Th\u1ea1c s\u0129 qu\u1ea3n tr\u1ecb kinh doanh (MBA)<\/p><\/div><\/div><\/div>[\/vc_column_inner][\/vc_row_inner][\/vc_column][\/vc_row]\n<\/div>","protected":false},"excerpt":{"rendered":"<p>[vc_row top_margin=&#8221;0&#8243; bottom_margin=&#8221;0&#8243; css=&#8221;.vc_custom_1499912039446{margin-top: -30px !important;}&#8221;][vc_column][vc_row_inner][vc_column_inner][vc_empty_space height=&#8221;10px&#8221;][vc_empty_space height=&#8221;30px&#8221;][\/vc_column_inner][\/vc_row_inner][\/vc_column][\/vc_row]<\/p>\n","protected":false},"author":4,"featured_media":0,"parent":0,"menu_order":0,"comment_status":"closed","ping_status":"closed","template":"","meta":{"nf_dc_page":"","footnotes":""},"class_list":["post-10371","page","type-page","status-publish","hentry"],"_links":{"self":[{"href":"https:\/\/worknow.vn\/vi\/wp-json\/wp\/v2\/pages\/10371","targetHints":{"allow":["GET"]}}],"collection":[{"href":"https:\/\/worknow.vn\/vi\/wp-json\/wp\/v2\/pages"}],"about":[{"href":"https:\/\/worknow.vn\/vi\/wp-json\/wp\/v2\/types\/page"}],"author":[{"embeddable":true,"href":"https:\/\/worknow.vn\/vi\/wp-json\/wp\/v2\/users\/4"}],"replies":[{"embeddable":true,"href":"https:\/\/worknow.vn\/vi\/wp-json\/wp\/v2\/comments?post=10371"}],"version-history":[{"count":4,"href":"https:\/\/worknow.vn\/vi\/wp-json\/wp\/v2\/pages\/10371\/revisions"}],"predecessor-version":[{"id":12154,"href":"https:\/\/worknow.vn\/vi\/wp-json\/wp\/v2\/pages\/10371\/revisions\/12154"}],"wp:attachment":[{"href":"https:\/\/worknow.vn\/vi\/wp-json\/wp\/v2\/media?parent=10371"}],"curies":[{"name":"wp","href":"https:\/\/api.w.org\/{rel}","templated":true}]}}