{"id":10373,"date":"2022-09-19T03:31:08","date_gmt":"2022-09-19T03:31:08","guid":{"rendered":"https:\/\/worknow.vn\/administrative-assistant\/"},"modified":"2023-06-01T08:37:18","modified_gmt":"2023-06-01T08:37:18","slug":"tro-ly-hanh-chinh","status":"publish","type":"page","link":"https:\/\/worknow.vn\/vi\/tro-ly-hanh-chinh\/","title":{"rendered":"Tr\u1ee3 L\u00fd H\u00e0nh Ch\u00ednh"},"content":{"rendered":"<div class=\"wpb-content-wrapper\">[vc_row top_margin=&#8221;0&#8243; bottom_margin=&#8221;0&#8243; css=&#8221;.vc_custom_1499912039446{margin-top: -30px !important;}&#8221;][vc_column]<div class=\"shortcode-wrapper shortcode-title clearfix hb-animate-element hb-fade-in\"><p style=\"color:#878787!important;border-color:#878787\" class=\"hb-text-large aligncenter\">Tr\u1ee3 L\u00fd H\u00e0nh Ch\u00ednh<\/p><\/div>[vc_row_inner][vc_column_inner][vc_empty_space height=&#8221;10px&#8221;]<div class=\"shortcode-wrapper shortcode-icon-box clearfix\"><div class=\"feature-box alternative left-icon-box aligncenter\"><div class=\"feature-box-content\"><h4 class=\"bold\">M\u00f4 t\u1ea3 c\u00f4ng vi\u1ec7c<\/h4><p>T\u1ed5 ch\u1ee9c, qu\u1ea3n l\u00fd v\u00e0 duy tr\u00ec ho\u1ea1t \u0111\u1ed9ng t\u1ea1i v\u0103n ph\u00f2ng, ch\u1ecbu tr\u00e1ch nhi\u1ec7m ch\u00ednh v\u1ec1 c\u00e1c c\u00f4ng vi\u1ec7c v\u0103n th\u01b0 v\u00e0 t\u1ed5 ch\u1ee9c nh\u01b0 s\u1eafp x\u1ebfp h\u1ed3 s\u01a1, l\u00ean l\u1ecbch c\u00e1c cu\u1ed9c h\u1eb9n, h\u1ed7 tr\u1ee3 c\u00e1c nh\u00e2n vi\u00ean vi\u00ean kh\u00e1c v\u00e0 so\u1ea1n th\u1ea3o th\u01b0 t\u1eeb ho\u1eb7c tin nh\u1eafn.<\/p>\n<p><strong>Vai tr\u00f2 v\u00e0 tr\u00e1ch nhi\u1ec7m<\/strong><\/p>\n<ul>\n<li>Chu\u1ea9n b\u1ecb c\u00e1c b\u00e1o c\u00e1o th\u01b0\u1eddng xuy\u00ean.<\/li>\n<li>C\u00f3 th\u1ec3 th\u1ef1c hi\u1ec7n c\u00e1c nhi\u1ec7m v\u1ee5 l\u1ec5 t\u00e2n.<\/li>\n<li>Ghi nh\u1eadn v\u1ea5n \u0111\u1ec1 thi\u1ebft b\u1ecb cho nh\u00e2n vi\u00ean.<\/li>\n<li>Ph\u00e2n lo\u1ea1i, m\u1edf v\u00e0 g\u1eedi th\u01b0.<\/li>\n<li>Nh\u1eadn th\u01b0 v\u00e0 tin nh\u1eafn \u0111i\u1ec7n tho\u1ea1i.<\/li>\n<li>Ghi ch\u00e9p, chu\u1ea9n b\u1ecb, s\u1eafp x\u1ebfp, ph\u00e2n lo\u1ea1i v\u00e0 l\u01b0u tr\u1eef th\u00f4ng tin.<\/li>\n<li>C\u00f3 th\u1ec3 cung c\u1ea5p cho kh\u00e1ch h\u00e0ng th\u00f4ng tin v\u1ec1 d\u1ecbch v\u1ee5.<\/li>\n<li>Sao ch\u00e9p th\u00f4ng tin v\u00e0o m\u00e1y t\u00ednh, v\u00e0 sao ch\u00e9p hi\u1ec7u \u0111\u00ednh v\u00e0 s\u1eeda ch\u1eefa.<\/li>\n<li>Photocopy v\u00e0 fax t\u00e0i li\u1ec7u.<\/li>\n<\/ul>\n<\/p><\/div><\/div><\/div>[vc_empty_space height=&#8221;30px&#8221;]<div class=\"shortcode-wrapper shortcode-icon-box clearfix\"><div class=\"feature-box alternative left-icon-box aligncenter\"><div class=\"feature-box-content\"><h4 class=\"bold\">K\u1ef9 n\u0103ng c\u1ea7n thi\u1ebft<\/h4><p>\n<ul>\n<li>K\u1ef9 n\u0103ng giao ti\u1ebfp gi\u1eefa c\u00e1c c\u00e1 nh\u00e2n: t\u01b0\u01a1ng t\u00e1c v\u1edbi kh\u00e1ch h\u00e0ng ho\u1eb7c nh\u00e2n vi\u00ean m\u1ed9t c\u00e1ch hi\u1ec7u qu\u1ea3 v\u00e0 l\u1ecbch s\u1ef1 \u0111\u1ec3 t\u1ea1o ra m\u1ed9t m\u00f4i tr\u01b0\u1eddng l\u00e0m vi\u1ec7c t\u00edch c\u1ef1c v\u00e0 tr\u1ea3i nghi\u1ec7m kh\u00e1ch h\u00e0ng t\u1ed1t.<\/li>\n<li>K\u1ef9 n\u0103ng t\u1ed5 ch\u1ee9c: S\u1eafp x\u1ebfp c\u00e1c t\u1eadp tin, th\u01b0 m\u1ee5c v\u00e0 l\u1ecbch tr\u00ecnh theo th\u1ee9 t\u1ef1 ph\u00f9 h\u1ee3p \u0111\u1ec3 m\u1ed9t v\u0103n ph\u00f2ng c\u00f3 th\u1ec3 ho\u1ea1t \u0111\u1ed9ng hi\u1ec7u qu\u1ea3.<\/li>\n<li>K\u1ef9 n\u0103ng vi\u1ebft: \u00e1c b\u1ea3n ghi nh\u1edb v\u00e0 email c\u00f4ng vi\u1ec7c khi giao ti\u1ebfp v\u1edbi qu\u1ea3n l\u00fd, nh\u00e2n vi\u00ean v\u00e0 kh\u00e1ch h\u00e0ng. V\u00ec v\u1eady, ng\u1eef ph\u00e1p chu\u1ea9n, \u0111\u1ea3m b\u1ea3o t\u00ednh ch\u00ednh x\u00e1c v\u00e0 duy tr\u00ec th\u00e1i \u0111\u1ed9 chuy\u00ean nghi\u1ec7p.<\/li>\n<li>Tr\u00ecnh \u0111\u1ed9 chuy\u00ean m\u00f4n: Tr\u1ee3 l\u00fd h\u00e0nh ch\u00ednh B\u1eb1ng c\u1ea5p \/ B\u1eb1ng qu\u1ea3n tr\u1ecb kinh doanh \/ B\u1eb1ng c\u1ea5p qu\u1ea3n l\u00fd.<\/li>\n<\/ul>\n<\/p><\/div><\/div><\/div>[\/vc_column_inner][\/vc_row_inner][\/vc_column][\/vc_row]\n<\/div>","protected":false},"excerpt":{"rendered":"<p>[vc_row top_margin=&#8221;0&#8243; bottom_margin=&#8221;0&#8243; css=&#8221;.vc_custom_1499912039446{margin-top: -30px !important;}&#8221;][vc_column][vc_row_inner][vc_column_inner][vc_empty_space height=&#8221;10px&#8221;][vc_empty_space height=&#8221;30px&#8221;][\/vc_column_inner][\/vc_row_inner][\/vc_column][\/vc_row]<\/p>\n","protected":false},"author":4,"featured_media":0,"parent":0,"menu_order":0,"comment_status":"closed","ping_status":"closed","template":"","meta":{"nf_dc_page":"","footnotes":""},"class_list":["post-10373","page","type-page","status-publish","hentry"],"_links":{"self":[{"href":"https:\/\/worknow.vn\/vi\/wp-json\/wp\/v2\/pages\/10373","targetHints":{"allow":["GET"]}}],"collection":[{"href":"https:\/\/worknow.vn\/vi\/wp-json\/wp\/v2\/pages"}],"about":[{"href":"https:\/\/worknow.vn\/vi\/wp-json\/wp\/v2\/types\/page"}],"author":[{"embeddable":true,"href":"https:\/\/worknow.vn\/vi\/wp-json\/wp\/v2\/users\/4"}],"replies":[{"embeddable":true,"href":"https:\/\/worknow.vn\/vi\/wp-json\/wp\/v2\/comments?post=10373"}],"version-history":[{"count":4,"href":"https:\/\/worknow.vn\/vi\/wp-json\/wp\/v2\/pages\/10373\/revisions"}],"predecessor-version":[{"id":12014,"href":"https:\/\/worknow.vn\/vi\/wp-json\/wp\/v2\/pages\/10373\/revisions\/12014"}],"wp:attachment":[{"href":"https:\/\/worknow.vn\/vi\/wp-json\/wp\/v2\/media?parent=10373"}],"curies":[{"name":"wp","href":"https:\/\/api.w.org\/{rel}","templated":true}]}}