{"id":10375,"date":"2022-08-09T07:12:25","date_gmt":"2022-08-09T07:12:25","guid":{"rendered":"https:\/\/worknow.vn\/senior-administrative-assistant\/"},"modified":"2023-06-01T08:37:20","modified_gmt":"2023-06-01T08:37:20","slug":"tro-ly-hanh-chinh-cap-cao","status":"publish","type":"page","link":"https:\/\/worknow.vn\/vi\/tro-ly-hanh-chinh-cap-cao\/","title":{"rendered":"Tr\u1ee3 L\u00fd H\u00e0nh Ch\u00ednh C\u1ea5p Cao"},"content":{"rendered":"<div class=\"wpb-content-wrapper\">[vc_row top_margin=&#8221;0&#8243; bottom_margin=&#8221;0&#8243; css=&#8221;.vc_custom_1499912039446{margin-top: -30px !important;}&#8221;][vc_column]<div class=\"shortcode-wrapper shortcode-title clearfix hb-animate-element hb-fade-in\"><p style=\"color:#878787!important;border-color:#878787\" class=\"hb-text-large aligncenter\">Tr\u1ee3 L\u00fd H\u00e0nh Ch\u00ednh C\u1ea5p Cao<\/p><\/div>[vc_row_inner][vc_column_inner][vc_empty_space height=&#8221;10px&#8221;]<div class=\"shortcode-wrapper shortcode-icon-box clearfix\"><div class=\"feature-box alternative left-icon-box aligncenter\"><div class=\"feature-box-content\"><h4 class=\"bold\">M\u00f4 t\u1ea3 c\u00f4ng vi\u1ec7c<\/h4><p>L\u00e0m vi\u1ec7c ch\u00ednh v\u1edbi c\u00e1c nh\u00e0 qu\u1ea3n l\u00fd c\u1ea5p cao v\u00e0 gi\u00e1m \u0111\u1ed1c \u0111i\u1ec1u h\u00e0nh c\u1ea5p cao t\u1ed1i \u0111a h\u00f3a hi\u1ec7u qu\u1ea3 b\u1eb1ng c\u00e1ch h\u1ed7 tr\u1ee3 v\u1ec1 v\u0103n th\u01b0 v\u00e0 th\u01b0 k\u00fd. Gi\u1eef cho c\u00e1c nh\u00e0 qu\u1ea3n l\u00fd v\u00e0 gi\u00e1m \u0111\u1ed1c \u0111i\u1ec1u h\u00e0nh n\u00e0y \u0111\u01b0\u1ee3c t\u1ed5 ch\u1ee9c b\u1eb1ng c\u00e1ch s\u1eafp x\u1ebfp vi\u1ec7c \u0111i l\u1ea1i, l\u00ean l\u1ecbch c\u00e1c cu\u1ed9c h\u1ecdp v\u00e0 c\u00e1c nhi\u1ec7m v\u1ee5 kh\u00e1c<\/p><\/div><\/div><\/div>[vc_empty_space height=&#8221;30px&#8221;]<div class=\"shortcode-wrapper shortcode-icon-box clearfix\"><div class=\"feature-box alternative left-icon-box aligncenter\"><div class=\"feature-box-content\"><h4 class=\"bold\">Vai tr\u00f2 v\u00e0 tr\u00e1ch nhi\u1ec7m<\/h4><p>\n<ul>\n<li>In, qu\u00e9t, g\u1eedi e-mail, v\u00e0 ph\u00e2n ph\u1ed1i c\u00e1c t\u00e0i li\u1ec7u b\u1ea3n c\u1ee9ng.<\/li>\n<li>Tr\u1ea3 l\u1eddi v\u00e0 chuy\u1ec3n ti\u1ebfp c\u00e1c c\u00e2u h\u1ecfi qua \u0111i\u1ec7n tho\u1ea1i.<\/li>\n<li>Chu\u1ea9n b\u1ecb ng\u00e2n s\u00e1ch v\u00e0 theo d\u00f5i chi ti\u00eau trong to\u00e0n t\u1ed5 ch\u1ee9c.<\/li>\n<li>Mua v\u0103n ph\u00f2ng ph\u1ea9m v\u00e0 c\u00e1c \u0111\u1ed3 d\u00f9ng v\u0103n ph\u00f2ng kh\u00e1c khi ch\u00fang c\u1ea1n ki\u1ec7t.<\/li>\n<li>L\u00ean l\u1ecbch c\u00e1c cu\u1ed9c h\u1ecdp v\u00e0 s\u1ef1 ki\u1ec7n d\u1ef1a tr\u00ean s\u1ef1 s\u1eb5n s\u00e0ng c\u1ee7a nh\u00e2n vi\u00ean.<\/li>\n<li>So\u1ea1n th\u1ea3o ch\u01b0\u01a1ng tr\u00ecnh l\u00e0m vi\u1ec7c, \u0111\u1eb7t \u0111\u1ecba \u0111i\u1ec3m v\u00e0 t\u00ecm ngu\u1ed3n cung \u1ee9ng \u0111\u1ed3 gi\u1ea3i kh\u00e1t tr\u01b0\u1edbc m\u1ed7i s\u1ef1 ki\u1ec7n.<\/li>\n<li>\u0110\u1ecbnh d\u1ea1ng, b\u00e0n ph\u00edm, hi\u1ec7u \u0111\u00ednh v\u00e0 ch\u1ec9nh s\u1eeda th\u01b0 t\u1eeb, b\u00e1o c\u00e1o, b\u1ea3n th\u1ea3o, t\u00e0i tr\u1ee3, v\u00e0 c\u00e1c t\u00e0i li\u1ec7u kh\u00e1c. L\u1eafp r\u00e1p c\u00e1c ph\u1ea7n \u0111\u00ednh k\u00e8m v\u00e0 v\u1eadt li\u1ec7u t\u01b0\u01a1ng \u1ee9ng. \u0110\u00e1nh gi\u00e1 t\u00e0i li\u1ec7u g\u1eedi \u0111i v\u1ec1 t\u00ednh \u0111\u1ea7y \u0111\u1ee7, ng\u00e0y th\u00e1ng v\u00e0 ch\u1eef k\u00fd.<\/li>\n<li>Nghi\u00ean c\u1ee9u c\u00e1c h\u1ed9i ngh\u1ecb, tri\u1ec3n l\u00e3m th\u01b0\u01a1ng m\u1ea1i v\u00e0 c\u00e1c s\u1ef1 ki\u1ec7n kh\u00e1c c\u00f3 th\u1ec3 li\u00ean quan \u0111\u1ebfn c\u00e1c th\u00e0nh vi\u00ean trong nh\u00f3m \u0111i\u1ec1u h\u00e0nh<\/li>\n<li>K\u1ef9 n\u0103ng: Giao ti\u1ebfp qua \u0111i\u1ec7n tho\u1ea1i, email chuy\u00ean nghi\u1ec7p; Giao ti\u1ebfp gi\u1eefa c\u00e1c c\u00e1 nh\u00e2n t\u1ed1t; S\u1ef1 tin c\u1eady; Kh\u1ea3 n\u0103ng gi\u1ea3i quy\u1ebft v\u1ea5n \u0111\u1ec1; Qu\u1ea3n l\u00fd th\u1eddi gian chuy\u00ean nghi\u1ec7p; Bi\u00ean t\u1eadp; L\u1eadp l\u1ecbch tr\u00ecnh; B\u1ea3o m\u1eadt th\u00f4ng tin tuy\u1ec7t \u0111\u1ed1i v\u00e0 c\u00f3 kh\u1ea3 n\u0103ng l\u00e3nh \u0111\u1ea1o.<\/li>\n<li>Tr\u00ecnh \u0111\u1ed9 chuy\u00ean m\u00f4n: Tr\u1ee3 l\u00fd h\u00e0nh ch\u00ednh B\u1eb1ng c\u1ea5p \/ B\u1eb1ng qu\u1ea3n tr\u1ecb kinh doanh \/ B\u1eb1ng c\u1ea5p qu\u1ea3n l\u00fd.<\/li>\n<\/ul>\n<\/p><\/div><\/div><\/div>[\/vc_column_inner][\/vc_row_inner][\/vc_column][\/vc_row]\n<\/div>","protected":false},"excerpt":{"rendered":"<p>[vc_row top_margin=&#8221;0&#8243; bottom_margin=&#8221;0&#8243; css=&#8221;.vc_custom_1499912039446{margin-top: -30px !important;}&#8221;][vc_column][vc_row_inner][vc_column_inner][vc_empty_space height=&#8221;10px&#8221;][vc_empty_space height=&#8221;30px&#8221;][\/vc_column_inner][\/vc_row_inner][\/vc_column][\/vc_row]<\/p>\n","protected":false},"author":4,"featured_media":0,"parent":0,"menu_order":0,"comment_status":"closed","ping_status":"closed","template":"","meta":{"nf_dc_page":"","footnotes":""},"class_list":["post-10375","page","type-page","status-publish","hentry"],"_links":{"self":[{"href":"https:\/\/worknow.vn\/vi\/wp-json\/wp\/v2\/pages\/10375","targetHints":{"allow":["GET"]}}],"collection":[{"href":"https:\/\/worknow.vn\/vi\/wp-json\/wp\/v2\/pages"}],"about":[{"href":"https:\/\/worknow.vn\/vi\/wp-json\/wp\/v2\/types\/page"}],"author":[{"embeddable":true,"href":"https:\/\/worknow.vn\/vi\/wp-json\/wp\/v2\/users\/4"}],"replies":[{"embeddable":true,"href":"https:\/\/worknow.vn\/vi\/wp-json\/wp\/v2\/comments?post=10375"}],"version-history":[{"count":4,"href":"https:\/\/worknow.vn\/vi\/wp-json\/wp\/v2\/pages\/10375\/revisions"}],"predecessor-version":[{"id":12015,"href":"https:\/\/worknow.vn\/vi\/wp-json\/wp\/v2\/pages\/10375\/revisions\/12015"}],"wp:attachment":[{"href":"https:\/\/worknow.vn\/vi\/wp-json\/wp\/v2\/media?parent=10375"}],"curies":[{"name":"wp","href":"https:\/\/api.w.org\/{rel}","templated":true}]}}