{"id":10377,"date":"2022-08-09T07:13:47","date_gmt":"2022-08-09T07:13:47","guid":{"rendered":"https:\/\/worknow.vn\/administrative-coordinator\/"},"modified":"2023-06-01T08:37:25","modified_gmt":"2023-06-01T08:37:25","slug":"dieu-phoi-vien-hanh-chinh","status":"publish","type":"page","link":"https:\/\/worknow.vn\/vi\/dieu-phoi-vien-hanh-chinh\/","title":{"rendered":"\u0110i\u1ec1u Ph\u1ed1i Vi\u00ean H\u00e0nh Ch\u00ednh"},"content":{"rendered":"<div class=\"wpb-content-wrapper\">[vc_row top_margin=&#8221;0&#8243; bottom_margin=&#8221;0&#8243; css=&#8221;.vc_custom_1499912039446{margin-top: -30px !important;}&#8221;][vc_column]<div class=\"shortcode-wrapper shortcode-title clearfix hb-animate-element hb-fade-in\"><p style=\"color:#878787!important;border-color:#878787\" class=\"hb-text-large aligncenter\">\u0110i\u1ec1u Ph\u1ed1i Vi\u00ean H\u00e0nh Ch\u00ednh<\/p><\/div>[vc_row_inner][vc_column_inner][vc_empty_space height=&#8221;10px&#8221;]<div class=\"shortcode-wrapper shortcode-icon-box clearfix\"><div class=\"feature-box alternative left-icon-box aligncenter\"><div class=\"feature-box-content\"><h4 class=\"bold\">M\u00f4 t\u1ea3 c\u00f4ng vi\u1ec7c<\/h4><p>Ch\u1ecbu tr\u00e1ch nhi\u1ec7m t\u1ea1o v\u00e0 th\u1ef1c hi\u1ec7n l\u1ecbch bi\u1ec3u, qu\u1ea3n l\u00fd ng\u00e2n s\u00e1ch, giao ti\u1ebfp v\u1edbi nh\u00e2n vi\u00ean ho\u1eb7c kh\u00e1ch h\u00e0ng c\u1ea7n h\u1ed7 tr\u1ee3 v\u00e0 l\u01b0u gi\u1eef h\u1ed3 s\u01a1 c\u00f3 t\u1ed5 ch\u1ee9c. Duy tr\u00ec quy tr\u00ecnh l\u00e0m vi\u1ec7c hi\u1ec7u qu\u1ea3 trong m\u1ed9t t\u1ed5 ch\u1ee9c th\u00f4ng qua vi\u1ec7c qu\u1ea3n l\u00fd hi\u1ec7u qu\u1ea3 gi\u1eefa c\u00e1c b\u1ed9 ph\u1eadn kh\u00e1c nhau trong m\u1ed9t t\u1ed5 ch\u1ee9c.<\/p><\/div><\/div><\/div>[vc_empty_space height=&#8221;30px&#8221;]<div class=\"shortcode-wrapper shortcode-icon-box clearfix\"><div class=\"feature-box alternative left-icon-box aligncenter\"><div class=\"feature-box-content\"><h4 class=\"bold\">Vai tr\u00f2 v\u00e0 tr\u00e1ch nhi\u1ec7m<\/h4><p>\n<ul>\n<li>Ch\u1ecbu tr\u00e1ch nhi\u1ec7m qu\u1ea3n l\u00fd v\u00e0 t\u1ed5 ch\u1ee9c m\u1ed9t doanh nghi\u1ec7p v\u00e0 l\u00e0 c\u1ea7u n\u1ed1i gi\u1eefa nh\u00e2n vi\u00ean, ng\u01b0\u1eddi ti\u00eau d\u00f9ng v\u00e0 c\u00e1c nh\u00e2n vi\u00ean h\u00e0nh ch\u00ednh kh\u00e1c.<\/li>\n<li>Qu\u1ea3n l\u00fd ng\u00e2n s\u00e1ch, gi\u00e1m s\u00e1t v\u00e0 ph\u00e2n c\u00f4ng c\u00f4ng vi\u1ec7c cho nh\u00e2n vi\u00ean c\u0169ng nh\u01b0 t\u1ea1o v\u00e0 duy tr\u00ec h\u1ed3 s\u01a1 v\u00e0 t\u00e0i li\u1ec7u c\u1ee7a c\u00f4ng ty.<\/li>\n<li>K\u1ef9 n\u0103ng giao ti\u1ebfp b\u1eb1ng v\u0103n b\u1ea3n v\u00e0 b\u1eb1ng l\u1eddi n\u00f3i.<\/li>\n<li>L\u00e0 ng\u01b0\u1eddi gi\u1ea3i quy\u1ebft v\u1ea5n \u0111\u1ec1 hi\u1ec7u qu\u1ea3.<\/li>\n<li>C\u00f3 t\u1ed5 ch\u1ee9c cao v\u00e0 \u0111\u1ecbnh h\u01b0\u1edbng chi ti\u1ebft<\/li>\n<li>Tr\u00ecnh \u0111\u1ed9 chuy\u00ean m\u00f4n: Tr\u1ee3 l\u00fd h\u00e0nh ch\u00ednh B\u1eb1ng c\u1ea5p \/ B\u1eb1ng qu\u1ea3n tr\u1ecb kinh doanh \/ B\u1eb1ng c\u1ea5p qu\u1ea3n l\u00fd.<\/li>\n<\/ul>\n<\/p><\/div><\/div><\/div>[\/vc_column_inner][\/vc_row_inner][\/vc_column][\/vc_row]\n<\/div>","protected":false},"excerpt":{"rendered":"<p>[vc_row top_margin=&#8221;0&#8243; bottom_margin=&#8221;0&#8243; css=&#8221;.vc_custom_1499912039446{margin-top: -30px !important;}&#8221;][vc_column][vc_row_inner][vc_column_inner][vc_empty_space height=&#8221;10px&#8221;][vc_empty_space height=&#8221;30px&#8221;][\/vc_column_inner][\/vc_row_inner][\/vc_column][\/vc_row]<\/p>\n","protected":false},"author":4,"featured_media":0,"parent":0,"menu_order":0,"comment_status":"closed","ping_status":"closed","template":"","meta":{"nf_dc_page":"","footnotes":""},"class_list":["post-10377","page","type-page","status-publish","hentry"],"_links":{"self":[{"href":"https:\/\/worknow.vn\/vi\/wp-json\/wp\/v2\/pages\/10377","targetHints":{"allow":["GET"]}}],"collection":[{"href":"https:\/\/worknow.vn\/vi\/wp-json\/wp\/v2\/pages"}],"about":[{"href":"https:\/\/worknow.vn\/vi\/wp-json\/wp\/v2\/types\/page"}],"author":[{"embeddable":true,"href":"https:\/\/worknow.vn\/vi\/wp-json\/wp\/v2\/users\/4"}],"replies":[{"embeddable":true,"href":"https:\/\/worknow.vn\/vi\/wp-json\/wp\/v2\/comments?post=10377"}],"version-history":[{"count":4,"href":"https:\/\/worknow.vn\/vi\/wp-json\/wp\/v2\/pages\/10377\/revisions"}],"predecessor-version":[{"id":12016,"href":"https:\/\/worknow.vn\/vi\/wp-json\/wp\/v2\/pages\/10377\/revisions\/12016"}],"wp:attachment":[{"href":"https:\/\/worknow.vn\/vi\/wp-json\/wp\/v2\/media?parent=10377"}],"curies":[{"name":"wp","href":"https:\/\/api.w.org\/{rel}","templated":true}]}}