{"id":10379,"date":"2022-08-09T07:15:35","date_gmt":"2022-08-09T07:15:35","guid":{"rendered":"https:\/\/worknow.vn\/receptionist-cum-administrative-assistant\/"},"modified":"2023-06-01T08:37:36","modified_gmt":"2023-06-01T08:37:36","slug":"le-tan-kiem-tro-ly-hanh-chanh","status":"publish","type":"page","link":"https:\/\/worknow.vn\/vi\/le-tan-kiem-tro-ly-hanh-chanh\/","title":{"rendered":"L\u1ec5 T\u00e2n Ki\u00eam Tr\u1ee3 L\u00fd H\u00e0nh Ch\u00e1nh"},"content":{"rendered":"<div class=\"wpb-content-wrapper\">[vc_row top_margin=&#8221;0&#8243; bottom_margin=&#8221;0&#8243; css=&#8221;.vc_custom_1499912039446{margin-top: -30px !important;}&#8221;][vc_column]<div class=\"shortcode-wrapper shortcode-title clearfix hb-animate-element hb-fade-in\"><p style=\"color:#878787!important;border-color:#878787\" class=\"hb-text-large aligncenter\">L\u1ec5 T\u00e2n Ki\u00eam Tr\u1ee3 L\u00fd H\u00e0nh Ch\u00e1nh<\/p><\/div>[vc_row_inner][vc_column_inner][vc_empty_space height=&#8221;10px&#8221;]<div class=\"shortcode-wrapper shortcode-icon-box clearfix\"><div class=\"feature-box alternative left-icon-box aligncenter\"><div class=\"feature-box-content\"><h4 class=\"bold\">M\u00f4 t\u1ea3 c\u00f4ng vi\u1ec7c<\/h4><p>Th\u1ef1c hi\u1ec7n c\u00e1c c\u00f4ng vi\u1ec7c h\u00e0nh ch\u00ednh kh\u00e1c nhau nh\u01b0 ch\u00e0o h\u1ecfi du kh\u00e1ch, tr\u1ea3 l\u1eddi \u0111i\u1ec7n tho\u1ea1i, nh\u1eadn tin nh\u1eafn, l\u00ean l\u1ecbch cu\u1ed9c h\u1eb9n, n\u1ed9p h\u1ed3 s\u01a1 v\u00e0 l\u01b0u gi\u1eef t\u00e0i li\u1ec7u, cung c\u1ea5p th\u00f4ng tin cho nhi\u1ec1u ng\u01b0\u1eddi kh\u00e1c nhau, s\u1eafp x\u1ebfp vi\u1ec7c \u0111i l\u1ea1i v\u00e0 l\u00e0m vi\u1ec7c v\u1eb7t<\/p><\/div><\/div><\/div>[vc_empty_space height=&#8221;30px&#8221;]<div class=\"shortcode-wrapper shortcode-icon-box clearfix\"><div class=\"feature-box alternative left-icon-box aligncenter\"><div class=\"feature-box-content\"><h4 class=\"bold\">Vai tr\u00f2 v\u00e0 tr\u00e1ch nhi\u1ec7m<\/h4><p>\n<ul>\n<li>Duy tr\u00ec m\u1ed9t phong th\u00e1i b\u00ecnh t\u0129nh v\u00e0 chuy\u00ean nghi\u1ec7p trong qu\u00e1 tr\u00ecnh l\u00e0m vi\u1ec7c.<\/li>\n<li>K\u1ef9 n\u0103ng v\u1ec1 d\u1ecbch v\u1ee5 kh\u00e1ch h\u00e0ng, giao ti\u1ebfp t\u1ed1t, k\u1ef9 n\u0103ng l\u1eafng nghe v\u00e0 t\u1ed5 ch\u1ee9c; c\u00f3 ki\u1ebfn th\u1ee9c v\u1ec1 Microsoft Office Suite, Corel WordPerfect, ph\u1ea7n m\u1ec1m thanh to\u00e1n, s\u1ed5 s\u00e1ch k\u1ebf to\u00e1n v\u00e0 c\u01a1 s\u1edf d\u1eef li\u1ec7u; kh\u1ea3 n\u0103ng s\u1eed d\u1ee5ng m\u00e1y fax, m\u00e1y t\u00ednh, m\u00e1y photocopy, m\u00e1y b\u01b0u ch\u00ednh v\u00e0 h\u1ec7 th\u1ed1ng \u0111i\u1ec7n tho\u1ea1i v\u00e0 c\u00e1c c\u00f4ng vi\u1ec7c h\u00e0nh ch\u00ednh kh\u00e1c.<\/li>\n<li>K\u1ef9 n\u0103ng: D\u1ecbch v\u1ee5 kh\u00e1ch h\u00e0ng xu\u1ea5t s\u1eafc; L\u00f2ng tin; Ph\u1ea7n m\u1ec1m Microsoft Office; C\u00e1c c\u1eeda s\u1ed5; G\u1eedi fax; B\u1ed9 V\u0103n ph\u00f2ng Microsoft; S\u1eed d\u1ee5ng th\u00e0nh t\u1ea1o m\u00e1y t\u00ednh.<\/li>\n<li>Tr\u00ecnh \u0111\u1ed9 chuy\u00ean m\u00f4n: Tr\u1ee3 l\u00fd h\u00e0nh ch\u00ednh B\u1eb1ng c\u1ea5p \/ B\u1eb1ng qu\u1ea3n tr\u1ecb kinh doanh \/ B\u1eb1ng c\u1ea5p qu\u1ea3n l\u00fd.<\/li>\n<\/ul>\n<\/p><\/div><\/div><\/div>[\/vc_column_inner][\/vc_row_inner][\/vc_column][\/vc_row]\n<\/div>","protected":false},"excerpt":{"rendered":"<p>[vc_row top_margin=&#8221;0&#8243; bottom_margin=&#8221;0&#8243; css=&#8221;.vc_custom_1499912039446{margin-top: -30px !important;}&#8221;][vc_column][vc_row_inner][vc_column_inner][vc_empty_space height=&#8221;10px&#8221;][vc_empty_space height=&#8221;30px&#8221;][\/vc_column_inner][\/vc_row_inner][\/vc_column][\/vc_row]<\/p>\n","protected":false},"author":4,"featured_media":0,"parent":0,"menu_order":0,"comment_status":"closed","ping_status":"closed","template":"","meta":{"nf_dc_page":"","footnotes":""},"class_list":["post-10379","page","type-page","status-publish","hentry"],"_links":{"self":[{"href":"https:\/\/worknow.vn\/vi\/wp-json\/wp\/v2\/pages\/10379","targetHints":{"allow":["GET"]}}],"collection":[{"href":"https:\/\/worknow.vn\/vi\/wp-json\/wp\/v2\/pages"}],"about":[{"href":"https:\/\/worknow.vn\/vi\/wp-json\/wp\/v2\/types\/page"}],"author":[{"embeddable":true,"href":"https:\/\/worknow.vn\/vi\/wp-json\/wp\/v2\/users\/4"}],"replies":[{"embeddable":true,"href":"https:\/\/worknow.vn\/vi\/wp-json\/wp\/v2\/comments?post=10379"}],"version-history":[{"count":4,"href":"https:\/\/worknow.vn\/vi\/wp-json\/wp\/v2\/pages\/10379\/revisions"}],"predecessor-version":[{"id":12017,"href":"https:\/\/worknow.vn\/vi\/wp-json\/wp\/v2\/pages\/10379\/revisions\/12017"}],"wp:attachment":[{"href":"https:\/\/worknow.vn\/vi\/wp-json\/wp\/v2\/media?parent=10379"}],"curies":[{"name":"wp","href":"https:\/\/api.w.org\/{rel}","templated":true}]}}