{"id":10381,"date":"2022-08-09T07:16:39","date_gmt":"2022-08-09T07:16:39","guid":{"rendered":"https:\/\/worknow.vn\/office-manager\/"},"modified":"2023-06-01T08:39:41","modified_gmt":"2023-06-01T08:39:41","slug":"quan-ly-van-phong","status":"publish","type":"page","link":"https:\/\/worknow.vn\/vi\/quan-ly-van-phong\/","title":{"rendered":"Qu\u1ea3n L\u00fd V\u0103n Ph\u00f2ng"},"content":{"rendered":"<div class=\"wpb-content-wrapper\">[vc_row top_margin=&#8221;0&#8243; bottom_margin=&#8221;0&#8243; css=&#8221;.vc_custom_1499912039446{margin-top: -30px !important;}&#8221;][vc_column]<div class=\"shortcode-wrapper shortcode-title clearfix hb-animate-element hb-fade-in\"><p style=\"color:#878787!important;border-color:#878787\" class=\"hb-text-large aligncenter\">Qu\u1ea3n L\u00fd V\u0103n Ph\u00f2ng<\/p><\/div>[vc_row_inner][vc_column_inner][vc_empty_space height=&#8221;10px&#8221;]<div class=\"shortcode-wrapper shortcode-icon-box clearfix\"><div class=\"feature-box alternative left-icon-box aligncenter\"><div class=\"feature-box-content\"><h4 class=\"bold\">M\u00f4 t\u1ea3 c\u00f4ng vi\u1ec7c<\/h4><p>Ch\u1ecbu tr\u00e1ch nhi\u1ec7m t\u1ed5 ch\u1ee9c t\u1ea5t c\u1ea3 c\u00e1c ho\u1ea1t \u0111\u1ed9ng h\u00e0nh ch\u00ednh \u0111\u1ec3 t\u1ea1o \u0111i\u1ec1u ki\u1ec7n cho v\u0103n ph\u00f2ng v\u1eadn h\u00e0nh tr\u01a1n tru, gi\u00e1m s\u00e1t c\u00e1c nh\u00e2n vi\u00ean kh\u00e1c m\u1ed9t c\u00e1ch c\u00f4ng b\u1eb1ng v\u00e0 nh\u1ea5t qu\u00e1n. C\u00f3 th\u1ec3 bao g\u1ed3m vi\u1ec7c tuy\u1ec3n d\u1ee5ng v\u00e0 sa th\u1ea3i nh\u00e2n vi\u00ean, c\u0169ng nh\u01b0 gi\u1ea3i quy\u1ebft c\u00e1c tranh ch\u1ea5p ho\u1eb7c b\u1ea5t k\u1ef3 v\u1ea5n \u0111\u1ec1 n\u00e0o kh\u00e1c c\u00f3 th\u1ec3 n\u1ea3y sinh gi\u1eefa c\u00e1c nh\u00e2n vi\u00ean. L\u00e3nh \u0111\u1ea1o v\u00e0 ph\u1ed1i h\u1ee3p ch\u1eb7t ch\u1ebd v\u1edbi c\u00e1c tr\u01b0\u1edfng b\u1ed9 ph\u1eadn kh\u00e1c \u0111\u1ec3 x\u00e2y d\u1ef1ng m\u1ed9t m\u00f4i tr\u01b0\u1eddng l\u00e0m vi\u1ec7c l\u00e0nh m\u1ea1nh.<\/p><\/div><\/div><\/div>[vc_empty_space height=&#8221;30px&#8221;]<div class=\"shortcode-wrapper shortcode-icon-box clearfix\"><div class=\"feature-box alternative left-icon-box aligncenter\"><div class=\"feature-box-content\"><h4 class=\"bold\">Vai tr\u00f2 v\u00e0 tr\u00e1ch nhi\u1ec7m<\/h4><p>\n<ul>\n<li>Ch\u1ecbu tr\u00e1ch nhi\u1ec7m qu\u1ea3n l\u00fd c\u00e1c ho\u1ea1t \u0111\u1ed9ng h\u00e0ng ng\u00e0y trong v\u0103n ph\u00f2ng. X\u1eed l\u00fd c\u00e1c kho\u1ea3n ph\u1ea3i thu v\u00e0 c\u00e1c kho\u1ea3n ph\u1ea3i tr\u1ea3, c\u0169ng nh\u01b0 m\u1ed9t s\u1ed1 c\u00f4ng vi\u1ec7c h\u00e0nh ch\u00ednh, ch\u1eb3ng h\u1ea1n nh\u01b0 s\u1eafp x\u1ebfp c\u00e1c cu\u1ed9c h\u1eb9n. Th\u1ef1c hi\u1ec7n c\u00e1c nhi\u1ec7m v\u1ee5 nh\u00e2n s\u1ef1, \u0111\u00e0o t\u1ea1o nh\u00e2n vi\u00ean v\u00e0 c\u00e1c nhi\u1ec7m v\u1ee5 \u1ee7y quy\u1ec1n.<\/li>\n<li>K\u1ef9 n\u0103ng t\u1ed5 ch\u1ee9c, k\u1ebf to\u00e1n, x\u1eed l\u00fd v\u0103n b\u1ea3n, c\u01a1 s\u1edf d\u1eef li\u1ec7u v\u00e0 ph\u1ea7n m\u1ec1m b\u1ea3ng t\u00ednh.<\/li>\n<li>Tr\u00ecnh \u0111\u1ed9 chuy\u00ean m\u00f4n: Gi\u00e1m \u0111\u1ed1c D\u1ecbch v\u1ee5 H\u00e0nh ch\u00ednh; Tr\u01b0\u1edfng ph\u00f2ng Kinh doanh; Gi\u00e1m \u0111\u1ed1c \u0111\u01a1n v\u1ecb kinh doanh; Qu\u1ea3n l\u00fd c\u01a1 s\u1edf; Gi\u00e1m \u0111\u1ed1c Qu\u1ea3n l\u00fd H\u1ed3 s\u01a1; Ng\u01b0\u1eddi qu\u1ea3n l\u00fd h\u1ed3 s\u01a1 v\u00e0 th\u00f4ng tin.<\/li>\n<\/ul>\n<\/p><\/div><\/div><\/div>[\/vc_column_inner][\/vc_row_inner][\/vc_column][\/vc_row]\n<\/div>","protected":false},"excerpt":{"rendered":"<p>[vc_row top_margin=&#8221;0&#8243; bottom_margin=&#8221;0&#8243; css=&#8221;.vc_custom_1499912039446{margin-top: -30px !important;}&#8221;][vc_column][vc_row_inner][vc_column_inner][vc_empty_space height=&#8221;10px&#8221;][vc_empty_space height=&#8221;30px&#8221;][\/vc_column_inner][\/vc_row_inner][\/vc_column][\/vc_row]<\/p>\n","protected":false},"author":4,"featured_media":0,"parent":0,"menu_order":0,"comment_status":"closed","ping_status":"closed","template":"","meta":{"nf_dc_page":"","footnotes":""},"class_list":["post-10381","page","type-page","status-publish","hentry"],"_links":{"self":[{"href":"https:\/\/worknow.vn\/vi\/wp-json\/wp\/v2\/pages\/10381","targetHints":{"allow":["GET"]}}],"collection":[{"href":"https:\/\/worknow.vn\/vi\/wp-json\/wp\/v2\/pages"}],"about":[{"href":"https:\/\/worknow.vn\/vi\/wp-json\/wp\/v2\/types\/page"}],"author":[{"embeddable":true,"href":"https:\/\/worknow.vn\/vi\/wp-json\/wp\/v2\/users\/4"}],"replies":[{"embeddable":true,"href":"https:\/\/worknow.vn\/vi\/wp-json\/wp\/v2\/comments?post=10381"}],"version-history":[{"count":4,"href":"https:\/\/worknow.vn\/vi\/wp-json\/wp\/v2\/pages\/10381\/revisions"}],"predecessor-version":[{"id":12018,"href":"https:\/\/worknow.vn\/vi\/wp-json\/wp\/v2\/pages\/10381\/revisions\/12018"}],"wp:attachment":[{"href":"https:\/\/worknow.vn\/vi\/wp-json\/wp\/v2\/media?parent=10381"}],"curies":[{"name":"wp","href":"https:\/\/api.w.org\/{rel}","templated":true}]}}