{"id":10383,"date":"2022-08-09T07:17:10","date_gmt":"2022-08-09T07:17:10","guid":{"rendered":"https:\/\/worknow.vn\/executive-assistant\/"},"modified":"2023-06-01T08:39:43","modified_gmt":"2023-06-01T08:39:43","slug":"tro-ly-dieu-hanh","status":"publish","type":"page","link":"https:\/\/worknow.vn\/vi\/tro-ly-dieu-hanh\/","title":{"rendered":"Tr\u1ee3 L\u00fd \u0110i\u1ec1u H\u00e0nh"},"content":{"rendered":"<div class=\"wpb-content-wrapper\">[vc_row top_margin=&#8221;0&#8243; bottom_margin=&#8221;0&#8243; css=&#8221;.vc_custom_1499912039446{margin-top: -30px !important;}&#8221;][vc_column]<div class=\"shortcode-wrapper shortcode-title clearfix hb-animate-element hb-fade-in\"><p style=\"color:#878787!important;border-color:#878787\" class=\"hb-text-large aligncenter\">Tr\u1ee3 L\u00fd \u0110i\u1ec1u H\u00e0nh<\/p><\/div>[vc_row_inner][vc_column_inner][vc_empty_space height=&#8221;10px&#8221;]<div class=\"shortcode-wrapper shortcode-icon-box clearfix\"><div class=\"feature-box alternative left-icon-box aligncenter\"><div class=\"feature-box-content\"><h4 class=\"bold\">M\u00f4 t\u1ea3 c\u00f4ng vi\u1ec7c<\/h4><p>Th\u1ef1c hi\u1ec7n c\u00e1c nhi\u1ec7m v\u1ee5 v\u0103n th\u01b0, nh\u01b0 ch\u1ea5p nh\u1eadn v\u00e0 g\u1ecdi \u0111i\u1ec7n tho\u1ea1i, duy tr\u00ec t\u1ec7p, l\u00ean l\u1ecbch cu\u1ed9c h\u1ecdp, g\u1eedi b\u1ea3n ghi nh\u1edb, so\u1ea1n th\u1ea3o v\u00e0 ch\u1ec9nh s\u1eeda th\u01b0 t\u1eeb, ch\u1ea5p nh\u1eadn kh\u00e1ch truy c\u1eadp, xem x\u00e9t c\u00e1c b\u00e1o c\u00e1o \u0111\u1ebfn v\u00e0 thi\u1ebft l\u1eadp l\u1ecbch tr\u00ecnh h\u00e0ng ng\u00e0y c\u1ee7a gi\u00e1m \u0111\u1ed1c \u0111i\u1ec1u h\u00e0nh. S\u1eed d\u1ee5ng m\u00e1y t\u00ednh v\u00e0 c\u00e1c ph\u1ea7n m\u1ec1m li\u00ean quan \u0111\u1ec3 theo d\u00f5i c\u00e1c kho\u1ea3n chi ti\u00eau. Ki\u1ec3m so\u00e1t nh\u1eefng cu\u1ed9c g\u1ecdi \u0111i\u1ec7n tho\u1ea1i \u0111\u1ebfn gi\u00e1m \u0111\u1ed1c \u0111i\u1ec1u h\u00e0nh, c\u0169ng nh\u01b0 nh\u1eefng cu\u1ed9c h\u1ecdp n\u00e0o \u0111\u01b0\u1ee3c l\u00ean l\u1ecbch, l\u00ean l\u1ecbch l\u1ea1i ho\u1eb7c h\u1ee7y b\u1ecf. T\u1ed5 ch\u1ee9c c\u00e1c chuy\u1ebfn bay v\u00e0 \u0111\u1eb7t kh\u00e1ch s\u1ea1n khi c\u1ea7n thi\u1ebft ph\u1ea3i \u0111i du l\u1ecbch, c\u00f4ng t\u00e1c.<\/p><\/div><\/div><\/div>[vc_empty_space height=&#8221;30px&#8221;]<div class=\"shortcode-wrapper shortcode-icon-box clearfix\"><div class=\"feature-box alternative left-icon-box aligncenter\"><div class=\"feature-box-content\"><h4 class=\"bold\">Vai tr\u00f2 v\u00e0 tr\u00e1ch nhi\u1ec7m<\/h4><p>\n<ul>\n<li>H\u1ed7 tr\u1ee3 c\u00e1 nh\u00e2n cho gi\u00e1m \u0111\u1ed1c \u0111i\u1ec1u h\u00e0nh c\u1ea5p cao. L\u00e0 \u0111\u1ea7u m\u1ed1i li\u00ean h\u1ec7 ch\u00ednh c\u1ee7a m\u1ecdi th\u1ee9 li\u00ean quan \u0111\u1ebfn gi\u00e1m \u0111\u1ed1c \u0111i\u1ec1u h\u00e0nh, ch\u1ecbu tr\u00e1ch nhi\u1ec7m qu\u1ea3n l\u00fd l\u1ecbch tr\u00ecnh v\u00e0 gi\u1ea3m b\u1edbt quy tr\u00ecnh l\u00e0m vi\u1ec7c c\u1ee7a h\u1ecd.<\/li>\n<li>X\u1eed l\u00fd t\u1ea5t c\u1ea3 c\u00e1c th\u00f4ng tin li\u00ean l\u1ea1c \u0111\u1ebfn v\u00e0 \u0111i<\/li>\n<li>Qu\u1ea3n l\u00fd l\u1ecbch tr\u00ecnh v\u00e0 s\u1eafp x\u1ebfp vi\u1ec7c \u0111i l\u1ea1i<\/li>\n<li>Duy tr\u00ec h\u1ec7 th\u1ed1ng l\u01b0u tr\u1eef v\u00e0 c\u01a1 s\u1edf d\u1eef li\u1ec7u ph\u1ee9c t\u1ea1p<\/li>\n<li>Thay m\u1eb7t gi\u00e1m \u0111\u1ed1c \u0111i\u1ec1u h\u00e0nh chu\u1ea9n b\u1ecb v\u00e0 xem x\u00e9t c\u00e1c t\u00e0i li\u1ec7u v\u00e0 b\u1ea3n tr\u00ecnh b\u00e0y.<\/li>\n<li>H\u1ed7 tr\u1ee3 gi\u00e1m \u0111\u1ed1c \u0111i\u1ec1u h\u00e0nh v\u1edbi c\u00e1c d\u1ef1 \u00e1n chi\u1ebfn l\u01b0\u1ee3c lu\u00f4n thay \u0111\u1ed5i.<\/li>\n<li>Qu\u1ea3n l\u00fd c\u00e1c nhi\u1ec7m v\u1ee5 d\u1ef1a tr\u00ean d\u1ef1 \u00e1n \u0111\u1ec3 \u0111\u1ea3m b\u1ea3o c\u00e1c gi\u00e1m \u0111\u1ed1c \u0111i\u1ec1u h\u00e0nh \u0111\u00e1p \u1ee9ng th\u1eddi h\u1ea1n.<\/li>\n<li>H\u1ed7 tr\u1ee3 theo d\u00f5i c\u00e1c \u01b0u ti\u00ean v\u00e0 s\u1ed1 li\u1ec7u trong nh\u00f3m \u0111i\u1ec1u h\u00e0nh.<\/li>\n<li>Chu\u1ea9n b\u1ecb ch\u01b0\u01a1ng tr\u00ecnh ngh\u1ecb s\u1ef1 v\u00e0 l\u1eadp bi\u00ean b\u1ea3n cho c\u00e1c cu\u1ed9c h\u1ecdp h\u1ed9i \u0111\u1ed3ng qu\u1ea3n tr\u1ecb v\u00e0 \u0111i\u1ec1u h\u00e0nh.<\/li>\n<li>Tr\u00ecnh \u0111\u1ed9 chuy\u00ean m\u00f4n: Tr\u1ee3 l\u00fd h\u00e0nh ch\u00ednh, qu\u1ea3n tr\u1ecb kinh doanh.<\/li>\n<\/ul>\n<\/p><\/div><\/div><\/div>[\/vc_column_inner][\/vc_row_inner][\/vc_column][\/vc_row]\n<\/div>","protected":false},"excerpt":{"rendered":"<p>[vc_row top_margin=&#8221;0&#8243; bottom_margin=&#8221;0&#8243; css=&#8221;.vc_custom_1499912039446{margin-top: -30px !important;}&#8221;][vc_column][vc_row_inner][vc_column_inner][vc_empty_space height=&#8221;10px&#8221;][vc_empty_space height=&#8221;30px&#8221;][\/vc_column_inner][\/vc_row_inner][\/vc_column][\/vc_row]<\/p>\n","protected":false},"author":4,"featured_media":0,"parent":0,"menu_order":0,"comment_status":"closed","ping_status":"closed","template":"","meta":{"nf_dc_page":"","footnotes":""},"class_list":["post-10383","page","type-page","status-publish","hentry"],"_links":{"self":[{"href":"https:\/\/worknow.vn\/vi\/wp-json\/wp\/v2\/pages\/10383","targetHints":{"allow":["GET"]}}],"collection":[{"href":"https:\/\/worknow.vn\/vi\/wp-json\/wp\/v2\/pages"}],"about":[{"href":"https:\/\/worknow.vn\/vi\/wp-json\/wp\/v2\/types\/page"}],"author":[{"embeddable":true,"href":"https:\/\/worknow.vn\/vi\/wp-json\/wp\/v2\/users\/4"}],"replies":[{"embeddable":true,"href":"https:\/\/worknow.vn\/vi\/wp-json\/wp\/v2\/comments?post=10383"}],"version-history":[{"count":4,"href":"https:\/\/worknow.vn\/vi\/wp-json\/wp\/v2\/pages\/10383\/revisions"}],"predecessor-version":[{"id":12019,"href":"https:\/\/worknow.vn\/vi\/wp-json\/wp\/v2\/pages\/10383\/revisions\/12019"}],"wp:attachment":[{"href":"https:\/\/worknow.vn\/vi\/wp-json\/wp\/v2\/media?parent=10383"}],"curies":[{"name":"wp","href":"https:\/\/api.w.org\/{rel}","templated":true}]}}