{"id":10385,"date":"2022-08-09T07:18:11","date_gmt":"2022-08-09T07:18:11","guid":{"rendered":"https:\/\/worknow.vn\/personal-assistant\/"},"modified":"2023-06-01T08:39:49","modified_gmt":"2023-06-01T08:39:49","slug":"tro-ly-rieng","status":"publish","type":"page","link":"https:\/\/worknow.vn\/vi\/tro-ly-rieng\/","title":{"rendered":"Tr\u1ee3 L\u00fd Ri\u00eang"},"content":{"rendered":"<div class=\"wpb-content-wrapper\">[vc_row top_margin=&#8221;0&#8243; bottom_margin=&#8221;0&#8243; css=&#8221;.vc_custom_1499912039446{margin-top: -30px !important;}&#8221;][vc_column]<div class=\"shortcode-wrapper shortcode-title clearfix hb-animate-element hb-fade-in\"><p style=\"color:#878787!important;border-color:#878787\" class=\"hb-text-large aligncenter\">Tr\u1ee3 L\u00fd Ri\u00eang<br \/>\n<\/p><\/div>[vc_row_inner][vc_column_inner][vc_empty_space height=&#8221;10px&#8221;]<div class=\"shortcode-wrapper shortcode-icon-box clearfix\"><div class=\"feature-box alternative left-icon-box aligncenter\"><div class=\"feature-box-content\"><h4 class=\"bold\">M\u00f4 t\u1ea3 c\u00f4ng vi\u1ec7c<\/h4><p>L\u00e0m vi\u1ec7c cho c\u00e1c nh\u00e0 qu\u1ea3n l\u00fd v\u00e0 gi\u00e1m \u0111\u1ed1c \u0111i\u1ec1u h\u00e0nh (ho\u1eb7c \u0111\u00f4i khi cho c\u00e1c c\u00e1 nh\u00e2n v\u00e0 gia \u0111\u00ecnh gi\u00e0u c\u00f3 ho\u1eb7c n\u1ed5i ti\u1ebfng), \u0111\u1ea3m nh\u1eadn nhi\u1ec1u nhi\u1ec7m v\u1ee5 h\u00e0nh ch\u00ednh kh\u00e1c nhau. M\u1ed9t tr\u1ee3 l\u00fd c\u00e1 nh\u00e2n (PA) th\u01b0\u1eddng th\u1ef1c hi\u1ec7n c\u00f4ng vi\u1ec7c h\u00e0nh ch\u00ednh thay m\u1eb7t cho m\u1ed9t c\u00e1 nh\u00e2n, kh\u00f4ng gi\u1ed1ng nh\u01b0 m\u1ed9t qu\u1ea3n tr\u1ecb vi\u00ean c\u00f3 xu h\u01b0\u1edbng ch\u0103m s\u00f3c m\u1ed9t nh\u00f3m. C\u00e1 nh\u00e2n n\u00e0y th\u01b0\u1eddng l\u00e0 nh\u00e0 qu\u1ea3n l\u00fd ho\u1eb7c \u0111i\u1ec1u h\u00e0nh trong m\u1ed9t t\u1ed5 ch\u1ee9c th\u01b0\u01a1ng m\u1ea1i, phi l\u1ee3i nhu\u1eadn ho\u1eb7c khu v\u1ef1c c\u00f4ng. Linh ho\u1ea1t th\u1eddi gian c\u1ee7a m\u1ed9t gi\u00e1m \u0111\u1ed1c \u0111i\u1ec1u h\u00e0nh kh\u1ecfi c\u00e1c nhi\u1ec7m v\u1ee5 h\u00e0nh ch\u00ednh \u0111\u1ec3 h\u1ecd c\u00f3 th\u1ec3 d\u00e0nh th\u1eddi gian t\u1ed1i \u0111a cho c\u00e1c nhi\u1ec7m v\u1ee5 chi\u1ebfn l\u01b0\u1ee3c.<\/p>\n<p>H\u1ed7 tr\u1ee3 v\u0103n ph\u00f2ng cho c\u00e1c nh\u00e0 qu\u1ea3n l\u00fd v\u00e0 gi\u00e1m s\u00e1t. Qu\u1ea3n l\u00fd t\u1ea5t c\u1ea3 th\u00f4ng tin \u0111\u1ebfn v\u00e0 \u0111i, bao g\u1ed3m ch\u1ec9 \u0111\u1ea1o ho\u1eb7c tr\u1ea3 l\u1eddi c\u00e1c cu\u1ed9c g\u1ecdi \u0111i\u1ec7n tho\u1ea1i, th\u01b0 t\u1eeb v\u00e0 e-mail. L\u00ean l\u1ecbch c\u00e1c cu\u1ed9c h\u1ecdp kinh doanh, \u0111\u1eb7t l\u1ecbch h\u1eb9n v\u00e0 n\u1ed9p c\u00e1c t\u00e0i li\u1ec7u quan tr\u1ecdng. S\u1eafp x\u1ebfp c\u00f4ng vi\u1ec7c c\u00e1 nh\u00e2n c\u1ee7a qu\u1ea3n tr\u1ecb vi\u00ean v\u00e0 \u0111\u1ea3m b\u1ea3o r\u1eb1ng c\u00e1c cam k\u1ebft kh\u00f4ng m\u00e2u thu\u1eabn v\u1edbi ngh\u0129a v\u1ee5 kinh doanh.<\/p><\/div><\/div><\/div>[vc_empty_space height=&#8221;30px&#8221;]<div class=\"shortcode-wrapper shortcode-icon-box clearfix\"><div class=\"feature-box alternative left-icon-box aligncenter\"><div class=\"feature-box-content\"><h4 class=\"bold\">Vai tr\u00f2 v\u00e0 tr\u00e1ch nhi\u1ec7m<\/h4><p>\n<ul>\n<li>T\u1ed5 ch\u1ee9c c\u00e1c cu\u1ed9c h\u1ecdp.<\/li>\n<li>L\u1eadp bi\u00ean b\u1ea3n trong c\u00e1c cu\u1ed9c h\u1ecdp v\u00e0 l\u1eadp b\u00e1o c\u00e1o sau \u0111\u00f3.<\/li>\n<li>L\u01b0u tr\u1eef h\u1ed3 s\u01a1.<\/li>\n<li>Qu\u1ea3n l\u00fd nh\u1eadt k\u00fd.<\/li>\n<li>\u0110\u1ea3m b\u1ea3o m\u1ecdi lu\u1eadt l\u1ec7 v\u1ec1 s\u1ee9c kh\u1ecfe v\u00e0 an to\u00e0n \u0111\u01b0\u1ee3c tu\u00e2n th\u1ee7.<\/li>\n<li>Tr\u1ea3 l\u1eddi v\u00e0 x\u1eed l\u00fd c\u00e1c cu\u1ed9c g\u1ecdi \u0111i\u1ec7n tho\u1ea1i v\u00e0 email.<\/li>\n<li>S\u1eafp x\u1ebfp vi\u1ec7c \u0111i l\u1ea1i.<\/li>\n<li>Ch\u0103m s\u00f3c kh\u00e1ch \u0111\u1ebfn n\u01a1i l\u00e0m vi\u1ec7c.<\/li>\n<li>X\u1eed l\u00fd t\u00e0i kho\u1ea3n.<\/li>\n<li>\u0110\u1ea1i di\u1ec7n cho ng\u01b0\u1eddi qu\u1ea3n l\u00fd ho\u1eb7c ng\u01b0\u1eddi s\u1eed d\u1ee5ng lao \u0111\u1ed9ng c\u1ee7a h\u1ecd t\u1ea1i c\u00e1c s\u1ef1 ki\u1ec7n.<\/li>\n<\/ul>\n<p>K\u1ef9 n\u0103ng: K\u1ef9 n\u0103ng t\u1ed5 ch\u1ee9c; K\u1ef9 n\u0103ng giao ti\u1ebfp; K\u1ef9 n\u0103ng vi\u1ebft t\u1ed1t; K\u1ef9 n\u0103ng qu\u1ea3n l\u00fd th\u1eddi gian; \u0110\u00e1ng tin c\u1eady, c\u00f3 s\u1ef1 th\u1eadn tr\u1ecdng v\u00e0 tr\u00e1ch nhi\u1ec7m; Cam k\u1ebft, \u0111\u1ed9ng l\u1ef1c v\u00e0 s\u1ef1 nhi\u1ec7t t\u00ecnh; S\u1ef1 hi\u1ec3u bi\u1ebft v\u1ec1 c\u00e1c phong c\u00e1ch l\u00e0m vi\u1ec7c kh\u00e1c nhau; K\u1ef9 n\u0103ng l\u1eafng nghe t\u00edch c\u1ef1c; L\u00e0m vi\u1ec7c n\u0103ng su\u1ea5t v\u00e0 c\u00f3 s\u00e1ng ki\u1ebfn; S\u1ef1 m\u00e1t m\u1ebb v\u00e0 b\u00ecnh t\u0129nh khi ch\u1ecbu \u00e1p l\u1ef1c; L\u00e0m vi\u1ec7c nh\u00f3m; \u0110\u1ed9 ch\u00ednh x\u00e1c v\u00e0 ch\u00fa \u00fd \u0111\u1ebfn t\u1eebng chi ti\u1ebft; T\u00ednh linh ho\u1ea1t v\u00e0 kh\u1ea3 n\u0103ng th\u00edch \u1ee9ng.<\/p>\n<p>Tr\u00ecnh \u0111\u1ed9 chuy\u00ean m\u00f4n: tr\u1ee3 l\u00fd h\u00e0nh ch\u00ednh, kinh doanh, t\u00e0i ch\u00ednh, ho\u1eb7c l\u0129nh v\u1ef1c li\u00ean quan kh\u00e1c.<\/p><\/div><\/div><\/div>[\/vc_column_inner][\/vc_row_inner][\/vc_column][\/vc_row]\n<\/div>","protected":false},"excerpt":{"rendered":"<p>[vc_row top_margin=&#8221;0&#8243; bottom_margin=&#8221;0&#8243; css=&#8221;.vc_custom_1499912039446{margin-top: -30px !important;}&#8221;][vc_column][vc_row_inner][vc_column_inner][vc_empty_space height=&#8221;10px&#8221;][vc_empty_space height=&#8221;30px&#8221;][\/vc_column_inner][\/vc_row_inner][\/vc_column][\/vc_row]<\/p>\n","protected":false},"author":4,"featured_media":0,"parent":0,"menu_order":0,"comment_status":"closed","ping_status":"closed","template":"","meta":{"nf_dc_page":"","footnotes":""},"class_list":["post-10385","page","type-page","status-publish","hentry"],"_links":{"self":[{"href":"https:\/\/worknow.vn\/vi\/wp-json\/wp\/v2\/pages\/10385","targetHints":{"allow":["GET"]}}],"collection":[{"href":"https:\/\/worknow.vn\/vi\/wp-json\/wp\/v2\/pages"}],"about":[{"href":"https:\/\/worknow.vn\/vi\/wp-json\/wp\/v2\/types\/page"}],"author":[{"embeddable":true,"href":"https:\/\/worknow.vn\/vi\/wp-json\/wp\/v2\/users\/4"}],"replies":[{"embeddable":true,"href":"https:\/\/worknow.vn\/vi\/wp-json\/wp\/v2\/comments?post=10385"}],"version-history":[{"count":5,"href":"https:\/\/worknow.vn\/vi\/wp-json\/wp\/v2\/pages\/10385\/revisions"}],"predecessor-version":[{"id":12022,"href":"https:\/\/worknow.vn\/vi\/wp-json\/wp\/v2\/pages\/10385\/revisions\/12022"}],"wp:attachment":[{"href":"https:\/\/worknow.vn\/vi\/wp-json\/wp\/v2\/media?parent=10385"}],"curies":[{"name":"wp","href":"https:\/\/api.w.org\/{rel}","templated":true}]}}