{"id":10387,"date":"2022-08-09T07:18:44","date_gmt":"2022-08-09T07:18:44","guid":{"rendered":"https:\/\/worknow.vn\/program-assistant\/"},"modified":"2023-06-01T08:39:59","modified_gmt":"2023-06-01T08:39:59","slug":"tro-ly-chuong-trinh","status":"publish","type":"page","link":"https:\/\/worknow.vn\/vi\/tro-ly-chuong-trinh\/","title":{"rendered":"Tr\u1ee3 L\u00fd Ch\u01b0\u01a1ng Tr\u00ecnh"},"content":{"rendered":"<div class=\"wpb-content-wrapper\">[vc_row top_margin=&#8221;0&#8243; bottom_margin=&#8221;0&#8243; css=&#8221;.vc_custom_1499912039446{margin-top: -30px !important;}&#8221;][vc_column]<div class=\"shortcode-wrapper shortcode-title clearfix hb-animate-element hb-fade-in\"><p style=\"color:#878787!important;border-color:#878787\" class=\"hb-text-large aligncenter\">Tr\u1ee3 L\u00fd Ch\u01b0\u01a1ng Tr\u00ecnh<\/p><\/div>[vc_row_inner][vc_column_inner][vc_empty_space height=&#8221;10px&#8221;]<div class=\"shortcode-wrapper shortcode-icon-box clearfix\"><div class=\"feature-box alternative left-icon-box aligncenter\"><div class=\"feature-box-content\"><h4 class=\"bold\">M\u00f4 t\u1ea3 c\u00f4ng vi\u1ec7c<\/h4><p>H\u1ed7 tr\u1ee3 h\u00e0nh ch\u00ednh v\u00e0 h\u1eadu c\u1ea7n cho c\u00e1c nh\u00e0 qu\u1ea3n l\u00fd ch\u01b0\u01a1ng tr\u00ecnh v\u00e0 c\u00e1c th\u00e0nh vi\u00ean kh\u00e1c trong nh\u00f3m. C\u00e1c nhi\u1ec7m v\u1ee5 bao g\u1ed3m tr\u1ea3 l\u1eddi c\u00e1c cu\u1ed9c g\u1ecdi \u0111i\u1ec7n tho\u1ea1i v\u00e0 email, x\u1eed l\u00fd t\u00e0i li\u1ec7u t\u00e0i ch\u00ednh, duy tr\u00ec h\u1ed3 s\u01a1, \u0111\u1eb7t v\u00e9 m\u00e1y bay v\u00e0 ch\u1ed7 \u1edf c\u0169ng nh\u01b0 \u0111i\u1ec1u ph\u1ed1i c\u00e1c ho\u1ea1t \u0111\u1ed9ng c\u1ee7a nh\u00f3m nh\u01b0 c\u00e1c cu\u1ed9c h\u1ecdp v\u00e0 h\u1ed9i th\u1ea3o. Ngo\u00e0i c\u00e1c tr\u00e1ch nhi\u1ec7m h\u00e0nh ch\u00ednh n\u00e0y, tr\u1ee3 l\u00fd ch\u01b0\u01a1ng tr\u00ecnh c\u0169ng c\u00f3 th\u1ec3 th\u1ef1c hi\u1ec7n nghi\u00ean c\u1ee9u ch\u01b0\u01a1ng tr\u00ecnh v\u00e0 b\u00e1o c\u00e1o c\u00e1c m\u1ed1i quan t\u00e2m c\u1ee7a kh\u00e1ch h\u00e0ng cho c\u00e1c th\u00e0nh vi\u00ean trong nh\u00f3m th\u00edch h\u1ee3p. Ho\u1ea1t \u0111\u1ed9ng nh\u01b0 m\u1ed9t li\u00ean k\u1ebft gi\u1eefa c\u00e1c b\u00ean tham gia ch\u01b0\u01a1ng tr\u00ecnh kh\u00e1c nhau, ch\u1eb3ng h\u1ea1n nh\u01b0 ng\u01b0\u1eddi qu\u1ea3n l\u00fd, th\u00e0nh vi\u00ean nh\u00f3m v\u00e0 kh\u00e1ch h\u00e0ng, v\u00ec v\u1eady h\u1ecd c\u1ea7n c\u00f3 k\u1ef9 n\u0103ng giao ti\u1ebfp v\u00e0 giao ti\u1ebfp c\u00e1 nh\u00e2n t\u1ed1t.<\/p><\/div><\/div><\/div>[vc_empty_space height=&#8221;30px&#8221;]<div class=\"shortcode-wrapper shortcode-icon-box clearfix\"><div class=\"feature-box alternative left-icon-box aligncenter\"><div class=\"feature-box-content\"><h4 class=\"bold\">Vai tr\u00f2 v\u00e0 tr\u00e1ch nhi\u1ec7m<\/h4><p>\n<ul>\n<li>\u0110\u00f3ng vai tr\u00f2 l\u00e0 ng\u01b0\u1eddi li\u00ean h\u1ec7 ch\u00ednh v\u1ec1 c\u00e1c th\u1ee7 t\u1ee5c v\u00e0 ch\u00ednh s\u00e1ch c\u1ee7a ch\u01b0\u01a1ng tr\u00ecnh.<\/li>\n<li>\u0110\u1ea1i di\u1ec7n cho doanh nghi\u1ec7p v\u1ec1 c\u00e1c v\u1ea5n \u0111\u1ec1 li\u00ean quan \u0111\u1ebfn ch\u01b0\u01a1ng tr\u00ecnh.<\/li>\n<li>Trao \u0111\u1ed5i v\u1edbi qu\u1ea3n l\u00fd c\u1ea5p tr\u00ean v\u1ec1 c\u00e1c m\u1ee5c ti\u00eau v\u00e0 m\u1ee5c ti\u00eau c\u1ee7a c\u00e1c ch\u01b0\u01a1ng tr\u00ecnh.<\/li>\n<li>Th\u1ef1c hi\u1ec7n c\u00e1c c\u00f4ng vi\u1ec7c h\u00e0nh ch\u00ednh theo y\u00eau c\u1ea7u \u0111\u1ec3 t\u1ea1o \u0111i\u1ec1u ki\u1ec7n cho m\u00f4i tr\u01b0\u1eddng l\u00e0m vi\u1ec7c hi\u1ec7u qu\u1ea3.<\/li>\n<li>Giao ti\u1ebfp v\u00e0 th\u01b0\u01a1ng l\u01b0\u1ee3ng v\u1edbi kh\u00e1ch h\u00e0ng, kh\u00e1ch h\u00e0ng v\u00e0 ng\u01b0\u1eddi gi\u00e1m s\u00e1t.<\/li>\n<li>\u0110\u1ea3m b\u1ea3o c\u00e1c ho\u1ea1t \u0111\u1ed9ng v\u00e0 n\u1ed7 l\u1ef1c kinh doanh lu\u00f4n thu\u1eadn l\u1ee3i \u0111\u1ec3 \u0111\u1ea1t \u0111\u01b0\u1ee3c m\u1ee5c ti\u00eau kinh doanh.<\/li>\n<li>Th\u1ef1c hi\u1ec7n c\u00e1c nhi\u1ec7m v\u1ee5 b\u1ed5 sung khi c\u1ea5p tr\u00ean y\u00eau c\u1ea7u.<\/li>\n<li>Tr\u1ea3 l\u1eddi c\u00e1c cu\u1ed9c g\u1ecdi \u0111i\u1ec7n tho\u1ea1i v\u00e0 c\u00e1c th\u1eafc m\u1eafc c\u1ee7a kh\u00e1ch h\u00e0ng ho\u1eb7c kh\u00e1ch hang.<\/li>\n<\/ul>\n<p>K\u1ef9 n\u0103ng: T\u1ed5 ch\u1ee9c, Qu\u1ea3n l\u00fd th\u1eddi gian, Giao ti\u1ebfp, K\u1ef9 n\u0103ng m\u00e1y t\u00ednh, Ch\u00fa \u00fd \u0111\u1ebfn chi ti\u1ebft.<\/p>\n<p>Tr\u00ecnh \u0111\u1ed9 chuy\u00ean m\u00f4n: C\u00f3 \u00edt nh\u1ea5t b\u1eb1ng t\u1ed1t nghi\u1ec7p trung h\u1ecdc ph\u1ed5 th\u00f4ng ho\u1eb7c ch\u1ee9ng ch\u1ec9 GED v\u00e0 kinh nghi\u1ec7m l\u00e0m vi\u1ec7c h\u00e0nh ch\u00ednh. M\u1ed9t s\u1ed1 nh\u00e0 tuy\u1ec3n d\u1ee5ng c\u0169ng c\u00f3 th\u1ec3 y\u00eau c\u1ea7u b\u1eb1ng \u0111\u1ea1i h\u1ecdc.<\/p><\/div><\/div><\/div>[\/vc_column_inner][\/vc_row_inner][\/vc_column][\/vc_row]\n<\/div>","protected":false},"excerpt":{"rendered":"<p>[vc_row top_margin=&#8221;0&#8243; bottom_margin=&#8221;0&#8243; css=&#8221;.vc_custom_1499912039446{margin-top: -30px !important;}&#8221;][vc_column][vc_row_inner][vc_column_inner][vc_empty_space height=&#8221;10px&#8221;][vc_empty_space height=&#8221;30px&#8221;][\/vc_column_inner][\/vc_row_inner][\/vc_column][\/vc_row]<\/p>\n","protected":false},"author":4,"featured_media":0,"parent":0,"menu_order":0,"comment_status":"closed","ping_status":"closed","template":"","meta":{"nf_dc_page":"","footnotes":""},"class_list":["post-10387","page","type-page","status-publish","hentry"],"_links":{"self":[{"href":"https:\/\/worknow.vn\/vi\/wp-json\/wp\/v2\/pages\/10387","targetHints":{"allow":["GET"]}}],"collection":[{"href":"https:\/\/worknow.vn\/vi\/wp-json\/wp\/v2\/pages"}],"about":[{"href":"https:\/\/worknow.vn\/vi\/wp-json\/wp\/v2\/types\/page"}],"author":[{"embeddable":true,"href":"https:\/\/worknow.vn\/vi\/wp-json\/wp\/v2\/users\/4"}],"replies":[{"embeddable":true,"href":"https:\/\/worknow.vn\/vi\/wp-json\/wp\/v2\/comments?post=10387"}],"version-history":[{"count":4,"href":"https:\/\/worknow.vn\/vi\/wp-json\/wp\/v2\/pages\/10387\/revisions"}],"predecessor-version":[{"id":12021,"href":"https:\/\/worknow.vn\/vi\/wp-json\/wp\/v2\/pages\/10387\/revisions\/12021"}],"wp:attachment":[{"href":"https:\/\/worknow.vn\/vi\/wp-json\/wp\/v2\/media?parent=10387"}],"curies":[{"name":"wp","href":"https:\/\/api.w.org\/{rel}","templated":true}]}}