{"id":10389,"date":"2022-08-09T07:20:02","date_gmt":"2022-08-09T07:20:02","guid":{"rendered":"https:\/\/worknow.vn\/office-clerk\/"},"modified":"2023-06-01T08:41:23","modified_gmt":"2023-06-01T08:41:23","slug":"thu-ky-van-phong","status":"publish","type":"page","link":"https:\/\/worknow.vn\/vi\/thu-ky-van-phong\/","title":{"rendered":"Th\u01b0 K\u00fd V\u0103n Ph\u00f2ng"},"content":{"rendered":"<div class=\"wpb-content-wrapper\">[vc_row top_margin=&#8221;0&#8243; bottom_margin=&#8221;0&#8243; css=&#8221;.vc_custom_1499912039446{margin-top: -30px !important;}&#8221;][vc_column]<div class=\"shortcode-wrapper shortcode-title clearfix hb-animate-element hb-fade-in\"><p style=\"color:#878787!important;border-color:#878787\" class=\"hb-text-large aligncenter\">Th\u01b0 K\u00fd V\u0103n Ph\u00f2ng<\/p><\/div>[vc_row_inner][vc_column_inner][vc_empty_space height=&#8221;10px&#8221;]<div class=\"shortcode-wrapper shortcode-icon-box clearfix\"><div class=\"feature-box alternative left-icon-box aligncenter\"><div class=\"feature-box-content\"><h4 class=\"bold\">M\u00f4 t\u1ea3 c\u00f4ng vi\u1ec7c<\/h4><p>Th\u1ef1c hi\u1ec7n nhi\u1ec1u c\u00f4ng vi\u1ec7c chung c\u1ee7a v\u0103n ph\u00f2ng: n\u1ed9p h\u1ed3 s\u01a1, photocopy, g\u1eedi th\u01b0 \u0111i, ho\u00e0n th\u00e0nh c\u00e1c giao d\u1ecbch ng\u00e2n h\u00e0ng, s\u1eafp x\u1ebfp v\u00e0 ph\u00e2n ph\u1ed1i th\u01b0 \u0111\u1ebfn, k\u00fd nh\u1eadn v\u00e0 g\u1eedi fax, l\u01b0u gi\u1eef h\u1ed3 s\u01a1 gi\u1ea5y v\u00e0 \u0111i\u1ec7n t\u1eed ch\u00ednh x\u00e1c, \u0111\u1ed3ng th\u1eddi ghi c\u00e1c tin nh\u1eafn, cu\u1ed9c g\u1ecdi m\u1ed9t c\u00e1ch chi ti\u1ebft. Trong m\u1ed9t s\u1ed1 v\u0103n ph\u00f2ng, c\u00e1c nh\u00e2n vi\u00ean v\u0103n ph\u00f2ng \u0111\u1ecdc ch\u00ednh t\u1ea3 t\u1ea1i c\u00e1c cu\u1ed9c h\u1ecdp v\u00e0 ghi ch\u00e9p l\u1ea1i c\u00e1c ghi ch\u00fa, c\u0169ng nh\u01b0 theo d\u00f5i c\u00e1c ngu\u1ed3n cung c\u1ea5p v\u0103n ph\u00f2ng v\u00e0 b\u1ed5 sung ch\u00fang khi c\u1ea7n thi\u1ebft. Trong m\u1ed9t s\u1ed1 m\u00f4i tr\u01b0\u1eddng v\u0103n ph\u00f2ng, nh\u00e2n vi\u00ean v\u0103n ph\u00f2ng c\u00f3 th\u1ec3 \u0111\u1ea3m nh\u1eadn c\u00e1c nhi\u1ec7m v\u1ee5 n\u00e2ng cao h\u01a1n, ch\u1eb3ng h\u1ea1n nh\u01b0 l\u01b0u gi\u1eef h\u1ed3 s\u01a1 t\u00ednh l\u01b0\u01a1ng, ki\u1ec3m tra l\u01b0\u01a1ng ho\u1eb7c ki\u1ec3m k\u00ea.<\/p><\/div><\/div><\/div>[vc_empty_space height=&#8221;30px&#8221;]<div class=\"shortcode-wrapper shortcode-icon-box clearfix\"><div class=\"feature-box alternative left-icon-box aligncenter\"><div class=\"feature-box-content\"><h4 class=\"bold\">Vai tr\u00f2 v\u00e0 tr\u00e1ch nhi\u1ec7m<\/h4><p>\n<ul>\n<li>Nh\u1eadn v\u00e0 s\u00e0ng l\u1ecdc c\u00e1c cu\u1ed9c g\u1ecdi \u0111\u1ebfn ho\u1eb7c thu th\u1eadp th\u00f4ng tin kh\u00e1c c\u1ea7n \u0111\u1ebfn \u0111\u00fang ng\u01b0\u1eddi (c\u00f3 th\u1ec3 nh\u1ea1y c\u1ea3m v\u1ec1 th\u1eddi gian).<\/li>\n<li>G\u1eedi tin nh\u1eafn v\u00e0 th\u1ef1c hi\u1ec7n c\u00e1c c\u00f4ng vi\u1ec7c l\u1eb7t v\u1eb7t.<\/li>\n<li>Thu, \u0111\u1ebfm v\u00e0 gi\u1ea3i ng\u00e2n ti\u1ec1n, ghi s\u1ed5 k\u1ebf to\u00e1n c\u01a1 b\u1ea3n v\u00e0 ho\u00e0n th\u00e0nh c\u00e1c giao d\u1ecbch ng\u00e2n hang.<\/li>\n<li>Ho\u00e0n th\u00e0nh v\u00e0 g\u1eedi h\u00f3a \u0111\u01a1n, h\u1ee3p \u0111\u1ed3ng, ch\u00ednh s\u00e1ch, h\u00f3a \u0111\u01a1n, ho\u1eb7c s\u00e9c qua \u0111\u01b0\u1eddng b\u01b0u \u0111i\u1ec7n.<\/li>\n<li>L\u00e0m vi\u1ec7c ch\u1eb7t ch\u1ebd v\u1edbi nh\u1eefng ng\u01b0\u1eddi trong v\u0103n ph\u00f2ng v\u00e0 c\u1ea3 v\u1edbi ng\u01b0\u1eddi gi\u00e1m s\u00e1t \/ qu\u1ea3n l\u00fd.<\/li>\n<li>Chu\u1ea9n b\u1ecb c\u00e1c ch\u01b0\u01a1ng tr\u00ecnh h\u1ecdp, tham d\u1ef1 c\u00e1c cu\u1ed9c h\u1ecdp, ghi v\u00e0 ch\u00e9p l\u1ea1i c\u00e1c bi\u00ean b\u1ea3n.<\/li>\n<li>L\u00e0m vi\u1ec7c v\u1edbi m\u00e1y t\u00ednh \u0111\u1ec3 t\u1ea1o t\u00e0i li\u1ec7u, b\u1ea3ng t\u00ednh, nh\u1eadp d\u1eef li\u1ec7u v\u00e0 giao ti\u1ebfp qua email.<\/li>\n<li>Duy tr\u00ec v\u00e0 c\u1eadp nh\u1eadt c\u00e1c h\u1ec7 th\u1ed1ng n\u1ed9p \u0111\u01a1n, ki\u1ec3m k\u00ea, g\u1eedi th\u01b0 v\u00e0 c\u01a1 s\u1edf d\u1eef li\u1ec7u, b\u1eb1ng tay ho\u1eb7c b\u1eb1ng m\u00e1y t\u00ednh.<\/li>\n<li>N\u00f3i chuy\u1ec7n v\u1edbi nh\u1eefng ng\u01b0\u1eddi b\u00ean ngo\u00e0i c\u00f4ng ty, bao g\u1ed3m c\u1ea3 nh\u1eefng kh\u00e1ch h\u00e0ng ti\u1ec1m n\u0103ng v\u00e0 ch\u00e0o \u0111\u00f3n nh\u1eefng v\u1ecb kh\u00e1ch \u0111\u1ebfn th\u0103m.<\/li>\n<li>X\u00e1c nh\u1eadn c\u00e1c cu\u1ed9c h\u1eb9n v\u00e0 h\u01b0\u1edbng kh\u00e1ch h\u00e0ng ho\u1eb7c nh\u00e0 cung c\u1ea5p \u0111\u1ebfn ng\u01b0\u1eddi ho\u1eb7c v\u0103n ph\u00f2ng th\u00edch h\u1ee3p.<\/li>\n<li>\u0110\u1ea3m b\u1ea3o r\u1eb1ng c\u00f4ng vi\u1ec7c \u0111\u00e3 ho\u00e0n th\u00e0nh kh\u00f4ng c\u00f3 sai s\u00f3t khi th\u1ef1c hi\u1ec7n x\u1eed l\u00fd d\u1eef li\u1ec7u ho\u1eb7c vi\u1ebft th\u01b0 ho\u1eb7c c\u00e1c t\u00e0i li\u1ec7u kh\u00e1c..<\/li>\n<li>Ki\u1ec3m k\u00ea v\u00e0 \u0111\u1eb7t h\u00e0ng nguy\u00ean li\u1ec7u, v\u1eadt t\u01b0 v\u00e0 d\u1ecbch v\u1ee5.<\/li>\n<li>M\u1edf, s\u1eafp x\u1ebfp v\u00e0 \u0111\u1ecbnh tuy\u1ebfn th\u01b0 \u0111\u1ebfn, tr\u1ea3 l\u1eddi th\u01b0 t\u1eeb v\u00e0 chu\u1ea9n b\u1ecb th\u01b0 \u0111i.<\/li>\n<li>S\u1eafp x\u1ebfp vi\u1ec7c \u0111i l\u1ea1i cho nh\u00e2n vi\u00ean v\u0103n ph\u00f2ng.<\/li>\n<\/ul>\n<p>K\u1ef9 n\u0103ng: K\u1ef9 n\u0103ng giao ti\u1ebfp gi\u1eefa c\u00e1c c\u00e1 nh\u00e2n, l\u00e0m vi\u1ec7c theo nh\u00f3m, t\u00ednh linh ho\u1ea1t, t\u00ednh \u0111\u00e1ng tin c\u1eady, kh\u1ea3 n\u0103ng th\u00edch \u1ee9ng v\u00e0 s\u00e1ng t\u1ea1o.<\/p>\n<p>Tr\u00ecnh \u0111\u1ed9 chuy\u00ean m\u00f4n: Qu\u1ea3n tr\u1ecb v\u0103n th\u01b0, Qu\u1ea3n tr\u1ecb kinh doanh ho\u1eb7c l\u0129nh v\u1ef1c t\u01b0\u01a1ng t\u1ef1.<\/p><\/div><\/div><\/div>[\/vc_column_inner][\/vc_row_inner][\/vc_column][\/vc_row]\n<\/div>","protected":false},"excerpt":{"rendered":"<p>[vc_row top_margin=&#8221;0&#8243; bottom_margin=&#8221;0&#8243; css=&#8221;.vc_custom_1499912039446{margin-top: -30px !important;}&#8221;][vc_column][vc_row_inner][vc_column_inner][vc_empty_space height=&#8221;10px&#8221;][vc_empty_space height=&#8221;30px&#8221;][\/vc_column_inner][\/vc_row_inner][\/vc_column][\/vc_row]<\/p>\n","protected":false},"author":4,"featured_media":0,"parent":0,"menu_order":0,"comment_status":"closed","ping_status":"closed","template":"","meta":{"nf_dc_page":"","footnotes":""},"class_list":["post-10389","page","type-page","status-publish","hentry"],"_links":{"self":[{"href":"https:\/\/worknow.vn\/vi\/wp-json\/wp\/v2\/pages\/10389","targetHints":{"allow":["GET"]}}],"collection":[{"href":"https:\/\/worknow.vn\/vi\/wp-json\/wp\/v2\/pages"}],"about":[{"href":"https:\/\/worknow.vn\/vi\/wp-json\/wp\/v2\/types\/page"}],"author":[{"embeddable":true,"href":"https:\/\/worknow.vn\/vi\/wp-json\/wp\/v2\/users\/4"}],"replies":[{"embeddable":true,"href":"https:\/\/worknow.vn\/vi\/wp-json\/wp\/v2\/comments?post=10389"}],"version-history":[{"count":5,"href":"https:\/\/worknow.vn\/vi\/wp-json\/wp\/v2\/pages\/10389\/revisions"}],"predecessor-version":[{"id":12023,"href":"https:\/\/worknow.vn\/vi\/wp-json\/wp\/v2\/pages\/10389\/revisions\/12023"}],"wp:attachment":[{"href":"https:\/\/worknow.vn\/vi\/wp-json\/wp\/v2\/media?parent=10389"}],"curies":[{"name":"wp","href":"https:\/\/api.w.org\/{rel}","templated":true}]}}