{"id":10392,"date":"2022-09-16T02:49:03","date_gmt":"2022-09-16T02:49:03","guid":{"rendered":"https:\/\/worknow.vn\/operations-manager\/"},"modified":"2023-06-01T08:42:04","modified_gmt":"2023-06-01T08:42:04","slug":"giam-doc-dieu-hanh","status":"publish","type":"page","link":"https:\/\/worknow.vn\/vi\/giam-doc-dieu-hanh\/","title":{"rendered":"Gi\u00e1m \u0110\u1ed1c \u0110i\u1ec1u H\u00e0nh"},"content":{"rendered":"<div class=\"wpb-content-wrapper\">[vc_row top_margin=&#8221;0&#8243; bottom_margin=&#8221;0&#8243; css=&#8221;.vc_custom_1499912039446{margin-top: -30px !important;}&#8221;][vc_column]<div class=\"shortcode-wrapper shortcode-title clearfix hb-animate-element hb-fade-in\"><p style=\"color:#878787!important;border-color:#878787\" class=\"hb-text-large aligncenter\">Qu\u1ea3n L\u00fd Ho\u1ea1t \u0110\u1ed9ng<\/p><\/div>[vc_row_inner][vc_column_inner][vc_empty_space height=&#8221;10px&#8221;]<div class=\"shortcode-wrapper shortcode-icon-box clearfix\"><div class=\"feature-box alternative left-icon-box aligncenter\"><div class=\"feature-box-content\"><h4 class=\"bold\">M\u00f4 t\u1ea3 c\u00f4ng vi\u1ec7c<\/h4><p>\u0110\u00f3ng vai tr\u00f2 l\u00e3nh \u0111\u1ea1o \u0111\u1ed1i v\u1edbi c\u00e1c chuy\u00ean gia kinh doanh v\u00e0 t\u00e0i ch\u00ednh v\u00ec n\u00f3 li\u00ean quan \u0111\u1ebfn tr\u00e1ch nhi\u1ec7m quan tr\u1ecdng trong vi\u1ec7c \u0111\u1ea3m b\u1ea3o s\u1ea3n xu\u1ea5t h\u00e0ng h\u00f3a v\u00e0 d\u1ecbch v\u1ee5 hi\u1ec7u qu\u1ea3. Gi\u00e1m s\u00e1t nhi\u1ec1u ph\u00f2ng ban trong c\u00f4ng ty, \u0111\u00f3ng vai tr\u00f2 l\u00e0 ng\u01b0\u1eddi tr\u1ef1c ti\u1ebfp ch\u1ec9 \u0111\u1ea1o v\u00e0 \u0111i\u1ec1u ph\u1ed1i c\u00e1c ho\u1ea1t \u0111\u1ed9ng h\u00e0ng ng\u00e0y. Ch\u1ecbu tr\u00e1ch nhi\u1ec7m l\u1eadp k\u1ebf ho\u1ea1ch c\u00e1ch ph\u00e2n ph\u1ed1i v\u00e0 s\u1eed d\u1ee5ng t\u00e0i nguy\u00ean v\u00e0 v\u1eadt li\u1ec7u, qu\u1ea3n l\u00fd ng\u00e2n s\u00e1ch, \u0111\u00e0m ph\u00e1n h\u1ee3p \u0111\u1ed3ng v\u00e0 \u0111\u1ea3m nh\u1eadn c\u00e1c nhi\u1ec7m v\u1ee5 h\u00e0nh ch\u00ednh kh\u00e1c. \u00a0L\u00e0m vi\u1ec7c v\u1edbi nhi\u1ec1u b\u1ed9 ph\u1eadn trong m\u1ed9t t\u1ed5 ch\u1ee9c, t\u1eeb s\u1ea3n xu\u1ea5t v\u00e0 qu\u1ea3n l\u00fd h\u00e0ng t\u1ed3n kho \u0111\u1ebfn quan h\u1ec7 kh\u00e1ch h\u00e0ng v\u00e0 ngu\u1ed3n nh\u00e2n l\u1ef1c. C\u00f3 tr\u00e1ch nhi\u1ec7m \u0111\u1ea3m b\u1ea3o m\u1ed7i b\u1ed9 ph\u1eadn \u0111ang \u0111i \u0111\u00fang h\u01b0\u1edbng \u0111\u1ec3 \u0111\u1ea1t \u0111\u01b0\u1ee3c c\u00e1c m\u1ee5c ti\u00eau ng\u1eafn h\u1ea1n v\u00e0 d\u00e0i h\u1ea1n.<\/p><\/div><\/div><\/div>[vc_empty_space height=&#8221;30px&#8221;]<div class=\"shortcode-wrapper shortcode-icon-box clearfix\"><div class=\"feature-box alternative left-icon-box aligncenter\"><div class=\"feature-box-content\"><h4 class=\"bold\">Vai tr\u00f2 v\u00e0 tr\u00e1ch nhi\u1ec7m<\/h4><p>\n<ul>\n<li>Xem x\u00e9t th\u00f4ng tin ng\u00e2n s\u00e1ch.<\/li>\n<li>Gi\u00e1m s\u00e1t b\u00e1o c\u00e1o chi ph\u00ed.<\/li>\n<li>Di\u1ec5n gi\u1ea3i d\u1eef li\u1ec7u t\u00e0i ch\u00ednh.<\/li>\n<li>C\u1ea3i thi\u1ec7n c\u00e1c h\u1ec7 th\u1ed1ng v\u00e0 quy tr\u00ecnh ho\u1ea1t \u0111\u1ed9ng.<\/li>\n<li>X\u00e2y d\u1ef1ng ng\u00e2n s\u00e1ch.<\/li>\n<li>\u0110\u00f3ng g\u00f3p v\u00e0o k\u1ebf ho\u1ea1ch v\u00e0 chi\u1ebfn l\u01b0\u1ee3c d\u00e0i h\u1ea1n.<\/li>\n<li>Th\u00fac \u0111\u1ea9y c\u00e1c s\u00e1ng ki\u1ebfn \u200b\u200bqu\u1ea3n l\u00fd v\u00e0 t\u1ed5 ch\u1ee9c \u0111\u1ec3 th\u00fac \u0111\u1ea9y nh\u00e2n vi\u00ean.<\/li>\n<li>Gi\u00e1m s\u00e1t vi\u1ec7c tuy\u1ec3n d\u1ee5ng v\u00e0 qu\u1ea3n l\u00fd nh\u00e2n s\u1ef1.<\/li>\n<li>Ph\u1ed1i h\u1ee3p c\u00e1c nhi\u1ec7m v\u1ee5 gi\u00e1o d\u1ee5c \u0111\u1ec3 ph\u00e1t tri\u1ec3n nh\u00e2n vi\u00ean.<\/li>\n<li>\u0110\u1ea3m b\u1ea3o tu\u00e2n th\u1ee7 quy \u0111\u1ecbnh.<\/li>\n<\/ul>\n<p>K\u1ef9 n\u0103ng: L\u00e3nh \u0111\u1ea1o; T\u1ed5 ch\u1ee9c v\u00e0 ra quy\u1ebft \u0111\u1ecbnh; Qu\u1ea3n l\u00fd con ng\u01b0\u1eddi; Nh\u1eadp v\u00e0 x\u1eed l\u00fd d\u1eef li\u1ec7u; K\u1ef9 n\u0103ng t\u00e0i ch\u00ednh v\u00e0 b\u00e1o c\u00e1o; Chi\u1ebfn l\u01b0\u1ee3c; Ph\u00e1t tri\u1ec3n ng\u00e2n s\u00e1ch; T\u01b0 duy ph\u1ea3n bi\u1ec7n v\u00e0 k\u1ef9 n\u0103ng gi\u1ea3i quy\u1ebft v\u1ea5n \u0111\u1ec1; Qu\u1ea3n l\u00fd th\u1eddi gian v\u00e0 l\u1eadp k\u1ebf ho\u1ea1ch; L\u00e0m vi\u1ec7c theo nh\u00f3m v\u00e0 \u1ee7y quy\u1ec1n; \u0110\u00e0m ph\u00e1n, qu\u1ea3n l\u00fd xung \u0111\u1ed9t v\u00e0 giao ti\u1ebfp; Kh\u1ea3 n\u0103ng th\u00edch \u1ee9ng; Kh\u1ea3 n\u0103ng l\u00e0m vi\u1ec7c d\u01b0\u1edbi \u00e1p l\u1ef1c<\/p>\n<p>Tr\u00ecnh \u0111\u1ed9 chuy\u00ean m\u00f4n: Kinh doanh; Qu\u1ea3n tr\u1ecb kinh doanh; Qu\u1ea3n l\u00fd b\u00e1n l\u1ebb; H\u00e0nh ch\u00ednh c\u00f4ng; Qu\u1ea3n l\u00fd C\u00f4ng vi\u00ean, C\u01a1 s\u1edf Gi\u1ea3i tr\u00ed v\u00e0 Th\u01b0 gi\u00e3n.<\/p><\/div><\/div><\/div>[\/vc_column_inner][\/vc_row_inner][\/vc_column][\/vc_row]\n<\/div>","protected":false},"excerpt":{"rendered":"<p>[vc_row top_margin=&#8221;0&#8243; bottom_margin=&#8221;0&#8243; css=&#8221;.vc_custom_1499912039446{margin-top: -30px !important;}&#8221;][vc_column][vc_row_inner][vc_column_inner][vc_empty_space height=&#8221;10px&#8221;][vc_empty_space height=&#8221;30px&#8221;][\/vc_column_inner][\/vc_row_inner][\/vc_column][\/vc_row]<\/p>\n","protected":false},"author":4,"featured_media":0,"parent":0,"menu_order":0,"comment_status":"closed","ping_status":"closed","template":"","meta":{"nf_dc_page":"","footnotes":""},"class_list":["post-10392","page","type-page","status-publish","hentry"],"_links":{"self":[{"href":"https:\/\/worknow.vn\/vi\/wp-json\/wp\/v2\/pages\/10392","targetHints":{"allow":["GET"]}}],"collection":[{"href":"https:\/\/worknow.vn\/vi\/wp-json\/wp\/v2\/pages"}],"about":[{"href":"https:\/\/worknow.vn\/vi\/wp-json\/wp\/v2\/types\/page"}],"author":[{"embeddable":true,"href":"https:\/\/worknow.vn\/vi\/wp-json\/wp\/v2\/users\/4"}],"replies":[{"embeddable":true,"href":"https:\/\/worknow.vn\/vi\/wp-json\/wp\/v2\/comments?post=10392"}],"version-history":[{"count":4,"href":"https:\/\/worknow.vn\/vi\/wp-json\/wp\/v2\/pages\/10392\/revisions"}],"predecessor-version":[{"id":12026,"href":"https:\/\/worknow.vn\/vi\/wp-json\/wp\/v2\/pages\/10392\/revisions\/12026"}],"wp:attachment":[{"href":"https:\/\/worknow.vn\/vi\/wp-json\/wp\/v2\/media?parent=10392"}],"curies":[{"name":"wp","href":"https:\/\/api.w.org\/{rel}","templated":true}]}}