{"id":10394,"date":"2022-08-09T07:21:31","date_gmt":"2022-08-09T07:21:31","guid":{"rendered":"https:\/\/worknow.vn\/contract-admin\/"},"modified":"2023-06-01T08:42:09","modified_gmt":"2023-06-01T08:42:09","slug":"quan-tri-vien-hop-dong","status":"publish","type":"page","link":"https:\/\/worknow.vn\/vi\/quan-tri-vien-hop-dong\/","title":{"rendered":"Qu\u1ea3n Tr\u1ecb Vi\u00ean H\u1ee3p \u0110\u1ed3ng"},"content":{"rendered":"<div class=\"wpb-content-wrapper\">[vc_row top_margin=&#8221;0&#8243; bottom_margin=&#8221;0&#8243; css=&#8221;.vc_custom_1499912039446{margin-top: -30px !important;}&#8221;][vc_column]<div class=\"shortcode-wrapper shortcode-title clearfix hb-animate-element hb-fade-in\"><p style=\"color:#878787!important;border-color:#878787\" class=\"hb-text-large aligncenter\">Qu\u1ea3n Tr\u1ecb Vi\u00ean H\u1ee3p \u0110\u1ed3ng<\/p><\/div>[vc_row_inner][vc_column_inner][vc_empty_space height=&#8221;10px&#8221;]<div class=\"shortcode-wrapper shortcode-icon-box clearfix\"><div class=\"feature-box alternative left-icon-box aligncenter\"><div class=\"feature-box-content\"><h4 class=\"bold\">M\u00f4 t\u1ea3 c\u00f4ng vi\u1ec7c<\/h4><p>\u0110\u00f3ng vai tr\u00f2 l\u00e0 chuy\u00ean vi\u00ean qu\u1ea3n tr\u1ecb kinh doanh, ng\u01b0\u1eddi gi\u00e1m s\u00e1t vi\u1ec7c t\u1ea1o, \u0111\u00e0m ph\u00e1n, k\u00fd k\u1ebft v\u00e0 duy tr\u00ec c\u00e1c h\u1ee3p \u0111\u1ed3ng. C\u00e1c c\u00f4ng ty thu\u00ea qu\u1ea3n tr\u1ecb vi\u00ean h\u1ee3p \u0111\u1ed3ng khi m\u00f4 h\u00ecnh kinh doanh c\u1ee7a h\u1ecd li\u00ean quan \u0111\u1ebfn vi\u1ec7c l\u00e0m vi\u1ec7c v\u1edbi m\u1ed9t s\u1ed1 l\u01b0\u1ee3ng \u0111\u00e1ng k\u1ec3 c\u00e1c nh\u00e0 cung c\u1ea5p v\u00e0 c\u00e1c doanh nghi\u1ec7p kh\u00e1c. Theo d\u00f5i v\u00e0 c\u1eadp nh\u1eadt c\u00e1c th\u1ecfa thu\u1eadn gi\u1eefa c\u00e1c doanh nghi\u1ec7p, gi\u00fap c\u00e1c t\u1ed5 ch\u1ee9c ng\u0103n ng\u1eeba xung \u0111\u1ed9t v\u00e0 th\u1ef1c hi\u1ec7n c\u00e1c ngh\u0129a v\u1ee5.<\/p>\n<p><strong>Vai tr\u00f2 v\u00e0 tr\u00e1ch nhi\u1ec7m<\/strong><\/p>\n<ul>\n<li>L\u00e0m vi\u1ec7c v\u1edbi c\u00e1c c\u1ea5p nh\u00e2n s\u1ef1 kh\u00e1c nhau trong m\u1ed9t t\u1ed5 ch\u1ee9c \u0111\u1ec3 ph\u00e2n t\u00edch v\u00e0 c\u1ee7ng c\u1ed1 m\u1ed9t chi\u1ebfn l\u01b0\u1ee3c h\u1ee3p \u0111\u1ed3ng t\u1ed5ng th\u1ec3.<\/li>\n<li>Ph\u1ed1i h\u1ee3p h\u00e0nh \u0111\u1ed9ng v\u1edbi c\u00e1c nh\u00f3m mua s\u1eafm n\u1ed9i b\u1ed9 v\u00e0 ph\u00e1p l\u00fd n\u1ebfu c\u1ea7n.<\/li>\n<li>B\u00e1o c\u00e1o t\u00ecnh tr\u1ea1ng c\u1ee7a c\u00e1c quy tr\u00ecnh h\u1ee3p \u0111\u1ed3ng hi\u1ec7n t\u1ea1i cho qu\u1ea3n l\u00fd.<\/li>\n<li>Gi\u1ea3i quy\u1ebft m\u1ecdi xung \u0111\u1ed9t h\u1ee3p \u0111\u1ed3ng hi\u1ec7n c\u00f3.<\/li>\n<li>T\u1ea1o c\u00e1c ti\u00eau chu\u1ea9n v\u00e0 quy t\u1eafc ng\u00f4n ng\u1eef cho c\u00e1c h\u1ee3p \u0111\u1ed3ng hi\u1ec7n t\u1ea1i v\u00e0 m\u1edbi.<\/li>\n<li>L\u00e0m \u0111\u1ea7u m\u1ed1i li\u00ean l\u1ea1c gi\u1eefa c\u00e1c b\u00ean n\u1ed9i b\u1ed9 v\u00e0 b\u00ean ngo\u00e0i trong giai \u0111o\u1ea1n \u0111\u00e0m ph\u00e1n v\u00e0 ph\u00e1t tri\u1ec3n h\u1ee3p \u0111\u1ed3ng..<\/li>\n<li>Th\u01b0\u01a1ng l\u01b0\u1ee3ng c\u00e1c \u0111i\u1ec1u kho\u1ea3n, \u0111i\u1ec1u ki\u1ec7n v\u00e0 gi\u00e1 c\u1ea3, \u0111\u1ed3ng th\u1eddi \u0111\u1ea3m b\u1ea3o ch\u00fang \u0111\u01b0\u1ee3c th\u1ef1c hi\u1ec7n ch\u00ednh x\u00e1c v\u00e0 h\u00e0i long.<\/li>\n<li>Theo d\u00f5i \u0111\u1ec3 \u0111\u1ea3m b\u1ea3o c\u00e1c kho\u1ea3n thanh to\u00e1n theo h\u1ee3p \u0111\u1ed3ng \u0111\u00e3 \u0111\u01b0\u1ee3c th\u1ef1c hi\u1ec7n.<\/li>\n<li>Ph\u00e2n t\u00edch nh\u1eefng r\u1ee7i ro ti\u1ec1m \u1ea9n m\u00e0 vi\u1ec7c thay \u0111\u1ed5i h\u1ee3p \u0111\u1ed3ng c\u00f3 th\u1ec3 g\u00e2y ra cho t\u1ed5 ch\u1ee9c.<\/li>\n<\/ul>\n<\/p><\/div><\/div><\/div>[vc_empty_space height=&#8221;30px&#8221;]<div class=\"shortcode-wrapper shortcode-icon-box clearfix\"><div class=\"feature-box alternative left-icon-box aligncenter\"><div class=\"feature-box-content\"><h4 class=\"bold\">K\u1ef9 n\u0103ng thi\u1ebft y\u1ebfu<\/h4><p>\n<ul>\n<li>Ch\u00fa \u00fd \u0111\u1ebfn chi ti\u1ebft v\u00e0 kh\u1ea3 n\u0103ng ph\u00e1t hi\u1ec7n l\u1ed7i v\u00e0 s\u1ef1 kh\u00f4ng nh\u1ea5t qu\u00e1n.<\/li>\n<li>\u0110\u1ecdc v\u00e0 hi\u1ec3u ngo\u1ea1i ng\u1eef t\u1ed1t.<\/li>\n<li>Kh\u1ea3 n\u0103ng l\u00e0m vi\u1ec7c v\u1edbi m\u1ed9t nh\u00f3m \u1edf t\u1ea5t c\u1ea3 c\u00e1c c\u1ea5p c\u1ee7a m\u1ed9t t\u1ed5 ch\u1ee9c.<\/li>\n<li>Kh\u1ea3 n\u0103ng \u0111\u00e0m ph\u00e1n v\u00e0 th\u1ef1c hi\u1ec7n h\u1ee3p \u0111\u1ed3ng hi\u1ec7u qu\u1ea3.<\/li>\n<li>K\u1ef9 n\u0103ng qu\u1ea3n l\u00fd v\u00e0 l\u00e3nh \u0111\u1ea1o.<\/li>\n<li>K\u1ef9 n\u0103ng giao ti\u1ebfp t\u1ed1t (n\u00f3i v\u00e0 vi\u1ebft)<\/li>\n<\/ul>\n<p>Tr\u00ecnh \u0111\u1ed9 chuy\u00ean m\u00f4n: Qu\u1ea3n tr\u1ecb Kinh doanh, Qu\u1ea3n l\u00fd Nh\u00e2n s\u1ef1, Qu\u1ea3n l\u00fd H\u1ee3p \u0111\u1ed3ng.<\/p><\/div><\/div><\/div>[\/vc_column_inner][\/vc_row_inner][\/vc_column][\/vc_row]\n<\/div>","protected":false},"excerpt":{"rendered":"<p>[vc_row top_margin=&#8221;0&#8243; bottom_margin=&#8221;0&#8243; css=&#8221;.vc_custom_1499912039446{margin-top: -30px !important;}&#8221;][vc_column][vc_row_inner][vc_column_inner][vc_empty_space height=&#8221;10px&#8221;][vc_empty_space height=&#8221;30px&#8221;][\/vc_column_inner][\/vc_row_inner][\/vc_column][\/vc_row]<\/p>\n","protected":false},"author":4,"featured_media":0,"parent":0,"menu_order":0,"comment_status":"closed","ping_status":"closed","template":"","meta":{"nf_dc_page":"","footnotes":""},"class_list":["post-10394","page","type-page","status-publish","hentry"],"_links":{"self":[{"href":"https:\/\/worknow.vn\/vi\/wp-json\/wp\/v2\/pages\/10394","targetHints":{"allow":["GET"]}}],"collection":[{"href":"https:\/\/worknow.vn\/vi\/wp-json\/wp\/v2\/pages"}],"about":[{"href":"https:\/\/worknow.vn\/vi\/wp-json\/wp\/v2\/types\/page"}],"author":[{"embeddable":true,"href":"https:\/\/worknow.vn\/vi\/wp-json\/wp\/v2\/users\/4"}],"replies":[{"embeddable":true,"href":"https:\/\/worknow.vn\/vi\/wp-json\/wp\/v2\/comments?post=10394"}],"version-history":[{"count":5,"href":"https:\/\/worknow.vn\/vi\/wp-json\/wp\/v2\/pages\/10394\/revisions"}],"predecessor-version":[{"id":12027,"href":"https:\/\/worknow.vn\/vi\/wp-json\/wp\/v2\/pages\/10394\/revisions\/12027"}],"wp:attachment":[{"href":"https:\/\/worknow.vn\/vi\/wp-json\/wp\/v2\/media?parent=10394"}],"curies":[{"name":"wp","href":"https:\/\/api.w.org\/{rel}","templated":true}]}}