{"id":10396,"date":"2022-08-09T07:22:11","date_gmt":"2022-08-09T07:22:11","guid":{"rendered":"https:\/\/worknow.vn\/director-of-administration\/"},"modified":"2023-06-01T08:41:37","modified_gmt":"2023-06-01T08:41:37","slug":"giam-doc-hanh-chinh","status":"publish","type":"page","link":"https:\/\/worknow.vn\/vi\/giam-doc-hanh-chinh\/","title":{"rendered":"Gi\u00e1m \u0110\u1ed1c H\u00e0nh Ch\u00ednh"},"content":{"rendered":"<div class=\"wpb-content-wrapper\">[vc_row top_margin=&#8221;0&#8243; bottom_margin=&#8221;0&#8243; css=&#8221;.vc_custom_1499912039446{margin-top: -30px !important;}&#8221;][vc_column]<div class=\"shortcode-wrapper shortcode-title clearfix hb-animate-element hb-fade-in\"><p style=\"color:#878787!important;border-color:#878787\" class=\"hb-text-large aligncenter\">Gi\u00e1m \u0110\u1ed1c H\u00e0nh Ch\u00ednh<\/p><\/div>[vc_row_inner][vc_column_inner][vc_empty_space height=&#8221;10px&#8221;]<div class=\"shortcode-wrapper shortcode-icon-box clearfix\"><div class=\"feature-box alternative left-icon-box aligncenter\"><div class=\"feature-box-content\"><h4 class=\"bold\">M\u00f4 t\u1ea3 c\u00f4ng vi\u1ec7c<\/h4><p>Ch\u1ecbu tr\u00e1ch nhi\u1ec7m v\u1ec1 h\u00e0nh ch\u00ednh, ho\u1ea1t \u0111\u1ed9ng v\u00e0 h\u1ed7 tr\u1ee3 t\u00e0i ch\u00ednh c\u1ee7a m\u1ed9t t\u1ed5 ch\u1ee9c. L\u1eadp k\u1ebf ho\u1ea1ch chi\u1ebfn l\u01b0\u1ee3c d\u00e0i h\u1ea1n, gi\u00e1m s\u00e1t ho\u1ea1t \u0111\u1ed9ng h\u00e0ng ng\u00e0y, giao nhi\u1ec7m v\u1ee5 cho nh\u00e2n vi\u00ean v\u00e0 qu\u1ea3n l\u00fd nh\u00e2n s\u1ef1. L\u00e0m vi\u1ec7c nh\u01b0 m\u1ed9t ph\u1ea7n c\u1ee7a \u0111\u1ed9i ng\u0169 nh\u00e2n vi\u00ean c\u1ea5p cao gi\u00e1m s\u00e1t m\u1ed9t doanh nghi\u1ec7p ho\u1eb7c t\u1ed5 ch\u1ee9c v\u00e0 \u0111\u1ea3m b\u1ea3o r\u1eb1ng c\u00e1c quy tr\u00ecnh l\u00e0m vi\u1ec7c c\u1ee7a c\u00f4ng ty l\u00e0 hi\u1ec7u qu\u1ea3 v\u00e0 n\u0103ng su\u1ea5t. C\u00f3 vai tr\u00f2 ch\u1ee7 ch\u1ed1t trong vi\u1ec7c qu\u1ea3n l\u00fd c\u00e1c nh\u00e2n vi\u00ean h\u00e0nh ch\u00ednh c\u1ea5p trung v\u00e0 nh\u1eadp c\u1ea3nh v\u00e0 th\u00f4ng b\u00e1o cho c\u00e1c gi\u00e1m \u0111\u1ed1c \u0111i\u1ec1u h\u00e0nh c\u1ea5p cao kh\u00e1c v\u1ec1 nh\u1eefng thay \u0111\u1ed5i trong th\u1ee7 t\u1ee5c t\u1ed5 ch\u1ee9c.<\/p>\n<p>Ti\u1ebfn h\u00e0nh \u0111\u00e1nh gi\u00e1 hi\u1ec7u su\u1ea5t v\u00e0 ph\u00e1t tri\u1ec3n c\u00e1c k\u1ebf ho\u1ea1ch chi\u1ebfn l\u01b0\u1ee3c \u0111\u1ec3 c\u1ea3i thi\u1ec7n s\u1ef1 ph\u00e1t tri\u1ec3n chuy\u00ean nghi\u1ec7p v\u00e0 h\u1ee3p l\u00fd h\u00f3a quy tr\u00ecnh l\u00e0m vi\u1ec7c c\u1ee7a ngu\u1ed3n nh\u00e2n l\u1ef1c. Ph\u00e2n t\u00edch c\u01a1 s\u1edf d\u1eef li\u1ec7u c\u1ee7a c\u00f4ng ty, t\u00ecm c\u00e1ch c\u1ea3i thi\u1ec7n vi\u1ec7c b\u00e1o c\u00e1o v\u00e0 \u0111\u00e1nh gi\u00e1 m\u1ee9c \u0111\u1ed9 th\u00e0nh c\u00f4ng c\u1ee7a c\u00e1c s\u00e1ng ki\u1ebfn \u200b\u200bho\u1ea1t \u0111\u1ed9ng m\u1edbi. Gi\u1ea3i quy\u1ebft c\u00e1c v\u1ea5n \u0111\u1ec1 tu\u00e2n th\u1ee7 v\u00e0 c\u1ed9ng t\u00e1c v\u1edbi ng\u01b0\u1eddi qu\u1ea3n l\u00fd \u0111\u1ec3 gi\u00fap nh\u00e2n vi\u00ean \u0111i\u1ec1u ch\u1ec9nh v\u1edbi nh\u1eefng thay \u0111\u1ed5i c\u1ee7a c\u00f4ng ty.<\/p><\/div><\/div><\/div>[vc_empty_space height=&#8221;30px&#8221;]<div class=\"shortcode-wrapper shortcode-icon-box clearfix\"><div class=\"feature-box alternative left-icon-box aligncenter\"><div class=\"feature-box-content\"><h4 class=\"bold\">Vai tr\u00f2 v\u00e0 tr\u00e1ch nhi\u1ec7m<\/h4><p>\n<ul>\n<li>\u0110\u1ea3m b\u1ea3o ngu\u1ed3n nh\u00e2n l\u1ef1c (tuy\u1ec3n d\u1ee5ng, \u0111\u00e0o t\u1ea1o, tr\u1ea3 l\u01b0\u01a1ng, qu\u1ea3n l\u00fd ph\u00fac l\u1ee3i).<\/li>\n<li>Qu\u1ea3n l\u00fd c\u01a1 s\u1edf v\u1eadt ch\u1ea5t (ki\u1ec3m so\u00e1t h\u00e0ng t\u1ed3n kho, ho\u1ea1t \u0111\u1ed9ng h\u00e0ng ng\u00e0y).<\/li>\n<li>Nhi\u1ec7m v\u1ee5 h\u00e0nh ch\u00ednh.<\/li>\n<li>C\u1ea3i ti\u1ebfn h\u1ec7 th\u1ed1ng qu\u1ea3n l\u00fd.<\/li>\n<li>X\u00e2y d\u1ef1ng k\u1ebf ho\u1ea1ch kinh doanh.<\/li>\n<li>Gi\u00e1m s\u00e1t ng\u00e2n s\u00e1ch.<\/li>\n<li>Gi\u00e1m s\u00e1t qu\u1ea3n l\u00fd nh\u00f3m.<\/li>\n<li>Y\u00eau c\u1ea7u ki\u1ec3m to\u00e1n.<\/li>\n<li>Ph\u00e2n t\u00edch th\u00f4ng tin t\u00e0i ch\u00ednh.<\/li>\n<li>L\u00e0m cho ho\u1ea1t \u0111\u1ed9ng kinh doanh hi\u1ec7u qu\u1ea3 h\u01a1n..<\/li>\n<li>\u0110i\u1ec1u ph\u1ed1i c\u00e1c ph\u00f2ng ban kh\u00e1c nhau<\/li>\n<li>Theo d\u00f5i \u0111\u01a1n \u0111\u1eb7t h\u00e0ng c\u1ee7a kh\u00e1ch h\u00e0ng, v\u1eadn chuy\u1ec3n, h\u1ed3 s\u01a1 v\u00e0 t\u00e0i li\u1ec7u m\u1eadt.<\/li>\n<li>L\u01b0u gi\u1eef h\u1ed3 s\u01a1 nh\u00e2n vi\u00ean.<\/li>\n<\/ul>\n<p>K\u1ef9 n\u0103ng: K\u1ef9 n\u0103ng L\u00e3nh \u0111\u1ea1o v\u00e0 Qu\u1ea3n l\u00fd; K\u1ef9 n\u0103ng ph\u00e2n t\u00edch; K\u1ef9 n\u0103ng tin h\u1ecdc; K\u0129 n\u0103ng giao ti\u1ebfp.<\/p>\n<p>Tr\u00ecnh \u0111\u1ed9 chuy\u00ean m\u00f4n: Qu\u1ea3n tr\u1ecb kinh doanh; H\u00e0nh ch\u00ednh c\u00f4ng; T\u00e0i ch\u00ednh; Ph\u00e1p lu\u1eadt; Ban qu\u1ea3n l\u00fd.<\/p><\/div><\/div><\/div>[\/vc_column_inner][\/vc_row_inner][\/vc_column][\/vc_row]\n<\/div>","protected":false},"excerpt":{"rendered":"<p>[vc_row top_margin=&#8221;0&#8243; bottom_margin=&#8221;0&#8243; css=&#8221;.vc_custom_1499912039446{margin-top: -30px !important;}&#8221;][vc_column][vc_row_inner][vc_column_inner][vc_empty_space height=&#8221;10px&#8221;][vc_empty_space height=&#8221;30px&#8221;][\/vc_column_inner][\/vc_row_inner][\/vc_column][\/vc_row]<\/p>\n","protected":false},"author":4,"featured_media":0,"parent":0,"menu_order":0,"comment_status":"closed","ping_status":"closed","template":"","meta":{"nf_dc_page":"","footnotes":""},"class_list":["post-10396","page","type-page","status-publish","hentry"],"_links":{"self":[{"href":"https:\/\/worknow.vn\/vi\/wp-json\/wp\/v2\/pages\/10396","targetHints":{"allow":["GET"]}}],"collection":[{"href":"https:\/\/worknow.vn\/vi\/wp-json\/wp\/v2\/pages"}],"about":[{"href":"https:\/\/worknow.vn\/vi\/wp-json\/wp\/v2\/types\/page"}],"author":[{"embeddable":true,"href":"https:\/\/worknow.vn\/vi\/wp-json\/wp\/v2\/users\/4"}],"replies":[{"embeddable":true,"href":"https:\/\/worknow.vn\/vi\/wp-json\/wp\/v2\/comments?post=10396"}],"version-history":[{"count":4,"href":"https:\/\/worknow.vn\/vi\/wp-json\/wp\/v2\/pages\/10396\/revisions"}],"predecessor-version":[{"id":12024,"href":"https:\/\/worknow.vn\/vi\/wp-json\/wp\/v2\/pages\/10396\/revisions\/12024"}],"wp:attachment":[{"href":"https:\/\/worknow.vn\/vi\/wp-json\/wp\/v2\/media?parent=10396"}],"curies":[{"name":"wp","href":"https:\/\/api.w.org\/{rel}","templated":true}]}}