{"id":10398,"date":"2022-08-09T07:22:44","date_gmt":"2022-08-09T07:22:44","guid":{"rendered":"https:\/\/worknow.vn\/managing-director\/"},"modified":"2023-06-01T08:12:24","modified_gmt":"2023-06-01T08:12:24","slug":"giam-doc-dieu-hanh-2","status":"publish","type":"page","link":"https:\/\/worknow.vn\/vi\/giam-doc-dieu-hanh-2\/","title":{"rendered":"Gi\u00e1m \u0110\u1ed1c \u0110i\u1ec1u H\u00e0nh"},"content":{"rendered":"<div class=\"wpb-content-wrapper\">[vc_row top_margin=&#8221;0&#8243; bottom_margin=&#8221;0&#8243; css=&#8221;.vc_custom_1499912039446{margin-top: -30px !important;}&#8221;][vc_column]<div class=\"shortcode-wrapper shortcode-title clearfix hb-animate-element hb-fade-in\"><p style=\"color:#878787!important;border-color:#878787\" class=\"hb-text-large aligncenter\">Gi\u00e1m \u0110\u1ed1c \u0110i\u1ec1u H\u00e0nh<\/p><\/div>[vc_row_inner][vc_column_inner][vc_empty_space height=&#8221;10px&#8221;]<div class=\"shortcode-wrapper shortcode-icon-box clearfix\"><div class=\"feature-box alternative left-icon-box aligncenter\"><div class=\"feature-box-content\"><h4 class=\"bold\">M\u00f4 t\u1ea3 c\u00f4ng vi\u1ec7c<\/h4><p>B\u00e1o c\u00e1o t\u00e0i ch\u00ednh v\u00e0 b\u00e1o c\u00e1o t\u00f3m t\u1eaft v\u00e0 d\u1ef1 b\u00e1o ho\u1ea1t \u0111\u1ed9ng v\u00e0 t\u00ecnh h\u00ecnh t\u00e0i ch\u00ednh c\u1ee7a doanh nghi\u1ec7p. Ph\u00e1t tri\u1ec3n c\u00e1c ch\u00ednh s\u00e1ch v\u00e0 th\u1ee7 t\u1ee5c n\u1ed9i b\u1ed9 cho qu\u1ea3n l\u00fd ng\u00e2n s\u00e1ch, qu\u1ea3n l\u00fd ti\u1ec1n m\u1eb7t v\u00e0 t\u00edn d\u1ee5ng, v\u00e0 c\u00e1c ch\u1ee9c n\u0103ng k\u1ebf to\u00e1n c\u1ee7a m\u1ed9t t\u1ed5 ch\u1ee9c.<\/p>\n<p>Ch\u1ecbu tr\u00e1ch nhi\u1ec7m ch\u1ec9 \u0111\u1ea1o ho\u1ea1t \u0111\u1ed9ng c\u1ee7a c\u00f4ng ty \u0111\u1ec3 \u0111\u1ea3m b\u1ea3o c\u00f4ng ty \u0111\u1ea1t \u0111\u01b0\u1ee3c c\u00e1c m\u1ee5c ti\u00eau m\u1ed9t c\u00e1ch hi\u1ec7u qu\u1ea3. Gi\u00e1m \u0111\u1ed1c \u0110i\u1ec1u h\u00e0nh ch\u1ecbu tr\u00e1ch nhi\u1ec7m \u0111\u01b0a ra \u0111\u1ecbnh h\u01b0\u1edbng v\u00e0 ch\u1ec9 \u0111\u1ea1o chi\u1ebfn l\u01b0\u1ee3c cho h\u1ed9i \u0111\u1ed3ng qu\u1ea3n tr\u1ecb \u0111\u1ec3 \u0111\u1ea3m b\u1ea3o r\u1eb1ng C\u00f4ng ty \u0111\u1ea1t \u0111\u01b0\u1ee3c t\u1ea7m nh\u00ecn t\u00e0i ch\u00ednh, s\u1ee9 m\u1ec7nh v\u00e0 c\u00e1c m\u1ee5c ti\u00eau d\u00e0i h\u1ea1n c\u1ee7a m\u00ecnh. X\u00e2y d\u1ef1ng v\u00e0 xem x\u00e9t c\u00e1c ch\u01b0\u01a1ng tr\u00ecnh ch\u00ednh s\u00e1ch chung v\u00e0 \u0111\u1ecbnh h\u01b0\u1edbng t\u1ed5ng th\u1ec3 c\u1ee7a c\u00e1c t\u1ed5 ch\u1ee9c trong khu\u00f4n kh\u1ed5 do h\u1ed9i \u0111\u1ed3ng qu\u1ea3n tr\u1ecb v\u00e0 c\u00e1c c\u01a1 quan qu\u1ea3n l\u00fd. M\u1ee5c \u0111\u00edch ch\u00ednh l\u00e0 ch\u1ec9 \u0111\u1ea1o v\u00e0 ki\u1ec3m so\u00e1t t\u1ea5t c\u1ea3 c\u00e1c ho\u1ea1t \u0111\u1ed9ng kinh doanh.<\/p>\n<p><strong>Vai tr\u00f2 v\u00e0 tr\u00e1ch nhi\u1ec7m:<\/strong><\/p>\n<ul>\n<li>Ph\u00e2n b\u1ed5 ngu\u1ed3n l\u1ef1c t\u00e0i ch\u00ednh v\u00e0 \u1ee7y quy\u1ec1n c\u00e1c y\u00eau c\u1ea7u v\u1ec1 ngu\u1ed3n nh\u00e2n l\u1ef1c \u0111\u1ec3 th\u1ef1c hi\u1ec7n hi\u1ec7u qu\u1ea3 c\u00e1c ch\u00ednh s\u00e1ch v\u00e0 ch\u01b0\u01a1ng tr\u00ecnh.<\/li>\n<li>Bi\u00ean so\u1ea1n v\u00e0 tr\u00ecnh b\u00e0y c\u00e1c b\u00e1o c\u00e1o, ng\u00e2n s\u00e1ch v\u00e0 k\u1ebf ho\u1ea1ch d\u1ef1 ki\u1ebfn \u200b\u200bcho c\u00e1c t\u1ed5 ch\u1ee9c h\u1ed9i \u0111\u1ed3ng qu\u1ea3n tr\u1ecb v\u00e0 c\u00e1c b\u00ean li\u00ean quan.<\/li>\n<li>X\u00e1c \u0111\u1ecbnh nh\u00e2n vi\u00ean c\u1ea5p cao v\u00e0 xem x\u00e9t c\u00e1c ch\u01b0\u01a1ng tr\u00ecnh, b\u00e1o c\u00e1o v\u00e0 khuy\u1ebfn ngh\u1ecb do \u0111\u1ed9i ng\u0169 qu\u1ea3n l\u00fd \u0111\u01b0a ra.<\/li>\n<li>\u0110\u1ea1i di\u1ec7n ch\u00ednh th\u1ee9c cho t\u1ed5 ch\u1ee9c trong c\u00e1c cu\u1ed9c \u0111\u00e0m ph\u00e1n, h\u1ed9i ngh\u1ecb, v.v.<\/li>\n<li>Gi\u00e1m s\u00e1t theo d\u00f5i v\u00e0 \u0111\u00e1nh gi\u00e1 vi\u1ec7c th\u1ef1c hi\u1ec7n c\u1ee7a t\u1ed5 ch\u1ee9c v\u1edbi c\u00e1c m\u1ee5c ti\u00eau.<\/li>\n<li>Nghi\u00ean c\u1ee9u lu\u1eadt ph\u00e1p v\u00e0 c\u00e1c quy \u0111\u1ecbnh li\u00ean quan li\u00ean quan \u0111\u1ebfn ho\u1ea1t \u0111\u1ed9ng c\u1ee7a t\u1ed5 ch\u1ee9c v\u00e0 \u0111\u1ea3m b\u1ea3o c\u00e1c ho\u1ea1t \u0111\u1ed9ng th\u1ef1c h\u00e0nh n\u1eb1m trong khu\u00f4n kh\u1ed5 lu\u1eadt ph\u00e1p.<\/li>\n<li>\u0110\u1eb7t ra c\u00e1c m\u1ee5c ti\u00eau, ch\u00ednh s\u00e1ch v\u00e0 chi\u1ebfn l\u01b0\u1ee3c v\u00e0 ch\u1ec9 \u0111\u1ea1o ho\u1ea1t \u0111\u1ed9ng t\u1ed5ng th\u1ec3 c\u1ee7a t\u1ed5 ch\u1ee9c.<\/li>\n<\/ul>\n<\/p><\/div><\/div><\/div>[vc_empty_space height=&#8221;30px&#8221;]<div class=\"shortcode-wrapper shortcode-icon-box clearfix\"><div class=\"feature-box alternative left-icon-box aligncenter\"><div class=\"feature-box-content\"><h4 class=\"bold\">K\u1ef9 n\u0103ng c\u1ea7n thi\u1ebft<\/h4><p>\n<ul>\n<li>C\u1ea7n c\u00f3 nh\u1eefng k\u1ef9 n\u0103ng t\u01b0\u01a1ng t\u1ef1 nh\u01b0 m\u1ed9t k\u1ebf to\u00e1n gi\u1ecfi: kh\u1ea3 n\u0103ng t\u1ed5 ch\u1ee9c, gi\u1ea3i quy\u1ebft v\u1ea5n \u0111\u1ec1 v\u00e0 s\u1eed d\u1ee5ng logic t\u1ed1t.<\/li>\n<li>K\u1ef9 n\u0103ng v\u1ec1 l\u00e3nh \u0111\u1ea1o v\u00e0 ph\u01b0\u01a1ng ph\u00e1p ti\u1ebfp c\u1eadn c\u00f4ng vi\u1ec7c ph\u00f9 h\u1ee3p.<\/li>\n<li>K\u1ef9 n\u0103ng t\u00e0i ch\u00ednh, c\u00f4ng ngh\u1ec7 v\u00e0 ph\u00e2n t\u00edch.<\/li>\n<li>Ph\u1ea3i truy\u1ec1n c\u1ea3m h\u1ee9ng, \u0111\u1ed9ng l\u1ef1c v\u00e0 h\u01b0\u1edbng d\u1eabn cho c\u00e1c nh\u00e0 l\u00e3nh \u0111\u1ea1o v\u00e0 qu\u1ea3n l\u00fd trong c\u00f4ng ty.<\/li>\n<li>K\u1ef9 n\u0103ng giao ti\u1ebfp, kh\u1ea3 n\u0103ng l\u00e3nh \u0111\u1ea1o, suy ngh\u0129 chi\u1ebfn l\u01b0\u1ee3c-ho\u1ea1ch \u0111\u1ecbnh, k\u1ef9 n\u0103ng qu\u1ea3n l\u00fd, ra quy\u1ebft \u0111\u1ecbnh.<\/li>\n<\/ul>\n<p><strong>Tr\u00ecnh \u0111\u1ed9: <\/strong><\/p>\n<ul>\n<li>\u0110\u1ea1i h\u1ecdc ng\u00e0nh qu\u1ea3n tr\u1ecb kinh doanh, ngu\u1ed3n nh\u00e2n l\u1ef1c, k\u1ebf to\u00e1n ho\u1eb7c t\u00e0i ch\u00ednh,..<\/li>\n<li>B\u1eb1ng c\u1ea5p trong l\u0129nh v\u1ef1c li\u00ean quan \u0111\u1ebfn Kinh doanh \/ T\u00e0i ch\u00ednh.<\/li>\n<li>B\u1eb1ng th\u1ea1c s\u0129 ho\u1eb7c b\u1eb1ng MBA l\u00e0 m\u1ed9t \u01b0u th\u1ebf.<\/li>\n<li>C\u00f3 kinh nghi\u1ec7m trong l\u0129nh v\u1ef1c k\u1ebf to\u00e1n.<\/li>\n<\/ul>\n<\/p><\/div><\/div><\/div>[\/vc_column_inner][\/vc_row_inner][\/vc_column][\/vc_row]\n<\/div>","protected":false},"excerpt":{"rendered":"<p>[vc_row top_margin=&#8221;0&#8243; bottom_margin=&#8221;0&#8243; css=&#8221;.vc_custom_1499912039446{margin-top: -30px !important;}&#8221;][vc_column][vc_row_inner][vc_column_inner][vc_empty_space height=&#8221;10px&#8221;][vc_empty_space height=&#8221;30px&#8221;][\/vc_column_inner][\/vc_row_inner][\/vc_column][\/vc_row]<\/p>\n","protected":false},"author":4,"featured_media":0,"parent":0,"menu_order":0,"comment_status":"closed","ping_status":"closed","template":"","meta":{"nf_dc_page":"","footnotes":""},"class_list":["post-10398","page","type-page","status-publish","hentry"],"_links":{"self":[{"href":"https:\/\/worknow.vn\/vi\/wp-json\/wp\/v2\/pages\/10398","targetHints":{"allow":["GET"]}}],"collection":[{"href":"https:\/\/worknow.vn\/vi\/wp-json\/wp\/v2\/pages"}],"about":[{"href":"https:\/\/worknow.vn\/vi\/wp-json\/wp\/v2\/types\/page"}],"author":[{"embeddable":true,"href":"https:\/\/worknow.vn\/vi\/wp-json\/wp\/v2\/users\/4"}],"replies":[{"embeddable":true,"href":"https:\/\/worknow.vn\/vi\/wp-json\/wp\/v2\/comments?post=10398"}],"version-history":[{"count":4,"href":"https:\/\/worknow.vn\/vi\/wp-json\/wp\/v2\/pages\/10398\/revisions"}],"predecessor-version":[{"id":11986,"href":"https:\/\/worknow.vn\/vi\/wp-json\/wp\/v2\/pages\/10398\/revisions\/11986"}],"wp:attachment":[{"href":"https:\/\/worknow.vn\/vi\/wp-json\/wp\/v2\/media?parent=10398"}],"curies":[{"name":"wp","href":"https:\/\/api.w.org\/{rel}","templated":true}]}}