{"id":10400,"date":"2022-08-09T07:23:15","date_gmt":"2022-08-09T07:23:15","guid":{"rendered":"https:\/\/worknow.vn\/secretary\/"},"modified":"2023-06-01T08:41:39","modified_gmt":"2023-06-01T08:41:39","slug":"thu-ky","status":"publish","type":"page","link":"https:\/\/worknow.vn\/vi\/thu-ky\/","title":{"rendered":"Th\u01b0 K\u00fd"},"content":{"rendered":"<div class=\"wpb-content-wrapper\">[vc_row top_margin=&#8221;0&#8243; bottom_margin=&#8221;0&#8243; css=&#8221;.vc_custom_1499912039446{margin-top: -30px !important;}&#8221;][vc_column]<div class=\"shortcode-wrapper shortcode-title clearfix hb-animate-element hb-fade-in\"><p style=\"color:#878787!important;border-color:#878787\" class=\"hb-text-large aligncenter\">Th\u01b0 K\u00fd<\/p><\/div>[vc_row_inner][vc_column_inner][vc_empty_space height=&#8221;10px&#8221;]<div class=\"shortcode-wrapper shortcode-icon-box clearfix\"><div class=\"feature-box alternative left-icon-box aligncenter\"><div class=\"feature-box-content\"><h4 class=\"bold\">M\u00f4 t\u1ea3 c\u00f4ng vi\u1ec7c<\/h4><p>Ch\u1ecbu tr\u00e1ch nhi\u1ec7m v\u1ec1 c\u00e1c nhi\u1ec7m v\u1ee5 l\u1eadp k\u1ebf ho\u1ea1ch, h\u00e0nh ch\u00ednh v\u00e0 t\u1ed5 ch\u1ee9c li\u00ean quan \u0111\u1ebfn vi\u1ec7c duy tr\u00ec m\u1ed9t t\u1ed5 ch\u1ee9c. Th\u01b0\u1eddng bao g\u1ed3m tr\u1ea3 l\u1eddi cu\u1ed9c g\u1ecdi \u0111i\u1ec7n tho\u1ea1i, g\u1eedi th\u01b0 t\u1eeb qua email, t\u1ed5 ch\u1ee9c cu\u1ed9c h\u1ecdp, l\u1eadp bi\u00ean b\u1ea3n cu\u1ed9c h\u1ecdp v\u00e0 \u0111i\u1ec1u ph\u1ed1i th\u00f4ng tin li\u00ean l\u1ea1c gi\u1eefa c\u00e1c v\u0103n ph\u00f2ng.<\/p><\/div><\/div><\/div>[vc_empty_space height=&#8221;30px&#8221;]<div class=\"shortcode-wrapper shortcode-icon-box clearfix\"><div class=\"feature-box alternative left-icon-box aligncenter\"><div class=\"feature-box-content\"><h4 class=\"bold\">Vai tr\u00f2 v\u00e0 tr\u00e1ch nhi\u1ec7m<\/h4><p>\n<ul>\n<li>Li\u00ean l\u1ea1c v\u1edbi kh\u00e1ch h\u00e0ng, nh\u00e0 cung c\u1ea5p v\u00e0 c\u00e1c nh\u00e2n vi\u00ean kh\u00e1c \u0111\u1ec3 l\u00ean l\u1ecbch v\u00e0 s\u1eeda \u0111\u1ed5i c\u00e1c cu\u1ed9c h\u1eb9n.<\/li>\n<li>Qu\u1ea3n l\u00fd th\u01b0 \u0111\u1ebfn v\u00e0 th\u01b0 \u0111i, v\u00e0 g\u1eedi th\u01b0 t\u1eeb.<\/li>\n<li>Th\u1ef1c hi\u1ec7n nhi\u1ec7m v\u1ee5 l\u1ec5 t\u00e2n, t\u1eeb tr\u1ea3 l\u1eddi \u0111i\u1ec7n tho\u1ea1i \u0111\u1ebfn chuy\u1ec3n h\u01b0\u1edbng ng\u01b0\u1eddi g\u1ecdi.<\/li>\n<li>S\u1eafp x\u1ebfp vi\u1ec7c \u0111i l\u1ea1i.<\/li>\n<li>Ch\u00e0o h\u1ecfi v\u00e0 h\u01b0\u1edbng d\u1eabn kh\u00e1ch h\u00e0ng v\u00e0 kh\u00e1ch tham quan.<\/li>\n<li>S\u1ed5 s\u00e1ch k\u1ebf to\u00e1n, ti\u1ec1n m\u1eb7t l\u1eb7t v\u1eb7t, \u0111\u1ed1i chi\u1ebfu v\u00e0 n\u1ed9p thu\u1ebf \u0111\u01a1n gi\u1ea3n.<\/li>\n<li>Ghi bi\u00ean b\u1ea3n t\u1ea1i c\u00e1c cu\u1ed9c h\u1ecdp.<\/li>\n<li>Chu\u1ea9n b\u1ecb t\u00f3m t\u1eaft, b\u00e1o c\u00e1o, ghi ch\u00fa t\u00f3m t\u1eaft v\u00e0 hi\u1ec7u \u0111\u00ednh c\u00e1c sai s\u00f3t.<\/li>\n<\/ul>\n<p>K\u1ef9 n\u0103ng c\u1ea7n thi\u1ebft<\/p>\n<ul>\n<li>K\u1ef9 n\u0103ng h\u00e0nh ch\u00ednh v\u0103n ph\u00f2ng<\/li>\n<li>K\u1ef9 n\u0103ng giao ti\u1ebfp b\u1eb1ng l\u1eddi n\u00f3i v\u00e0 v\u0103n b\u1ea3n.<\/li>\n<li>Kh\u1ea3 n\u0103ng vi\u1ebft l\u00e1ch t\u1ed1t<\/li>\n<li>K\u1ef9 n\u0103ng t\u1ed5 ch\u1ee9c, chu \u0111\u00e1o, c\u1ea9n tr\u1ecdng v\u00e0 t\u1ec9 m\u1ec9.<\/li>\n<li>Th\u00e2n thi\u1ec7n.<\/li>\n<li>C\u00f3 ki\u1ebfn th\u1ee9c v\u1ec1 m\u00e1y t\u00ednh v\u00e0 c\u00e1c ph\u1ea7n m\u1ec1n li\u00ean quan.<\/li>\n<\/ul>\n<p>Tr\u00ecnh \u0111\u1ed9 chuy\u00ean m\u00f4n: Qu\u1ea3n tr\u1ecb v\u0103n ph\u00f2ng ho\u1eb7c l\u0129nh v\u1ef1c li\u00ean quan<\/p><\/div><\/div><\/div>[\/vc_column_inner][\/vc_row_inner][\/vc_column][\/vc_row]\n<\/div>","protected":false},"excerpt":{"rendered":"<p>[vc_row top_margin=&#8221;0&#8243; bottom_margin=&#8221;0&#8243; css=&#8221;.vc_custom_1499912039446{margin-top: -30px !important;}&#8221;][vc_column][vc_row_inner][vc_column_inner][vc_empty_space height=&#8221;10px&#8221;][vc_empty_space height=&#8221;30px&#8221;][\/vc_column_inner][\/vc_row_inner][\/vc_column][\/vc_row]<\/p>\n","protected":false},"author":4,"featured_media":0,"parent":0,"menu_order":0,"comment_status":"closed","ping_status":"closed","template":"","meta":{"nf_dc_page":"","footnotes":""},"class_list":["post-10400","page","type-page","status-publish","hentry"],"_links":{"self":[{"href":"https:\/\/worknow.vn\/vi\/wp-json\/wp\/v2\/pages\/10400","targetHints":{"allow":["GET"]}}],"collection":[{"href":"https:\/\/worknow.vn\/vi\/wp-json\/wp\/v2\/pages"}],"about":[{"href":"https:\/\/worknow.vn\/vi\/wp-json\/wp\/v2\/types\/page"}],"author":[{"embeddable":true,"href":"https:\/\/worknow.vn\/vi\/wp-json\/wp\/v2\/users\/4"}],"replies":[{"embeddable":true,"href":"https:\/\/worknow.vn\/vi\/wp-json\/wp\/v2\/comments?post=10400"}],"version-history":[{"count":4,"href":"https:\/\/worknow.vn\/vi\/wp-json\/wp\/v2\/pages\/10400\/revisions"}],"predecessor-version":[{"id":12025,"href":"https:\/\/worknow.vn\/vi\/wp-json\/wp\/v2\/pages\/10400\/revisions\/12025"}],"wp:attachment":[{"href":"https:\/\/worknow.vn\/vi\/wp-json\/wp\/v2\/media?parent=10400"}],"curies":[{"name":"wp","href":"https:\/\/api.w.org\/{rel}","templated":true}]}}