{"id":10402,"date":"2022-09-19T08:02:05","date_gmt":"2022-09-19T08:02:05","guid":{"rendered":"https:\/\/worknow.vn\/assistant-translator\/"},"modified":"2023-06-01T09:15:49","modified_gmt":"2023-06-01T09:15:49","slug":"tro-ly-phien-dich","status":"publish","type":"page","link":"https:\/\/worknow.vn\/vi\/tro-ly-phien-dich\/","title":{"rendered":"Tr\u1ee3 L\u00fd Phi\u00ean D\u1ecbch"},"content":{"rendered":"<div class=\"wpb-content-wrapper\">[vc_row top_margin=&#8221;0&#8243; bottom_margin=&#8221;0&#8243; css=&#8221;.vc_custom_1499912039446{margin-top: -30px !important;}&#8221;][vc_column]<div class=\"shortcode-wrapper shortcode-title clearfix hb-animate-element hb-fade-in\"><p style=\"color:#878787!important;border-color:#878787\" class=\"hb-text-large aligncenter\">Tr\u1ee3 L\u00fd Phi\u00ean D\u1ecbch<\/p><\/div>[vc_row_inner][vc_column_inner][vc_empty_space height=&#8221;10px&#8221;]<div class=\"shortcode-wrapper shortcode-icon-box clearfix\"><div class=\"feature-box alternative left-icon-box aligncenter\"><div class=\"feature-box-content\"><h4 class=\"bold\">M\u00f4 t\u1ea3 c\u00f4ng vi\u1ec7c Tr\u1ee3 L\u00fd Phi\u00ean D\u1ecbch<\/h4><p>Tr\u1ee3 l\u00fd phi\u00ean d\u1ecbch c\u00f3 tr\u00e1ch nhi\u1ec7m th\u00f4ng qua vi\u1ec7c phi\u00ean d\u1ecbch t\u1ea1o \u0111i\u1ec1u ki\u1ec7n thu\u1eadn l\u1ee3i \u0111\u1ec3 giao ti\u1ebfp gi\u1eefa c\u00e1c n\u1ec1n v\u0103n h\u00f3a. B\u00ean c\u1ea1nh vi\u1ec7c \u0111\u01b0\u1ee3c l\u00e0m quen ho\u00e0n to\u00e0n v\u1edbi c\u00e1c quy tr\u00ecnh l\u00e0m vi\u1ec7c v\u00e0 k\u1ef9 n\u0103ng ho\u1ea1t \u0111\u1ed9ng c\u1ee7a c\u00f4ng ty. H\u1ecd ho\u00e0n to\u00e0n quen thu\u1ed9c v\u1edbi c\u00e1c s\u1ea3n ph\u1ea9m, s\u1ea3n xu\u1ea5t, h\u1ec7 th\u1ed1ng ch\u1ea5t l\u01b0\u1ee3ng v\u00e0 c\u00e1c ki\u1ebfn \u200b\u200bth\u1ee9c li\u00ean quan kh\u00e1c c\u1ee7a c\u00f4ng ty. C\u00f4ng vi\u1ec7c n\u00e0y s\u1ebd thu h\u00fat m\u1ed9t ng\u01b0\u1eddi n\u0103ng \u0111\u1ed9ng, c\u00f3 th\u1ec3 l\u00e0m vi\u1ec7c theo s\u00e1ng ki\u1ebfn \u200b\u200bc\u1ee7a ri\u00eang h\u1ecd v\u00e0 ng\u01b0\u1eddi r\u1ea5t ch\u00fa \u00fd \u0111\u1ebfn t\u1eebng chi ti\u1ebft. \u0110i\u1ec1u l\u00fd t\u01b0\u1edfng nh\u1ea5t l\u00e0 c\u00e1 nh\u00e2n ph\u00f9 h\u1ee3p v\u1edbi v\u1ecb tr\u00ed n\u00e0y s\u1ebd l\u00e0 ng\u01b0\u1eddi l\u00e0m vi\u1ec7c trong m\u00f4i tr\u01b0\u1eddng v\u0103n ph\u00f2ng v\u00e0 c\u00f3 kinh nghi\u1ec7m l\u00e0m vi\u1ec7c h\u00e0nh ch\u00ednh tr\u01b0\u1edbc \u0111\u00e2y. Tr\u1ee3 l\u00fd phi\u00ean d\u1ecbch s\u1ebd c\u1ea7n ph\u1ea3i linh ho\u1ea1t, t\u1ef1 tin, ch\u1ee7 \u0111\u1ed9ng v\u00e0 c\u00f3 th\u1ec3 l\u00e0m vi\u1ec7c v\u1edbi c\u00e1c c\u01a1 quan ch\u00ednh ph\u1ee7.<\/p><\/div><\/div><\/div><div class=\"shortcode-wrapper shortcode-icon-box clearfix\"><div class=\"feature-box alternative left-icon-box aligncenter\"><div class=\"feature-box-content\"><p><\/p><\/div><\/div><\/div>[vc_empty_space height=&#8221;30px&#8221;]<div class=\"shortcode-wrapper shortcode-icon-box clearfix\"><div class=\"feature-box alternative left-icon-box aligncenter\"><div class=\"feature-box-content\"><h4 class=\"bold\">Nhi\u1ec7m v\u1ee5 chung c\u1ee7a Tr\u1ee3 L\u00fd Phi\u00ean D\u1ecbch<\/h4><p>Nhi\u1ec7m v\u1ee5 v\u00e0 Tr\u00e1ch nhi\u1ec7m:<\/p>\n<ul>\n<li>D\u1ecbch t\u00e0i li\u1ec7u vi\u1ebft ho\u1eb7c t\u1eeb ti\u1ebfng Serbia, Ph\u00e1p, Anh v\u00e0 Trung Qu\u1ed1c\u2026 t\u1ea1o ra v\u00e0 \u0111\u1ecbnh d\u1ea1ng m\u1ed9t v\u0103n b\u1ea3n m\u1edbi b\u1eb1ng ng\u00f4n ng\u1eef m\u1edbi b\u1eb1ng c\u00e1ch sao ch\u00e9p n\u1ed9i dung v\u00e0 phong c\u00e1ch c\u1ee7a v\u0103n b\u1ea3n g\u1ed1c.<\/li>\n<li>R\u00e0 so\u00e1t, ch\u1ec9nh s\u1eeda v\u00e0 s\u1eeda l\u1ea1i c\u00e1c t\u00e0i li\u1ec7u \u0111\u00e3 d\u1ecbch \u0111\u1ec3 di\u1ec5n t\u1ea3 ch\u00ednh x\u00e1c ng\u00f4n ng\u1eef \u0111\u00edch.<\/li>\n<li>\u0110i c\u00f9ng l\u00e3nh \u0111\u1ea1o tham d\u1ef1 nhi\u1ec1u cu\u1ed9c h\u1ecdp, bu\u1ed5i l\u1ec5, v.v. v\u00e0 phi\u00ean d\u1ecbch cho h\u1ecd.<\/li>\n<li>Ch\u1ecbu tr\u00e1ch nhi\u1ec7m bi\u00ean so\u1ea1n t\u00f3m t\u1eaft c\u00e1c cu\u1ed9c h\u1ecdp c\u1ee7a l\u00e3nh \u0111\u1ea1o, theo d\u00f5i v\u00e0 th\u1ef1c hi\u1ec7n k\u1ebft lu\u1eadn.<\/li>\n<li>T\u1ea1o \u0111i\u1ec1u ki\u1ec7n giao ti\u1ebfp cho nh\u1eefng ng\u01b0\u1eddi c\u00f3 tr\u00ecnh \u0111\u1ed9 ngo\u1ea1i ng\u1eef th\u1ea5p.<\/li>\n<li>D\u1ecbch v\u00e0 gi\u1ea3i th\u00edch ch\u00ednh x\u00e1c c\u00e1c thu\u1eadt ng\u1eef ph\u00e1p l\u00fd, kinh t\u1ebf, khoa h\u1ecdc, c\u00f4ng ngh\u1ec7 k\u1ec3 c\u1ea3 ng\u00f4n ng\u1eef th\u01b0\u1eddng ng\u00e0y.<\/li>\n<li>Ki\u1ec3m tra b\u1ea3n d\u1ecbch c\u00e1c thu\u1eadt ng\u1eef k\u1ef9 thu\u1eadt v\u00e0 thu\u1eadt ng\u1eef chuy\u00ean ng\u00e0nh \u0111\u1ec3 \u0111\u1ea3m b\u1ea3o r\u1eb1ng ch\u00fang ch\u00ednh x\u00e1c v\u00e0 duy tr\u00ec s\u1ef1 th\u1ed1ng nh\u1ea5t trong su\u1ed1t c\u00e1c l\u1ea7n s\u1eeda \u0111\u1ed5i b\u1ea3n d\u1ecbch.<\/li>\n<li>Duy tr\u00ec trau d\u1ed3i c\u00e1c thu\u1eadt ng\u1eef chuy\u00ean ng\u00e0nh v\u00e0 th\u00f4ng tin \u0111\u01b0\u1ee3c s\u1eed d\u1ee5ng trong c\u00e1c b\u1ea3n d\u1ecbch, bao g\u1ed3m c\u00e1c thu\u1eadt ng\u1eef c\u1ee5 th\u1ec3 nh\u01b0 thu\u1eadt ng\u1eef ng\u00e0nh c\u00f4ng nghi\u1ec7p, k\u1ef9 thu\u1eadt, ph\u00e1p l\u00fd ho\u1eb7c t\u00e0i li\u1ec7u kh\u00e1c.<\/li>\n<li>Cung c\u1ea5p d\u1ecbch v\u1ee5 ch\u1ea5t l\u01b0\u1ee3ng cao cho c\u00e1c gi\u00e1m \u0111\u1ed1c b\u1ed9 ph\u1eadn, c\u00f3 th\u1ec3 bao g\u1ed3m vi\u1ec7c tr\u1edf th\u00e0nh ng\u01b0\u1eddi li\u00ean h\u1ec7 gi\u1eefa c\u00e1c b\u1ed9 ph\u1eadn v\u00e0 qu\u1ea3n l\u00fd th\u00f4ng tin li\u00ean l\u1ea1c cho c\u00e1c ph\u00f2ng ban.<\/li>\n<li>\u0110\u1ecdc h\u00e0ng ng\u00e0y c\u00e1c b\u00e1o c\u00e1o tin t\u1ee9c c\u00f3 li\u00ean quan, chau chu\u1ed1t c\u00e1c b\u00e1o c\u00e1o v\u0103n b\u1ea3n cho l\u00e3nh \u0111\u1ea1o v\u1ec1 c\u00e1c th\u00f4ng tin li\u00ean quan \u0111\u1ebfn c\u00f4ng ty.<\/li>\n<li>Th\u1ef1c hi\u1ec7n c\u00e1c s\u1eafp x\u1ebfp kh\u00e1c, \u0111i\u1ec1u ph\u1ed1i v\u00e0 h\u1ed7 tr\u1ee3 c\u00f4ng vi\u1ec7c cho c\u00e1c nhi\u1ec7m v\u1ee5 h\u00e0nh ch\u00ednh kh\u00e1c c\u1ee7a l\u00e3nh \u0111\u1ea1o.<\/li>\n<li>M\u1edf r\u1ed9ng ki\u1ebfn \u200b\u200bth\u1ee9c v\u1ec1 nhi\u1ec1u kh\u00eda c\u1ea1nh kh\u00e1c nhau li\u00ean quan \u0111\u1ebfn c\u00f4ng ty, ph\u01b0\u01a1ng ph\u00e1p qu\u1ea3n l\u00fd chu tr\u00ecnh PDCA v\u00e0 n\u00e2ng cao c\u00e1c ti\u00eau chu\u1ea9n c\u00e1 nh\u00e2n.<\/li>\n<\/ul>\n<\/p><\/div><\/div><\/div>[\/vc_column_inner][\/vc_row_inner][\/vc_column][\/vc_row]\n<\/div>","protected":false},"excerpt":{"rendered":"<p>[vc_row top_margin=&#8221;0&#8243; bottom_margin=&#8221;0&#8243; css=&#8221;.vc_custom_1499912039446{margin-top: -30px !important;}&#8221;][vc_column][vc_row_inner][vc_column_inner][vc_empty_space height=&#8221;10px&#8221;][vc_empty_space height=&#8221;30px&#8221;][\/vc_column_inner][\/vc_row_inner][\/vc_column][\/vc_row]<\/p>\n","protected":false},"author":4,"featured_media":0,"parent":0,"menu_order":0,"comment_status":"closed","ping_status":"closed","template":"","meta":{"nf_dc_page":"","footnotes":""},"class_list":["post-10402","page","type-page","status-publish","hentry"],"_links":{"self":[{"href":"https:\/\/worknow.vn\/vi\/wp-json\/wp\/v2\/pages\/10402","targetHints":{"allow":["GET"]}}],"collection":[{"href":"https:\/\/worknow.vn\/vi\/wp-json\/wp\/v2\/pages"}],"about":[{"href":"https:\/\/worknow.vn\/vi\/wp-json\/wp\/v2\/types\/page"}],"author":[{"embeddable":true,"href":"https:\/\/worknow.vn\/vi\/wp-json\/wp\/v2\/users\/4"}],"replies":[{"embeddable":true,"href":"https:\/\/worknow.vn\/vi\/wp-json\/wp\/v2\/comments?post=10402"}],"version-history":[{"count":6,"href":"https:\/\/worknow.vn\/vi\/wp-json\/wp\/v2\/pages\/10402\/revisions"}],"predecessor-version":[{"id":12067,"href":"https:\/\/worknow.vn\/vi\/wp-json\/wp\/v2\/pages\/10402\/revisions\/12067"}],"wp:attachment":[{"href":"https:\/\/worknow.vn\/vi\/wp-json\/wp\/v2\/media?parent=10402"}],"curies":[{"name":"wp","href":"https:\/\/api.w.org\/{rel}","templated":true}]}}