{"id":10404,"date":"2022-09-19T08:04:17","date_gmt":"2022-09-19T08:04:17","guid":{"rendered":"https:\/\/worknow.vn\/freelancer-translator\/"},"modified":"2023-06-01T09:15:49","modified_gmt":"2023-06-01T09:15:49","slug":"phien-dich-tu-do","status":"publish","type":"page","link":"https:\/\/worknow.vn\/vi\/phien-dich-tu-do\/","title":{"rendered":"Phi\u00ean D\u1ecbch T\u1ef1 Do"},"content":{"rendered":"<div class=\"wpb-content-wrapper\">[vc_row top_margin=&#8221;0&#8243; bottom_margin=&#8221;0&#8243; css=&#8221;.vc_custom_1499912039446{margin-top: -30px !important;}&#8221;][vc_column]<div class=\"shortcode-wrapper shortcode-title clearfix hb-animate-element hb-fade-in\"><p style=\"color:#878787!important;border-color:#878787\" class=\"hb-text-large aligncenter\">Phi\u00ean D\u1ecbch T\u1ef1 Do<\/p><\/div>[vc_row_inner][vc_column_inner][vc_empty_space height=&#8221;10px&#8221;]<div class=\"shortcode-wrapper shortcode-icon-box clearfix\"><div class=\"feature-box alternative left-icon-box aligncenter\"><div class=\"feature-box-content\"><h4 class=\"bold\">M\u00f4 t\u1ea3 c\u00f4ng vi\u1ec7c Phi\u00ean D\u1ecbch T\u1ef1 Do<\/h4><p>Phi\u00ean d\u1ecbch t\u1ef1 do l\u00e0 nh\u1eefng chuy\u00ean gia l\u00e0m vi\u1ec7c t\u1ef1 do, c\u00f4ng vi\u1ec7c c\u1ee7a h\u1ecd l\u00e0 chuy\u1ec3n \u0111\u1ed5i t\u00e0i li\u1ec7u t\u1eeb ng\u00f4n ng\u1eef n\u00e0y sang ng\u00f4n ng\u1eef kh\u00e1c. H\u1ecd c\u1ea7n \u0111\u1ea3m b\u1ea3o b\u1ea3n d\u1ecbch n\u00e0y \u0111\u01b0\u1ee3c d\u1ecbch c\u00f9ng \u00fd ngh\u0129a v\u1edbi b\u1ea3n g\u1ed1c. Ng\u01b0\u1eddi phi\u00ean d\u1ecbch c\u00f3 th\u1ec3 chuy\u00ean v\u1ec1 nhi\u1ec1u lo\u1ea1i t\u00e0i li\u1ec7u kh\u00e1c nhau nh\u01b0: khoa h\u1ecdc, th\u01b0\u01a1ng m\u1ea1i, ph\u00e1p l\u00fd, k\u1ef9 thu\u1eadt ho\u1eb7c v\u0103n h\u1ecdc. H\u1ed3 s\u01a1 c\u1ee7a phi\u00ean d\u1ecbch t\u1ef1 do th\u00e0nh c\u00f4ng n\u00eau l\u00ean kh\u1ea3 n\u0103ng gi\u1ecfi n\u1ed5i b\u1eadt \u00edt nh\u1ea5t hai ng\u00f4n ng\u1eef, s\u1ef1 ch\u00ednh x\u00e1c cao, t\u00ednh s\u00e1ng t\u1ea1o, \u0111\u00fang h\u1ea1n, k\u1ef9 n\u0103ng c\u00f4ng ngh\u1ec7 th\u00f4ng tin v\u00e0 k\u1ef9 n\u0103ng giao ti\u1ebfp b\u1eb1ng v\u0103n b\u1ea3n t\u1ed1t. D\u1ef1a v\u00e0o m\u1eabu th\u00f4ng tin, h\u1ea7u h\u1ebft c\u00e1c Bi\u00ean d\u1ecbch vi\u00ean \u0111\u1ec1u c\u00f3 b\u1eb1ng ngo\u1ea1i ng\u1eef v\u00e0 c\u00e1c ch\u1ee9ng ch\u1ec9 d\u1ecbch thu\u1eadt kh\u00e1c.<\/p><\/div><\/div><\/div>[vc_empty_space height=&#8221;30px&#8221;]<div class=\"shortcode-wrapper shortcode-icon-box clearfix\"><div class=\"feature-box alternative left-icon-box aligncenter\"><div class=\"feature-box-content\"><h4 class=\"bold\">Nhi\u1ec7m v\u1ee5 ch\u00ednh c\u1ee7a Phi\u00ean D\u1ecbch T\u1ef1 Do<\/h4><p>M\u1ed9t s\u1ed1 nh\u1eefng k\u1ef9 n\u0103ng c\u1ea7n thi\u1ebft:<\/p>\n<ul>\n<li>C\u00f3 k\u1ef9 n\u0103ng giao ti\u1ebfp n\u00f3i v\u00e0 v\u0103n b\u1ea3n xu\u1ea5t s\u1eafc<\/li>\n<li>C\u00f3 hi\u1ec3u bi\u1ebft s\u00e2u r\u1ed9ng v\u1ec1 ng\u1eef ph\u00e1p<\/li>\n<li>C\u00f3 ki\u1ebfn \u200b\u200bth\u1ee9c v\u1eefng ch\u1eafc v\u1ec1 c\u00e1c l\u0129nh v\u1ef1c c\u1ee5 th\u1ec3<\/li>\n<li>Kh\u1ea3 n\u0103ng giao ti\u1ebfp gi\u1eefa c\u00e1c c\u00e1 nh\u00e2n<\/li>\n<li>\u0110\u1ed9 ch\u00ednh x\u00e1c trong b\u1ea3n d\u1ecbch l\u00e0 \u0111i\u1ec1u b\u1eaft bu\u1ed9c<\/li>\n<li>C\u00f3 th\u1ec3 ch\u00fa \u00fd \u0111\u1ebfn c\u00e1c chi ti\u1ebft<\/li>\n<li>S\u1eed d\u1ee5ng th\u00e0nh th\u1ea1o c\u00e1c c\u00f4ng c\u1ee5 ph\u1ea7n m\u1ec1m li\u00ean quan \u0111\u1ebfn c\u00e1c c\u00f4ng vi\u1ec7c.<\/li>\n<li>Ph\u1ea3i n\u0103ng \u0111\u1ed9ng<\/li>\n<li>C\u00f3 kh\u1ea3 n\u0103ng \u0111\u00fang h\u1ea1n v\u00e0 c\u00f3 th\u1ec3 l\u00e0m vi\u1ec7c d\u01b0\u1edbi \u00e1p l\u1ef1c<\/li>\n<li>Kh\u1ea3 n\u0103ng bi\u00ean so\u1ea1n th\u00f4ng tin th\u00e0nh thu\u1eadt ng\u1eef v\u00e0 b\u1ea3ng ch\u00fa gi\u1ea3i thu\u1eadt ng\u1eef tr\u01b0\u1edbc th\u1eddi h\u1ea1n<\/li>\n<li>C\u00f3 th\u1ec3 n\u00f3i gi\u1ecdng \u0111i\u1ec7u v\u00e0 phong c\u00e1ch c\u1ee7a ng\u00f4n ng\u1eef g\u1ed1c<\/li>\n<li>B\u00e1o c\u00e1o th\u00f4ng tin \u0111\u00e3 n\u00f3i m\u1ed9t c\u00e1ch r\u00f5 r\u00e0ng, ch\u00ednh x\u00e1c v\u00e0 nhanh ch\u00f3ng<\/li>\n<li>C\u00f3 kh\u1ea3 n\u0103ng t\u1eadp trung khi ng\u01b0\u1eddi kh\u00e1c \u0111ang di chuy\u1ec3n ho\u1eb7c n\u00f3i chuy\u1ec7n xung quanh<\/li>\n<li>C\u00f3 c\u00e1c k\u1ef9 n\u0103ng kinh doanh t\u1ed5ng qu\u00e1t \u0111\u1ec3 qu\u1ea3n l\u00fd s\u1ef1 nghi\u1ec7p v\u00e0 t\u00e0i ch\u00ednh th\u00e0nh c\u00f4ng<\/li>\n<li>Ph\u1ea3i nh\u1ea1y b\u00e9n v\u1edbi nh\u1eefng t\u00edn ng\u01b0\u1ee1ng v\u00e0 s\u1ef1 kh\u00e1c bi\u1ec7t v\u1ec1 v\u0103n h\u00f3a gi\u1eefa c\u00e1c kh\u00e1ch h\u00e0ng<\/li>\n<li>Phi\u00ean d\u1ecbch ng\u00f4n ng\u1eef k\u00fd hi\u1ec7u ph\u1ea3i c\u00f3 kh\u1ea3 n\u0103ng th\u1ef1c hi\u1ec7n c\u00e1c chuy\u1ec3n \u0111\u1ed9ng nhanh c\u1ee7a b\u00e0n tay, c\u00e1nh tay v\u00e0 ng\u00f3n tay<\/li>\n<li>Kh\u1ea3 n\u0103ng l\u1eafng nghe c\u1ea9n th\u1eadn khi phi\u00ean d\u1ecbch cho kh\u00e1n gi\u1ea3 \u0111\u1ec3 \u0111\u1ea3m b\u1ea3o h\u1ecd nghe v\u00e0 hi\u1ec3u ch\u00ednh x\u00e1c<\/li>\n<li>Kh\u1ea3 n\u0103ng v\u01b0\u1ee3t tr\u1ed9i \u0111\u1ec3 n\u00f3i r\u00f5 r\u00e0ng c\u00e1c ng\u00f4n ng\u1eef \u0111\u01b0\u1ee3c d\u1ecbch t\u1eeb v\u00e0 d\u1ecbch sang.<\/li>\n<\/ul>\n<p>Nhi\u1ec7m v\u1ee5 v\u00e0 Tr\u00e1ch nhi\u1ec7m:<\/p>\n<ul>\n<li>Nghe ho\u1eb7c \u0111\u1ecdc qua t\u00e0i li\u1ec7u<\/li>\n<li>Hi\u1ec3u ng\u1eef c\u1ea3nh v\u00e0 \u00fd ngh\u0129a c\u1ee7a t\u00e0i li\u1ec7u<\/li>\n<li>Chuy\u1ec3n \u0111\u1ed5i t\u00e0i li\u1ec7u sang ng\u00f4n ng\u1eef th\u1ee9 hai m\u00e0 v\u1eabn gi\u1eef nguy\u00ean \u00fd ngh\u0129a ban \u0111\u1ea7u<\/li>\n<li>D\u1ecbch video, tr\u1ef1c tuy\u1ebfn v\u00e0 ph\u01b0\u01a1ng ti\u1ec7n truy\u1ec1n h\u00ecnh b\u1eb1ng c\u00e1ch cung c\u1ea5p ph\u1ee5 \u0111\u1ec1<\/li>\n<li>H\u1ee3p t\u00e1c v\u1edbi c\u00e1c chuy\u00ean gia v\u1ec1 ch\u1ee7 \u0111\u1ec1 v\u00e0 c\u00e1c \u0111\u1ed3ng nghi\u1ec7p kh\u00e1c \u0111\u1ec3 hi\u1ec3u c\u00e1c v\u0103n b\u1ea3n k\u1ef9 thu\u1eadt<\/li>\n<li>D\u1ecbch t\u00e0i li\u1ec7u m\u1ed9t c\u00e1ch ch\u00ednh x\u00e1c<\/li>\n<li>S\u1eed d\u1ee5ng c\u00e1c c\u00f4ng c\u1ee5 d\u1ecbch tr\u1ef1c tuy\u1ebfn \u0111\u1ec3 \u0111\u01b0\u1ee3c h\u1ed7 tr\u1ee3 th\u00eam v\u1ec1 d\u1ecbch thu\u1eadt<\/li>\n<li>Cung c\u1ea5p cho kh\u00e1ch h\u00e0ng c\u00e1c b\u00e1o gi\u00e1 d\u1ef1a tr\u00ean m\u1ee9c \u0111\u1ed9 ph\u1ee9c t\u1ea1p v\u00e0 \u0111\u1ed9 d\u00e0i c\u1ee7a d\u1ef1 \u00e1n<\/li>\n<li>Theo d\u00f5i v\u1edbi kh\u00e1ch h\u00e0ng \u0111\u1ec3 \u0111\u1ea3m b\u1ea3o s\u1ef1 hi\u1ec3u bi\u1ebft v\u00e0 s\u1ef1 h\u00e0i l\u00f2ng<\/li>\n<li>S\u1eed d\u1ee5ng ph\u1ea7n m\u1ec1m d\u1ecbch thu\u1eadt chuy\u00ean bi\u1ec7t cao \u0111\u1ec3 khuy\u1ebfn kh\u00edch hi\u1ec7u qu\u1ea3 v\u00e0 t\u00ednh nh\u1ea5t qu\u00e1n<\/li>\n<li>Tu\u00e2n theo c\u00e1c ti\u00eau chu\u1ea9n ch\u1ea5t l\u01b0\u1ee3ng ng\u00e0nh do Hi\u1ec7p h\u1ed9i c\u00e1c c\u00f4ng ty d\u1ecbch thu\u1eadt thi\u1ebft l\u1eadp<\/li>\n<li>D\u1ecbch c\u00e1c t\u00e0i li\u1ec7u kh\u00e1c nhau, bao g\u1ed3m t\u00e0i li\u1ec7u v\u0103n h\u1ecdc, k\u1ef9 thu\u1eadt, khoa h\u1ecdc, ph\u00e1p l\u00fd, nghi\u00ean c\u1ee9u, gi\u00e1o d\u1ee5c v\u00e0 th\u01b0\u01a1ng m\u1ea1i.<\/li>\n<\/ul>\n<\/p><\/div><\/div><\/div>[\/vc_column_inner][\/vc_row_inner][\/vc_column][\/vc_row]\n<\/div>","protected":false},"excerpt":{"rendered":"<p>[vc_row top_margin=&#8221;0&#8243; bottom_margin=&#8221;0&#8243; css=&#8221;.vc_custom_1499912039446{margin-top: -30px !important;}&#8221;][vc_column][vc_row_inner][vc_column_inner][vc_empty_space height=&#8221;10px&#8221;][vc_empty_space height=&#8221;30px&#8221;][\/vc_column_inner][\/vc_row_inner][\/vc_column][\/vc_row]<\/p>\n","protected":false},"author":4,"featured_media":0,"parent":0,"menu_order":0,"comment_status":"closed","ping_status":"closed","template":"","meta":{"nf_dc_page":"","footnotes":""},"class_list":["post-10404","page","type-page","status-publish","hentry"],"_links":{"self":[{"href":"https:\/\/worknow.vn\/vi\/wp-json\/wp\/v2\/pages\/10404","targetHints":{"allow":["GET"]}}],"collection":[{"href":"https:\/\/worknow.vn\/vi\/wp-json\/wp\/v2\/pages"}],"about":[{"href":"https:\/\/worknow.vn\/vi\/wp-json\/wp\/v2\/types\/page"}],"author":[{"embeddable":true,"href":"https:\/\/worknow.vn\/vi\/wp-json\/wp\/v2\/users\/4"}],"replies":[{"embeddable":true,"href":"https:\/\/worknow.vn\/vi\/wp-json\/wp\/v2\/comments?post=10404"}],"version-history":[{"count":6,"href":"https:\/\/worknow.vn\/vi\/wp-json\/wp\/v2\/pages\/10404\/revisions"}],"predecessor-version":[{"id":12068,"href":"https:\/\/worknow.vn\/vi\/wp-json\/wp\/v2\/pages\/10404\/revisions\/12068"}],"wp:attachment":[{"href":"https:\/\/worknow.vn\/vi\/wp-json\/wp\/v2\/media?parent=10404"}],"curies":[{"name":"wp","href":"https:\/\/api.w.org\/{rel}","templated":true}]}}