{"id":10407,"date":"2022-09-19T08:07:19","date_gmt":"2022-09-19T08:07:19","guid":{"rendered":"https:\/\/worknow.vn\/copywriter-1\/"},"modified":"2023-06-01T09:15:42","modified_gmt":"2023-06-01T09:15:42","slug":"viet-bai-vien","status":"publish","type":"page","link":"https:\/\/worknow.vn\/vi\/viet-bai-vien\/","title":{"rendered":"Vi\u1ebft B\u00e0i Vi\u00ean"},"content":{"rendered":"<div class=\"wpb-content-wrapper\">[vc_row top_margin=&#8221;0&#8243; bottom_margin=&#8221;0&#8243; css=&#8221;.vc_custom_1499912039446{margin-top: -30px !important;}&#8221;][vc_column]<div class=\"shortcode-wrapper shortcode-title clearfix hb-animate-element hb-fade-in\"><p style=\"color:#878787!important;border-color:#878787\" class=\"hb-text-large aligncenter\">Vi\u1ebft B\u00e0i Vi\u00ean<\/p><\/div>[vc_row_inner][vc_column_inner][vc_empty_space height=&#8221;10px&#8221;]<div class=\"shortcode-wrapper shortcode-icon-box clearfix\"><div class=\"feature-box alternative left-icon-box aligncenter\"><div class=\"feature-box-content\"><h4 class=\"bold\">M\u00f4 t\u1ea3 c\u00f4ng vi\u1ec7c Vi\u1ebft B\u00e0i Vi\u00ean<\/h4><p>Vi\u1ebft b\u00e0i vi\u00ean l\u00e0 ng\u01b0\u1eddi chuy\u00ean vi\u1ebft nh\u1eefng b\u1ea3n sao r\u00f5 r\u00e0ng, s\u00fac t\u00edch cho c\u00e1c qu\u1ea3ng c\u00e1o v\u00e0 c\u00e1c t\u00e0i li\u1ec7u ti\u1ebfp th\u1ecb. H\u1ecd l\u00e0m vi\u1ec7c g\u1eafn k\u1ebft c\u00f9ng v\u1edbi c\u00e1c nh\u00e0 thi\u1ebft k\u1ebf web v\u00e0 \u0111\u1ed3 h\u1ecda \u0111\u1ec3 \u0111\u1ea3m b\u1ea3o th\u00f4ng \u0111i\u1ec7p c\u1ee7a h\u1ecd r\u00f5 r\u00e0ng, cho d\u00f9 trong h\u1ed9p th\u01b0 email hay l\u00e0 trang giao di\u1ec7n web.<br \/>\nM\u1ed9t qu\u1ea3ng c\u00e1o v\u1eeba \u0111\u00e1ng nh\u1edb v\u1eeba h\u00e0i h\u01b0\u1edbc. M\u1ed9t trang web d\u1ec5 \u0111\u1ecdc c\u0169ng s\u1ebd d\u1ec5 cung c\u1ea5p th\u00f4ng tin. M\u1ed9t t\u1eadp t\u00e0i li\u1ec7u m\u00e0 b\u1ea1n mu\u1ed1n gi\u1eef l\u1ea1i v\u00e0 c\u1ea5t \u0111i, thay v\u00ec v\u1ee9t \u0111i. V\u1edbi nh\u1eefng c\u00f4ng c\u1ee5 n\u00e0y, vi\u1ebft b\u00e0i vi\u00ean c\u00f3 th\u1ec3 khi\u1ebfn b\u1ea1n c\u01b0\u1eddi, kh\u00f3c, thay \u0111\u1ed5i suy ngh\u0129 v\u00e0 truy\u1ec1n c\u1ea3m h\u1ee9ng cho nh\u1eefng h\u00e0nh \u0111\u1ed9ng \u2014 t\u1ea5t c\u1ea3 ch\u1ec9 trong 10 t\u1eeb ho\u1eb7c \u00edt h\u01a1n. Nh\u1eefng ng\u01b0\u1eddi vi\u1ebft qu\u1ea3ng c\u00e1o gi\u1ecfi s\u1ebd \u0111\u01b0a ng\u01b0\u1eddi \u0111\u1ecdc v\u00e0o m\u1ed9t cu\u1ed9c h\u00e0nh tr\u00ecnh nh\u00e2n v\u0103n mang t\u00ednh gi\u00e1o d\u1ee5c.<br \/>\nVi\u1ebft b\u00e0i vi\u00ean l\u00e0m vi\u1ec7c cho c\u00e1c c\u01a1 quan (v\u00ed d\u1ee5: c\u01a1 quan ti\u1ebfp th\u1ecb ho\u1eb7c qu\u1ea3ng c\u00e1o) ho\u1eb7c l\u00e0m vi\u1ec7c tr\u1ef1c ti\u1ebfp v\u1edbi c\u00e1c t\u1ed5 ch\u1ee9c, bao g\u1ed3m c\u00e1c c\u00f4ng ty t\u01b0 nh\u00e2n, t\u1ed5 ch\u1ee9c phi l\u1ee3i nhu\u1eadn v\u00e0 th\u1eadm ch\u00ed c\u1ea3 ch\u00ednh ph\u1ee7. H\u00e0ng ng\u00e0y, vi\u1ebft b\u00e0i vi\u00ean \u0111\u01b0\u1ee3c giao nhi\u1ec7m v\u1ee5 vi\u1ebft r\u00f5 r\u00e0ng v\u00e0 ng\u1eafn g\u1ecdn b\u1ea3n sao cho c\u00e1c qu\u1ea3ng c\u00e1o, t\u00e0i li\u1ec7u ti\u1ebfp th\u1ecb v\u00e0 trang web, cho h\u1ea7u h\u1ebft m\u1ecdi \u0111\u1ed1i t\u01b0\u1ee3ng v\u00e0 b\u1ea5t k\u1ef3 ng\u00e0nh n\u00e0o.<\/p><\/div><\/div><\/div>[vc_empty_space height=&#8221;30px&#8221;]<div class=\"shortcode-wrapper shortcode-icon-box clearfix\"><div class=\"feature-box alternative left-icon-box aligncenter\"><div class=\"feature-box-content\"><h4 class=\"bold\">Nhi\u1ec7m v\u1ee5 ch\u00ednh c\u1ee7a Vi\u1ebft B\u00e0i Vi\u00ean<\/h4><p>M\u1ed9t s\u1ed1 nh\u1eefng k\u1ef9 n\u0103ng c\u1ea7n thi\u1ebft:<br \/>\n\u2022 Ki\u1ebfn th\u1ee9c v\u1ec1 chi\u1ebfn l\u01b0\u1ee3c v\u00e0 s\u00e1ng t\u1ea1o n\u1ed9i dung tr\u1ef1c tuy\u1ebfn<br \/>\n\u2022 K\u1ef9 n\u0103ng vi\u1ebft, ch\u1ec9nh s\u1eeda v\u00e0 \u0111\u1ecdc ki\u1ec3m t\u1ed1t.<br \/>\n\u2022 C\u00f3 kinh nghi\u1ec7m v\u1ec1 SEO<br \/>\n\u2022 K\u1ef9 n\u0103ng nghi\u00ean c\u1ee9u gi\u1ecfi<br \/>\n\u2022 S\u00e1ng t\u1ea1o<br \/>\n\u2022 Tinh th\u1ea7n h\u1ee3p t\u00e1c<br \/>\nNhi\u1ec7m v\u1ee5 v\u00e0 Tr\u00e1ch nhi\u1ec7m:<br \/>\n\u2022 Di\u1ec5n gi\u1ea3i t\u1ed5ng qu\u00e1t m\u1ed9t c\u00e1ch s\u00e1ng t\u1ea1o \u0111\u1ec3 ph\u00e1t tri\u1ec3n v\u00e0 \u0111\u01b0a ra c\u00e1c \u00fd t\u01b0\u1edfng s\u00e1ng t\u1ea1o th\u00f4ng qua th\u1ef1c hi\u1ec7n c\u00e1c th\u01b0\u01a1ng hi\u1ec7u \u0111\u01b0\u1ee3c giao<br \/>\n\u2022 Nghi\u00ean c\u1ee9u v\u00e0 hi\u1ec3u nhu c\u1ea7u c\u1ee7a kh\u00e1ch h\u00e0ng v\u00e0 \u0111\u1ed1i t\u01b0\u1ee3ng nh\u1eafm \u0111\u1ebfn, th\u00f4ng qua c\u00e1c t\u00ecm ki\u1ebfm tr\u1ef1c tuy\u1ebfn, \u0111\u00e1nh gi\u00e1 c\u00e1c nghi\u00ean c\u1ee9u c\u00f3 s\u1eb5n, ph\u1ecfng v\u1ea5n c\u00e1c chuy\u00ean gia v\u1ec1 c\u00e1c ch\u1ee7 \u0111\u1ec1 v\u00e0 c\u00e1c cu\u1ed9c h\u1ecdp tr\u1ef1c ti\u1ebfp<br \/>\n\u2022 Vi\u1ebft b\u1ea3n ch\u00ednh v\u00e0 ch\u1ec9nh s\u1eeda n\u1ed9i dung cho nhi\u1ec1u lo\u1ea1i t\u00e0i li\u1ec7u truy\u1ec1n th\u00f4ng v\u00e0 ti\u1ebfp th\u1ecb<br \/>\n\u2022 H\u1ee3p t\u00e1c v\u1edbi \u0111\u1ed9i ng\u0169 qu\u1ea3n l\u00fd t\u00e0i kho\u1ea3n v\u00e0 nh\u00e2n vi\u00ean s\u00e1ng t\u1ea1o t\u1eeb kh\u00e2u ph\u00e1t tri\u1ec3n \u00fd t\u01b0\u1edfng \u0111\u1ebfn ph\u00e2n ph\u1ed1i s\u1ea3n ph\u1ea9m cu\u1ed1i c\u00f9ng<br \/>\n\u2022 Tr\u00ecnh b\u00e0y v\u1ec1 c\u00e1c \u00fd t\u01b0\u1edfng b\u1ea3n sao v\u00e0 s\u1ea3n ph\u1ea9m cu\u1ed1i c\u00f9ng cho \u0111\u1ed9i ng\u0169 n\u1ed9i b\u1ed9 v\u00e0 cho \u0111\u1ea1i di\u1ec7n kh\u00e1ch h\u00e0ng khi c\u1ea7n thi\u1ebft, \u0111\u1ed3ng th\u1eddi \u0111\u00f4i khi ph\u1ea3i tham gia tr\u00ecnh b\u00e0y thuy\u1ebft ph\u1ee5c kh\u00e1ch h\u00e0ng<br \/>\n\u2022 Ch\u1ec9nh s\u1eeda b\u1ea3n sao d\u1ef1a tr\u00ean ph\u1ea3n h\u1ed3i \/ ch\u1ec9 \u0111\u1ea1o c\u1ee7a n\u1ed9i b\u1ed9 v\u00e0 kh\u00e1ch h\u00e0ng<\/p><\/div><\/div><\/div>[\/vc_column_inner][\/vc_row_inner][\/vc_column][\/vc_row]\n<\/div>","protected":false},"excerpt":{"rendered":"<p>[vc_row top_margin=&#8221;0&#8243; bottom_margin=&#8221;0&#8243; css=&#8221;.vc_custom_1499912039446{margin-top: -30px !important;}&#8221;][vc_column][vc_row_inner][vc_column_inner][vc_empty_space height=&#8221;10px&#8221;][vc_empty_space height=&#8221;30px&#8221;][\/vc_column_inner][\/vc_row_inner][\/vc_column][\/vc_row]<\/p>\n","protected":false},"author":4,"featured_media":0,"parent":0,"menu_order":0,"comment_status":"closed","ping_status":"closed","template":"","meta":{"nf_dc_page":"","footnotes":""},"class_list":["post-10407","page","type-page","status-publish","hentry"],"_links":{"self":[{"href":"https:\/\/worknow.vn\/vi\/wp-json\/wp\/v2\/pages\/10407","targetHints":{"allow":["GET"]}}],"collection":[{"href":"https:\/\/worknow.vn\/vi\/wp-json\/wp\/v2\/pages"}],"about":[{"href":"https:\/\/worknow.vn\/vi\/wp-json\/wp\/v2\/types\/page"}],"author":[{"embeddable":true,"href":"https:\/\/worknow.vn\/vi\/wp-json\/wp\/v2\/users\/4"}],"replies":[{"embeddable":true,"href":"https:\/\/worknow.vn\/vi\/wp-json\/wp\/v2\/comments?post=10407"}],"version-history":[{"count":6,"href":"https:\/\/worknow.vn\/vi\/wp-json\/wp\/v2\/pages\/10407\/revisions"}],"predecessor-version":[{"id":12066,"href":"https:\/\/worknow.vn\/vi\/wp-json\/wp\/v2\/pages\/10407\/revisions\/12066"}],"wp:attachment":[{"href":"https:\/\/worknow.vn\/vi\/wp-json\/wp\/v2\/media?parent=10407"}],"curies":[{"name":"wp","href":"https:\/\/api.w.org\/{rel}","templated":true}]}}