{"id":10409,"date":"2022-09-19T08:09:16","date_gmt":"2022-09-19T08:09:16","guid":{"rendered":"https:\/\/worknow.vn\/cultural-advisor\/"},"modified":"2023-06-01T09:15:42","modified_gmt":"2023-06-01T09:15:42","slug":"co-van-van-hoa","status":"publish","type":"page","link":"https:\/\/worknow.vn\/vi\/co-van-van-hoa\/","title":{"rendered":"C\u1ed1 V\u1ea5n V\u0103n H\u00f3a"},"content":{"rendered":"<div class=\"wpb-content-wrapper\">[vc_row top_margin=&#8221;0&#8243; bottom_margin=&#8221;0&#8243; css=&#8221;.vc_custom_1499912039446{margin-top: -30px !important;}&#8221;][vc_column]<div class=\"shortcode-wrapper shortcode-title clearfix hb-animate-element hb-fade-in\"><p style=\"color:#878787!important;border-color:#878787\" class=\"hb-text-large aligncenter\">C\u1ed1 V\u1ea5n V\u0103n H\u00f3a<\/p><\/div>[vc_row_inner][vc_column_inner][vc_empty_space height=&#8221;10px&#8221;]<div class=\"shortcode-wrapper shortcode-icon-box clearfix\"><div class=\"feature-box alternative left-icon-box aligncenter\"><div class=\"feature-box-content\"><h4 class=\"bold\">M\u00f4 t\u1ea3 c\u00f4ng vi\u1ec7c C\u1ed1 V\u1ea5n V\u0103n H\u00f3a<\/h4><p>C\u1ed1 v\u1ea5n v\u0103n h\u00f3a, c\u00f2n \u0111\u01b0\u1ee3c g\u1ecdi l\u00e0 chuy\u00ean gia t\u01b0 v\u1ea5n song ng\u1eef, gi\u00fap c\u00e1c doanh nghi\u1ec7p v\u00e0 t\u1ed5 ch\u1ee9c d\u1ec5 d\u00e0ng giao ti\u1ebfp v\u1edbi nh\u1eefng ng\u01b0\u1eddi \u0111\u1ebfn t\u1eeb c\u00e1c n\u1ec1n v\u0103n h\u00f3a v\u00e0 ng\u00f4n ng\u1eef kh\u00e1c. C\u1ed1 v\u1ea5n v\u0103n h\u00f3a th\u01b0\u1eddng c\u00f3 chuy\u00ean m\u00f4n nh\u01b0 qu\u1ea3n l\u00fd kinh doanh, ng\u00e2n h\u00e0ng, gi\u00e1o d\u1ee5c ho\u1eb7c c\u00f4ng ngh\u1ec7 th\u00f4ng tin. C\u1ed1 v\u1ea5n v\u0103n h\u00f3a gi\u00fap thu h\u1eb9p c\u1ea3 r\u00e0o c\u1ea3n ng\u00f4n ng\u1eef v\u00e0 v\u0103n h\u00f3a trong th\u1eddi \u0111\u1ea1i gi\u1edbi kinh doanh ng\u00e0y c\u00e0ng to\u00e0n c\u1ea7u h\u00f3a.<\/p>\n<p>C\u00e1c c\u1ed1 v\u1ea5n v\u0103n h\u00f3a l\u00e0m vi\u1ec7c v\u1edbi c\u00e1c c\u00e1 nh\u00e2n \u0111\u1ebfn t\u1eeb c\u00e1c di s\u1ea3n v\u0103n h\u00f3a kh\u00e1c nhau \u0111\u1ec3 t\u1ea1o \u0111i\u1ec1u ki\u1ec7n thu\u1eadn l\u1ee3i cho m\u1ecdi ng\u01b0\u1eddi trong m\u1ed9t c\u1ed9ng \u0111\u1ed3ng \u0111a d\u1ea1ng v\u1ec1 v\u0103n h\u00f3a c\u00f3 th\u1ec3 chung s\u1ed1ng d\u1ec5 d\u00e0ng h\u01a1n. C\u1ed1 v\u1ea5n v\u0103n h\u00f3a \u0111\u00f3ng nhi\u1ec1u vai tr\u00f2 kh\u00e1c nhau v\u00e0 c\u00f3 th\u1ec3 l\u00e0m vi\u1ec7c c\u00f9ng v\u1edbi c\u00e1c chuy\u00ean gia thu\u1ed9c c\u00e1c l\u0129nh v\u1ef1c d\u1ecbch v\u1ee5 y t\u1ebf ho\u1eb7c gi\u00e1o d\u1ee5c. Nh\u1eefng ng\u01b0\u1eddi trong l\u0129nh v\u1ef1c d\u1ecbch v\u1ee5 y t\u1ebf c\u00f3 tr\u00e1ch nhi\u1ec7m \u0111\u1ea3m b\u1ea3o ph\u00fac l\u1ee3i c\u1ee7a tr\u1ebb em, thanh ni\u00ean v\u00e0 gia \u0111\u00ecnh c\u1ee7a h\u1ecd. H\u1ecd \u0111\u00e1nh gi\u00e1 nhu c\u1ea7u c\u1ee7a nh\u1eefng c\u00e1 nh\u00e2n \u0111\u00f3 v\u00e0 cung c\u1ea5p h\u1ed7 tr\u1ee3 c\u1ea7n thi\u1ebft. M\u1eb7t kh\u00e1c, nh\u1eefng ng\u01b0\u1eddi l\u00e0m vi\u1ec7c v\u1edbi c\u00e1c c\u01a1 s\u1edf gi\u00e1o d\u1ee5c cung c\u1ea5p, h\u01b0\u1edbng d\u1eabn h\u1ecdc t\u1eadp v\u00e0 ngh\u1ec1 nghi\u1ec7p cho sinh vi\u00ean, t\u1eeb \u0111\u00f3 gi\u00fap h\u1ecd l\u1ef1a ch\u1ecdn con \u0111\u01b0\u1eddng ngh\u1ec1 nghi\u1ec7p<\/p><\/div><\/div><\/div>[vc_empty_space height=&#8221;30px&#8221;]<div class=\"shortcode-wrapper shortcode-icon-box clearfix\"><div class=\"feature-box alternative left-icon-box aligncenter\"><div class=\"feature-box-content\"><h4 class=\"bold\">Nhi\u1ec7m v\u1ee5 ch\u00ednh c\u1ee7a C\u1ed1 V\u1ea5n V\u0103n H\u00f3a<\/h4><p>M\u1ed9t s\u1ed1 k\u1ef9 n\u0103ng c\u1ea7n thi\u1ebft:<\/p>\n<ul>\n<li>C\u00e1c thao t\u00e1c t\u00ednh to\u00e1n v\u00e0 ph\u00e2n t\u00edch d\u1eef li\u1ec7u<\/li>\n<li>K\u1ef9 n\u0103ng qu\u1ea3n l\u00fd ch\u1ea5t l\u01b0\u1ee3ng nh\u00e0 cung c\u1ea5p t\u1ed1t<\/li>\n<li>Ki\u1ebfn th\u1ee9c v\u1ec1 th\u1ef1c h\u00e0nh tuy\u1ec3n d\u1ee5ng c\u01a1 b\u1ea3n<\/li>\n<li>Kh\u1ea3 n\u0103ng giao ti\u1ebfp v\u00e0 \u0111\u00e0m ph\u00e1n xu\u1ea5t s\u1eafc<\/li>\n<li>L\u00e0m vi\u1ec7c c\u00f3 h\u1ec7 th\u1ed1ng v\u1edbi k\u1ef9 n\u0103ng \u0111a nhi\u1ec7m<\/li>\n<li>C\u00f3 kh\u1ea3 n\u0103ng x\u1eed l\u00fd c\u0103ng th\u1eb3ng v\u00e0 gi\u1eef b\u00ecnh t\u0129nh<\/li>\n<li>Kh\u1ea3 n\u0103ng gi\u1ea3i quy\u1ebft v\u1ea5n \u0111\u1ec1<\/li>\n<\/ul>\n<p>Nhi\u1ec7m v\u1ee5 v\u00e0 Tr\u00e1ch nhi\u1ec7m:<\/p>\n<ul>\n<li>Giao l\u01b0u v\u1edbi c\u00e1c chuy\u00ean gia t\u1eeb nhi\u1ec1u l\u0129nh v\u1ef1c kh\u00e1c nhau nh\u01b0 d\u1ecbch v\u1ee5 y t\u1ebf v\u00e0 gi\u00e1o d\u1ee5c<\/li>\n<li>Li\u00ean l\u1ea1c v\u1edbi c\u00e1c nh\u00f3m c\u1ed9ng \u0111\u1ed3ng kh\u00e1c nhau<\/li>\n<li>Ph\u00e1t tri\u1ec3n v\u00e0 t\u1ed5 ch\u1ee9c c\u00e1c s\u1ef1 ki\u1ec7n v\u00e0 ho\u1ea1t \u0111\u1ed9ng c\u1ed9ng \u0111\u1ed3ng<\/li>\n<li>\u0110\u00e1nh gi\u00e1 nhu c\u1ea7u v\u0103n h\u00f3a c\u1ee7a c\u00e1c c\u00e1 nh\u00e2n v\u00e0 nh\u00f3m trong c\u1ed9ng \u0111\u1ed3ng<\/li>\n<li>Cung c\u1ea5p h\u01b0\u1edbng d\u1eabn h\u1ecdc t\u1eadp v\u00e0 ngh\u1ec1 nghi\u1ec7p cho sinh vi\u00ean<\/li>\n<li>\u0110\u1ea3m b\u1ea3o ph\u00fac l\u1ee3i x\u00e3 h\u1ed9i c\u1ee7a tr\u1ebb em, thanh thi\u1ebfu ni\u00ean v\u00e0 gia \u0111\u00ecnh<\/li>\n<li>T\u01b0 v\u1ea5n cho c\u00e1c th\u00e0nh vi\u00ean c\u1ed9ng \u0111\u1ed3ng v\u1ec1 c\u00e1c ngu\u1ed3n t\u00e0i nguy\u00ean s\u1eb5n c\u00f3<\/li>\n<li>Cung c\u1ea5p h\u1ed7 tr\u1ee3 c\u1ea7n thi\u1ebft cho c\u00e1c c\u00e1 nh\u00e2n v\u00e0 nh\u00f3m trong c\u1ed9ng \u0111\u1ed3ng<\/li>\n<\/ul>\n<\/p><\/div><\/div><\/div>[\/vc_column_inner][\/vc_row_inner][\/vc_column][\/vc_row]\n<\/div>","protected":false},"excerpt":{"rendered":"<p>[vc_row top_margin=&#8221;0&#8243; bottom_margin=&#8221;0&#8243; css=&#8221;.vc_custom_1499912039446{margin-top: -30px !important;}&#8221;][vc_column][vc_row_inner][vc_column_inner][vc_empty_space height=&#8221;10px&#8221;][vc_empty_space height=&#8221;30px&#8221;][\/vc_column_inner][\/vc_row_inner][\/vc_column][\/vc_row]<\/p>\n","protected":false},"author":4,"featured_media":0,"parent":0,"menu_order":0,"comment_status":"closed","ping_status":"closed","template":"","meta":{"nf_dc_page":"","footnotes":""},"class_list":["post-10409","page","type-page","status-publish","hentry"],"_links":{"self":[{"href":"https:\/\/worknow.vn\/vi\/wp-json\/wp\/v2\/pages\/10409","targetHints":{"allow":["GET"]}}],"collection":[{"href":"https:\/\/worknow.vn\/vi\/wp-json\/wp\/v2\/pages"}],"about":[{"href":"https:\/\/worknow.vn\/vi\/wp-json\/wp\/v2\/types\/page"}],"author":[{"embeddable":true,"href":"https:\/\/worknow.vn\/vi\/wp-json\/wp\/v2\/users\/4"}],"replies":[{"embeddable":true,"href":"https:\/\/worknow.vn\/vi\/wp-json\/wp\/v2\/comments?post=10409"}],"version-history":[{"count":5,"href":"https:\/\/worknow.vn\/vi\/wp-json\/wp\/v2\/pages\/10409\/revisions"}],"predecessor-version":[{"id":12065,"href":"https:\/\/worknow.vn\/vi\/wp-json\/wp\/v2\/pages\/10409\/revisions\/12065"}],"wp:attachment":[{"href":"https:\/\/worknow.vn\/vi\/wp-json\/wp\/v2\/media?parent=10409"}],"curies":[{"name":"wp","href":"https:\/\/api.w.org\/{rel}","templated":true}]}}