{"id":10411,"date":"2022-09-19T08:11:04","date_gmt":"2022-09-19T08:11:04","guid":{"rendered":"https:\/\/worknow.vn\/event-coordinator\/"},"modified":"2023-06-01T09:15:36","modified_gmt":"2023-06-01T09:15:36","slug":"dieu-phoi-vien-su-kien","status":"publish","type":"page","link":"https:\/\/worknow.vn\/vi\/dieu-phoi-vien-su-kien\/","title":{"rendered":"\u0110i\u1ec1u Ph\u1ed1i Vi\u00ean S\u1ef1 Ki\u1ec7n"},"content":{"rendered":"<div class=\"wpb-content-wrapper\">[vc_row top_margin=&#8221;0&#8243; bottom_margin=&#8221;0&#8243; css=&#8221;.vc_custom_1499912039446{margin-top: -30px !important;}&#8221;][vc_column]<div class=\"shortcode-wrapper shortcode-title clearfix hb-animate-element hb-fade-in\"><p style=\"color:#878787!important;border-color:#878787\" class=\"hb-text-large aligncenter\">\u0110i\u1ec1u Ph\u1ed1i Vi\u00ean S\u1ef1 Ki\u1ec7n<\/p><\/div>[vc_row_inner][vc_column_inner][vc_empty_space height=&#8221;10px&#8221;]<div class=\"shortcode-wrapper shortcode-icon-box clearfix\"><div class=\"feature-box alternative left-icon-box aligncenter\"><div class=\"feature-box-content\"><h4 class=\"bold\">M\u00f4 t\u1ea3 c\u00f4ng vi\u1ec7c \u0110i\u1ec1u Ph\u1ed1i Vi\u00ean S\u1ef1 Ki\u1ec7n<\/h4><p>\u0110i\u1ec1u ph\u1ed1i vi\u00ean s\u1ef1 ki\u1ec7n, c\u00f2n \u0111\u01b0\u1ee3c g\u1ecdi l\u00e0 chuy\u00ean gia t\u1ed5 ch\u1ee9c s\u1ef1 ki\u1ec7n ho\u1eb7c nh\u00e0 l\u00ean k\u1ebf ho\u1ea1ch s\u1ef1 ki\u1ec7n, ch\u1ecbu tr\u00e1ch nhi\u1ec7m v\u1ec1 m\u1ecdi kh\u00eda c\u1ea1nh c\u1ee7a k\u1ebf ho\u1ea1ch t\u1ed5 ch\u1ee9c s\u1ef1 ki\u1ec7n. Nhi\u1ec7m v\u1ee5 ch\u00ednh c\u1ee7a h\u1ecd bao g\u1ed3m l\u1ef1a ch\u1ecdn \u0111\u1ecba \u0111i\u1ec3m, x\u00e1c \u0111\u1ecbnh chi ph\u00ed, s\u1eafp x\u1ebfp c\u00e1c d\u1ecbch v\u1ee5 s\u1ef1 ki\u1ec7n v\u00e0 theo d\u00f5i s\u1ef1 h\u00e0i l\u00f2ng c\u1ee7a kh\u00e1ch h\u00e0ng. H\u1ecd c\u00f3 th\u1ec3 l\u00e0m vi\u1ec7c cho m\u1ed9t c\u00f4ng ty t\u1ed5 ch\u1ee9c s\u1ef1 ki\u1ec7n ho\u1eb7c nh\u01b0 m\u1ed9t nh\u00e0 th\u1ea7u. C\u00e1c ch\u1ee9c danh c\u00f4ng vi\u1ec7c kh\u00e1c c\u00f3 li\u00ean quan l\u00e0 nh\u00e2n vi\u00ean t\u1ed5 ch\u1ee9c s\u1ef1 ki\u1ec7n v\u00e0 chuy\u00ean gia t\u1ed5 ch\u1ee9c s\u1ef1 ki\u1ec7n.<\/p>\n<p>L\u00e0 ng\u01b0\u1eddi \u0111i\u1ec1u ph\u1ed1i s\u1ef1 ki\u1ec7n, b\u1ea1n n\u00ean l\u00e0m vi\u1ec7c c\u00f3 h\u1ec7 th\u1ed1ng v\u00e0 c\u00f3 ki\u1ebfn \u200b\u200bth\u1ee9c v\u1eefng ch\u1eafc v\u1ec1 qu\u1ea3n l\u00fd ch\u1ea5t l\u01b0\u1ee3ng nh\u00e0 cung c\u1ea5p. Giao ti\u1ebfp xu\u1ea5t s\u1eafc v\u00e0 ch\u00fa \u00fd \u0111\u1ebfn c\u00e1c k\u1ef9 n\u0103ng chi ti\u1ebft l\u00e0 r\u1ea5t quan tr\u1ecdng trong vai tr\u00f2 n\u00e0y, v\u00ec th\u00e0nh c\u00f4ng c\u1ee7a s\u1ef1 ki\u1ec7n ph\u1ee5 thu\u1ed9c v\u00e0o vi\u1ec7c \u0111\u00e1p \u1ee9ng c\u00e1c y\u00eau c\u1ea7u ri\u00eang c\u1ee7a kh\u00e1ch h\u00e0ng.<\/p><\/div><\/div><\/div>[vc_empty_space height=&#8221;30px&#8221;]<div class=\"shortcode-wrapper shortcode-icon-box clearfix\"><div class=\"feature-box alternative left-icon-box aligncenter\"><div class=\"feature-box-content\"><h4 class=\"bold\">Nhi\u1ec7m v\u1ee5 ch\u00ednh c\u1ee7a \u0110i\u1ec1u Ph\u1ed1i Vi\u00ean S\u1ef1 Ki\u1ec7n<\/h4><p>M\u1ed9t s\u1ed1 k\u1ef9 n\u0103ng c\u1ea7n thi\u1ebft:<\/p>\n<ul>\n<li>L\u00e0m vi\u1ec7c c\u00f3 h\u1ec7 th\u1ed1ng v\u1edbi kh\u1ea3 n\u0103ng \u0111a nhi\u1ec7m t\u1ed1t<\/li>\n<li>K\u1ef9 n\u0103ng qu\u1ea3n l\u00fd t\u1ed1t ch\u1ea5t l\u01b0\u1ee3ng nh\u00e0 cung c\u1ea5p.<\/li>\n<li>K\u1ef9 n\u0103ng giao ti\u1ebfp v\u00e0 k\u1ef9 n\u0103ng x\u00e3 h\u1ed9i t\u1ed1t.<\/li>\n<li>C\u00e1c thao t\u00e1c t\u00ednh to\u00e1n v\u00e0 x\u1eed l\u00fd d\u1eef li\u1ec7u<\/li>\n<li>Ki\u1ebfn th\u1ee9c v\u1ec1 th\u1ef1c h\u00e0nh tuy\u1ec3n d\u1ee5ng c\u01a1 b\u1ea3n<\/li>\n<li>Kh\u1ea3 n\u0103ng giao ti\u1ebfp v\u00e0 \u0111\u00e0m ph\u00e1n xu\u1ea5t s\u1eafc<\/li>\n<li>C\u00f3 kh\u1ea3 n\u0103ng x\u1eed l\u00fd c\u0103ng th\u1eb3ng v\u00e0 gi\u1eef b\u00ecnh t\u0129nh<\/li>\n<li>Kh\u1ea3 n\u0103ng gi\u1ea3i quy\u1ebft v\u1ea5n \u0111\u1ec1<\/li>\n<\/ul>\n<p>Nhi\u1ec7m v\u1ee5 v\u00e0 Tr\u00e1ch nhi\u1ec7m:<\/p>\n<ul>\n<li>Hi\u1ec3u bi\u1ebft c\u00e1c y\u00eau c\u1ea7u cho t\u1eebng s\u1ef1 ki\u1ec7n<\/li>\n<li>X\u00e1c \u0111\u1ecbnh c\u00e1c y\u00eau c\u1ea7u v\u00e0 mong \u0111\u1ee3i c\u1ee7a kh\u00e1ch h\u00e0ng \u0111\u1ed1i v\u1edbi m\u1ed7i s\u1ef1 ki\u1ec7n.<\/li>\n<li>Li\u00ean l\u1ea1c v\u1edbi c\u00e1c nh\u00e0 cung c\u1ea5p, nh\u00e0 tr\u01b0ng b\u00e0y v\u00e0 c\u00e1c b\u00ean li\u00ean quan trong qu\u00e1 tr\u00ecnh l\u1eadp k\u1ebf ho\u1ea1ch s\u1ef1 ki\u1ec7n \u0111\u1ec3 \u0111\u1ea3m b\u1ea3o m\u1ecdi th\u1ee9 \u0111\u1ec1u theo \u0111\u00fang y\u00eau c\u1ea7u<\/li>\n<li>Khi l\u1eadp k\u1ebf ho\u1ea1ch s\u1ef1 ki\u1ec7n ch\u00fa \u00fd \u0111\u1ebfn c\u00e1c h\u1ea1n ch\u1ebf v\u1ec1 t\u00e0i ch\u00ednh v\u00e0 th\u1eddi gian<\/li>\n<li>\u0110\u1eb7t \u0111\u1ecba \u0111i\u1ec3m v\u00e0 l\u00ean l\u1ecbch cho di\u1ec5n gi\u1ea3<\/li>\n<li>Qu\u1ea3n l\u00fd t\u1ea5t c\u1ea3 c\u00e1c quy tr\u00ecnh th\u1ef1c hi\u1ec7n, chia nh\u1ecf v\u00e0 theo d\u00f5i ti\u1ebfn tr\u00ecnh.<\/li>\n<li>Duy tr\u00ec ng\u00e2n s\u00e1ch s\u1ef1 ki\u1ec7n.<\/li>\n<li>Nghi\u00ean c\u1ee9u c\u00e1c nh\u00e0 cung c\u1ea5p (ph\u1ee5c v\u1ee5 \u0103n u\u1ed1ng, trang tr\u00ed, \u00e2m thanh, v.v.) v\u00e0 ch\u1ecdn n\u01a1i t\u1ed1t nh\u1ea5t v\u1ec1 ch\u1ea5t l\u01b0\u1ee3ng v\u00e0 c\u1ea3 chi ph\u00ed<\/li>\n<li>Th\u01b0\u01a1ng l\u01b0\u1ee3ng v\u1edbi c\u00e1c nh\u00e0 cung c\u1ea5p \u0111\u1ec3 \u0111\u1ea1t \u0111\u01b0\u1ee3c c\u00e1c \u0111i\u1ec1u kho\u1ea3n c\u00f3 l\u1ee3i nh\u1ea5t<\/li>\n<li>Thu\u00ea nh\u00e2n s\u1ef1<\/li>\n<li>Ti\u1ebfn h\u00e0nh ki\u1ec3m tra l\u1ea7n cu\u1ed1i v\u00e0o ng\u00e0y di\u1ec5n ra s\u1ef1 ki\u1ec7n \u0111\u1ec3 \u0111\u1ea3m b\u1ea3o m\u1ecdi th\u1ee9 \u0111\u00e1p \u1ee9ng c\u00e1c y\u00eau c\u1ea7u c\u1ee7a kh\u00e1ch h\u00e0ng.<\/li>\n<li>\u0110\u00e1nh gi\u00e1 t\u1ed5ng quan th\u00e0nh c\u00f4ng c\u1ee7a m\u1ed9t s\u1ef1 ki\u1ec7n v\u00e0 g\u1eedi k\u1ebft qu\u1ea3.<\/li>\n<\/ul>\n<\/p><\/div><\/div><\/div>[\/vc_column_inner][\/vc_row_inner][\/vc_column][\/vc_row]\n<\/div>","protected":false},"excerpt":{"rendered":"<p>[vc_row top_margin=&#8221;0&#8243; bottom_margin=&#8221;0&#8243; css=&#8221;.vc_custom_1499912039446{margin-top: -30px !important;}&#8221;][vc_column][vc_row_inner][vc_column_inner][vc_empty_space height=&#8221;10px&#8221;][vc_empty_space height=&#8221;30px&#8221;][\/vc_column_inner][\/vc_row_inner][\/vc_column][\/vc_row]<\/p>\n","protected":false},"author":4,"featured_media":0,"parent":0,"menu_order":0,"comment_status":"closed","ping_status":"closed","template":"","meta":{"nf_dc_page":"","footnotes":""},"class_list":["post-10411","page","type-page","status-publish","hentry"],"_links":{"self":[{"href":"https:\/\/worknow.vn\/vi\/wp-json\/wp\/v2\/pages\/10411","targetHints":{"allow":["GET"]}}],"collection":[{"href":"https:\/\/worknow.vn\/vi\/wp-json\/wp\/v2\/pages"}],"about":[{"href":"https:\/\/worknow.vn\/vi\/wp-json\/wp\/v2\/types\/page"}],"author":[{"embeddable":true,"href":"https:\/\/worknow.vn\/vi\/wp-json\/wp\/v2\/users\/4"}],"replies":[{"embeddable":true,"href":"https:\/\/worknow.vn\/vi\/wp-json\/wp\/v2\/comments?post=10411"}],"version-history":[{"count":5,"href":"https:\/\/worknow.vn\/vi\/wp-json\/wp\/v2\/pages\/10411\/revisions"}],"predecessor-version":[{"id":12064,"href":"https:\/\/worknow.vn\/vi\/wp-json\/wp\/v2\/pages\/10411\/revisions\/12064"}],"wp:attachment":[{"href":"https:\/\/worknow.vn\/vi\/wp-json\/wp\/v2\/media?parent=10411"}],"curies":[{"name":"wp","href":"https:\/\/api.w.org\/{rel}","templated":true}]}}