{"id":10413,"date":"2022-09-19T08:35:55","date_gmt":"2022-09-19T08:35:55","guid":{"rendered":"https:\/\/worknow.vn\/tour-guide\/"},"modified":"2023-06-01T09:24:33","modified_gmt":"2023-06-01T09:24:33","slug":"huong-dan-vien-du-lich","status":"publish","type":"page","link":"https:\/\/worknow.vn\/vi\/huong-dan-vien-du-lich\/","title":{"rendered":"H\u01b0\u1edbng D\u1eabn Vi\u00ean Du L\u1ecbch"},"content":{"rendered":"<div class=\"wpb-content-wrapper\">[vc_row top_margin=&#8221;0&#8243; bottom_margin=&#8221;0&#8243; css=&#8221;.vc_custom_1499912039446{margin-top: -30px !important;}&#8221;][vc_column]<div class=\"shortcode-wrapper shortcode-title clearfix hb-animate-element hb-fade-in\"><p style=\"color:#878787!important;border-color:#878787\" class=\"hb-text-large aligncenter\">H\u01b0\u1edbng D\u1eabn Vi\u00ean Du L\u1ecbch<\/p><\/div>[vc_row_inner][vc_column_inner][vc_empty_space height=&#8221;10px&#8221;]<div class=\"shortcode-wrapper shortcode-icon-box clearfix\"><div class=\"feature-box alternative left-icon-box aligncenter\"><div class=\"feature-box-content\"><h4 class=\"bold\">M\u00f4 t\u1ea3 c\u00f4ng vi\u1ec7c H\u01b0\u1edbng D\u1eabn Vi\u00ean Du L\u1ecbch<\/h4><p>H\u01b0\u1edbng d\u1eabn vi\u00ean ch\u1ec9 ra c\u00e1c \u0111i\u1ec3m tham quan du l\u1ecbch nh\u01b0 di t\u00edch l\u1ecbch s\u1eed, trung t\u00e2m v\u0103n h\u00f3a v\u00e0 c\u00e1c \u0111i\u1ec3m tham quan, \u0111\u1ed3ng th\u1eddi cung c\u1ea5p cho h\u1ecd th\u00f4ng tin c\u01a1 b\u1ea3n \u0111\u1ec3 gi\u00fap h\u1ecd t\u1eadn h\u01b0\u1edfng t\u1ed1t nh\u1ea5t chuy\u1ebfn du l\u1ecbch c\u1ee7a m\u00ecnh. H\u1ecd c\u00f3 th\u1ec3 l\u00e0m vi\u1ec7c v\u1edbi c\u00e1c chuy\u1ebfn \u0111i trong ng\u00e0y, c\u00e1c chuy\u1ebfn \u0111i b\u1ed9 du l\u1ecbch ho\u1eb7c h\u1ed7 tr\u1ee3 kh\u00e1ch du l\u1ecbch trong c\u00e1c chuy\u1ebfn \u0111i d\u00e0i ng\u00e0y qua \u0111\u00eam, c\u00f3 th\u1ec3 l\u00e0 c\u00e1c \u0111\u1ecba \u0111i\u1ec3m n\u00f4ng th\u00f4n ho\u1eb7c v\u00f9ng s\u00e2u, v\u00f9ng xa. H\u1ecd cung c\u1ea5p nh\u1eefng ki\u1ebfn \u200b\u200bth\u1ee9c l\u1ecbch s\u1eed v\u00e0 v\u0103n h\u00f3a h\u1eefu \u00edch cho du kh\u00e1ch.<\/p>\n<p>\u0110\u1ec3 tr\u1edf th\u00e0nh m\u1ed9t h\u01b0\u1edbng d\u1eabn vi\u00ean du l\u1ecbch th\u00e0nh c\u00f4ng, b\u1ea1n n\u00ean l\u00e0 m\u1ed9t ng\u01b0\u1eddi c\u00f3 kh\u1ea3 n\u0103ng k\u1ec3 chuy\u1ec7n hay \u0111\u1ec3 ph\u1ee5c v\u1ee5 du kh\u00e1ch. M\u1ed9t h\u01b0\u1edbng d\u1eabn vi\u00ean du l\u1ecbch xu\u1ea5t s\u1eafc s\u1ebd thay \u0111\u1ed5i m\u1ed7i h\u00e0nh tr\u00ecnh \u0111\u1ec3 \u0111\u00e1p \u1ee9ng v\u1edbi s\u1edf th\u00edch ri\u00eang c\u1ee7a m\u1ed7i nh\u00f3m.<\/p><\/div><\/div><\/div>[vc_empty_space height=&#8221;30px&#8221;]<div class=\"shortcode-wrapper shortcode-icon-box clearfix\"><div class=\"feature-box alternative left-icon-box aligncenter\"><div class=\"feature-box-content\"><h4 class=\"bold\">Nhi\u1ec7m v\u1ee5 ch\u00ednh c\u1ee7a H\u01b0\u1edbng D\u1eabn Vi\u00ean Du L\u1ecbch<\/h4><p>M\u1ed9t s\u1ed1 k\u1ef9 n\u0103ng c\u1ea7n thi\u1ebft:<\/p>\n<ul>\n<li>Ngo\u1ea1i ng\u1eef giao ti\u1ebfp t\u1ed1t \u0111\u1ec3 h\u01b0\u1edbng d\u1eabn v\u00e0 giao ti\u1ebfp v\u1edbi kh\u00e1ch n\u01b0\u1edbc ngo\u00e0i khi c\u1ea7n thi\u1ebft<\/li>\n<li>K\u1ef9 n\u0103ng s\u01a1 c\u1ee9u h\u1eefu \u00edch, c\u0169ng nh\u01b0 b\u1eb1ng l\u00e1i xe.<\/li>\n<li>Kh\u1ea3 n\u0103ng \u0111\u1ee9ng v\u00e0 \u0111i b\u1ed9 trong th\u1eddi gian d\u00e0i.<\/li>\n<li>Tu\u00e2n th\u1ee7 c\u00e1c quy t\u1eafc an to\u00e0n<\/li>\n<li>K\u1ef9 n\u0103ng \u0111\u00e0m tho\u1ea1i t\u1ed1t c\u00f9ng v\u1edbi s\u1edf tr\u01b0\u1eddng k\u1ec3 chuy\u1ec7n.<\/li>\n<li>C\u00f3 khi\u1ebfu h\u00e0i h\u01b0\u1edbc<\/li>\n<li>K\u1ef9 n\u0103ng t\u1ed5 ch\u1ee9c, qu\u1ea3n l\u00fd th\u1eddi gian v\u00e0 \u1ee9ng bi\u1ebfn t\u1ed1t<\/li>\n<li>\u0110am m\u00ea du l\u1ecbch.<\/li>\n<li>C\u00f3 kh\u1ea3 n\u0103ng l\u00e0m vi\u1ec7c c\u1ea3 bu\u1ed5i t\u1ed1i v\u00e0 cu\u1ed1i tu\u1ea7n.<\/li>\n<\/ul>\n<p>Nhi\u1ec7m v\u1ee5 v\u00e0 Tr\u00e1ch nhi\u1ec7m:<\/p>\n<ul>\n<li>Ch\u00e0o m\u1eddi kh\u00e1ch h\u00e0ng tham gia chuy\u1ebfn du l\u1ecbch.<\/li>\n<li>Th\u00f4ng b\u00e1o cho kh\u00e1ch h\u00e0ng v\u1ec1 h\u00e0nh tr\u00ecnh c\u1ee7a t\u1eebng chuy\u1ebfn du l\u1ecbch.<\/li>\n<li>L\u1eadp k\u1ebf ho\u1ea1ch h\u00e0nh tr\u00ecnh ph\u00f9 h\u1ee3p v\u1edbi d\u1ef1 b\u00e1o th\u1eddi ti\u1ebft v\u00e0 \u0111\u1ed9 d\u00e0i c\u1ee7a t\u1eebng chuy\u1ebfn tham quan.<\/li>\n<li>L\u00ean l\u1ecbch th\u0103m quan v\u00e0 mua v\u00e9 v\u00e0o vi\u1ec7n b\u1ea3o t\u00e0ng, ph\u00f2ng tr\u01b0ng b\u00e0y, khu b\u1ea3o t\u1ed3n, v\u00e0 c\u00e1c \u0111i\u1ec3m tham quan kh\u00e1c tr\u01b0\u1edbc, n\u1ebfu \u0111\u01b0\u1ee3c y\u00eau c\u1ea7u.<\/li>\n<li>Cung c\u1ea5p th\u00f4ng tin v\u1ec1 nh\u1eefng n\u01a1i \u0111\u01b0\u1ee3c ch\u1ecdn \u0111\u1ebfn trong chuy\u1ebfn tham quan.<\/li>\n<li>L\u1eadp k\u1ebf ho\u1ea1ch cho c\u00e1c ho\u1ea1t \u0111\u1ed9ng thay th\u1ebf n\u1ebfu b\u1ecb h\u1ee7y b\u1ecf, \u0111\u00f3ng c\u1eeda ho\u1eb7c th\u1eddi ti\u1ebft ng\u0103n c\u1ea3n b\u1ea1n tham gia c\u00e1c s\u1ef1 ki\u1ec7n \u0111\u00e3 l\u00ean l\u1ecbch.<\/li>\n<li>T\u1ef1 l\u00e0m quen v\u1edbi b\u1ed1 c\u1ee5c v\u00e0 l\u1ecbch s\u1eed c\u1ee7a khu v\u1ef1c ho\u1eb7c c\u01a1 s\u1edf m\u00e0 b\u1ea1n s\u1ebd l\u00e0m vi\u1ec7c.<\/li>\n<li>L\u00e0m quen v\u1edbi kh\u00e1ch h\u00e0ng theo t\u1eebng khu v\u1ef1c ho\u1eb7c c\u01a1 s\u1edf.<\/li>\n<li>Tr\u1ea3 l\u1eddi c\u00e1c c\u00e2u h\u1ecfi v\u00e0 g\u1ee3i \u00fd c\u00e1c \u0111\u1ecba \u0111i\u1ec3m kh\u00e1c \u0111\u1ec3 gh\u00e9 th\u0103m<\/li>\n<li>Khuy\u1ebfn kh\u00edch kh\u00e1ch thoa kem ch\u1ed1ng n\u1eafng th\u01b0\u1eddng xuy\u00ean v\u00e0 gi\u1eef \u1ea9m cho da, n\u1ebfu c\u00f3.<\/li>\n<li>H\u01b0\u1edbng kh\u00e1ch h\u00e0ng \u0111\u1ebfn c\u00e1c d\u1ecbch v\u1ee5 kh\u00e1c, kh\u00f4ng c\u1ea1nh tranh m\u00e0 h\u1ecd c\u00f3 th\u1ec3 quan t\u00e2m.<\/li>\n<\/ul>\n<\/p><\/div><\/div><\/div>[\/vc_column_inner][\/vc_row_inner][\/vc_column][\/vc_row]\n<\/div>","protected":false},"excerpt":{"rendered":"<p>[vc_row top_margin=&#8221;0&#8243; bottom_margin=&#8221;0&#8243; css=&#8221;.vc_custom_1499912039446{margin-top: -30px !important;}&#8221;][vc_column][vc_row_inner][vc_column_inner][vc_empty_space height=&#8221;10px&#8221;][vc_empty_space height=&#8221;30px&#8221;][\/vc_column_inner][\/vc_row_inner][\/vc_column][\/vc_row]<\/p>\n","protected":false},"author":4,"featured_media":0,"parent":0,"menu_order":0,"comment_status":"closed","ping_status":"closed","template":"","meta":{"nf_dc_page":"","footnotes":""},"class_list":["post-10413","page","type-page","status-publish","hentry"],"_links":{"self":[{"href":"https:\/\/worknow.vn\/vi\/wp-json\/wp\/v2\/pages\/10413","targetHints":{"allow":["GET"]}}],"collection":[{"href":"https:\/\/worknow.vn\/vi\/wp-json\/wp\/v2\/pages"}],"about":[{"href":"https:\/\/worknow.vn\/vi\/wp-json\/wp\/v2\/types\/page"}],"author":[{"embeddable":true,"href":"https:\/\/worknow.vn\/vi\/wp-json\/wp\/v2\/users\/4"}],"replies":[{"embeddable":true,"href":"https:\/\/worknow.vn\/vi\/wp-json\/wp\/v2\/comments?post=10413"}],"version-history":[{"count":4,"href":"https:\/\/worknow.vn\/vi\/wp-json\/wp\/v2\/pages\/10413\/revisions"}],"predecessor-version":[{"id":12073,"href":"https:\/\/worknow.vn\/vi\/wp-json\/wp\/v2\/pages\/10413\/revisions\/12073"}],"wp:attachment":[{"href":"https:\/\/worknow.vn\/vi\/wp-json\/wp\/v2\/media?parent=10413"}],"curies":[{"name":"wp","href":"https:\/\/api.w.org\/{rel}","templated":true}]}}