{"id":10415,"date":"2022-09-19T08:39:59","date_gmt":"2022-09-19T08:39:59","guid":{"rendered":"https:\/\/worknow.vn\/social-media-analyst\/"},"modified":"2023-06-01T09:24:32","modified_gmt":"2023-06-01T09:24:32","slug":"nha-phan-tich-mang-xa-hoi","status":"publish","type":"page","link":"https:\/\/worknow.vn\/vi\/nha-phan-tich-mang-xa-hoi\/","title":{"rendered":"Nh\u00e0 Ph\u00e2n T\u00edch M\u1ea1ng X\u00e3 H\u1ed9i"},"content":{"rendered":"<div class=\"wpb-content-wrapper\">[vc_row top_margin=&#8221;0&#8243; bottom_margin=&#8221;0&#8243; css=&#8221;.vc_custom_1499912039446{margin-top: -30px !important;}&#8221;][vc_column]<div class=\"shortcode-wrapper shortcode-title clearfix hb-animate-element hb-fade-in\"><p style=\"color:#878787!important;border-color:#878787\" class=\"hb-text-large aligncenter\">Nh\u00e0 Ph\u00e2n T\u00edch M\u1ea1ng X\u00e3 H\u1ed9i<\/p><\/div>[vc_row_inner][vc_column_inner][vc_empty_space height=&#8221;10px&#8221;]<div class=\"shortcode-wrapper shortcode-icon-box clearfix\"><div class=\"feature-box alternative left-icon-box aligncenter\"><div class=\"feature-box-content\"><h4 class=\"bold\">M\u00f4 t\u1ea3 c\u00f4ng vi\u1ec7c Nh\u00e0 Ph\u00e2n T\u00edch M\u1ea1ng X\u00e3 H\u1ed9i<\/h4><p>Nh\u00e0 ph\u00e2n t\u00edch m\u1ea1ng x\u00e3 h\u1ed9i thu th\u1eadp v\u00e0 ph\u00e2n t\u00edch d\u1eef li\u1ec7u li\u00ean quan \u0111\u1ebfn c\u00e1c chi\u1ebfn d\u1ecbch truy\u1ec1n th\u00f4ng x\u00e3 h\u1ed9i. H\u1ed7 tr\u1ee3 c\u00e1c t\u1ed5 ch\u1ee9c trong vi\u1ec7c x\u00e1c \u0111\u1ecbnh c\u00e1c k\u00eanh truy\u1ec1n th\u00f4ng ph\u00f9 h\u1ee3p cho c\u00e1c nhu c\u1ea7u kinh doanh c\u1ee5 th\u1ec3 v\u00e0 \u0111i\u1ec1u ch\u1ec9nh c\u00e1c chi\u1ebfn d\u1ecbch cho ph\u00f9 h\u1ee3p v\u1edbi \u0111\u1ed1i t\u01b0\u1ee3ng m\u1ee5c ti\u00eau.<\/p>\n<p>C\u00e1c nh\u00e0 ph\u00e2n t\u00edch m\u1ea1ng x\u00e3 h\u1ed9i \u0111\u00e1nh gi\u00e1 m\u1ee9c \u0111\u1ed9 th\u00e0nh c\u00f4ng c\u1ee7a c\u00e1c chi\u1ebfn d\u1ecbch truy\u1ec1n th\u00f4ng b\u1eb1ng c\u00e1ch nghi\u00ean c\u1ee9u c\u00e1c ch\u1ec9 s\u1ed1 c\u1ee7a t\u1eebng b\u00e0i \u0111\u0103ng c\u0169ng nh\u01b0 chi\u1ebfn d\u1ecbch. C\u00e1c nh\u00e0 ph\u00e2n t\u00edch m\u1ea1ng x\u00e3 h\u1ed9i c\u0169ng ch\u1ecbu tr\u00e1ch nhi\u1ec7m \u0111\u1ec1 xu\u1ea5t c\u00e1c thay \u0111\u1ed5i \u0111\u1ed1i v\u1edbi c\u00e1c chi\u1ebfn d\u1ecbch d\u1ef1a tr\u00ean nh\u1eefng ph\u1ea3n h\u1ed3i c\u1ee7a ng\u01b0\u1eddi theo d\u00f5i.<\/p>\n<p>\u0110\u1ec3 tr\u1edf th\u00e0nh Nh\u00e0 ph\u00e2n t\u00edch m\u1ea1ng x\u00e3 h\u1ed9i ph\u1ea3i theo d\u00f5i hi\u1ec7u su\u1ea5t c\u1ee7a c\u00e1c \u00fd t\u01b0\u1edfng \u200b\u200btruy\u1ec1n th\u00f4ng kh\u00e1c nhau v\u00e0 tri\u1ec3n khai thay \u0111\u1ed5i \u0111\u1ec3 c\u1ea3i thi\u1ec7n k\u1ebft qu\u1ea3 kinh doanh. Ngo\u00e0i ra, Nh\u00e0 ph\u00e2n t\u00edch m\u1ea1ng x\u00e3 h\u1ed9i c\u00f2n ph\u1ea3i th\u1ef1c hi\u1ec7n m\u1ed9t s\u1ed1 nhi\u1ec7m v\u1ee5 ph\u1ee9c t\u1ea1p trong danh s\u00e1ch c\u00f4ng vi\u1ec7c.<\/p><\/div><\/div><\/div>[vc_empty_space height=&#8221;30px&#8221;]<div class=\"shortcode-wrapper shortcode-icon-box clearfix\"><div class=\"feature-box alternative left-icon-box aligncenter\"><div class=\"feature-box-content\"><h4 class=\"bold\">Nhi\u1ec7m v\u1ee5 chung c\u1ee7a Nh\u00e0 Ph\u00e2n T\u00edch M\u1ea1ng X\u00e3 H\u1ed9i<\/h4><p>M\u1ed9t s\u1ed1 k\u1ef9 n\u0103ng c\u1ea7n thi\u1ebft:<\/p>\n<ul>\n<li>Kh\u1ea3 n\u0103ng nh\u1eadn bi\u1ebft s\u1edf th\u00edch v\u00e0 xu h\u01b0\u1edbng c\u1ee7a \u0111\u1ed1i t\u01b0\u1ee3ng nh\u1eafm \u0111\u1ebfn<\/li>\n<li>K\u1ef9 n\u0103ng giao ti\u1ebfp t\u1ed1t<\/li>\n<li>K\u1ef9 n\u0103ng qu\u1ea3n l\u00fd th\u1eddi gian v\u00e0 \u0111a nhi\u1ec7m<\/li>\n<\/ul>\n<p>Nhi\u1ec7m v\u1ee5 v\u00e0 Tr\u00e1ch nhi\u1ec7m:<\/p>\n<ul>\n<li>Ph\u00e2n t\u00edch m\u1ee9c \u0111\u1ed9 t\u01b0\u01a1ng t\u00e1c c\u1ee7a ng\u01b0\u1eddi d\u00f9ng (v\u00ed d\u1ee5: t\u1ef7 l\u1ec7 nh\u1ea5p chu\u1ed9t v\u00e0 t\u1ef7 l\u1ec7 tho\u00e1t trang)<\/li>\n<li>B\u00e1o c\u00e1o v\u1ec1 l\u01b0u l\u01b0\u1ee3ng truy c\u1eadp web t\u1eeb t\u1ea5t c\u1ea3 c\u00e1c ph\u01b0\u01a1ng ti\u1ec7n truy\u1ec1n th\u00f4ng<\/li>\n<li>Duy tr\u00ec v\u00e0 h\u1ed7 tr\u1ee3 c\u00e1c chi\u1ebfn l\u01b0\u1ee3c SEO tr\u1ef1c tuy\u1ebfn \u066b bao g\u1ed3m c\u1ea3 vi\u1ec7c t\u1ed1i \u01b0u h\u00f3a c\u00e1c t\u1eeb kh\u00f3a trong c\u00e1c d\u1ef1 \u00e1n ti\u1ebfp th\u1ecb n\u1ed9i dung.<\/li>\n<li>X\u00e1c \u0111\u1ecbnh th\u00f3i quen c\u1ee7a kh\u00e1ch h\u00e0ng tr\u1ef1c tuy\u1ebfn v\u00e0 \u0111\u1ec1 xu\u1ea5t c\u00e1c ph\u01b0\u01a1ng ti\u1ec7n \u0111\u1ec3 m\u1edf r\u1ed9ng \u0111\u1ed1i t\u01b0\u1ee3ng<\/li>\n<li>Duy tr\u00ec m\u1ed9t chi\u1ebfn l\u01b0\u1ee3c xuy\u00ean su\u1ed1t tr\u00ean t\u1ea5t c\u1ea3 c\u00e1c n\u1ec1n t\u1ea3ng \u0111\u1ec3 n\u00e2ng cao nh\u1eadn th\u1ee9c v\u1ec1 th\u01b0\u01a1ng hi\u1ec7u<\/li>\n<li>Ph\u1ed1i h\u1ee3p v\u00e0 c\u1ed9ng t\u00e1c v\u1edbi c\u00e1c b\u1ed9 ph\u1eadn kh\u00e1c nh\u01b0 Gi\u00e1m \u0111\u1ed1c Truy\u1ec1n th\u00f4ng X\u00e3 h\u1ed9i v\u00e0 b\u1ed9 ph\u1eadn Ti\u1ebfp th\u1ecb \u0111\u1ec3 th\u1ef1c hi\u1ec7n c\u00e1c chi\u1ebfn d\u1ecbch ti\u1ebfp th\u1ecb t\u1ed5ng h\u1ee3p.<\/li>\n<li>Tr\u1ea3 l\u1eddi k\u1ecbp th\u1eddi c\u00e1c th\u1eafc m\u1eafc v\u00e0 nh\u1eadn x\u00e9t c\u1ee7a kh\u00e1ch h\u00e0ng tr\u00ean c\u00e1c n\u1ec1n t\u1ea3ng.<\/li>\n<li>T\u01b0 v\u1ea5n cho c\u00e1c nh\u00e2n vi\u00ean kh\u00e1c v\u1ec1 ho\u1ea1t \u0111\u1ed9ng truy\u1ec1n th\u00f4ng x\u00e3 h\u1ed9i c\u1ee7a h\u1ecd (v\u00ed d\u1ee5: c\u00e1ch l\u00e0m v\u00e0 n\u1ed9i dung chia s\u1ebb tr\u00ean c\u00e1c trang c\u00e1 nh\u00e2n ho\u1eb7c trang c\u00f4ng ty \u066b c\u0169ng nh\u01b0 c\u00e1ch tr\u1ea3 l\u1eddi c\u00e1c th\u1eafc m\u1eafc ho\u1eb7c nh\u1eadn x\u00e9t t\u1eeb kh\u00e1ch h\u00e0ng)<\/li>\n<li>Nghi\u00ean c\u1ee9u l\u1ee3i \u00edch c\u1ee7a c\u00e1c m\u1ea1ng x\u00e3 h\u1ed9i li\u00ean quan \u0111\u1ebfn c\u00f4ng ty \u0111ang n\u1ed5i l\u00ean<\/li>\n<li>C\u1eadp nh\u1eadt ch\u00ednh s\u00e1ch truy\u1ec1n th\u00f4ng x\u00e3 h\u1ed9i c\u1ee7a c\u00f4ng ty khi c\u1ea7n thi\u1ebft.<\/li>\n<\/ul>\n<\/p><\/div><\/div><\/div>[\/vc_column_inner][\/vc_row_inner][\/vc_column][\/vc_row]\n<\/div>","protected":false},"excerpt":{"rendered":"<p>[vc_row top_margin=&#8221;0&#8243; bottom_margin=&#8221;0&#8243; css=&#8221;.vc_custom_1499912039446{margin-top: -30px !important;}&#8221;][vc_column][vc_row_inner][vc_column_inner][vc_empty_space height=&#8221;10px&#8221;][vc_empty_space height=&#8221;30px&#8221;][\/vc_column_inner][\/vc_row_inner][\/vc_column][\/vc_row]<\/p>\n","protected":false},"author":4,"featured_media":0,"parent":0,"menu_order":0,"comment_status":"closed","ping_status":"closed","template":"","meta":{"nf_dc_page":"","footnotes":""},"class_list":["post-10415","page","type-page","status-publish","hentry"],"_links":{"self":[{"href":"https:\/\/worknow.vn\/vi\/wp-json\/wp\/v2\/pages\/10415","targetHints":{"allow":["GET"]}}],"collection":[{"href":"https:\/\/worknow.vn\/vi\/wp-json\/wp\/v2\/pages"}],"about":[{"href":"https:\/\/worknow.vn\/vi\/wp-json\/wp\/v2\/types\/page"}],"author":[{"embeddable":true,"href":"https:\/\/worknow.vn\/vi\/wp-json\/wp\/v2\/users\/4"}],"replies":[{"embeddable":true,"href":"https:\/\/worknow.vn\/vi\/wp-json\/wp\/v2\/comments?post=10415"}],"version-history":[{"count":5,"href":"https:\/\/worknow.vn\/vi\/wp-json\/wp\/v2\/pages\/10415\/revisions"}],"predecessor-version":[{"id":12072,"href":"https:\/\/worknow.vn\/vi\/wp-json\/wp\/v2\/pages\/10415\/revisions\/12072"}],"wp:attachment":[{"href":"https:\/\/worknow.vn\/vi\/wp-json\/wp\/v2\/media?parent=10415"}],"curies":[{"name":"wp","href":"https:\/\/api.w.org\/{rel}","templated":true}]}}