{"id":10418,"date":"2022-09-19T08:43:01","date_gmt":"2022-09-19T08:43:01","guid":{"rendered":"https:\/\/worknow.vn\/game-tester\/"},"modified":"2023-06-01T09:24:32","modified_gmt":"2023-06-01T09:24:32","slug":"kiem-tra-tro-choi-vien","status":"publish","type":"page","link":"https:\/\/worknow.vn\/vi\/kiem-tra-tro-choi-vien\/","title":{"rendered":"Ki\u1ec3m Tra Tr\u00f2 Ch\u01a1i Vi\u00ean"},"content":{"rendered":"<div class=\"wpb-content-wrapper\">[vc_row top_margin=&#8221;0&#8243; bottom_margin=&#8221;0&#8243; css=&#8221;.vc_custom_1499912039446{margin-top: -30px !important;}&#8221;][vc_column]<div class=\"shortcode-wrapper shortcode-title clearfix hb-animate-element hb-fade-in\"><p style=\"color:#878787!important;border-color:#878787\" class=\"hb-text-large aligncenter\">Ki\u1ec3m Tra Tr\u00f2 Ch\u01a1i Vi\u00ean<\/p><\/div>[vc_row_inner][vc_column_inner][vc_empty_space height=&#8221;10px&#8221;]<div class=\"shortcode-wrapper shortcode-icon-box clearfix\"><div class=\"feature-box alternative left-icon-box aligncenter\"><div class=\"feature-box-content\"><h4 class=\"bold\">M\u00f4 t\u1ea3 c\u00f4ng vi\u1ec7c Ki\u1ec3m Tra Tr\u00f2 Ch\u01a1i Vi\u00ean<\/h4><p>Ki\u1ec3m tra tr\u00f2 ch\u01a1i vi\u00ean l\u00e0m vi\u1ec7c v\u1edbi nh\u00e0 thi\u1ebft k\u1ebf tr\u00f2 ch\u01a1i \u0111\u1ec3 \u0111\u1ea3m b\u1ea3o \u0111\u1ed9 ch\u00ednh x\u00e1c trong vi\u1ec7c d\u1ecbch v\u0103n b\u1ea3n v\u00e0 h\u1ed9i tho\u1ea1i trong tr\u00f2 ch\u01a1i cho c\u00e1c phi\u00ean b\u1ea3n qu\u1ed1c t\u1ebf. H\u1ecd \u0111\u1ecdc l\u1ea1i v\u0103n b\u1ea3n v\u00e0 ch\u01a1i tr\u00f2 ch\u01a1i trong th\u1eddi gian d\u00e0i \u0111\u1ec3 t\u00ecm ra c\u00e1c v\u1ea5n \u0111\u1ec1 nh\u1ea1y c\u1ea3m v\u1ec1 v\u0103n h\u00f3a, c\u0169ng nh\u01b0 c\u00e1c l\u1ed7i k\u1ef9 thu\u1eadt. H\u1ecd c\u00f3 th\u1ec3 ph\u1ea3i vi\u1ebft b\u00e1o c\u00e1o ho\u1eb7c b\u1ea3n t\u00f3m t\u1eaft ghi l\u1ea1i c\u00e1c l\u1ed7i trong c\u01a1 s\u1edf d\u1eef li\u1ec7u \u0111\u1ec3 c\u00e1c k\u1ef9 s\u01b0 ph\u1ea7n m\u1ec1m gi\u1ea3i quy\u1ebft.<\/p>\n<p>Ki\u1ec3m tra tr\u00f2 ch\u01a1i vi\u00ean c\u00f3 tr\u00e1ch nhi\u1ec7m \u0111\u1ea3m b\u1ea3o ch\u1ea5t l\u01b0\u1ee3ng c\u1ee7a tr\u00f2 ch\u01a1i \u0111i\u1ec7n t\u1eed tr\u01b0\u1edbc khi n\u00f3 \u0111\u01b0\u1ee3c ph\u00e1t h\u00e0nh c\u00f4ng khai. H\u1ecd th\u01b0\u1eddng l\u00e0m vi\u1ec7c v\u1edbi m\u1ed9t nh\u00f3m c\u00e1c k\u1ef9 s\u01b0 ph\u1ea7n m\u1ec1m bao g\u1ed3m nh\u1eefng ng\u01b0\u1eddi t\u1ea1o v\u00e0 thi\u1ebft k\u1ebf tr\u00f2 ch\u01a1i n\u00e0y, nh\u01b0ng vai tr\u00f2 c\u1ee7a h\u1ecd kh\u00e1c v\u1edbi vai tr\u00f2 c\u1ee7a c\u00e1c nh\u00e0 thi\u1ebft k\u1ebf ho\u1eb7c l\u1eadp tr\u00ecnh vi\u00ean.<\/p>\n<p>Ki\u1ec3m tra tr\u00f2 ch\u01a1i vi\u00ean c\u00f3 nhi\u1ec7m v\u1ee5 ch\u01a1i to\u00e0n b\u1ed9 tr\u00f2 ch\u01a1i v\u00e0 x\u00e1c \u0111\u1ecbnh b\u1ea5t k\u1ef3 l\u1ed7i sai ho\u1eb7c tr\u1ee5c tr\u1eb7c n\u00e0o c\u00f3 th\u1ec3 t\u1ed3n t\u1ea1i. \u0110i\u1ec1u n\u00e0y bao g\u1ed3m m\u1ecdi th\u1ee9 t\u1eeb c\u00e1c l\u1ed7i h\u00ecnh \u1ea3nh nh\u1ecf \u0111\u1ebfn c\u00e1c v\u1ea5n \u0111\u1ec1 l\u1edbn v\u1ec1 c\u01a1 ch\u1ebf ch\u01a1i tr\u00f2 ch\u01a1i ho\u1eb7c c\u00e1c t\u00ednh n\u0103ng kh\u00e1c. C\u00f4ng vi\u1ec7c c\u1ee7a h\u1ecd l\u00e0 ch\u01a1i tr\u00f2 ch\u01a1i nh\u01b0 th\u1ec3 h\u1ecd l\u00e0 m\u1ed9t ng\u01b0\u1eddi ch\u01a1i b\u00ecnh th\u01b0\u1eddng, ghi l\u1ea1i b\u1ea5t k\u1ef3 v\u1ea5n \u0111\u1ec1 n\u00e0o h\u1ecd g\u1eb7p ph\u1ea3i trong tr\u00f2 ch\u01a1i \u0111\u1ec3 nh\u00f3m k\u1ef9 s\u01b0 ph\u1ea7n m\u1ec1m c\u00f3 th\u1ec3 gi\u1ea3i quy\u1ebft sau.<\/p><\/div><\/div><\/div>[vc_empty_space height=&#8221;30px&#8221;]<div class=\"shortcode-wrapper shortcode-icon-box clearfix\"><div class=\"feature-box alternative left-icon-box aligncenter\"><div class=\"feature-box-content\"><h4 class=\"bold\">Nhi\u1ec7m v\u1ee5 chung c\u1ee7a Ki\u1ec3m Tra Tr\u00f2 Ch\u01a1i Vi\u00ean<\/h4><p>M\u1ed9t s\u1ed1 k\u1ef9 n\u0103ng c\u1ea7n thi\u1ebft:<\/p>\n<ul>\n<li>Ch\u00fa \u00fd \u0111\u1ebfn c\u00e1c chi ti\u1ebft<\/li>\n<li>Gi\u1ea3i quy\u1ebft v\u1ea5n \u0111\u1ec1<\/li>\n<li>Qu\u1ea3n l\u00fd th\u1eddi gian<\/li>\n<li>Giao ti\u1ebfp<\/li>\n<li>K\u1ef9 n\u0103ng c\u00f4ng ngh\u1ec7 th\u00f4ng tin<\/li>\n<\/ul>\n<p>Nhi\u1ec7m v\u1ee5 v\u00e0 Tr\u00e1ch nhi\u1ec7m:<\/p>\n<ul>\n<li>Quan s\u00e1t c\u00e1ch ng\u01b0\u1eddi d\u00f9ng t\u01b0\u01a1ng t\u00e1c v\u1edbi s\u1ea3n ph\u1ea9m \u0111\u1ec3 x\u00e1c \u0111\u1ecbnh c\u00e1c v\u1ea5n \u0111\u1ec1 v\u1ec1 kh\u1ea3 n\u0103ng s\u1eed d\u1ee5ng ho\u1eb7c c\u00e1c v\u1ea5n \u0111\u1ec1 li\u00ean quan \u0111\u1ebfn thi\u1ebft k\u1ebf giao di\u1ec7n ng\u01b0\u1eddi d\u00f9ng<\/li>\n<li>Ho\u00e0n th\u00e0nh c\u00e1c b\u00e0i ki\u1ec3m tra m\u1ed9t c\u00e1ch ch\u00ednh x\u00e1c v\u00e0 hi\u1ec7u qu\u1ea3 tu\u00e2n theo c\u00e1c quy tr\u00ecnh v\u00e0 ph\u01b0\u01a1ng ph\u00e1p ki\u1ec3m tra ti\u00eau chu\u1ea9n<\/li>\n<li>B\u00e1o c\u00e1o b\u1ea5t k\u1ef3 l\u1ed7i ho\u1eb7c s\u1ef1 c\u1ed1 n\u00e0o \u0111\u01b0\u1ee3c ph\u00e1t hi\u1ec7n trong qu\u00e1 tr\u00ecnh th\u1eed nghi\u1ec7m<\/li>\n<li>Cung c\u1ea5p ph\u1ea3n h\u1ed3i cho nh\u00e0 k\u1ef9 s\u01b0 ph\u1ea7n m\u1ec1m v\u1ec1 c\u00e1ch c\u1ea3i thi\u1ec7n tr\u00f2 ch\u01a1i ho\u1eb7c v\u1ec1 nh\u1eefng g\u00ec c\u1ea7n thay \u0111\u1ed5i tr\u01b0\u1edbc khi tr\u00f2 ch\u01a1i \u0111\u01b0\u1ee3c ph\u00e1t h\u00e0nh ra th\u1ecb tr\u01b0\u1eddng<\/li>\n<li>Thu th\u1eadp d\u1eef li\u1ec7u v\u1ec1 c\u00e1ch ng\u01b0\u1eddi d\u00f9ng ch\u01a1i tr\u00f2 ch\u01a1i \u0111\u1ec3 x\u00e1c \u0111\u1ecbnh c\u00e1c v\u1ea5n \u0111\u1ec1 ho\u1eb7c v\u1ecb tr\u00ed c\u1ea7n c\u1ea3i thi\u1ec7n<\/li>\n<li>Kh\u00e1m ph\u00e1 th\u1ebf gi\u1edbi tr\u00f2 ch\u01a1i v\u00e0 t\u00ecm hi\u1ec3u v\u1ec1 c\u00e1c n\u1ec1n v\u0103n h\u00f3a b\u1eb1ng c\u00e1ch t\u01b0\u01a1ng t\u00e1c v\u1edbi c\u00e1c nh\u00e2n v\u1eadt kh\u00f4ng ph\u1ea3i ng\u01b0\u1eddi ch\u01a1i (NPC)<\/li>\n<li>Tham gia v\u00e0o c\u00e1c nh\u00f3m t\u1eadp trung \u0111\u1ec3 cung c\u1ea5p ph\u1ea3n h\u1ed3i v\u1ec1 c\u00e1c \u00fd t\u01b0\u1edfng ho\u1eb7c t\u00ednh n\u0103ng tr\u00f2 ch\u01a1i m\u1edbi<\/li>\n<li>B\u00e1o c\u00e1o b\u1ea5t k\u1ef3 l\u1ed7i ho\u1eb7c s\u1ef1 c\u1ed1 n\u00e0o \u0111\u01b0\u1ee3c ph\u00e1t hi\u1ec7n trong qu\u00e1 tr\u00ecnh th\u1eed nghi\u1ec7m<\/li>\n<li>Tham gia h\u1ed7 tr\u1ee3 sau khi ph\u00e1t h\u00e0nh tr\u00f2 ch\u01a1i b\u1eb1ng c\u00e1ch cung c\u1ea5p ph\u1ea3n h\u1ed3i v\u1ec1 c\u00e1c b\u1ea3n v\u00e1 v\u00e0 phi\u00ean b\u1ea3n m\u1edbi c\u1ee7a tr\u00f2 ch\u01a1i.<\/li>\n<\/ul>\n<\/p><\/div><\/div><\/div>[\/vc_column_inner][\/vc_row_inner][\/vc_column][\/vc_row]\n<\/div>","protected":false},"excerpt":{"rendered":"<p>[vc_row top_margin=&#8221;0&#8243; bottom_margin=&#8221;0&#8243; css=&#8221;.vc_custom_1499912039446{margin-top: -30px !important;}&#8221;][vc_column][vc_row_inner][vc_column_inner][vc_empty_space height=&#8221;10px&#8221;][vc_empty_space height=&#8221;30px&#8221;][\/vc_column_inner][\/vc_row_inner][\/vc_column][\/vc_row]<\/p>\n","protected":false},"author":4,"featured_media":0,"parent":0,"menu_order":0,"comment_status":"closed","ping_status":"closed","template":"","meta":{"nf_dc_page":"","footnotes":""},"class_list":["post-10418","page","type-page","status-publish","hentry"],"_links":{"self":[{"href":"https:\/\/worknow.vn\/vi\/wp-json\/wp\/v2\/pages\/10418","targetHints":{"allow":["GET"]}}],"collection":[{"href":"https:\/\/worknow.vn\/vi\/wp-json\/wp\/v2\/pages"}],"about":[{"href":"https:\/\/worknow.vn\/vi\/wp-json\/wp\/v2\/types\/page"}],"author":[{"embeddable":true,"href":"https:\/\/worknow.vn\/vi\/wp-json\/wp\/v2\/users\/4"}],"replies":[{"embeddable":true,"href":"https:\/\/worknow.vn\/vi\/wp-json\/wp\/v2\/comments?post=10418"}],"version-history":[{"count":5,"href":"https:\/\/worknow.vn\/vi\/wp-json\/wp\/v2\/pages\/10418\/revisions"}],"predecessor-version":[{"id":12071,"href":"https:\/\/worknow.vn\/vi\/wp-json\/wp\/v2\/pages\/10418\/revisions\/12071"}],"wp:attachment":[{"href":"https:\/\/worknow.vn\/vi\/wp-json\/wp\/v2\/media?parent=10418"}],"curies":[{"name":"wp","href":"https:\/\/api.w.org\/{rel}","templated":true}]}}