{"id":10420,"date":"2022-09-19T08:50:11","date_gmt":"2022-09-19T08:50:11","guid":{"rendered":"https:\/\/worknow.vn\/community-interpreters\/"},"modified":"2023-06-01T09:24:24","modified_gmt":"2023-06-01T09:24:24","slug":"thong-dich-vien-cong-dong","status":"publish","type":"page","link":"https:\/\/worknow.vn\/vi\/thong-dich-vien-cong-dong\/","title":{"rendered":"Th\u00f4ng D\u1ecbch Vi\u00ean C\u1ed9ng \u0110\u1ed3ng"},"content":{"rendered":"<div class=\"wpb-content-wrapper\">[vc_row top_margin=&#8221;0&#8243; bottom_margin=&#8221;0&#8243; css=&#8221;.vc_custom_1499912039446{margin-top: -30px !important;}&#8221;][vc_column]<div class=\"shortcode-wrapper shortcode-title clearfix hb-animate-element hb-fade-in\"><p style=\"color:#878787!important;border-color:#878787\" class=\"hb-text-large aligncenter\">Th\u00f4ng D\u1ecbch Vi\u00ean C\u1ed9ng \u0110\u1ed3ng<\/p><\/div>[vc_row_inner][vc_column_inner][vc_empty_space height=&#8221;10px&#8221;]<div class=\"shortcode-wrapper shortcode-icon-box clearfix\"><div class=\"feature-box alternative left-icon-box aligncenter\"><div class=\"feature-box-content\"><h4 class=\"bold\">M\u00f4 t\u1ea3 c\u00f4ng vi\u1ec7c Th\u00f4ng D\u1ecbch Vi\u00ean C\u1ed9ng \u0110\u1ed3ng<\/h4><p>Th\u00f4ng d\u1ecbch vi\u00ean c\u1ed9ng \u0111\u1ed3ng l\u00e0m vi\u1ec7c trong c\u00e1c m\u00f4i tr\u01b0\u1eddng c\u1ed9ng \u0111\u1ed3ng, cung c\u1ea5p th\u00f4ng d\u1ecbch ng\u00f4n ng\u1eef m\u1ed9t v\u1edbi m\u1ed9t ho\u1eb7c trong c\u00e1c m\u00f4i tr\u01b0\u1eddng nh\u00f3m. Th\u00f4ng d\u1ecbch vi\u00ean c\u1ed9ng \u0111\u1ed3ng th\u01b0\u1eddng c\u1ea7n thi\u1ebft t\u1ea1i c\u00e1c cu\u1ed9c h\u1ecdp ph\u1ee5 huynh, c\u00e1c s\u1ef1 ki\u1ec7n c\u1ed9ng \u0111\u1ed3ng, c\u00e1c cu\u1ed9c h\u1ecdp kinh doanh v\u00e0 c\u00f4ng c\u1ed9ng, c\u00e1c c\u01a1 quan x\u00e3 h\u1ed9i v\u00e0 ch\u00ednh ph\u1ee7, mua b\u00e1n nh\u00e0 m\u1edbi, c\u01a1 s\u1edf ph\u00e1p l\u00fd, v\u0103n ph\u00f2ng lu\u1eadt s\u01b0 v\u00e0 nhi\u1ec1u c\u01a1 s\u1edf c\u1ed9ng \u0111\u1ed3ng v\u00e0 c\u00f4ng vi\u1ec7c kh\u00e1c.<\/p>\n<p>Th\u00f4ng d\u1ecbch vi\u00ean c\u1ed9ng \u0111\u1ed3ng l\u00e0 nh\u1eefng phi\u00ean d\u1ecbch vi\u00ean chuy\u00ean ng\u00e0nh c\u00f3 c\u00f4ng vi\u1ec7c ch\u00ednh l\u00e0 d\u1ecbch c\u00e1c th\u00f4ng \u0111i\u1ec7p l\u1eddi nh\u1eafn gi\u1eefa c\u00e1c nh\u00f3m ng\u01b0\u1eddi kh\u00f4ng d\u00f9ng chung ng\u00f4n ng\u1eef \u0111\u1ec3 c\u00e1c nh\u00e0 cung c\u1ea5p c\u1ed9ng \u0111\u1ed3ng c\u00f3 th\u1ec3 gi\u00fap nh\u1eefng ng\u01b0\u1eddi c\u1ea7n h\u1ecd. Th\u00f4ng d\u1ecbch vi\u00ean c\u1ed9ng \u0111\u1ed3ng cung c\u1ea5p c\u00e1c d\u1ecbch v\u1ee5 bao g\u1ed3m nhi\u1ec1u vai tr\u00f2 quan tr\u1ecdng c\u01a1 b\u1ea3n. Ngo\u00e0i vi\u1ec7c th\u00f4ng th\u1ea1o ng\u00f4n ng\u1eef \u0111\u00edch, th\u00f4ng d\u1ecbch vi\u00ean c\u1ed9ng \u0111\u1ed3ng c\u0169ng ph\u1ea3i chuy\u00ean s\u00e2u v\u1ec1 c\u00e1c d\u1ecbch v\u1ee5 c\u1ed9ng \u0111\u1ed3ng \u0111ang \u0111\u01b0\u1ee3c s\u1eed d\u1ee5ng, c\u0169ng nh\u01b0 c\u00f3 ki\u1ebfn \u200b\u200bth\u1ee9c v\u0103n h\u00f3a s\u00e2u r\u1ed9ng v\u00e0 s\u1ef1 nh\u1ea1y c\u1ea3m v\u1ec1 v\u0103n h\u00f3a.<\/p>\n<p>B\u1edfi v\u00ec r\u00e0o c\u1ea3n ng\u00f4n ng\u1eef l\u00e0 m\u1ed9t tr\u1edf ng\u1ea1i l\u1edbn \u0111\u1ec3 c\u00f3 \u0111\u01b0\u1ee3c c\u00e1c d\u1ecbch v\u1ee5 c\u00f4ng t\u1ed1t h\u01a1n, nhi\u1ec1u khu v\u1ef1c ph\u1ea3i v\u1eadt l\u1ed9n m\u00e0 kh\u00f4ng c\u00f3 th\u00f4ng d\u1ecbch vi\u00ean c\u1ed9ng \u0111\u1ed3ng \u0111\u1ec3 h\u1ed7 tr\u1ee3 giao ti\u1ebfp. Phi\u00ean d\u1ecbch vi\u00ean c\u1ed9ng \u0111\u1ed3ng gi\u00fap th\u1ef1c hi\u1ec7n c\u00e1c d\u1ecbch v\u1ee5 c\u00f4ng nh\u01b0 c\u01a1 s\u1edf ch\u0103m s\u00f3c s\u1ee9c kh\u1ecfe, d\u1ecbch v\u1ee5 gi\u00e1o d\u1ee5c v\u00e0 x\u00e3 h\u1ed9i, nh\u1eefng d\u1ecbch v\u1ee5 n\u00e0y c\u00f3 th\u1ec3 thay \u0111\u1ed5i ho\u00e0n to\u00e0n c\u00e1ch s\u1ed1ng c\u1ee7a m\u1ecdi ng\u01b0\u1eddi. N\u1ebfu kh\u00f4ng c\u00f3 s\u1ef1 tr\u1ee3 gi\u00fap c\u1ee7a phi\u00ean d\u1ecbch c\u1ed9ng \u0111\u1ed3ng, c\u00f3 th\u1ec3 r\u1ea5t nhi\u1ec1u ng\u01b0\u1eddi s\u1ebd ra \u0111i m\u00e0 kh\u00f4ng h\u01b0\u1edfng \u0111\u01b0\u1ee3c nh\u1eefng nhu c\u1ea7u c\u01a1 b\u1ea3n \u0111\u1ec3 t\u1ed3n t\u1ea1i v\u00e0 ho\u1ea1t \u0111\u1ed9ng trong x\u00e3 h\u1ed9i.<\/p>\n<p>Th\u00f4ng d\u1ecbch vi\u00ean c\u1ed9ng \u0111\u1ed3ng ch\u1ec9 ng\u00e0y c\u00e0ng tr\u1edf n\u00ean c\u1ea7n thi\u1ebft khi c\u00e1c k\u1ebft n\u1ed1i tr\u00ean kh\u1eafp th\u1ebf gi\u1edbi ng\u00e0y c\u00e0ng ph\u00e1t tri\u1ec3n. B\u1eb1ng c\u00e1ch gi\u00fap \u0111\u1ee1 trong giao ti\u1ebfp, n\u00f3 \u0111\u00e3 tr\u1edf n\u00ean c\u1ef1c k\u1ef3 quan tr\u1ecdng \u0111\u1ed1i v\u1edbi cu\u1ed9c s\u1ed1ng h\u00e0ng ng\u00e0y c\u1ee7a m\u1ecdi ng\u01b0\u1eddi tr\u00ean kh\u1eafp th\u1ebf gi\u1edbi.<\/p><\/div><\/div><\/div>[vc_empty_space height=&#8221;30px&#8221;]<div class=\"shortcode-wrapper shortcode-icon-box clearfix\"><div class=\"feature-box alternative left-icon-box aligncenter\"><div class=\"feature-box-content\"><h4 class=\"bold\">Nhi\u1ec7m v\u1ee5 chung c\u1ee7a Th\u00f4ng D\u1ecbch Vi\u00ean C\u1ed9ng \u0110\u1ed3ng<\/h4><p>M\u1ed9t s\u1ed1 k\u1ef9 n\u0103ng c\u1ea7n thi\u1ebft:<\/p>\n<ul>\n<li>Giao ti\u1ebfp<\/li>\n<li>L\u01b0u lo\u00e1t<\/li>\n<li>Tr\u00ecnh \u0111\u1ed9 c\u00f4ng ngh\u1ec7<\/li>\n<li>Tr\u00ecnh \u0111\u1ed9 chuy\u00ean m\u00f4n<\/li>\n<li>T\u00ednh r\u00f5 r\u00e0ng<\/li>\n<\/ul>\n<p>Nhi\u1ec7m v\u1ee5 v\u00e0 Tr\u00e1ch nhi\u1ec7m:<\/p>\n<ul>\n<li>D\u1ecbch c\u00e2u h\u1ecfi ho\u1eb7c y\u00eau c\u1ea7u m\u1ed9t c\u00e1ch r\u00f5 r\u00e0ng v\u00e0 ch\u00ednh x\u00e1c, truy\u1ec1n \u0111\u1ea1t c\u00e1ch di\u1ec5n \u0111\u1ea1t v\u00e0 \u00fd ngh\u0129a li\u00ean quan \u0111\u1ebfn ch\u1ee7 \u0111\u1ec1.<\/li>\n<li>Chuy\u1ec3n \u0111\u1ed5i \u0111o\u1ea1n h\u1ed9i tho\u1ea1i v\u00e0 truy\u1ec1n \u0111\u1ea1t \u00fd \u0111\u1ecbnh ban \u0111\u1ea7u c\u1ee7a ng\u01b0\u1eddi n\u00f3i, bi\u1ebft r\u1eb1ng nhi\u1ec1u th\u00e0nh ng\u1eef v\u00e0 thu\u1eadt ng\u1eef ti\u1ebfng l\u00f3ng kh\u00f4ng th\u1ec3 d\u1ecbch ch\u00ednh x\u00e1c gi\u1eefa c\u00e1c ng\u00f4n ng\u1eef.<\/li>\n<li>H\u1ed7 tr\u1ee3 c\u00f4ng ty b\u1eb1ng v\u0103n b\u1ea3n v\u00e0 d\u1ecbch mi\u1ec7ng khi c\u1ea7n thi\u1ebft.<\/li>\n<li>G\u1eedi b\u1ea3n d\u1ecbch th\u00edch h\u1ee3p cho ban qu\u1ea3n l\u00fd \u0111\u1ec3 xem x\u00e9t khi c\u1ea7n thi\u1ebft.<\/li>\n<\/ul>\n<\/p><\/div><\/div><\/div>[\/vc_column_inner][\/vc_row_inner][\/vc_column][\/vc_row]\n<\/div>","protected":false},"excerpt":{"rendered":"<p>[vc_row top_margin=&#8221;0&#8243; bottom_margin=&#8221;0&#8243; css=&#8221;.vc_custom_1499912039446{margin-top: -30px !important;}&#8221;][vc_column][vc_row_inner][vc_column_inner][vc_empty_space height=&#8221;10px&#8221;][vc_empty_space height=&#8221;30px&#8221;][\/vc_column_inner][\/vc_row_inner][\/vc_column][\/vc_row]<\/p>\n","protected":false},"author":4,"featured_media":0,"parent":0,"menu_order":0,"comment_status":"closed","ping_status":"closed","template":"","meta":{"nf_dc_page":"","footnotes":""},"class_list":["post-10420","page","type-page","status-publish","hentry"],"_links":{"self":[{"href":"https:\/\/worknow.vn\/vi\/wp-json\/wp\/v2\/pages\/10420","targetHints":{"allow":["GET"]}}],"collection":[{"href":"https:\/\/worknow.vn\/vi\/wp-json\/wp\/v2\/pages"}],"about":[{"href":"https:\/\/worknow.vn\/vi\/wp-json\/wp\/v2\/types\/page"}],"author":[{"embeddable":true,"href":"https:\/\/worknow.vn\/vi\/wp-json\/wp\/v2\/users\/4"}],"replies":[{"embeddable":true,"href":"https:\/\/worknow.vn\/vi\/wp-json\/wp\/v2\/comments?post=10420"}],"version-history":[{"count":5,"href":"https:\/\/worknow.vn\/vi\/wp-json\/wp\/v2\/pages\/10420\/revisions"}],"predecessor-version":[{"id":12070,"href":"https:\/\/worknow.vn\/vi\/wp-json\/wp\/v2\/pages\/10420\/revisions\/12070"}],"wp:attachment":[{"href":"https:\/\/worknow.vn\/vi\/wp-json\/wp\/v2\/media?parent=10420"}],"curies":[{"name":"wp","href":"https:\/\/api.w.org\/{rel}","templated":true}]}}